{"id":2703,"date":"2025-06-12T05:34:47","date_gmt":"2025-06-12T05:34:47","guid":{"rendered":"https:\/\/yprofloor.com\/zertifikat\/"},"modified":"2026-04-02T03:37:40","modified_gmt":"2026-04-02T03:37:40","slug":"zertifikat","status":"publish","type":"page","link":"https:\/\/yprofloor.com\/de\/zertifikat\/","title":{"rendered":"Zertifikat"},"content":{"rendered":"\t\t<div data-elementor-type=\"wp-page\" data-elementor-id=\"2703\" class=\"elementor elementor-2703 elementor-1272\" data-elementor-post-type=\"page\">\n\t\t\t\t<div class=\"elementor-element elementor-element-e46f876 e-flex e-con-boxed e-con e-parent\" data-id=\"e46f876\" data-element_type=\"container\" data-e-type=\"container\" data-settings=\"{&quot;background_background&quot;:&quot;classic&quot;}\">\n\t\t\t\t\t<div class=\"e-con-inner\">\n\t\t\t\t<div class=\"elementor-element elementor-element-ddc374a elementor-widget elementor-widget-text-editor\" data-id=\"ddc374a\" data-element_type=\"widget\" data-e-type=\"widget\" data-widget_type=\"text-editor.default\">\n\t\t\t\t<div class=\"elementor-widget-container\">\n\t\t\t\t\t\t\t\t\t<p>Wir sind ein zertifizierter Fliesenhersteller, der sich auf hochwertige Bodenfliesenl\u00f6sungen spezialisiert hat. Wir bieten zwar keine Installationsdienstleistungen an, unser Schwerpunkt liegt jedoch auf der Lieferung langlebiger, pr\u00e4zise gefertigter Fliesen direkt aus unserer modernen Produktionsst\u00e4tte.<\/p>\t\t\t\t\t\t\t\t<\/div>\n\t\t\t\t<\/div>\n\t\t\t\t\t<\/div>\n\t\t\t\t<\/div>\n\t\t<div class=\"elementor-element elementor-element-6e50145 e-flex e-con-boxed e-con e-parent\" data-id=\"6e50145\" data-element_type=\"container\" data-e-type=\"container\">\n\t\t\t\t\t<div class=\"e-con-inner\">\n\t\t\t\t<div class=\"elementor-element elementor-element-54cd045 elementor-widget elementor-widget-shortcode\" data-id=\"54cd045\" data-element_type=\"widget\" data-e-type=\"widget\" data-widget_type=\"shortcode.default\">\n\t\t\t\t<div class=\"elementor-widget-container\">\n\t\t\t\t\t\t\t<div class=\"elementor-shortcode\">    <style>\n        table {\n            width: 100%;\n            border-collapse: collapse;\n        }\n        th, td {\n            border: 1px solid #ddd;\n            padding: 14px;\n            text-align: center;\n        }\n        th {\n            background-color: #f4f4f4;\n        }\n        .preview-btn {\n            background-color: #BAA883; \n            color: white; \n            border: none;\n            padding: 8px 25px; \n            cursor: pointer; \n            border-radius: 5px;\n            text-decoration: none;\n            display: inline-block;\n        }\t\t\n        .preview-btn:hover { background-color: #000; }\n\t\t.certificate-sec-wr td.certificate_title {\n\t\t\ttext-align: left;\n\t\t\tfont-size: 16px;\n\t\t}\n    <\/style>\n\n    <table class=\"certificate-sec-wr\">\n      <thead>\n        <tr>\n          <th>Title<\/th>\n          <th>Preview<\/th>\n        <\/tr>\n      <\/thead>\n      <tbody>\n        <tr><td colspan=\"2\">No certificates available at the moment.<\/td><\/tr>      <\/tbody>\n    <\/table>\n    <\/div>\n\t\t\t\t\t\t<\/div>\n\t\t\t\t<\/div>\n\t\t\t\t\t<\/div>\n\t\t\t\t<\/div>\n\t\t\t\t<\/div>\n\t\t","protected":false},"excerpt":{"rendered":"<p>Wir sind ein zertifizierter Fliesenhersteller, der sich auf hochwertige Bodenfliesenl\u00f6sungen spezialisiert hat. Wir bieten zwar keine Installationsdienstleistungen an, unser Schwerpunkt liegt jedoch auf der Lieferung langlebiger, pr\u00e4zise gefertigter Fliesen direkt aus unserer modernen Produktionsst\u00e4tte.<\/p>\n","protected":false},"author":1,"featured_media":0,"parent":0,"menu_order":0,"comment_status":"closed","ping_status":"closed","template":"","meta":{"_acf_changed":false,"footnotes":""},"class_list":["post-2703","page","type-page","status-publish","hentry"],"acf":[],"yoast_head":"<!-- This site is optimized with the Yoast SEO plugin v27.3 - https:\/\/yoast.com\/product\/yoast-seo-wordpress\/ -->\n<title>Ypro-Zertifizierungen \u2013 Qualit\u00e4t und Konformit\u00e4t bei SPC-Bodenbel\u00e4gen und -Paneelen<\/title>\n<meta name=\"description\" content=\"Sehen Sie sich die offiziellen Zertifizierungen von Ypro f\u00fcr SPC-Fu\u00dfb\u00f6den, Wandpaneele, Sockelleisten und Zubeh\u00f6r an. Erfahren Sie, wie unsere Produkte hohe Qualit\u00e4ts-, Umwelt-, Wasserdichtigkeits- und Sicherheitsstandards erf\u00fcllen.\" \/>\n<meta name=\"robots\" content=\"index, follow, max-snippet:-1, max-image-preview:large, max-video-preview:-1\" \/>\n<link rel=\"canonical\" href=\"https:\/\/yprofloor.com\/de\/zertifikat\/\" \/>\n<meta property=\"og:locale\" content=\"de_DE\" \/>\n<meta property=\"og:type\" content=\"article\" \/>\n<meta property=\"og:title\" content=\"Ypro-Zertifizierungen \u2013 Qualit\u00e4t und Konformit\u00e4t bei SPC-Bodenbel\u00e4gen und -Paneelen\" \/>\n<meta property=\"og:description\" content=\"Sehen Sie sich die offiziellen Zertifizierungen von Ypro f\u00fcr SPC-Fu\u00dfb\u00f6den, Wandpaneele, Sockelleisten und Zubeh\u00f6r an. Erfahren Sie, wie unsere Produkte hohe Qualit\u00e4ts-, Umwelt-, Wasserdichtigkeits- und Sicherheitsstandards erf\u00fcllen.\" \/>\n<meta property=\"og:url\" content=\"https:\/\/yprofloor.com\/de\/zertifikat\/\" \/>\n<meta property=\"og:site_name\" content=\"Floor Tiling\" \/>\n<meta property=\"article:modified_time\" content=\"2026-04-02T03:37:40+00:00\" \/>\n<meta name=\"twitter:card\" content=\"summary_large_image\" \/>\n<script type=\"application\/ld+json\" class=\"yoast-schema-graph\">{\"@context\":\"https:\\\/\\\/schema.org\",\"@graph\":[{\"@type\":\"WebPage\",\"@id\":\"https:\\\/\\\/yprofloor.com\\\/de\\\/zertifikat\\\/\",\"url\":\"https:\\\/\\\/yprofloor.com\\\/de\\\/zertifikat\\\/\",\"name\":\"Ypro-Zertifizierungen \u2013 Qualit\u00e4t und Konformit\u00e4t bei SPC-Bodenbel\u00e4gen und -Paneelen\",\"isPartOf\":{\"@id\":\"https:\\\/\\\/yprofloor.com\\\/de\\\/#website\"},\"datePublished\":\"2025-06-12T05:34:47+00:00\",\"dateModified\":\"2026-04-02T03:37:40+00:00\",\"description\":\"Sehen Sie sich die offiziellen Zertifizierungen von Ypro f\u00fcr SPC-Fu\u00dfb\u00f6den, Wandpaneele, Sockelleisten und Zubeh\u00f6r an. Erfahren Sie, wie unsere Produkte hohe Qualit\u00e4ts-, Umwelt-, Wasserdichtigkeits- und Sicherheitsstandards erf\u00fcllen.\",\"breadcrumb\":{\"@id\":\"https:\\\/\\\/yprofloor.com\\\/de\\\/zertifikat\\\/#breadcrumb\"},\"inLanguage\":\"de\",\"potentialAction\":[{\"@type\":\"ReadAction\",\"target\":[\"https:\\\/\\\/yprofloor.com\\\/de\\\/zertifikat\\\/\"]}]},{\"@type\":\"BreadcrumbList\",\"@id\":\"https:\\\/\\\/yprofloor.com\\\/de\\\/zertifikat\\\/#breadcrumb\",\"itemListElement\":[{\"@type\":\"ListItem\",\"position\":1,\"name\":\"Home\",\"item\":\"https:\\\/\\\/yprofloor.com\\\/de\\\/heim\\\/\"},{\"@type\":\"ListItem\",\"position\":2,\"name\":\"Zertifikat\"}]},{\"@type\":\"WebSite\",\"@id\":\"https:\\\/\\\/yprofloor.com\\\/de\\\/#website\",\"url\":\"https:\\\/\\\/yprofloor.com\\\/de\\\/\",\"name\":\"SPC Flooring\",\"description\":\"Anti-Scratch, Waterproof, Eco-Friendly, Anti-Slip, anti moth, wear resistant anti bacteria\",\"publisher\":{\"@id\":\"https:\\\/\\\/yprofloor.com\\\/de\\\/#organization\"},\"potentialAction\":[{\"@type\":\"SearchAction\",\"target\":{\"@type\":\"EntryPoint\",\"urlTemplate\":\"https:\\\/\\\/yprofloor.com\\\/de\\\/?s={search_term_string}\"},\"query-input\":{\"@type\":\"PropertyValueSpecification\",\"valueRequired\":true,\"valueName\":\"search_term_string\"}}],\"inLanguage\":\"de\"},{\"@type\":\"Organization\",\"@id\":\"https:\\\/\\\/yprofloor.com\\\/de\\\/#organization\",\"name\":\"SPC Flooring\",\"url\":\"https:\\\/\\\/yprofloor.com\\\/de\\\/\",\"logo\":{\"@type\":\"ImageObject\",\"inLanguage\":\"de\",\"@id\":\"https:\\\/\\\/yprofloor.com\\\/de\\\/#\\\/schema\\\/logo\\\/image\\\/\",\"url\":\"https:\\\/\\\/files.baitcdn.com\\\/yprofloor\\\/wp-content\\\/uploads\\\/2026\\\/04\\\/floor-tiling-logo.png\",\"contentUrl\":\"https:\\\/\\\/files.baitcdn.com\\\/yprofloor\\\/wp-content\\\/uploads\\\/2026\\\/04\\\/floor-tiling-logo.png\",\"width\":400,\"height\":400,\"caption\":\"SPC Flooring\"},\"image\":{\"@id\":\"https:\\\/\\\/yprofloor.com\\\/de\\\/#\\\/schema\\\/logo\\\/image\\\/\"}}]}<\/script>\n<!-- \/ Yoast SEO plugin. -->","yoast_head_json":{"title":"Ypro-Zertifizierungen \u2013 Qualit\u00e4t und Konformit\u00e4t bei SPC-Bodenbel\u00e4gen und -Paneelen","description":"Sehen Sie sich die offiziellen Zertifizierungen von Ypro f\u00fcr SPC-Fu\u00dfb\u00f6den, Wandpaneele, Sockelleisten und Zubeh\u00f6r an. Erfahren Sie, wie unsere Produkte hohe Qualit\u00e4ts-, Umwelt-, Wasserdichtigkeits- und Sicherheitsstandards erf\u00fcllen.","robots":{"index":"index","follow":"follow","max-snippet":"max-snippet:-1","max-image-preview":"max-image-preview:large","max-video-preview":"max-video-preview:-1"},"canonical":"https:\/\/yprofloor.com\/de\/zertifikat\/","og_locale":"de_DE","og_type":"article","og_title":"Ypro-Zertifizierungen \u2013 Qualit\u00e4t und Konformit\u00e4t bei SPC-Bodenbel\u00e4gen und -Paneelen","og_description":"Sehen Sie sich die offiziellen Zertifizierungen von Ypro f\u00fcr SPC-Fu\u00dfb\u00f6den, Wandpaneele, Sockelleisten und Zubeh\u00f6r an. Erfahren Sie, wie unsere Produkte hohe Qualit\u00e4ts-, Umwelt-, Wasserdichtigkeits- und Sicherheitsstandards erf\u00fcllen.","og_url":"https:\/\/yprofloor.com\/de\/zertifikat\/","og_site_name":"Floor Tiling","article_modified_time":"2026-04-02T03:37:40+00:00","twitter_card":"summary_large_image","schema":{"@context":"https:\/\/schema.org","@graph":[{"@type":"WebPage","@id":"https:\/\/yprofloor.com\/de\/zertifikat\/","url":"https:\/\/yprofloor.com\/de\/zertifikat\/","name":"Ypro-Zertifizierungen \u2013 Qualit\u00e4t und Konformit\u00e4t bei SPC-Bodenbel\u00e4gen und -Paneelen","isPartOf":{"@id":"https:\/\/yprofloor.com\/de\/#website"},"datePublished":"2025-06-12T05:34:47+00:00","dateModified":"2026-04-02T03:37:40+00:00","description":"Sehen Sie sich die offiziellen Zertifizierungen von Ypro f\u00fcr SPC-Fu\u00dfb\u00f6den, Wandpaneele, Sockelleisten und Zubeh\u00f6r an. Erfahren Sie, wie unsere Produkte hohe Qualit\u00e4ts-, Umwelt-, Wasserdichtigkeits- und Sicherheitsstandards erf\u00fcllen.","breadcrumb":{"@id":"https:\/\/yprofloor.com\/de\/zertifikat\/#breadcrumb"},"inLanguage":"de","potentialAction":[{"@type":"ReadAction","target":["https:\/\/yprofloor.com\/de\/zertifikat\/"]}]},{"@type":"BreadcrumbList","@id":"https:\/\/yprofloor.com\/de\/zertifikat\/#breadcrumb","itemListElement":[{"@type":"ListItem","position":1,"name":"Home","item":"https:\/\/yprofloor.com\/de\/heim\/"},{"@type":"ListItem","position":2,"name":"Zertifikat"}]},{"@type":"WebSite","@id":"https:\/\/yprofloor.com\/de\/#website","url":"https:\/\/yprofloor.com\/de\/","name":"SPC Flooring","description":"Anti-Scratch, Waterproof, Eco-Friendly, Anti-Slip, anti moth, wear resistant anti bacteria","publisher":{"@id":"https:\/\/yprofloor.com\/de\/#organization"},"potentialAction":[{"@type":"SearchAction","target":{"@type":"EntryPoint","urlTemplate":"https:\/\/yprofloor.com\/de\/?s={search_term_string}"},"query-input":{"@type":"PropertyValueSpecification","valueRequired":true,"valueName":"search_term_string"}}],"inLanguage":"de"},{"@type":"Organization","@id":"https:\/\/yprofloor.com\/de\/#organization","name":"SPC Flooring","url":"https:\/\/yprofloor.com\/de\/","logo":{"@type":"ImageObject","inLanguage":"de","@id":"https:\/\/yprofloor.com\/de\/#\/schema\/logo\/image\/","url":"https:\/\/files.baitcdn.com\/yprofloor\/wp-content\/uploads\/2026\/04\/floor-tiling-logo.png","contentUrl":"https:\/\/files.baitcdn.com\/yprofloor\/wp-content\/uploads\/2026\/04\/floor-tiling-logo.png","width":400,"height":400,"caption":"SPC Flooring"},"image":{"@id":"https:\/\/yprofloor.com\/de\/#\/schema\/logo\/image\/"}}]}},"_links":{"self":[{"href":"https:\/\/yprofloor.com\/de\/wp-json\/wp\/v2\/pages\/2703","targetHints":{"allow":["GET"]}}],"collection":[{"href":"https:\/\/yprofloor.com\/de\/wp-json\/wp\/v2\/pages"}],"about":[{"href":"https:\/\/yprofloor.com\/de\/wp-json\/wp\/v2\/types\/page"}],"author":[{"embeddable":true,"href":"https:\/\/yprofloor.com\/de\/wp-json\/wp\/v2\/users\/1"}],"replies":[{"embeddable":true,"href":"https:\/\/yprofloor.com\/de\/wp-json\/wp\/v2\/comments?post=2703"}],"version-history":[{"count":3,"href":"https:\/\/yprofloor.com\/de\/wp-json\/wp\/v2\/pages\/2703\/revisions"}],"predecessor-version":[{"id":2717,"href":"https:\/\/yprofloor.com\/de\/wp-json\/wp\/v2\/pages\/2703\/revisions\/2717"}],"wp:attachment":[{"href":"https:\/\/yprofloor.com\/de\/wp-json\/wp\/v2\/media?parent=2703"}],"curies":[{"name":"wp","href":"https:\/\/api.w.org\/{rel}","templated":true}]}}