{"id":3477,"date":"2025-04-09T11:04:46","date_gmt":"2025-04-09T11:04:46","guid":{"rendered":"https:\/\/yprofloor.com\/product\/zubehoer\/"},"modified":"2026-04-14T05:49:55","modified_gmt":"2026-04-14T05:49:55","slug":"zubehoer","status":"publish","type":"product","link":"https:\/\/yprofloor.com\/de\/produkt\/zubehoer\/","title":{"rendered":"Zubeh\u00f6r"},"content":{"rendered":"<div style=\"font-family: Arial, sans-serif; font-size: 16px; line-height: 1.8;\">\n<h2 style=\"font-size: 32px; color: #baa883; margin-bottom: 20px; border-left: 6px solid #BAA883; padding-left: 16px;\">Was sind SPC-Bodenbelagszubeh\u00f6rteile?<\/h2>\n<div style=\"margin-bottom: 40px;\">\n<p>Diese unverzichtbaren Komponenten vervollst\u00e4ndigen und werten jede SPC-Bodenverlegung auf. Dazu geh\u00f6ren spezielle Profile und Abschlussleisten, die f\u00fcr sanfte \u00dcberg\u00e4nge, saubere Kanten und ein professionelles Finish sorgen. Neben der \u00c4sthetik sch\u00fctzen diese Elemente auch die Kanten Ihres Bodens und verl\u00e4ngern seine Lebensdauer deutlich.  <img fetchpriority=\"high\" decoding=\"async\" class=\"wp-image-3275 size-full aligncenter\" src=\"https:\/\/files.baitcdn.com\/yprofloor\/wp-content\/uploads\/2025\/07\/spc-flooring-detail.webp\" alt=\"SPC-Bodenbelagsoberfl\u00e4che mit passender Abschlussleiste\" width=\"1000\" height=\"300\" srcset=\"https:\/\/files.baitcdn.com\/yprofloor\/wp-content\/uploads\/2025\/07\/spc-flooring-detail.webp 1000w, https:\/\/files.baitcdn.com\/yprofloor\/wp-content\/uploads\/2025\/07\/spc-flooring-detail-300x90.webp 300w, https:\/\/files.baitcdn.com\/yprofloor\/wp-content\/uploads\/2025\/07\/spc-flooring-detail-768x230.webp 768w, https:\/\/files.baitcdn.com\/yprofloor\/wp-content\/uploads\/2025\/07\/spc-flooring-detail-150x45.webp 150w\" sizes=\"(max-width: 1000px) 100vw, 1000px\" \/><\/p>\n<\/div>\n<div style=\"height: 4px; background-color: #f0e6dc;\"><\/div>\n<div style=\"margin: 50px 0;\">\n<h2 style=\"font-size: 32px; color: #baa883; margin-bottom: 20px; border-left: 6px solid #BAA883; padding-left: 16px;\"><span role=\"text\"><strong>Unser Produktsortiment<\/strong><\/span><\/h2>\n<p>Wir bieten ein umfassendes Sortiment an Zierleisten und Profilen f\u00fcr jeden Installationsbedarf. Unser Produktsortiment umfasst insbesondere: <\/p>\n<ul style=\"padding-left: 40px;\">\n<li>SPC-Fu\u00dfleisten<\/li>\n<li>SPC-Reduzierst\u00fcck<\/li>\n<li>SPC T-Formteil<\/li>\n<li>SPC L-Formteil<\/li>\n<li>SPC Treppenkantenprofil<\/li>\n<\/ul>\n<p>Das Wichtigste ist jedoch, dass jedes einzelne Produkt so konzipiert ist, dass es in Farbe, Textur und Leistung perfekt zu Ihrem SPC-Bodenbelag passt und so ein nahtloses Gesamtbild ergibt.<\/p>\n<h2 style=\"font-size: 32px; color: #baa883; margin-bottom: 20px; border-left: 6px solid #BAA883; padding-left: 16px;\">Produktspezifikationen<\/h2>\n<div style=\"background: #fff;\">\n<table style=\"width: 100%; border-collapse: collapse;\">\n<tbody>\n<tr style=\"background-color: #f9f5f0;\">\n<td style=\"padding: 16px 20px; font-weight: 600; color: #baa883; width: 40%; border: 1px solid #eee;\">Artikel<\/td>\n<td style=\"padding: 16px 20px; border: 1px solid #eee;\">Spezifikation<\/td>\n<\/tr>\n<tr>\n<td style=\"padding: 16px 20px; font-weight: 600; color: #baa883; border: 1px solid #eee;\">Produktname<\/td>\n<td style=\"padding: 16px 20px; border: 1px solid #eee;\">SPC Bodenbelagszubeh\u00f6r<\/td>\n<\/tr>\n<tr style=\"background-color: #f9f5f0;\">\n<td style=\"padding: 16px 20px; font-weight: 600; color: #baa883; border: 1px solid #eee;\">Typen<\/td>\n<td style=\"padding: 16px 20px; border: 1px solid #eee;\">Sockelleiste \/ Reduzierst\u00fcck \/ T-Profil \/ L-Profil \/ Treppenkantenprofil<\/td>\n<\/tr>\n<tr>\n<td style=\"padding: 16px 20px; font-weight: 600; color: #baa883; border: 1px solid #eee;\">Material<\/td>\n<td style=\"padding: 16px 20px; border: 1px solid #eee;\">Stein-Kunststoff-Verbundwerkstoff (SPC)<\/td>\n<\/tr>\n<tr style=\"background-color: #f9f5f0;\">\n<td style=\"padding: 16px 20px; font-weight: 600; color: #baa883; border: 1px solid #eee;\">L\u00e4nge<\/td>\n<td style=\"padding: 16px 20px; border: 1px solid #eee;\">2400 mm \/ 2440 mm \/ Kundenspezifisch<\/td>\n<\/tr>\n<tr>\n<td style=\"padding: 16px 20px; font-weight: 600; color: #baa883; border: 1px solid #eee;\">Dicke<\/td>\n<td style=\"padding: 16px 20px; border: 1px solid #eee;\">4 mm \/ 5 mm \/ 6 mm \/ 8 mm<\/td>\n<\/tr>\n<tr style=\"background-color: #f9f5f0;\">\n<td style=\"padding: 16px 20px; font-weight: 600; color: #baa883; border: 1px solid #eee;\">Oberfl\u00e4chenbeschaffenheit<\/td>\n<td style=\"padding: 16px 20px; border: 1px solid #eee;\">Holzmaserung \/ Marmor \/ Matt \/ Gepr\u00e4gt<\/td>\n<\/tr>\n<tr>\n<td style=\"padding: 16px 20px; font-weight: 600; color: #baa883; border: 1px solid #eee;\">Farbe<\/td>\n<td style=\"padding: 16px 20px; border: 1px solid #eee;\">Kundenspezifische \/ passende SPC-Bodenbelagsfarben<\/td>\n<\/tr>\n<\/tbody>\n<\/table>\n<\/div>\n<\/div>\n<div style=\"height: 4px; background-color: #f0e6dc; margin: 40px 0;\"><\/div>\n<div style=\"margin: 50px 0;\">\n<h2 style=\"font-size: 32px; color: #baa883; margin-bottom: 20px; border-left: 6px solid #BAA883; padding-left: 16px;\">Struktur von SPC Trim &amp; Profile<\/h2>\n<div style=\"display: flex; flex-wrap: wrap; gap: 40px; align-items: center;\">\n<div style=\"flex: 1; min-width: 400px;\">\n<ol style=\"font-size: 16px; line-height: 1.8; color: #555; padding-left: 20px;\">\n<li style=\"margin-bottom: 16px;\">Oberfl\u00e4chenbeschichtung (UV-Schutzschicht): Die oberste Schicht verf\u00fcgt \u00fcber eine UV-Schutzbeschichtung, die die Kratzfestigkeit, Fleckenbest\u00e4ndigkeit und Farbstabilit\u00e4t erh\u00f6ht. Diese Schicht sorgt daf\u00fcr, dass Ihre Zierleisten jahrelang sauber aussehen und ihre Form behalten. <\/li>\n<li style=\"margin-bottom: 16px;\"><strong style=\"color: #baa883;\">Nutzschicht:<\/strong> Diese transparente Nutzschicht sch\u00fctzt die Oberfl\u00e4che vor t\u00e4glichem Abrieb, St\u00f6\u00dfen und starker Beanspruchung durch Fu\u00dfg\u00e4nger. Eine dickere Nutzschicht sorgt f\u00fcr h\u00f6here Strapazierf\u00e4higkeit und l\u00e4ngere Lebensdauer. <\/li>\n<li style=\"margin-bottom: 16px;\">Dekorschicht: Die Dekorfolie erzeugt das visuelle Design, beispielsweise eine Holz- oder Steinstruktur. Sie garantiert eine perfekte Farbabstimmung mit Ihrem SPC-Bodenbelag f\u00fcr ein nahtloses, harmonisches Gesamtbild. <\/li>\n<li style=\"margin-bottom: 16px;\">SPC-Kernschicht: Die Kernschicht besteht aus einem Stein-Kunststoff-Verbundwerkstoff (Kalksteinpulver + PVC), der f\u00fcr hohe Steifigkeit, ausgezeichnete Wasserdichtigkeit und hervorragende Dimensionsstabilit\u00e4t sorgt und Verformungen verhindert.<\/li>\n<li>Tr\u00e4gerschicht (optional): Einige Artikel verf\u00fcgen \u00fcber eine Tr\u00e4gerschicht, die die Stabilit\u00e4t verbessert, Ger\u00e4usche reduziert und die Gesamtleistung bei der Installation erh\u00f6ht.<\/li>\n<\/ol>\n<\/div>\n<div style=\"flex: 1; min-width: 400px; padding: 24px; border-radius: 8px; text-align: center;\"><img decoding=\"async\" class=\"alignnone wp-image-3276 size-full\" src=\"https:\/\/files.baitcdn.com\/yprofloor\/wp-content\/uploads\/2025\/07\/SPC-Structure-EN.webp\" alt=\"Diagramm der SPC-Verkleidungsstrukturschichten\" width=\"800\" height=\"444\" srcset=\"https:\/\/files.baitcdn.com\/yprofloor\/wp-content\/uploads\/2025\/07\/SPC-Structure-EN.webp 800w, https:\/\/files.baitcdn.com\/yprofloor\/wp-content\/uploads\/2025\/07\/SPC-Structure-EN-300x167.webp 300w, https:\/\/files.baitcdn.com\/yprofloor\/wp-content\/uploads\/2025\/07\/SPC-Structure-EN-768x426.webp 768w, https:\/\/files.baitcdn.com\/yprofloor\/wp-content\/uploads\/2025\/07\/SPC-Structure-EN-150x83.webp 150w\" sizes=\"(max-width: 800px) 100vw, 800px\" \/><\/div>\n<\/div>\n<div style=\"height: 4px; background-color: #f0e6dc; margin: 40px 0;\"><\/div>\n<h2 style=\"font-size: 32px; color: #baa883; margin-bottom: 20px; border-left: 6px solid #BAA883; padding-left: 16px;\">Wichtigste Merkmale<\/h2>\n<div style=\"display: grid; grid-template-columns: repeat(auto-fit, minmax(280px, 1fr)); gap: 20px;\">\n<div style=\"background: #f9f5f0; padding: 24px; border-radius: 8px;\">\n<h3 style=\"color: #baa883; font-size: 20px; margin-bottom: 10px;\"><strong>Perfekte Farbabstimmung<\/strong><\/h3>\n<p>Nahtlose Integration mit Ihrem SPC-Bodenbelag<\/p>\n<\/div>\n<div style=\"background: #f9f5f0; padding: 24px; border-radius: 8px;\">\n<h3 style=\"color: #baa883; font-size: 20px; margin-bottom: 10px;\"><strong>Wasserfest und feuchtigkeitsbest\u00e4ndig<\/strong><\/h3>\n<p>Ideal f\u00fcr K\u00fcchen, Badezimmer und Bereiche mit hoher Luftfeuchtigkeit<\/p>\n<\/div>\n<div style=\"background: #f9f5f0; padding: 24px; border-radius: 8px;\">\n<h3 style=\"color: #baa883; font-size: 20px; margin-bottom: 10px;\">Langlebig und robust<\/h3>\n<p>Widersteht Kratzern, St\u00f6\u00dfen und allt\u00e4glicher Abnutzung.<\/p>\n<\/div>\n<div style=\"background: #f9f5f0; padding: 24px; border-radius: 8px;\">\n<h3 style=\"color: #baa883; font-size: 20px; margin-bottom: 10px;\">Einfache Installation<\/h3>\n<p>Kompatibel mit Klebe- oder Clip-Befestigungssystemen<\/p>\n<\/div>\n<div style=\"background: #f9f5f0; padding: 24px; border-radius: 8px;\">\n<h3 style=\"color: #baa883; font-size: 20px; margin-bottom: 10px;\"><strong>Geringer Wartungsaufwand<\/strong><\/h3>\n<p>Einfach zu reinigen und zu pflegen f\u00fcr den langfristigen Einsatz<\/p>\n<\/div>\n<div style=\"background: #f9f5f0; padding: 24px; border-radius: 8px;\">\n<h3 style=\"color: #baa883; font-size: 20px; margin-bottom: 10px;\">Umweltfreundliches Material<\/h3>\n<p>Sicher f\u00fcr alle Wohn- und Arbeitsr\u00e4ume in Innenr\u00e4umen<\/p>\n<\/div>\n<\/div>\n<\/div>\n<div style=\"margin: 50px 0;\">\n<div style=\"height: 4px; background-color: #f0e6dc; margin: 40px 0;\"><\/div>\n<h2 style=\"font-size: 32px; color: #baa883; margin-bottom: 20px; border-left: 6px solid #BAA883; padding-left: 16px;\">Wichtigste Vorteile von SPC-Fu\u00dfb\u00f6den<\/h2>\n<p>SPC-Fu\u00dfb\u00f6den bieten deutliche Vorteile gegen\u00fcber herk\u00f6mmlichen Materialien. Zum Beispiel: <\/p>\n<ul style=\"padding-left: 40px; line-height: 1.8;\">\n<li>Bietet eine bessere Wasserdichtigkeit als Laminatb\u00f6den.<\/li>\n<li>Bietet eine h\u00f6here Dimensionsstabilit\u00e4t als nat\u00fcrliche Holzfu\u00dfb\u00f6den<\/li>\n<li>Ist kosteng\u00fcnstiger als Massivholzb\u00f6den<\/li>\n<li>Erfordert einfachere Wartung und unkompliziertere Reinigung<\/li>\n<li>Eignet sich perfekt f\u00fcr private und gewerbliche Anwendungen.<\/li>\n<\/ul>\n<p>Kurz gesagt, es ist die ideale L\u00f6sung f\u00fcr R\u00e4ume, in denen Feuchtigkeitsbest\u00e4ndigkeit und Langlebigkeit h\u00f6chste Priorit\u00e4t haben.<\/p>\n<div style=\"height: 4px; background-color: #f0e6dc; margin: 40px 0;\"><\/div>\n<h2 style=\"font-size: 32px; color: #baa883; margin-bottom: 20px; border-left: 6px solid #BAA883; padding-left: 16px;\">G\u00e4ngige Anwendungen<\/h2>\n<p>Unsere Leisten und Profile eignen sich f\u00fcr eine Vielzahl von Projekten. Im Einzelnen werden sie h\u00e4ufig eingesetzt in: <\/p>\n<ul style=\"padding-left: 40px;\">\n<li>Renovierungsprojekte f\u00fcr Wohnfu\u00dfb\u00f6den<\/li>\n<li>Gewerbegeb\u00e4ude<\/li>\n<li>Hotels, Restaurants und Gastronomiebetriebe<\/li>\n<li>Hausrenovierungs- und Umbauprojekte<\/li>\n<li>Einzelhandelsgesch\u00e4fte und \u00f6ffentliche Pl\u00e4tze<\/li>\n<\/ul>\n<p>Letztendlich gew\u00e4hrleisten sie ein professionelles, makelloses Erscheinungsbild bei jeder Art von Bodenverlegung im Innenbereich.<\/p>\n<div style=\"height: 4px; background-color: #f0e6dc; margin: 40px 0;\"><\/div>\n<h2 style=\"font-size: 32px; color: #baa883; margin-bottom: 20px; border-left: 6px solid #BAA883; padding-left: 16px;\">Warum sollten Sie sich f\u00fcr unsere SPC-Zierleisten entscheiden?<\/h2>\n<p>Wir liefern qualitativ hochwertige Produkte, die durch strenge Qualit\u00e4tskontrollen und eine stabile Produktionskapazit\u00e4t abgesichert sind. Unsere Produkte sind f\u00fcr den globalen Markt konzipiert und bieten umfassende OEM-Anpassungsm\u00f6glichkeiten hinsichtlich Farbe, Gr\u00f6\u00dfe und Design. <\/p>\n<p>Unser Hauptaugenmerk liegt auf Langlebigkeit, Pr\u00e4zision und \u00e4sthetischer Konsistenz, um eine perfekte Integration in Ihren Bodenbelag zu gew\u00e4hrleisten.<\/p>\n<p><img decoding=\"async\" class=\"alignnone wp-image-3280 size-full\" src=\"https:\/\/files.baitcdn.com\/yprofloor\/wp-content\/uploads\/2025\/07\/company-certificates.webp\" alt=\"Unsere Firmenqualit\u00e4tszertifikate\" width=\"1200\" height=\"463\" srcset=\"https:\/\/files.baitcdn.com\/yprofloor\/wp-content\/uploads\/2025\/07\/company-certificates.webp 1200w, https:\/\/files.baitcdn.com\/yprofloor\/wp-content\/uploads\/2025\/07\/company-certificates-300x116.webp 300w, https:\/\/files.baitcdn.com\/yprofloor\/wp-content\/uploads\/2025\/07\/company-certificates-1024x395.webp 1024w, https:\/\/files.baitcdn.com\/yprofloor\/wp-content\/uploads\/2025\/07\/company-certificates-768x296.webp 768w, https:\/\/files.baitcdn.com\/yprofloor\/wp-content\/uploads\/2025\/07\/company-certificates-150x58.webp 150w\" sizes=\"(max-width: 1200px) 100vw, 1200px\" \/><\/p>\n<p>&nbsp;<\/p>\n<div style=\"height: 4px; background-color: #f0e6dc; margin: 40px 0;\"><\/div>\n<h2 style=\"font-size: 32px; color: #baa883; margin-bottom: 20px; border-left: 6px solid #BAA883; padding-left: 16px;\">H\u00e4ufig gestellte Fragen (FAQ)<\/h2>\n<div style=\"display: flex; flex-direction: column; gap: 16px;\">\n<div style=\"background: #f9f5f0; padding: 24px; border-radius: 8px;\">\n<h3 style=\"color: #baa883; font-size: 20px;\">Sind die Verkleidungen und Profile von SPC wasserdicht?<\/h3>\n<p style=\"line-height: 1.8; color: #555;\">Absolut. Unsere SPC-Zubeh\u00f6rteile sind vollst\u00e4ndig wasserdicht, sodass Sie sie bedenkenlos in Feuchtr\u00e4umen wie Badezimmern und K\u00fcchen verwenden k\u00f6nnen. <\/p>\n<\/div>\n<div style=\"background: #f9f5f0; padding: 24px; border-radius: 8px;\">\n<h3 style=\"color: #baa883; font-size: 20px;\">Kann ich die Zierleisten farblich auf meinen SPC-Bodenbelag abstimmen?<\/h3>\n<p style=\"line-height: 1.8; color: #555;\">Ja, wir bieten eine vollst\u00e4ndige Farbanpassung an, um eine perfekte \u00dcbereinstimmung mit Ihren SPC-Bodenbelagsdesigns f\u00fcr ein nahtloses Erscheinungsbild zu gew\u00e4hrleisten.<\/p>\n<\/div>\n<div style=\"background: #f9f5f0; padding: 24px; border-radius: 8px;\">\n<h3 style=\"color: #baa883; font-size: 20px;\">Sind diese Artikel einfach zu installieren?<\/h3>\n<p style=\"line-height: 1.8; color: #555;\">Absolut. Sie lassen sich schnell und einfach per Klebstoff oder Clipsystem anbringen, komplizierte Werkzeuge sind nicht erforderlich. <\/p>\n<\/div>\n<div style=\"background: #f9f5f0; padding: 24px; border-radius: 8px;\">\n<h3 style=\"color: #baa883; font-size: 20px;\">Unterst\u00fctzen Sie individuelle Anpassungen?<\/h3>\n<p style=\"line-height: 1.8; color: #555;\">Ja, wir bieten Ihnen eine vollst\u00e4ndige OEM-Anpassung hinsichtlich Gr\u00f6\u00dfe, Farbe und Design, um Ihren Projektanforderungen gerecht zu werden.<\/p>\n<\/div>\n<\/div>\n<\/div>\n<\/div>\n","protected":false},"excerpt":{"rendered":"<p><strong>SPC Flooring Accessories<\/strong> are essential finishing and installation components designed to complement SPC flooring systems, ensuring a professional look, smooth transitions, and long-lasting performance. They help complete the flooring installation with both functionality and aesthetic appeal. <\/p>\n<p><strong>Vorteile:<\/strong><\/p>\n<ul style=\"padding-left: 40px;\">\n<li>Provides complete finishing solutions for SPC flooring installations<\/li>\n<li>Gew\u00e4hrleistet nahtlose \u00dcberg\u00e4nge zwischen verschiedenen Bodenbel\u00e4gen<\/li>\n<li>Sch\u00fctzt Kanten und Verbindungen vor Abnutzung, Besch\u00e4digung und Feuchtigkeit<\/li>\n<li>Verbessert die allgemeine Stabilit\u00e4t des Bodenbelags und die Installationsqualit\u00e4t.<\/li>\n<li>Erh\u00e4ltlich in verschiedenen Profilen, Farben und Oberfl\u00e4chen, passend zu SPC-B\u00f6den<\/li>\n<\/ul>\n","protected":false},"featured_media":2100,"template":"","meta":{"_acf_changed":false},"product_brand":[],"product_cat":[80],"product_tag":[],"class_list":{"0":"post-3477","1":"product","2":"type-product","3":"status-publish","4":"has-post-thumbnail","6":"product_cat-zubehor","8":"first","9":"instock","10":"shipping-taxable","11":"product-type-simple"},"acf":[],"yoast_head":"<!-- This site is optimized with the Yoast SEO plugin v27.3 - https:\/\/yoast.com\/product\/yoast-seo-wordpress\/ -->\n<title>Zubeh\u00f6r - Floor Tiling<\/title>\n<meta name=\"description\" content=\"Hochwertiges Zubeh\u00f6r f\u00fcr SPC-B\u00f6den, darunter Sockelleisten, \u00dcbergangsprofile und Profilleisten. Langlebig, wasserfest und ideal f\u00fcr fugenlose Bodenverlegung.\" \/>\n<meta name=\"robots\" content=\"index, follow, max-snippet:-1, max-image-preview:large, max-video-preview:-1\" \/>\n<link rel=\"canonical\" href=\"https:\/\/yprofloor.com\/de\/produkt\/zubehoer\/\" \/>\n<meta property=\"og:locale\" content=\"de_DE\" \/>\n<meta property=\"og:type\" content=\"article\" \/>\n<meta property=\"og:title\" content=\"Zubeh\u00f6r - Floor Tiling\" \/>\n<meta property=\"og:description\" content=\"Hochwertiges Zubeh\u00f6r f\u00fcr SPC-B\u00f6den, darunter Sockelleisten, \u00dcbergangsprofile und Profilleisten. Langlebig, wasserfest und ideal f\u00fcr fugenlose Bodenverlegung.\" \/>\n<meta property=\"og:url\" content=\"https:\/\/yprofloor.com\/de\/produkt\/zubehoer\/\" \/>\n<meta property=\"og:site_name\" content=\"Floor Tiling\" \/>\n<meta property=\"article:modified_time\" content=\"2026-04-14T05:49:55+00:00\" \/>\n<meta property=\"og:image\" content=\"https:\/\/files.baitcdn.com\/yprofloor\/wp-content\/uploads\/2025\/07\/Accessories.jpg\" \/>\n\t<meta property=\"og:image:width\" content=\"1000\" \/>\n\t<meta property=\"og:image:height\" content=\"1000\" \/>\n\t<meta property=\"og:image:type\" content=\"image\/jpeg\" \/>\n<meta name=\"twitter:card\" content=\"summary_large_image\" \/>\n<meta name=\"twitter:label1\" content=\"Gesch\u00e4tzte Lesezeit\" \/>\n\t<meta name=\"twitter:data1\" content=\"3\u00a0Minuten\" \/>\n<script type=\"application\/ld+json\" class=\"yoast-schema-graph\">{\"@context\":\"https:\\\/\\\/schema.org\",\"@graph\":[{\"@type\":\"WebPage\",\"@id\":\"https:\\\/\\\/yprofloor.com\\\/de\\\/produkt\\\/zubehoer\\\/\",\"url\":\"https:\\\/\\\/yprofloor.com\\\/de\\\/produkt\\\/zubehoer\\\/\",\"name\":\"Zubeh\u00f6r - Floor Tiling\",\"isPartOf\":{\"@id\":\"https:\\\/\\\/yprofloor.com\\\/de\\\/#website\"},\"primaryImageOfPage\":{\"@id\":\"https:\\\/\\\/yprofloor.com\\\/de\\\/produkt\\\/zubehoer\\\/#primaryimage\"},\"image\":{\"@id\":\"https:\\\/\\\/yprofloor.com\\\/de\\\/produkt\\\/zubehoer\\\/#primaryimage\"},\"thumbnailUrl\":\"https:\\\/\\\/files.baitcdn.com\\\/yprofloor\\\/wp-content\\\/uploads\\\/2025\\\/07\\\/Accessories.jpg\",\"datePublished\":\"2025-04-09T11:04:46+00:00\",\"dateModified\":\"2026-04-14T05:49:55+00:00\",\"description\":\"Hochwertiges Zubeh\u00f6r f\u00fcr SPC-B\u00f6den, darunter Sockelleisten, \u00dcbergangsprofile und Profilleisten. Langlebig, wasserfest und ideal f\u00fcr fugenlose Bodenverlegung.\",\"breadcrumb\":{\"@id\":\"https:\\\/\\\/yprofloor.com\\\/de\\\/produkt\\\/zubehoer\\\/#breadcrumb\"},\"inLanguage\":\"de\",\"potentialAction\":[{\"@type\":\"ReadAction\",\"target\":[\"https:\\\/\\\/yprofloor.com\\\/de\\\/produkt\\\/zubehoer\\\/\"]}]},{\"@type\":\"ImageObject\",\"inLanguage\":\"de\",\"@id\":\"https:\\\/\\\/yprofloor.com\\\/de\\\/produkt\\\/zubehoer\\\/#primaryimage\",\"url\":\"https:\\\/\\\/files.baitcdn.com\\\/yprofloor\\\/wp-content\\\/uploads\\\/2025\\\/07\\\/Accessories.jpg\",\"contentUrl\":\"https:\\\/\\\/files.baitcdn.com\\\/yprofloor\\\/wp-content\\\/uploads\\\/2025\\\/07\\\/Accessories.jpg\",\"width\":1000,\"height\":1000,\"caption\":\"Accessories\"},{\"@type\":\"BreadcrumbList\",\"@id\":\"https:\\\/\\\/yprofloor.com\\\/de\\\/produkt\\\/zubehoer\\\/#breadcrumb\",\"itemListElement\":[{\"@type\":\"ListItem\",\"position\":1,\"name\":\"Home\",\"item\":\"https:\\\/\\\/yprofloor.com\\\/de\\\/heim\\\/\"},{\"@type\":\"ListItem\",\"position\":2,\"name\":\"Shop\",\"item\":\"https:\\\/\\\/yprofloor.com\\\/de\\\/shop\\\/\"},{\"@type\":\"ListItem\",\"position\":3,\"name\":\"Zubeh\u00f6r\"}]},{\"@type\":\"WebSite\",\"@id\":\"https:\\\/\\\/yprofloor.com\\\/de\\\/#website\",\"url\":\"https:\\\/\\\/yprofloor.com\\\/de\\\/\",\"name\":\"SPC Flooring\",\"description\":\"Anti-Scratch, Waterproof, Eco-Friendly, Anti-Slip, anti moth, wear resistant anti bacteria\",\"publisher\":{\"@id\":\"https:\\\/\\\/yprofloor.com\\\/de\\\/#organization\"},\"potentialAction\":[{\"@type\":\"SearchAction\",\"target\":{\"@type\":\"EntryPoint\",\"urlTemplate\":\"https:\\\/\\\/yprofloor.com\\\/de\\\/?s={search_term_string}\"},\"query-input\":{\"@type\":\"PropertyValueSpecification\",\"valueRequired\":true,\"valueName\":\"search_term_string\"}}],\"inLanguage\":\"de\"},{\"@type\":\"Organization\",\"@id\":\"https:\\\/\\\/yprofloor.com\\\/de\\\/#organization\",\"name\":\"SPC Flooring\",\"url\":\"https:\\\/\\\/yprofloor.com\\\/de\\\/\",\"logo\":{\"@type\":\"ImageObject\",\"inLanguage\":\"de\",\"@id\":\"https:\\\/\\\/yprofloor.com\\\/de\\\/#\\\/schema\\\/logo\\\/image\\\/\",\"url\":\"https:\\\/\\\/files.baitcdn.com\\\/yprofloor\\\/wp-content\\\/uploads\\\/2026\\\/04\\\/floor-tiling-logo.png\",\"contentUrl\":\"https:\\\/\\\/files.baitcdn.com\\\/yprofloor\\\/wp-content\\\/uploads\\\/2026\\\/04\\\/floor-tiling-logo.png\",\"width\":400,\"height\":400,\"caption\":\"SPC Flooring\"},\"image\":{\"@id\":\"https:\\\/\\\/yprofloor.com\\\/de\\\/#\\\/schema\\\/logo\\\/image\\\/\"}}]}<\/script>\n<!-- \/ Yoast SEO plugin. -->","yoast_head_json":{"title":"Zubeh\u00f6r - Floor Tiling","description":"Hochwertiges Zubeh\u00f6r f\u00fcr SPC-B\u00f6den, darunter Sockelleisten, \u00dcbergangsprofile und Profilleisten. Langlebig, wasserfest und ideal f\u00fcr fugenlose Bodenverlegung.","robots":{"index":"index","follow":"follow","max-snippet":"max-snippet:-1","max-image-preview":"max-image-preview:large","max-video-preview":"max-video-preview:-1"},"canonical":"https:\/\/yprofloor.com\/de\/produkt\/zubehoer\/","og_locale":"de_DE","og_type":"article","og_title":"Zubeh\u00f6r - Floor Tiling","og_description":"Hochwertiges Zubeh\u00f6r f\u00fcr SPC-B\u00f6den, darunter Sockelleisten, \u00dcbergangsprofile und Profilleisten. Langlebig, wasserfest und ideal f\u00fcr fugenlose Bodenverlegung.","og_url":"https:\/\/yprofloor.com\/de\/produkt\/zubehoer\/","og_site_name":"Floor Tiling","article_modified_time":"2026-04-14T05:49:55+00:00","og_image":[{"width":1000,"height":1000,"url":"https:\/\/files.baitcdn.com\/yprofloor\/wp-content\/uploads\/2025\/07\/Accessories.jpg","type":"image\/jpeg"}],"twitter_card":"summary_large_image","twitter_misc":{"Gesch\u00e4tzte Lesezeit":"3\u00a0Minuten"},"schema":{"@context":"https:\/\/schema.org","@graph":[{"@type":"WebPage","@id":"https:\/\/yprofloor.com\/de\/produkt\/zubehoer\/","url":"https:\/\/yprofloor.com\/de\/produkt\/zubehoer\/","name":"Zubeh\u00f6r - Floor Tiling","isPartOf":{"@id":"https:\/\/yprofloor.com\/de\/#website"},"primaryImageOfPage":{"@id":"https:\/\/yprofloor.com\/de\/produkt\/zubehoer\/#primaryimage"},"image":{"@id":"https:\/\/yprofloor.com\/de\/produkt\/zubehoer\/#primaryimage"},"thumbnailUrl":"https:\/\/files.baitcdn.com\/yprofloor\/wp-content\/uploads\/2025\/07\/Accessories.jpg","datePublished":"2025-04-09T11:04:46+00:00","dateModified":"2026-04-14T05:49:55+00:00","description":"Hochwertiges Zubeh\u00f6r f\u00fcr SPC-B\u00f6den, darunter Sockelleisten, \u00dcbergangsprofile und Profilleisten. Langlebig, wasserfest und ideal f\u00fcr fugenlose Bodenverlegung.","breadcrumb":{"@id":"https:\/\/yprofloor.com\/de\/produkt\/zubehoer\/#breadcrumb"},"inLanguage":"de","potentialAction":[{"@type":"ReadAction","target":["https:\/\/yprofloor.com\/de\/produkt\/zubehoer\/"]}]},{"@type":"ImageObject","inLanguage":"de","@id":"https:\/\/yprofloor.com\/de\/produkt\/zubehoer\/#primaryimage","url":"https:\/\/files.baitcdn.com\/yprofloor\/wp-content\/uploads\/2025\/07\/Accessories.jpg","contentUrl":"https:\/\/files.baitcdn.com\/yprofloor\/wp-content\/uploads\/2025\/07\/Accessories.jpg","width":1000,"height":1000,"caption":"Accessories"},{"@type":"BreadcrumbList","@id":"https:\/\/yprofloor.com\/de\/produkt\/zubehoer\/#breadcrumb","itemListElement":[{"@type":"ListItem","position":1,"name":"Home","item":"https:\/\/yprofloor.com\/de\/heim\/"},{"@type":"ListItem","position":2,"name":"Shop","item":"https:\/\/yprofloor.com\/de\/shop\/"},{"@type":"ListItem","position":3,"name":"Zubeh\u00f6r"}]},{"@type":"WebSite","@id":"https:\/\/yprofloor.com\/de\/#website","url":"https:\/\/yprofloor.com\/de\/","name":"SPC Flooring","description":"Anti-Scratch, Waterproof, Eco-Friendly, Anti-Slip, anti moth, wear resistant anti bacteria","publisher":{"@id":"https:\/\/yprofloor.com\/de\/#organization"},"potentialAction":[{"@type":"SearchAction","target":{"@type":"EntryPoint","urlTemplate":"https:\/\/yprofloor.com\/de\/?s={search_term_string}"},"query-input":{"@type":"PropertyValueSpecification","valueRequired":true,"valueName":"search_term_string"}}],"inLanguage":"de"},{"@type":"Organization","@id":"https:\/\/yprofloor.com\/de\/#organization","name":"SPC Flooring","url":"https:\/\/yprofloor.com\/de\/","logo":{"@type":"ImageObject","inLanguage":"de","@id":"https:\/\/yprofloor.com\/de\/#\/schema\/logo\/image\/","url":"https:\/\/files.baitcdn.com\/yprofloor\/wp-content\/uploads\/2026\/04\/floor-tiling-logo.png","contentUrl":"https:\/\/files.baitcdn.com\/yprofloor\/wp-content\/uploads\/2026\/04\/floor-tiling-logo.png","width":400,"height":400,"caption":"SPC Flooring"},"image":{"@id":"https:\/\/yprofloor.com\/de\/#\/schema\/logo\/image\/"}}]}},"_links":{"self":[{"href":"https:\/\/yprofloor.com\/de\/wp-json\/wp\/v2\/product\/3477","targetHints":{"allow":["GET"]}}],"collection":[{"href":"https:\/\/yprofloor.com\/de\/wp-json\/wp\/v2\/product"}],"about":[{"href":"https:\/\/yprofloor.com\/de\/wp-json\/wp\/v2\/types\/product"}],"wp:featuredmedia":[{"embeddable":true,"href":"https:\/\/yprofloor.com\/de\/wp-json\/wp\/v2\/media\/2100"}],"wp:attachment":[{"href":"https:\/\/yprofloor.com\/de\/wp-json\/wp\/v2\/media?parent=3477"}],"wp:term":[{"taxonomy":"product_brand","embeddable":true,"href":"https:\/\/yprofloor.com\/de\/wp-json\/wp\/v2\/product_brand?post=3477"},{"taxonomy":"product_cat","embeddable":true,"href":"https:\/\/yprofloor.com\/de\/wp-json\/wp\/v2\/product_cat?post=3477"},{"taxonomy":"product_tag","embeddable":true,"href":"https:\/\/yprofloor.com\/de\/wp-json\/wp\/v2\/product_tag?post=3477"}],"curies":[{"name":"wp","href":"https:\/\/api.w.org\/{rel}","templated":true}]}}