{"id":3521,"date":"2025-05-09T10:50:21","date_gmt":"2025-05-09T10:50:21","guid":{"rendered":"https:\/\/yprofloor.com\/product\/spc-fussleisten\/"},"modified":"2026-04-14T08:34:34","modified_gmt":"2026-04-14T08:34:34","slug":"spc-fussleisten","status":"publish","type":"product","link":"https:\/\/yprofloor.com\/de\/produkt\/spc-fussleisten\/","title":{"rendered":"SPC-Fu\u00dfleisten"},"content":{"rendered":"<div style=\"font-family: Arial, sans-serif; font-size: 16px; line-height: 1.8;\">\n<h2 style=\"font-size: 32px; color: #baa883; margin-bottom: 20px; border-left: 6px solid #BAA883; padding-left: 16px;\">Was sind SPC-Fu\u00dfleisten?<\/h2>\n<div style=\"margin-bottom: 40px;\">\n<p>SPC-Sockelleisten (Stein-Kunststoff-Verbundsockelleisten) sind dekorative und sch\u00fctzende Wandabschlussleisten aus einem robusten Kern aus Kalksteinpulver und PVC. Sie verdecken den \u00dcbergang zwischen Wand und Boden und sorgen f\u00fcr einen sauberen Abschluss, w\u00e4hrend sie die W\u00e4nde vor Besch\u00e4digungen sch\u00fctzen. <\/p>\n<p>Im Vergleich zu herk\u00f6mmlichen Sockelleisten aus Holz oder MDF bieten SPC-Sockelleisten \u00fcberlegene Wasserdichtigkeit, Langlebigkeit und einfache Pflege.<\/p>\n<p><img fetchpriority=\"high\" decoding=\"async\" class=\"wp-image-3305 size-full aligncenter\" src=\"https:\/\/files.baitcdn.com\/yprofloor\/wp-content\/uploads\/2025\/05\/spc-skirting-board-surface-detail.webp\" alt=\"SPC-Fu\u00dfleisten f\u00fcr moderne Inneneinrichtung\" width=\"1200\" height=\"420\" srcset=\"https:\/\/files.baitcdn.com\/yprofloor\/wp-content\/uploads\/2025\/05\/spc-skirting-board-surface-detail.webp 1200w, https:\/\/files.baitcdn.com\/yprofloor\/wp-content\/uploads\/2025\/05\/spc-skirting-board-surface-detail-300x105.webp 300w, https:\/\/files.baitcdn.com\/yprofloor\/wp-content\/uploads\/2025\/05\/spc-skirting-board-surface-detail-1024x358.webp 1024w, https:\/\/files.baitcdn.com\/yprofloor\/wp-content\/uploads\/2025\/05\/spc-skirting-board-surface-detail-768x269.webp 768w, https:\/\/files.baitcdn.com\/yprofloor\/wp-content\/uploads\/2025\/05\/spc-skirting-board-surface-detail-150x53.webp 150w\" sizes=\"(max-width: 1200px) 100vw, 1200px\" \/><\/p>\n<\/div>\n<div style=\"height: 4px; background-color: #f0e6dc; transition: background-color 0.3s ease;\"><\/div>\n<div style=\"margin: 50px 0;\">\n<h2 style=\"font-size: 32px; color: #baa883; margin-bottom: 20px; border-left: 6px solid #BAA883; padding-left: 16px;\">Produktspezifikationen<\/h2>\n<div style=\"background: #fff;\">\n<table style=\"width: 100%; border-collapse: collapse;\">\n<tbody>\n<tr style=\"background-color: #f9f5f0;\">\n<td style=\"padding: 16px 20px; font-weight: 600; color: #baa883; width: 40%; border: 1px solid #eee;\">Element<\/td>\n<td style=\"padding: 16px 20px; border: 1px solid #eee;\">Parameter<\/td>\n<\/tr>\n<tr>\n<td style=\"padding: 16px 20px; font-weight: 600; color: #baa883; border: 1px solid #eee;\">Material<\/td>\n<td style=\"padding: 16px 20px; border: 1px solid #eee;\">Stein-Kunststoff-Verbundwerkstoff (SPC)<\/td>\n<\/tr>\n<tr style=\"background-color: #f9f5f0;\">\n<td style=\"padding: 16px 20px; font-weight: 600; color: #baa883; border: 1px solid #eee;\">H\u00f6he <\/td>\n<td style=\"padding: 16px 20px; border: 1px solid #eee;\">60 mm \/ 80 mm \/ 100 mm \/ Benutzerdefiniert<\/td>\n<\/tr>\n<tr>\n<td style=\"padding: 16px 20px; font-weight: 600; color: #baa883; border: 1px solid #eee;\">Dicke<\/td>\n<td style=\"padding: 16px 20px; border: 1px solid #eee;\">10 mm \/ 12 mm \/ Benutzerdefiniert<\/td>\n<\/tr>\n<tr style=\"background-color: #f9f5f0;\">\n<td style=\"padding: 16px 20px; font-weight: 600; color: #baa883; border: 1px solid #eee;\">L\u00e4nge<\/td>\n<td style=\"padding: 16px 20px; border: 1px solid #eee;\">2400 mm \/ 2800 mm \/ Benutzerdefiniert<\/td>\n<\/tr>\n<tr>\n<td style=\"padding: 16px 20px; font-weight: 600; color: #baa883; border: 1px solid #eee;\">Oberfl\u00e4che<\/td>\n<td style=\"padding: 16px 20px; border: 1px solid #eee;\">PVC-Folie \/ UV-Beschichtung<\/td>\n<\/tr>\n<tr style=\"background-color: #f9f5f0;\">\n<td style=\"padding: 16px 20px; font-weight: 600; color: #baa883; border: 1px solid #eee;\">Installation<\/td>\n<td style=\"padding: 16px 20px; border: 1px solid #eee;\">Kleber \/ Nagel \/ Clip<\/td>\n<\/tr>\n<tr>\n<td style=\"padding: 16px 20px; font-weight: 600; color: #baa883; border: 1px solid #eee;\">Wasserdicht<\/td>\n<td style=\"padding: 16px 20px; border: 1px solid #eee;\">Ja<\/td>\n<\/tr>\n<\/tbody>\n<\/table>\n<\/div>\n<\/div>\n<div style=\"height: 4px; background-color: #f0e6dc; margin: 40px 0 40px 0px; transition: background-color 0.3s ease;\"><\/div>\n<div style=\"margin: 50px 0;\">\n<div style=\"margin: 50px 0;\">\n<h2 style=\"font-size: 32px; color: #baa883; margin-bottom: 20px; border-left: 6px solid #BAA883; padding-left: 16px;\"><strong>Vorteile von SPC-Fu\u00dfleisten<\/strong><\/h2>\n<p>SPC-Sockelleisten bieten gegen\u00fcber herk\u00f6mmlichen Sockelleistenmaterialien mehrere Vorteile.<\/p>\n<ul style=\"padding-left: 40px;\">\n<li>Feuchtigkeitsbest\u00e4ndiger als MDF-Fu\u00dfleisten<\/li>\n<li>Langlebiger und sto\u00dffester als Holzsockelleisten<\/li>\n<li>Stabiler und weniger anf\u00e4llig f\u00fcr Verformungen oder Risse<\/li>\n<li>Leicht zu reinigen und wartungsarm<\/li>\n<li>Geeignet f\u00fcr Wohn- und Gesch\u00e4ftsr\u00e4ume<\/li>\n<\/ul>\n<p>Es ist eine ideale L\u00f6sung f\u00fcr den Abschluss von Wand-Boden-\u00dcberg\u00e4ngen und bietet langanhaltenden Schutz bei gleichzeitiger Aufwertung des gesamten Innenraumdesigns.<\/p>\n<div style=\"height: 4px; background-color: #f0e6dc; transition: background-color 0.3s ease;\"><\/div>\n<h2 style=\"font-size: 32px; color: #baa883; margin-bottom: 20px; border-left: 6px solid #BAA883; padding-left: 16px;\">Anwendungsbereiche von SPC-Sockelleisten<\/h2>\n<div style=\"display: flex; flex-wrap: wrap; gap: 40px; align-items: center;\">\n<div style=\"flex: 1; min-width: 400px;\">\n<ol style=\"font-size: 18px; line-height: 1.8; color: #555; padding-left: 20px;\">\n<li style=\"margin-bottom: 16px;\"><strong style=\"color: #baa883;\">Wohnzimmer:<\/strong> Diese Paneele schaffen einen nahtlosen und eleganten \u00dcbergang zwischen Boden und W\u00e4nden und werten so die gesamte Raumgestaltung auf. Sie sch\u00fctzen die W\u00e4nde au\u00dferdem vor St\u00f6\u00dfen durch M\u00f6bel, Staub und allt\u00e4glicher Abnutzung.<\/li>\n<li style=\"margin-bottom: 16px;\"><strong style=\"color: #baa883;\">Schlafzimmer: <\/strong>Im Schlafzimmer verleihen Fu\u00dfleisten dem Raum eine elegante Note und tragen zu einer ordentlichen und behaglichen Atmosph\u00e4re bei. Ihre glatte Oberfl\u00e4che verhindert Staubansammlungen und ist leicht zu reinigen.<\/li>\n<li style=\"margin-bottom: 16px;\"><strong style=\"color: #baa883;\">K\u00fcche: <\/strong>In K\u00fcchen werden Materialien ben\u00f6tigt, die feuchtigkeits-, \u00f6l- und fleckenbest\u00e4ndig sind. SPC-Fu\u00dfleisten sind aufgrund ihrer wasserfesten und leicht zu reinigenden Eigenschaften ideal.<\/li>\n<li style=\"margin-bottom: 16px;\"><strong style=\"color: #baa883;\">B\u00fcror\u00e4ume: <\/strong>SPC-Sockelleisten werten professionelle Arbeitsumgebungen auf, indem sie f\u00fcr ein sauberes und modernes Wandfinish sorgen und gleichzeitig die W\u00e4nde vor Besch\u00e4digungen durch B\u00fcrom\u00f6bel sch\u00fctzen.<\/li>\n<li style=\"margin-bottom: 16px;\">Renovierungsprojekte: SPC-Sockelleisten k\u00f6nnen direkt auf bestehenden Oberfl\u00e4chen montiert werden und eignen sich daher ideal f\u00fcr Renovierungs- und Umbauprojekte.<\/li>\n<\/ol>\n<\/div>\n<\/div>\n<div style=\"height: 4px; background-color: #f0e6dc; margin: 40px 0 40px 0px; transition: background-color 0.3s ease;\"><\/div>\n<h2 style=\"font-size: 32px; color: #baa883; margin-bottom: 20px; border-left: 6px solid #BAA883; padding-left: 16px;\">Wichtigste Merkmale<\/h2>\n<div style=\"display: grid; grid-template-columns: repeat(auto-fit, minmax(280px, 1fr)); gap: 20px;\">\n<div style=\"background: #f9f5f0; padding: 24px; border-radius: 8px;\">\n<h3 style=\"color: #baa883; font-size: 20px; margin-bottom: 10px;\">100% wasserdicht<\/h3>\n<p>Ideal f\u00fcr feuchte Umgebungen wie Badezimmer, K\u00fcchen und Keller.<\/p>\n<\/div>\n<div style=\"background: #f9f5f0; padding: 24px; border-radius: 8px;\">\n<h3 style=\"color: #baa883; font-size: 20px; margin-bottom: 10px;\">Langlebig und sto\u00dffest<\/h3>\n<p>Kratzfest, sto\u00dffest und widerstandsf\u00e4hig gegen allt\u00e4gliche Abnutzung, gew\u00e4hrleistet es eine lange Lebensdauer.<\/p>\n<\/div>\n<div style=\"background: #f9f5f0; padding: 24px; border-radius: 8px;\">\n<h3 style=\"color: #baa883; font-size: 20px; margin-bottom: 10px;\">Umweltfreundliches Material<\/h3>\n<p>Formaldehydfrei und sicher f\u00fcr die Verwendung in Innenr\u00e4umen.<\/p>\n<\/div>\n<div style=\"background: #f9f5f0; padding: 24px; border-radius: 8px;\">\n<h3 style=\"color: #baa883; font-size: 20px; margin-bottom: 10px;\">Einfache Installation<\/h3>\n<p>Kann mit Kleber, N\u00e4geln oder Klammern befestigt werden, was Zeit und Arbeitskosten spart.<\/p>\n<\/div>\n<div style=\"background: #f9f5f0; padding: 24px; border-radius: 8px;\">\n<h3 style=\"color: #baa883; font-size: 20px; margin-bottom: 10px;\">Geringer Wartungsaufwand<\/h3>\n<p>Kein Anstrich erforderlich \u2013 einfach mit einem feuchten Tuch reinigen.<\/p>\n<\/div>\n<div style=\"background: #f9f5f0; padding: 24px; border-radius: 8px;\">\n<h3 style=\"color: #baa883; font-size: 20px; margin-bottom: 10px;\">Stilvolle Designs<\/h3>\n<p><span style=\"color: #000000;\">Erh\u00e4ltlich in einer breiten Palette von Ausf\u00fchrungen:<\/span><\/p>\n<ul style=\"padding-left: 40px;\">\n<li>Holzmaserung<\/li>\n<li>Marmoroptik<\/li>\n<li>Einfarbige Farben<\/li>\n<li>Matte oder gl\u00e4nzende Oberfl\u00e4chen<\/li>\n<\/ul>\n<\/div>\n<\/div>\n<\/div>\n<\/div>\n<\/div>\n<div style=\"font-family: 'Segoe UI', Roboto, Arial, sans-serif;\">\n<div style=\"height: 4px; background-color: #f0e6dc; margin: 40px 0 40px 0px; transition: background-color 0.3s ease;\"><\/div>\n<h2 style=\"font-size: 32px; color: #baa883; margin-bottom: 20px; border-left: 6px solid #BAA883; padding-left: 16px;\">Warum sollten Sie sich f\u00fcr uns entscheiden?<\/h2>\n<p>Wir bieten hochwertige Baustoffe mit strenger Qualit\u00e4tskontrolle und stabiler Produktionskapazit\u00e4t. Unsere Produkte entsprechen internationalen Standards und erm\u00f6glichen ma\u00dfgeschneiderte L\u00f6sungen f\u00fcr vielf\u00e4ltige Projektanforderungen. <\/p>\n<p>Wir konzentrieren uns auf Langlebigkeit, pr\u00e4zise Verarbeitung und dauerhafte Leistungsf\u00e4higkeit, um zuverl\u00e4ssigen Schutz und ein makelloses Finish zu gew\u00e4hrleisten und so die Gesamt\u00e4sthetik des Innenraums und die Wettbewerbsf\u00e4higkeit auf dem Markt zu verbessern.<\/p>\n<p>&nbsp;<\/p>\n<p><img decoding=\"async\" class=\"alignnone size-full wp-image-3280\" src=\"https:\/\/files.baitcdn.com\/yprofloor\/wp-content\/uploads\/2025\/07\/company-certificates.webp\" alt=\"Zertifikate\" width=\"1200\" height=\"463\" srcset=\"https:\/\/files.baitcdn.com\/yprofloor\/wp-content\/uploads\/2025\/07\/company-certificates.webp 1200w, https:\/\/files.baitcdn.com\/yprofloor\/wp-content\/uploads\/2025\/07\/company-certificates-300x116.webp 300w, https:\/\/files.baitcdn.com\/yprofloor\/wp-content\/uploads\/2025\/07\/company-certificates-1024x395.webp 1024w, https:\/\/files.baitcdn.com\/yprofloor\/wp-content\/uploads\/2025\/07\/company-certificates-768x296.webp 768w, https:\/\/files.baitcdn.com\/yprofloor\/wp-content\/uploads\/2025\/07\/company-certificates-150x58.webp 150w\" sizes=\"(max-width: 1200px) 100vw, 1200px\" \/><\/p>\n<div style=\"height: 4px; background-color: #f0e6dc; margin: 40px 0 40px 0px; transition: background-color 0.3s ease;\"><\/div>\n<h2 style=\"font-size: 32px; color: #baa883; margin-bottom: 20px; border-left: 6px solid #BAA883; padding-left: 16px;\">H\u00e4ufig gestellte Fragen (FAQ)<\/h2>\n<div style=\"display: flex; flex-direction: column; gap: 16px;\">\n<div style=\"background: #f9f5f0; padding: 24px; border-radius: 8px;\">\n<h3 style=\"color: #baa883; font-size: 20px; margin-bottom: 10px;\">Was ist der Hauptzweck von Fu\u00dfleisten?<\/h3>\n<p style=\"line-height: 1.6; color: #555;\">Sockelleisten sch\u00fctzen den unteren Teil der W\u00e4nde vor Besch\u00e4digungen und helfen, den Spalt zwischen Wand und Boden zu verdecken, wodurch der Raum ein sauberes und ordentliches Erscheinungsbild erh\u00e4lt.<\/p>\n<\/div>\n<div style=\"background: #f9f5f0; padding: 24px; border-radius: 8px;\">\n<h3 style=\"color: #baa883; font-size: 20px; margin-bottom: 10px;\">Wie reinige und pflege ich Fu\u00dfleisten?<\/h3>\n<p style=\"line-height: 1.6; color: #555;\">Die Reinigung von Fu\u00dfleisten ist einfach \u2013 wischen Sie sie einfach mit einem feuchten Tuch ab. Vermeiden Sie scharfe Reinigungsmittel oder Scheuermittel. Regelm\u00e4\u00dfige Reinigung tr\u00e4gt dazu bei, ihr Aussehen langfristig zu erhalten.  <\/p>\n<\/div>\n<div style=\"background: #f9f5f0; padding: 24px; border-radius: 8px;\">\n<h3 style=\"color: #baa883; font-size: 20px; margin-bottom: 10px;\"> <strong>Ist die Montage von Fu\u00dfleisten einfach?<\/strong><\/h3>\n<p style=\"line-height: 1.6; color: #555;\">Die meisten modernen Fu\u00dfleisten sind f\u00fcr eine einfache Montage konzipiert und bieten viele Optionen mit einfachen Klebe- oder Klicksystemen, wodurch die Selbstmontage schnell und problemlos vonstatten geht.<\/p>\n<\/div>\n<div style=\"background: #f9f5f0; padding: 24px; border-radius: 8px;\">\n<h3 style=\"color: #baa883; font-size: 20px; margin-bottom: 10px;\">Can I customize the size and color?<\/h3>\n<p style=\"line-height: 1.6; color: #555;\">Ja, wir bieten OEM- und Anpassungsdienstleistungen an.<\/p>\n<\/div>\n<\/div>\n<\/div>\n","protected":false},"excerpt":{"rendered":"<p>SPC-Sockelleisten (Stein-Kunststoff-Verbund-Sockelleisten) sind eine moderne und langlebige Wandverkleidungsl\u00f6sung, die Dehnungsfugen abdeckt, W\u00e4nde sch\u00fctzt und gleichzeitig die Inneneinrichtung aufwertet. Sie sorgen f\u00fcr einen sauberen, nahtlosen \u00dcbergang zwischen Boden- und Wandfl\u00e4chen. <\/p>\n<p><strong>Vorteile:<\/strong><\/p>\n<ul style=\"padding-left: 40px;\">\n<li>100 % wasserdicht, ideal f\u00fcr K\u00fcchen, Badezimmer und feuchtigkeitsgef\u00e4hrdete Bereiche<\/li>\n<li>Sch\u00fctzt W\u00e4nde vor Kratzern, St\u00f6\u00dfen und allt\u00e4glicher Abnutzung<\/li>\n<li>Stabiler, starrer Kern mit ausgezeichneter Haltbarkeit und langer Lebensdauer<\/li>\n<li>Einfache Installation mit Klebe- oder Clip-Systemen<\/li>\n<li>Pflegeleichte und einfach zu reinigende Oberfl\u00e4che<\/li>\n<li>Verdeckt Dehnungsfugen f\u00fcr ein sauberes und professionelles Finish<\/li>\n<li>Erh\u00e4ltlich in verschiedenen Farben und Ausf\u00fchrungen, passend zu Bodenbel\u00e4gen und Wandgestaltungen.<\/li>\n<\/ul>\n","protected":false},"featured_media":2097,"template":"","meta":{"_acf_changed":false},"product_brand":[],"product_cat":[90],"product_tag":[],"class_list":{"0":"post-3521","1":"product","2":"type-product","3":"status-publish","4":"has-post-thumbnail","6":"product_cat-spc-fusleisten","8":"first","9":"instock","10":"shipping-taxable","11":"product-type-simple"},"acf":[],"yoast_head":"<!-- This site is optimized with the Yoast SEO plugin v27.3 - https:\/\/yoast.com\/product\/yoast-seo-wordpress\/ -->\n<title>SPC-Fu\u00dfleisten - Floor Tiling<\/title>\n<meta name=\"description\" content=\"SPC-Fu\u00dfleisten sind wasserfeste, langlebige Wandabschlussleisten, die sich durch einfache Montage und geringen Wartungsaufwand f\u00fcr moderne Innenr\u00e4ume auszeichnen.\" \/>\n<meta name=\"robots\" content=\"index, follow, max-snippet:-1, max-image-preview:large, max-video-preview:-1\" \/>\n<link rel=\"canonical\" href=\"https:\/\/yprofloor.com\/de\/produkt\/spc-fussleisten\/\" \/>\n<meta property=\"og:locale\" content=\"de_DE\" \/>\n<meta property=\"og:type\" content=\"article\" \/>\n<meta property=\"og:title\" content=\"SPC-Fu\u00dfleisten - Floor Tiling\" \/>\n<meta property=\"og:description\" content=\"SPC-Fu\u00dfleisten sind wasserfeste, langlebige Wandabschlussleisten, die sich durch einfache Montage und geringen Wartungsaufwand f\u00fcr moderne Innenr\u00e4ume auszeichnen.\" \/>\n<meta property=\"og:url\" content=\"https:\/\/yprofloor.com\/de\/produkt\/spc-fussleisten\/\" \/>\n<meta property=\"og:site_name\" content=\"Floor Tiling\" \/>\n<meta property=\"article:modified_time\" content=\"2026-04-14T08:34:34+00:00\" \/>\n<meta property=\"og:image\" content=\"https:\/\/files.baitcdn.com\/yprofloor\/wp-content\/uploads\/2025\/07\/SPC-skirting-boards.jpg\" \/>\n\t<meta property=\"og:image:width\" content=\"1000\" \/>\n\t<meta property=\"og:image:height\" content=\"1000\" \/>\n\t<meta property=\"og:image:type\" content=\"image\/jpeg\" \/>\n<meta name=\"twitter:card\" content=\"summary_large_image\" \/>\n<meta name=\"twitter:label1\" content=\"Gesch\u00e4tzte Lesezeit\" \/>\n\t<meta name=\"twitter:data1\" content=\"3\u00a0Minuten\" \/>\n<script type=\"application\/ld+json\" class=\"yoast-schema-graph\">{\"@context\":\"https:\\\/\\\/schema.org\",\"@graph\":[{\"@type\":\"WebPage\",\"@id\":\"https:\\\/\\\/yprofloor.com\\\/de\\\/produkt\\\/spc-fussleisten\\\/\",\"url\":\"https:\\\/\\\/yprofloor.com\\\/de\\\/produkt\\\/spc-fussleisten\\\/\",\"name\":\"SPC-Fu\u00dfleisten - Floor Tiling\",\"isPartOf\":{\"@id\":\"https:\\\/\\\/yprofloor.com\\\/de\\\/#website\"},\"primaryImageOfPage\":{\"@id\":\"https:\\\/\\\/yprofloor.com\\\/de\\\/produkt\\\/spc-fussleisten\\\/#primaryimage\"},\"image\":{\"@id\":\"https:\\\/\\\/yprofloor.com\\\/de\\\/produkt\\\/spc-fussleisten\\\/#primaryimage\"},\"thumbnailUrl\":\"https:\\\/\\\/files.baitcdn.com\\\/yprofloor\\\/wp-content\\\/uploads\\\/2025\\\/07\\\/SPC-skirting-boards.jpg\",\"datePublished\":\"2025-05-09T10:50:21+00:00\",\"dateModified\":\"2026-04-14T08:34:34+00:00\",\"description\":\"SPC-Fu\u00dfleisten sind wasserfeste, langlebige Wandabschlussleisten, die sich durch einfache Montage und geringen Wartungsaufwand f\u00fcr moderne Innenr\u00e4ume auszeichnen.\",\"breadcrumb\":{\"@id\":\"https:\\\/\\\/yprofloor.com\\\/de\\\/produkt\\\/spc-fussleisten\\\/#breadcrumb\"},\"inLanguage\":\"de\",\"potentialAction\":[{\"@type\":\"ReadAction\",\"target\":[\"https:\\\/\\\/yprofloor.com\\\/de\\\/produkt\\\/spc-fussleisten\\\/\"]}]},{\"@type\":\"ImageObject\",\"inLanguage\":\"de\",\"@id\":\"https:\\\/\\\/yprofloor.com\\\/de\\\/produkt\\\/spc-fussleisten\\\/#primaryimage\",\"url\":\"https:\\\/\\\/files.baitcdn.com\\\/yprofloor\\\/wp-content\\\/uploads\\\/2025\\\/07\\\/SPC-skirting-boards.jpg\",\"contentUrl\":\"https:\\\/\\\/files.baitcdn.com\\\/yprofloor\\\/wp-content\\\/uploads\\\/2025\\\/07\\\/SPC-skirting-boards.jpg\",\"width\":1000,\"height\":1000,\"caption\":\"SPC skirting boards\"},{\"@type\":\"BreadcrumbList\",\"@id\":\"https:\\\/\\\/yprofloor.com\\\/de\\\/produkt\\\/spc-fussleisten\\\/#breadcrumb\",\"itemListElement\":[{\"@type\":\"ListItem\",\"position\":1,\"name\":\"Home\",\"item\":\"https:\\\/\\\/yprofloor.com\\\/de\\\/heim\\\/\"},{\"@type\":\"ListItem\",\"position\":2,\"name\":\"Shop\",\"item\":\"https:\\\/\\\/yprofloor.com\\\/de\\\/shop\\\/\"},{\"@type\":\"ListItem\",\"position\":3,\"name\":\"SPC-Fu\u00dfleisten\"}]},{\"@type\":\"WebSite\",\"@id\":\"https:\\\/\\\/yprofloor.com\\\/de\\\/#website\",\"url\":\"https:\\\/\\\/yprofloor.com\\\/de\\\/\",\"name\":\"SPC Flooring\",\"description\":\"Anti-Scratch, Waterproof, Eco-Friendly, Anti-Slip, anti moth, wear resistant anti bacteria\",\"publisher\":{\"@id\":\"https:\\\/\\\/yprofloor.com\\\/de\\\/#organization\"},\"potentialAction\":[{\"@type\":\"SearchAction\",\"target\":{\"@type\":\"EntryPoint\",\"urlTemplate\":\"https:\\\/\\\/yprofloor.com\\\/de\\\/?s={search_term_string}\"},\"query-input\":{\"@type\":\"PropertyValueSpecification\",\"valueRequired\":true,\"valueName\":\"search_term_string\"}}],\"inLanguage\":\"de\"},{\"@type\":\"Organization\",\"@id\":\"https:\\\/\\\/yprofloor.com\\\/de\\\/#organization\",\"name\":\"SPC Flooring\",\"url\":\"https:\\\/\\\/yprofloor.com\\\/de\\\/\",\"logo\":{\"@type\":\"ImageObject\",\"inLanguage\":\"de\",\"@id\":\"https:\\\/\\\/yprofloor.com\\\/de\\\/#\\\/schema\\\/logo\\\/image\\\/\",\"url\":\"https:\\\/\\\/files.baitcdn.com\\\/yprofloor\\\/wp-content\\\/uploads\\\/2026\\\/04\\\/floor-tiling-logo.png\",\"contentUrl\":\"https:\\\/\\\/files.baitcdn.com\\\/yprofloor\\\/wp-content\\\/uploads\\\/2026\\\/04\\\/floor-tiling-logo.png\",\"width\":400,\"height\":400,\"caption\":\"SPC Flooring\"},\"image\":{\"@id\":\"https:\\\/\\\/yprofloor.com\\\/de\\\/#\\\/schema\\\/logo\\\/image\\\/\"}}]}<\/script>\n<!-- \/ Yoast SEO plugin. -->","yoast_head_json":{"title":"SPC-Fu\u00dfleisten - Floor Tiling","description":"SPC-Fu\u00dfleisten sind wasserfeste, langlebige Wandabschlussleisten, die sich durch einfache Montage und geringen Wartungsaufwand f\u00fcr moderne Innenr\u00e4ume auszeichnen.","robots":{"index":"index","follow":"follow","max-snippet":"max-snippet:-1","max-image-preview":"max-image-preview:large","max-video-preview":"max-video-preview:-1"},"canonical":"https:\/\/yprofloor.com\/de\/produkt\/spc-fussleisten\/","og_locale":"de_DE","og_type":"article","og_title":"SPC-Fu\u00dfleisten - Floor Tiling","og_description":"SPC-Fu\u00dfleisten sind wasserfeste, langlebige Wandabschlussleisten, die sich durch einfache Montage und geringen Wartungsaufwand f\u00fcr moderne Innenr\u00e4ume auszeichnen.","og_url":"https:\/\/yprofloor.com\/de\/produkt\/spc-fussleisten\/","og_site_name":"Floor Tiling","article_modified_time":"2026-04-14T08:34:34+00:00","og_image":[{"width":1000,"height":1000,"url":"https:\/\/files.baitcdn.com\/yprofloor\/wp-content\/uploads\/2025\/07\/SPC-skirting-boards.jpg","type":"image\/jpeg"}],"twitter_card":"summary_large_image","twitter_misc":{"Gesch\u00e4tzte Lesezeit":"3\u00a0Minuten"},"schema":{"@context":"https:\/\/schema.org","@graph":[{"@type":"WebPage","@id":"https:\/\/yprofloor.com\/de\/produkt\/spc-fussleisten\/","url":"https:\/\/yprofloor.com\/de\/produkt\/spc-fussleisten\/","name":"SPC-Fu\u00dfleisten - Floor Tiling","isPartOf":{"@id":"https:\/\/yprofloor.com\/de\/#website"},"primaryImageOfPage":{"@id":"https:\/\/yprofloor.com\/de\/produkt\/spc-fussleisten\/#primaryimage"},"image":{"@id":"https:\/\/yprofloor.com\/de\/produkt\/spc-fussleisten\/#primaryimage"},"thumbnailUrl":"https:\/\/files.baitcdn.com\/yprofloor\/wp-content\/uploads\/2025\/07\/SPC-skirting-boards.jpg","datePublished":"2025-05-09T10:50:21+00:00","dateModified":"2026-04-14T08:34:34+00:00","description":"SPC-Fu\u00dfleisten sind wasserfeste, langlebige Wandabschlussleisten, die sich durch einfache Montage und geringen Wartungsaufwand f\u00fcr moderne Innenr\u00e4ume auszeichnen.","breadcrumb":{"@id":"https:\/\/yprofloor.com\/de\/produkt\/spc-fussleisten\/#breadcrumb"},"inLanguage":"de","potentialAction":[{"@type":"ReadAction","target":["https:\/\/yprofloor.com\/de\/produkt\/spc-fussleisten\/"]}]},{"@type":"ImageObject","inLanguage":"de","@id":"https:\/\/yprofloor.com\/de\/produkt\/spc-fussleisten\/#primaryimage","url":"https:\/\/files.baitcdn.com\/yprofloor\/wp-content\/uploads\/2025\/07\/SPC-skirting-boards.jpg","contentUrl":"https:\/\/files.baitcdn.com\/yprofloor\/wp-content\/uploads\/2025\/07\/SPC-skirting-boards.jpg","width":1000,"height":1000,"caption":"SPC skirting boards"},{"@type":"BreadcrumbList","@id":"https:\/\/yprofloor.com\/de\/produkt\/spc-fussleisten\/#breadcrumb","itemListElement":[{"@type":"ListItem","position":1,"name":"Home","item":"https:\/\/yprofloor.com\/de\/heim\/"},{"@type":"ListItem","position":2,"name":"Shop","item":"https:\/\/yprofloor.com\/de\/shop\/"},{"@type":"ListItem","position":3,"name":"SPC-Fu\u00dfleisten"}]},{"@type":"WebSite","@id":"https:\/\/yprofloor.com\/de\/#website","url":"https:\/\/yprofloor.com\/de\/","name":"SPC Flooring","description":"Anti-Scratch, Waterproof, Eco-Friendly, Anti-Slip, anti moth, wear resistant anti bacteria","publisher":{"@id":"https:\/\/yprofloor.com\/de\/#organization"},"potentialAction":[{"@type":"SearchAction","target":{"@type":"EntryPoint","urlTemplate":"https:\/\/yprofloor.com\/de\/?s={search_term_string}"},"query-input":{"@type":"PropertyValueSpecification","valueRequired":true,"valueName":"search_term_string"}}],"inLanguage":"de"},{"@type":"Organization","@id":"https:\/\/yprofloor.com\/de\/#organization","name":"SPC Flooring","url":"https:\/\/yprofloor.com\/de\/","logo":{"@type":"ImageObject","inLanguage":"de","@id":"https:\/\/yprofloor.com\/de\/#\/schema\/logo\/image\/","url":"https:\/\/files.baitcdn.com\/yprofloor\/wp-content\/uploads\/2026\/04\/floor-tiling-logo.png","contentUrl":"https:\/\/files.baitcdn.com\/yprofloor\/wp-content\/uploads\/2026\/04\/floor-tiling-logo.png","width":400,"height":400,"caption":"SPC Flooring"},"image":{"@id":"https:\/\/yprofloor.com\/de\/#\/schema\/logo\/image\/"}}]}},"_links":{"self":[{"href":"https:\/\/yprofloor.com\/de\/wp-json\/wp\/v2\/product\/3521","targetHints":{"allow":["GET"]}}],"collection":[{"href":"https:\/\/yprofloor.com\/de\/wp-json\/wp\/v2\/product"}],"about":[{"href":"https:\/\/yprofloor.com\/de\/wp-json\/wp\/v2\/types\/product"}],"wp:featuredmedia":[{"embeddable":true,"href":"https:\/\/yprofloor.com\/de\/wp-json\/wp\/v2\/media\/2097"}],"wp:attachment":[{"href":"https:\/\/yprofloor.com\/de\/wp-json\/wp\/v2\/media?parent=3521"}],"wp:term":[{"taxonomy":"product_brand","embeddable":true,"href":"https:\/\/yprofloor.com\/de\/wp-json\/wp\/v2\/product_brand?post=3521"},{"taxonomy":"product_cat","embeddable":true,"href":"https:\/\/yprofloor.com\/de\/wp-json\/wp\/v2\/product_cat?post=3521"},{"taxonomy":"product_tag","embeddable":true,"href":"https:\/\/yprofloor.com\/de\/wp-json\/wp\/v2\/product_tag?post=3521"}],"curies":[{"name":"wp","href":"https:\/\/api.w.org\/{rel}","templated":true}]}}