{"id":3672,"date":"2025-06-09T10:30:34","date_gmt":"2025-06-09T10:30:34","guid":{"rendered":"https:\/\/yprofloor.com\/product\/spc-wandpaneele\/"},"modified":"2025-06-09T10:30:34","modified_gmt":"2025-06-09T10:30:34","slug":"spc-wandpaneele","status":"publish","type":"product","link":"https:\/\/yprofloor.com\/de\/produkt\/spc-wandpaneele\/","title":{"rendered":"SPC-Wandpaneele"},"content":{"rendered":"<div style=\"font-family: Arial, sans-serif; font-size: 16px; line-height: 1.8;\">\n<h2 style=\"font-size: 32px; color: #baa883; margin-bottom: 20px; border-left: 6px solid #BAA883; padding-left: 16px;\">Was sind SPC-Wandpaneele?<\/h2>\n<div style=\"margin-bottom: 40px;\">\n<p>SPC-Wandpaneele (Stein-Kunststoff-Verbundwandpaneele) sind eine innovative Wandverkleidungsl\u00f6sung aus einer Kombination von nat\u00fcrlichem Kalksteinpulver, PVC und Stabilisatoren. Sie sind so konzipiert, dass sie das Aussehen von Naturmaterialien wie Holz, Marmor oder Stein t\u00e4uschend echt imitieren und bieten gleichzeitig hohe Langlebigkeit, Wasserdichtigkeit und einfache Montage. <\/p>\n<p>Sie werden h\u00e4ufig in der Inneneinrichtung von Wohn- und Gesch\u00e4ftsr\u00e4umen eingesetzt und bieten eine moderne und kosteng\u00fcnstige Alternative zu traditionellen Wandmaterialien.<\/p>\n<p><img fetchpriority=\"high\" decoding=\"async\" class=\"alignnone wp-image-3282 size-full\" src=\"https:\/\/files.baitcdn.com\/yprofloor\/wp-content\/uploads\/2025\/07\/spc-wall-panels-application.webp\" alt=\"Anwendung von SPC-Wandpaneelen in Wohnzimmern, Schlafzimmern, Badezimmern und gewerblichen Innenr\u00e4umen\" width=\"1200\" height=\"420\" srcset=\"https:\/\/files.baitcdn.com\/yprofloor\/wp-content\/uploads\/2025\/07\/spc-wall-panels-application.webp 1200w, https:\/\/files.baitcdn.com\/yprofloor\/wp-content\/uploads\/2025\/07\/spc-wall-panels-application-300x105.webp 300w, https:\/\/files.baitcdn.com\/yprofloor\/wp-content\/uploads\/2025\/07\/spc-wall-panels-application-1024x358.webp 1024w, https:\/\/files.baitcdn.com\/yprofloor\/wp-content\/uploads\/2025\/07\/spc-wall-panels-application-768x269.webp 768w, https:\/\/files.baitcdn.com\/yprofloor\/wp-content\/uploads\/2025\/07\/spc-wall-panels-application-150x53.webp 150w\" sizes=\"(max-width: 1200px) 100vw, 1200px\" \/><\/p>\n<\/div>\n<div style=\"height: 4px; background-color: #f0e6dc; transition: background-color 0.3s ease;\"><\/div>\n<div style=\"margin: 50px 0;\">\n<h2 style=\"font-size: 32px; color: #baa883; margin-bottom: 20px; border-left: 6px solid #BAA883; padding-left: 16px;\">Produktspezifikationen<\/h2>\n<div style=\"background: #fff;\">\n<table style=\"width: 100%; border-collapse: collapse;\">\n<tbody>\n<tr style=\"background-color: #f9f5f0;\">\n<td style=\"padding: 16px 20px; font-weight: 600; color: #baa883; width: 40%; border: 1px solid #eee;\">Element<\/td>\n<td style=\"padding: 16px 20px; border: 1px solid #eee;\">Parameter<\/td>\n<\/tr>\n<tr>\n<td style=\"padding: 16px 20px; font-weight: 600; color: #baa883; border: 1px solid #eee;\">Material<\/td>\n<td style=\"padding: 16px 20px; border: 1px solid #eee;\">Stein-Kunststoff-Verbundwerkstoff (SPC)<\/td>\n<\/tr>\n<tr style=\"background-color: #f9f5f0;\">\n<td style=\"padding: 16px 20px; font-weight: 600; color: #baa883; border: 1px solid #eee;\">Dicke<\/td>\n<td style=\"padding: 16px 20px; border: 1px solid #eee;\">4 mm \/ 5 mm \/ 6 mm \/ Benutzerdefiniert<\/td>\n<\/tr>\n<tr>\n<td style=\"padding: 16px 20px; font-weight: 600; color: #baa883; border: 1px solid #eee;\">Breite<\/td>\n<td style=\"padding: 16px 20px; border: 1px solid #eee;\">300 mm \/ 400 mm \/ Benutzerdefiniert<\/td>\n<\/tr>\n<tr style=\"background-color: #f9f5f0;\">\n<td style=\"padding: 16px 20px; font-weight: 600; color: #baa883; border: 1px solid #eee;\">L\u00e4nge<\/td>\n<td style=\"padding: 16px 20px; border: 1px solid #eee;\">1200 mm \/ 2400 mm \/ Benutzerdefiniert<\/td>\n<\/tr>\n<tr>\n<td style=\"padding: 16px 20px; font-weight: 600; color: #baa883; border: 1px solid #eee;\">Installation<\/td>\n<td style=\"padding: 16px 20px; border: 1px solid #eee;\">Klickverschluss \/ Kleben<\/td>\n<\/tr>\n<tr style=\"background-color: #f9f5f0;\">\n<td style=\"padding: 16px 20px; font-weight: 600; color: #baa883; border: 1px solid #eee;\">Wasserdicht<\/td>\n<td style=\"padding: 16px 20px; border: 1px solid #eee;\">Ja<\/td>\n<\/tr>\n<tr>\n<td style=\"padding: 16px 20px; font-weight: 600; color: #baa883; border: 1px solid #eee;\">Brandschutzklasse <\/td>\n<td style=\"padding: 16px 20px; border: 1px solid #eee;\">B1 (optional)<\/td>\n<\/tr>\n<\/tbody>\n<\/table>\n<\/div>\n<\/div>\n<div style=\"height: 4px; background-color: #f0e6dc; margin: 40px 0 40px 0px; transition: background-color 0.3s ease;\"><\/div>\n<div style=\"margin: 50px 0;\">\n<div style=\"margin: 50px 0;\">\n<h2 style=\"font-size: 32px; color: #baa883; margin-bottom: 20px; border-left: 6px solid #BAA883; padding-left: 16px;\">Der Aufbau von SPC-Wandpaneelen<\/h2>\n<div style=\"display: flex; flex-wrap: wrap; gap: 40px; align-items: center;\">\n<div style=\"flex: 1; min-width: 400px;\">\n<ol style=\"font-size: 18px; line-height: 1.8; color: #555; padding-left: 20px;\">\n<li style=\"margin-bottom: 16px;\"><strong style=\"color: #baa883;\">UV-Beschichtung (oberste Schutzschicht): <\/strong>Die UV-Beschichtung ist die oberste transparente Schutzschicht, die die Oberfl\u00e4cheneigenschaften verbessert.<\/li>\n<li style=\"margin-bottom: 16px;\"><strong style=\"color: #baa883;\">Nutzschicht: <\/strong>Die Nutzschicht ist eine klare, strapazierf\u00e4hige Schicht, die die darunter liegende dekorative Oberfl\u00e4che sch\u00fctzen soll.<\/li>\n<li style=\"margin-bottom: 16px;\"><strong style=\"color: #baa883;\">Dekorschicht:<\/strong> Diese Schicht bestimmt das visuelle Erscheinungsbild der SPC-Wandpaneele.<\/li>\n<li style=\"margin-bottom: 16px;\">SPC-Kern (Stein-Kunststoff-Verbundkern): Der SPC-Kern ist die Hauptstrukturschicht, die aus Kalksteinpulver und PVC hergestellt wird.<\/li>\n<\/ol>\n<\/div>\n<div style=\"flex: 1; min-width: 400px; padding: 24px; border-radius: 8px; text-align: center;\"><img decoding=\"async\" class=\"alignnone wp-image-3277 size-full\" src=\"https:\/\/files.baitcdn.com\/yprofloor\/wp-content\/uploads\/2025\/06\/spc-wall-panel-structure-diagram.webp\" alt=\"Schematische Darstellung des Aufbaus von SPC-Wandpaneelen, Explosionszeichnung mit Darstellung der Schichten: UV-Beschichtung, Nutzschicht, Dekorschicht, SPC-Kern\" width=\"800\" height=\"450\" srcset=\"https:\/\/files.baitcdn.com\/yprofloor\/wp-content\/uploads\/2025\/06\/spc-wall-panel-structure-diagram.webp 800w, https:\/\/files.baitcdn.com\/yprofloor\/wp-content\/uploads\/2025\/06\/spc-wall-panel-structure-diagram-300x169.webp 300w, https:\/\/files.baitcdn.com\/yprofloor\/wp-content\/uploads\/2025\/06\/spc-wall-panel-structure-diagram-768x432.webp 768w, https:\/\/files.baitcdn.com\/yprofloor\/wp-content\/uploads\/2025\/06\/spc-wall-panel-structure-diagram-150x84.webp 150w\" sizes=\"(max-width: 800px) 100vw, 800px\" \/><\/div>\n<\/div>\n<div style=\"height: 4px; background-color: #f0e6dc; margin: 40px 0 40px 0px; transition: background-color 0.3s ease;\"><\/div>\n<h2 style=\"font-size: 32px; color: #baa883; margin-bottom: 20px; border-left: 6px solid #BAA883; padding-left: 16px;\">Wichtigste Merkmale<\/h2>\n<div style=\"display: grid; grid-template-columns: repeat(auto-fit, minmax(280px, 1fr)); gap: 20px;\">\n<div style=\"background: #f9f5f0; padding: 24px; border-radius: 8px;\">\n<h3 style=\"color: #baa883; font-size: 20px; margin-bottom: 10px;\">100% wasserdicht und feuchtigkeitsbest\u00e4ndig<\/h3>\n<p>Diese Wandpaneele sind absolut wasserdicht und eignen sich daher ideal f\u00fcr Badezimmer, K\u00fcchen und andere feuchte Umgebungen.<\/p>\n<\/div>\n<div style=\"background: #f9f5f0; padding: 24px; border-radius: 8px;\">\n<h3 style=\"color: #baa883; font-size: 20px; margin-bottom: 10px;\">Langlebig und sto\u00dffest<\/h3>\n<p><span style=\"color: #000000;\">Dank ihrer starren Kernstruktur sind SPC-Platten \u00e4u\u00dferst widerstandsf\u00e4hig gegen Kratzer, Dellen und allt\u00e4gliche Abnutzung.<\/span><\/p>\n<\/div>\n<div style=\"background: #f9f5f0; padding: 24px; border-radius: 8px;\">\n<h3 style=\"color: #baa883; font-size: 20px; margin-bottom: 10px;\">Umweltfreundlich und sicher<\/h3>\n<p><span style=\"color: #000000;\">Die aus umweltfreundlichen Materialien hergestellten SPC-Platten sind formaldehydfrei und sicher f\u00fcr die Verwendung in Innenr\u00e4umen.<\/span><\/p>\n<\/div>\n<div style=\"background: #f9f5f0; padding: 24px; border-radius: 8px;\">\n<h3 style=\"color: #baa883; font-size: 20px; margin-bottom: 10px;\">Einfache Installation<\/h3>\n<p><span style=\"color: #000000;\">Dank Klick- oder Klebemontagesystemen lassen sich die Paneele schnell anbringen und erfordern keine professionellen Werkzeuge, was sie zu einer praktischen L\u00f6sung f\u00fcr moderne Inneneinrichtungen macht.<\/span><\/p>\n<\/div>\n<div style=\"background: #f9f5f0; padding: 24px; border-radius: 8px;\">\n<h3 style=\"color: #baa883; font-size: 20px; margin-bottom: 10px;\">Geringer Wartungsaufwand<\/h3>\n<p><span style=\"color: #000000;\">Kein Streichen oder Versiegeln n\u00f6tig \u2013 einfach mit einem feuchten Tuch abwischen.<\/span><\/p>\n<\/div>\n<div style=\"background: #f9f5f0; padding: 24px; border-radius: 8px;\">\n<h3 style=\"color: #baa883; font-size: 20px; margin-bottom: 10px;\">Stilvolle Designs<\/h3>\n<p><span style=\"color: #000000;\">Erh\u00e4ltlich in einer breiten Palette von Ausf\u00fchrungen:<\/span><\/p>\n<ul style=\"padding-left: 40px;\">\n<li><span style=\"color: #000000;\">Holzmaserung<\/span><\/li>\n<li><span style=\"color: #000000;\">Marmorstruktur<\/span><\/li>\n<li><span style=\"color: #000000;\">Steineffekt<\/span><\/li>\n<li><span style=\"color: #000000;\">Einfarbige Farben<\/span><\/li>\n<\/ul>\n<\/div>\n<\/div>\n<\/div>\n<\/div>\n<\/div>\n<div style=\"height: 4px; background-color: #f0e6dc; margin: 40px 0 40px 0px; transition: background-color 0.3s ease;\"><\/div>\n<div style=\"font-family: 'Segoe UI', Roboto, Arial, sans-serif;\">\n<h2 style=\"font-size: 32px; color: #baa883; margin-bottom: 20px; border-left: 6px solid #BAA883; padding-left: 16px;\">Anwendungsbereiche von SPC-Wandpaneelen<\/h2>\n<p>SPC-Wandpaneele sind vielseitig und f\u00fcr verschiedene Anwendungen geeignet:<\/p>\n<ul style=\"padding-left: 40px; line-height: 1.8;\">\n<li>Wanddekoration im Wohnzimmer<\/li>\n<li>Schlafzimmerw\u00e4nde<\/li>\n<li>Badezimmer- und Duschw\u00e4nde<\/li>\n<li>K\u00fcchenr\u00fcckwand<\/li>\n<li>B\u00fcroinnenr\u00e4ume<\/li>\n<li>Hotel- und Gewerbefl\u00e4chen<\/li>\n<\/ul>\n<div style=\"height: 4px; background-color: #f0e6dc; margin: 40px 0 40px 0px; transition: background-color 0.3s ease;\"><\/div>\n<h2 style=\"font-size: 32px; color: #baa883; margin-bottom: 20px; border-left: 6px solid #BAA883; padding-left: 16px;\">Warum sollten Sie sich f\u00fcr uns entscheiden?<\/h2>\n<p>Wir bieten hochwertige SPC-Wandpaneele mit strenger Qualit\u00e4tskontrolle und stabiler Produktionskapazit\u00e4t. Unsere Produkte entsprechen internationalen Standards und erm\u00f6glichen kundenspezifische L\u00f6sungen f\u00fcr unterschiedliche Marktbed\u00fcrfnisse. <\/p>\n<p>Wir konzentrieren uns auf Langlebigkeit, realistisches Design und langfristige Leistungsf\u00e4higkeit, um eine hohe Wettbewerbsf\u00e4higkeit bei globalen Projekten zu gew\u00e4hrleisten.<\/p>\n<p>&nbsp;<\/p>\n<p><img decoding=\"async\" class=\"alignnone size-full wp-image-3280\" src=\"https:\/\/files.baitcdn.com\/yprofloor\/wp-content\/uploads\/2025\/07\/company-certificates.webp\" alt=\"Zertifikate\" width=\"1200\" height=\"463\" srcset=\"https:\/\/files.baitcdn.com\/yprofloor\/wp-content\/uploads\/2025\/07\/company-certificates.webp 1200w, https:\/\/files.baitcdn.com\/yprofloor\/wp-content\/uploads\/2025\/07\/company-certificates-300x116.webp 300w, https:\/\/files.baitcdn.com\/yprofloor\/wp-content\/uploads\/2025\/07\/company-certificates-1024x395.webp 1024w, https:\/\/files.baitcdn.com\/yprofloor\/wp-content\/uploads\/2025\/07\/company-certificates-768x296.webp 768w, https:\/\/files.baitcdn.com\/yprofloor\/wp-content\/uploads\/2025\/07\/company-certificates-150x58.webp 150w\" sizes=\"(max-width: 1200px) 100vw, 1200px\" \/><\/p>\n<div style=\"height: 4px; background-color: #f0e6dc; margin: 40px 0 40px 0px; transition: background-color 0.3s ease;\"><\/div>\n<h2 style=\"font-size: 32px; color: #baa883; margin-bottom: 20px; border-left: 6px solid #BAA883; padding-left: 16px;\">H\u00e4ufig gestellte Fragen (FAQ)<\/h2>\n<div style=\"display: flex; flex-direction: column; gap: 16px;\">\n<div style=\"background: #f9f5f0; padding: 24px; border-radius: 8px;\">\n<h3 style=\"color: #baa883; font-size: 20px; margin-bottom: 10px;\">Woraus bestehen diese Paneele?<\/h3>\n<p style=\"line-height: 1.6; color: #555;\"><span style=\"color: #000000;\">Diese Paneele bestehen aus einer Mischung aus Kalksteinpulver, PVC und Stabilisatoren. Dank dieser Stein-Kunststoff-Verbundstruktur sind sie langlebig, wasserdicht und umweltfreundlich. <\/span><\/p>\n<\/div>\n<div style=\"background: #f9f5f0; padding: 24px; border-radius: 8px;\">\n<h3 style=\"color: #baa883; font-size: 20px; margin-bottom: 10px;\">Sind SPC-Wandpaneele wasserdicht?<\/h3>\n<p style=\"line-height: 1.6; color: #555;\"><span style=\"color: #000000;\">Ja, diese Paneele sind 100% wasserdicht und eignen sich daher ideal f\u00fcr Badezimmer, K\u00fcchen und andere Umgebungen mit hoher Luftfeuchtigkeit.<\/span><\/p>\n<\/div>\n<div style=\"background: #f9f5f0; padding: 24px; border-radius: 8px;\">\n<h3 style=\"color: #baa883; font-size: 20px; margin-bottom: 10px;\">Wie montiert man SPC-Wandpaneele?<\/h3>\n<p style=\"line-height: 1.6; color: #555;\"><span style=\"color: #000000;\">Diese Paneele lassen sich entweder mit Klebstoff oder einem Klicksystem befestigen. Sie k\u00f6nnen direkt auf bestehende Oberfl\u00e4chen wie Fliesen, Gipskarton oder Beton aufgebracht werden, was die Installation schnell und einfach macht. <\/span><\/p>\n<\/div>\n<div style=\"background: #f9f5f0; padding: 24px; border-radius: 8px;\">\n<h3 style=\"color: #baa883; font-size: 20px; margin-bottom: 10px;\">Sind SPC-Wandpaneele umweltfreundlich?<\/h3>\n<p><span style=\"color: #000000;\">Ja, diese Paneele sind formaldehydfrei und aus umweltfreundlichen Materialien hergestellt, sodass sie sicher f\u00fcr den Einsatz in Innenr\u00e4umen geeignet sind.<\/span><\/p>\n<\/div>\n<\/div>\n<\/div>\n","protected":false},"excerpt":{"rendered":"<p><strong>SPC-Wandpaneele <\/strong>(Stein-Kunststoff-Verbundwandpaneele) sind eine moderne, dekorative Wandverkleidungsl\u00f6sung, die Innenr\u00e4ume durch Langlebigkeit, Stil und Wasserdichtigkeit aufwertet. Sie bieten die perfekte Kombination aus \u00c4sthetik und dauerhaftem Schutz f\u00fcr private und gewerbliche Anwendungen. <\/p>\n<p><strong>Vorteile:<\/strong><\/p>\n<ul style=\"padding-left: 40px;\">\n<li>100 % wasserdicht, ideal f\u00fcr Badezimmer, K\u00fcchen und feuchte Umgebungen<\/li>\n<li>Starke, starre Kernstruktur mit ausgezeichneter Schlagfestigkeit<\/li>\n<li>Schnelle und einfache Montage mit Nut- und Feder- oder Klicksystemen<\/li>\n<li>Resistent gegen Schimmel, Mehltau und Feuchtigkeitssch\u00e4den<\/li>\n<li>Pflegeleichte und einfach zu reinigende Oberfl\u00e4che<\/li>\n<li>Leicht und dennoch robust f\u00fcr den Langzeitgebrauch<\/li>\n<\/ul>\n","protected":false},"featured_media":3210,"template":"","meta":{"_acf_changed":false},"product_brand":[],"product_cat":[95],"product_tag":[],"class_list":{"0":"post-3672","1":"product","2":"type-product","3":"status-publish","4":"has-post-thumbnail","6":"product_cat-spc-wandpaneel","8":"first","9":"instock","10":"shipping-taxable","11":"product-type-simple"},"acf":[],"yoast_head":"<!-- This site is optimized with the Yoast SEO plugin v27.3 - https:\/\/yoast.com\/product\/yoast-seo-wordpress\/ -->\n<title>SPC-Wandpaneele - Floor Tiling<\/title>\n<meta name=\"description\" content=\"SPC-Wandpaneele bieten wasserdichte, langlebige und stilvolle L\u00f6sungen f\u00fcr moderne Innenr\u00e4ume und eignen sich ideal f\u00fcr die Wandgestaltung in Wohn- und Gesch\u00e4ftsr\u00e4umen.\" \/>\n<meta name=\"robots\" content=\"index, follow, max-snippet:-1, max-image-preview:large, max-video-preview:-1\" \/>\n<link rel=\"canonical\" href=\"https:\/\/yprofloor.com\/de\/produkt\/spc-wandpaneele\/\" \/>\n<meta property=\"og:locale\" content=\"de_DE\" \/>\n<meta property=\"og:type\" content=\"article\" \/>\n<meta property=\"og:title\" content=\"SPC-Wandpaneele - Floor Tiling\" \/>\n<meta property=\"og:description\" content=\"SPC-Wandpaneele bieten wasserdichte, langlebige und stilvolle L\u00f6sungen f\u00fcr moderne Innenr\u00e4ume und eignen sich ideal f\u00fcr die Wandgestaltung in Wohn- und Gesch\u00e4ftsr\u00e4umen.\" \/>\n<meta property=\"og:url\" content=\"https:\/\/yprofloor.com\/de\/produkt\/spc-wandpaneele\/\" \/>\n<meta property=\"og:site_name\" content=\"Floor Tiling\" \/>\n<meta property=\"og:image\" content=\"https:\/\/files.baitcdn.com\/yprofloor\/wp-content\/uploads\/2026\/04\/spc-wall-panels-product-img-7.webp\" \/>\n\t<meta property=\"og:image:width\" content=\"1000\" \/>\n\t<meta property=\"og:image:height\" content=\"1000\" \/>\n\t<meta property=\"og:image:type\" content=\"image\/webp\" \/>\n<meta name=\"twitter:card\" content=\"summary_large_image\" \/>\n<meta name=\"twitter:label1\" content=\"Gesch\u00e4tzte Lesezeit\" \/>\n\t<meta name=\"twitter:data1\" content=\"2\u00a0Minuten\" \/>\n<script type=\"application\/ld+json\" class=\"yoast-schema-graph\">{\"@context\":\"https:\\\/\\\/schema.org\",\"@graph\":[{\"@type\":\"WebPage\",\"@id\":\"https:\\\/\\\/yprofloor.com\\\/de\\\/produkt\\\/spc-wandpaneele\\\/\",\"url\":\"https:\\\/\\\/yprofloor.com\\\/de\\\/produkt\\\/spc-wandpaneele\\\/\",\"name\":\"SPC-Wandpaneele - Floor Tiling\",\"isPartOf\":{\"@id\":\"https:\\\/\\\/yprofloor.com\\\/de\\\/#website\"},\"primaryImageOfPage\":{\"@id\":\"https:\\\/\\\/yprofloor.com\\\/de\\\/produkt\\\/spc-wandpaneele\\\/#primaryimage\"},\"image\":{\"@id\":\"https:\\\/\\\/yprofloor.com\\\/de\\\/produkt\\\/spc-wandpaneele\\\/#primaryimage\"},\"thumbnailUrl\":\"https:\\\/\\\/files.baitcdn.com\\\/yprofloor\\\/wp-content\\\/uploads\\\/2026\\\/04\\\/spc-wall-panels-product-img-7.webp\",\"datePublished\":\"2025-06-09T10:30:34+00:00\",\"description\":\"SPC-Wandpaneele bieten wasserdichte, langlebige und stilvolle L\u00f6sungen f\u00fcr moderne Innenr\u00e4ume und eignen sich ideal f\u00fcr die Wandgestaltung in Wohn- und Gesch\u00e4ftsr\u00e4umen.\",\"breadcrumb\":{\"@id\":\"https:\\\/\\\/yprofloor.com\\\/de\\\/produkt\\\/spc-wandpaneele\\\/#breadcrumb\"},\"inLanguage\":\"de\",\"potentialAction\":[{\"@type\":\"ReadAction\",\"target\":[\"https:\\\/\\\/yprofloor.com\\\/de\\\/produkt\\\/spc-wandpaneele\\\/\"]}]},{\"@type\":\"ImageObject\",\"inLanguage\":\"de\",\"@id\":\"https:\\\/\\\/yprofloor.com\\\/de\\\/produkt\\\/spc-wandpaneele\\\/#primaryimage\",\"url\":\"https:\\\/\\\/files.baitcdn.com\\\/yprofloor\\\/wp-content\\\/uploads\\\/2026\\\/04\\\/spc-wall-panels-product-img-7.webp\",\"contentUrl\":\"https:\\\/\\\/files.baitcdn.com\\\/yprofloor\\\/wp-content\\\/uploads\\\/2026\\\/04\\\/spc-wall-panels-product-img-7.webp\",\"width\":1000,\"height\":1000,\"caption\":\"Hellbeige SPC-Wandpaneel\"},{\"@type\":\"BreadcrumbList\",\"@id\":\"https:\\\/\\\/yprofloor.com\\\/de\\\/produkt\\\/spc-wandpaneele\\\/#breadcrumb\",\"itemListElement\":[{\"@type\":\"ListItem\",\"position\":1,\"name\":\"Home\",\"item\":\"https:\\\/\\\/yprofloor.com\\\/de\\\/heim\\\/\"},{\"@type\":\"ListItem\",\"position\":2,\"name\":\"Shop\",\"item\":\"https:\\\/\\\/yprofloor.com\\\/de\\\/shop\\\/\"},{\"@type\":\"ListItem\",\"position\":3,\"name\":\"SPC-Wandpaneele\"}]},{\"@type\":\"WebSite\",\"@id\":\"https:\\\/\\\/yprofloor.com\\\/de\\\/#website\",\"url\":\"https:\\\/\\\/yprofloor.com\\\/de\\\/\",\"name\":\"SPC Flooring\",\"description\":\"Anti-Scratch, Waterproof, Eco-Friendly, Anti-Slip, anti moth, wear resistant anti bacteria\",\"publisher\":{\"@id\":\"https:\\\/\\\/yprofloor.com\\\/de\\\/#organization\"},\"potentialAction\":[{\"@type\":\"SearchAction\",\"target\":{\"@type\":\"EntryPoint\",\"urlTemplate\":\"https:\\\/\\\/yprofloor.com\\\/de\\\/?s={search_term_string}\"},\"query-input\":{\"@type\":\"PropertyValueSpecification\",\"valueRequired\":true,\"valueName\":\"search_term_string\"}}],\"inLanguage\":\"de\"},{\"@type\":\"Organization\",\"@id\":\"https:\\\/\\\/yprofloor.com\\\/de\\\/#organization\",\"name\":\"SPC Flooring\",\"url\":\"https:\\\/\\\/yprofloor.com\\\/de\\\/\",\"logo\":{\"@type\":\"ImageObject\",\"inLanguage\":\"de\",\"@id\":\"https:\\\/\\\/yprofloor.com\\\/de\\\/#\\\/schema\\\/logo\\\/image\\\/\",\"url\":\"https:\\\/\\\/files.baitcdn.com\\\/yprofloor\\\/wp-content\\\/uploads\\\/2026\\\/04\\\/floor-tiling-logo.png\",\"contentUrl\":\"https:\\\/\\\/files.baitcdn.com\\\/yprofloor\\\/wp-content\\\/uploads\\\/2026\\\/04\\\/floor-tiling-logo.png\",\"width\":400,\"height\":400,\"caption\":\"SPC Flooring\"},\"image\":{\"@id\":\"https:\\\/\\\/yprofloor.com\\\/de\\\/#\\\/schema\\\/logo\\\/image\\\/\"}}]}<\/script>\n<!-- \/ Yoast SEO plugin. -->","yoast_head_json":{"title":"SPC-Wandpaneele - Floor Tiling","description":"SPC-Wandpaneele bieten wasserdichte, langlebige und stilvolle L\u00f6sungen f\u00fcr moderne Innenr\u00e4ume und eignen sich ideal f\u00fcr die Wandgestaltung in Wohn- und Gesch\u00e4ftsr\u00e4umen.","robots":{"index":"index","follow":"follow","max-snippet":"max-snippet:-1","max-image-preview":"max-image-preview:large","max-video-preview":"max-video-preview:-1"},"canonical":"https:\/\/yprofloor.com\/de\/produkt\/spc-wandpaneele\/","og_locale":"de_DE","og_type":"article","og_title":"SPC-Wandpaneele - Floor Tiling","og_description":"SPC-Wandpaneele bieten wasserdichte, langlebige und stilvolle L\u00f6sungen f\u00fcr moderne Innenr\u00e4ume und eignen sich ideal f\u00fcr die Wandgestaltung in Wohn- und Gesch\u00e4ftsr\u00e4umen.","og_url":"https:\/\/yprofloor.com\/de\/produkt\/spc-wandpaneele\/","og_site_name":"Floor Tiling","og_image":[{"width":1000,"height":1000,"url":"https:\/\/files.baitcdn.com\/yprofloor\/wp-content\/uploads\/2026\/04\/spc-wall-panels-product-img-7.webp","type":"image\/webp"}],"twitter_card":"summary_large_image","twitter_misc":{"Gesch\u00e4tzte Lesezeit":"2\u00a0Minuten"},"schema":{"@context":"https:\/\/schema.org","@graph":[{"@type":"WebPage","@id":"https:\/\/yprofloor.com\/de\/produkt\/spc-wandpaneele\/","url":"https:\/\/yprofloor.com\/de\/produkt\/spc-wandpaneele\/","name":"SPC-Wandpaneele - Floor Tiling","isPartOf":{"@id":"https:\/\/yprofloor.com\/de\/#website"},"primaryImageOfPage":{"@id":"https:\/\/yprofloor.com\/de\/produkt\/spc-wandpaneele\/#primaryimage"},"image":{"@id":"https:\/\/yprofloor.com\/de\/produkt\/spc-wandpaneele\/#primaryimage"},"thumbnailUrl":"https:\/\/files.baitcdn.com\/yprofloor\/wp-content\/uploads\/2026\/04\/spc-wall-panels-product-img-7.webp","datePublished":"2025-06-09T10:30:34+00:00","description":"SPC-Wandpaneele bieten wasserdichte, langlebige und stilvolle L\u00f6sungen f\u00fcr moderne Innenr\u00e4ume und eignen sich ideal f\u00fcr die Wandgestaltung in Wohn- und Gesch\u00e4ftsr\u00e4umen.","breadcrumb":{"@id":"https:\/\/yprofloor.com\/de\/produkt\/spc-wandpaneele\/#breadcrumb"},"inLanguage":"de","potentialAction":[{"@type":"ReadAction","target":["https:\/\/yprofloor.com\/de\/produkt\/spc-wandpaneele\/"]}]},{"@type":"ImageObject","inLanguage":"de","@id":"https:\/\/yprofloor.com\/de\/produkt\/spc-wandpaneele\/#primaryimage","url":"https:\/\/files.baitcdn.com\/yprofloor\/wp-content\/uploads\/2026\/04\/spc-wall-panels-product-img-7.webp","contentUrl":"https:\/\/files.baitcdn.com\/yprofloor\/wp-content\/uploads\/2026\/04\/spc-wall-panels-product-img-7.webp","width":1000,"height":1000,"caption":"Hellbeige SPC-Wandpaneel"},{"@type":"BreadcrumbList","@id":"https:\/\/yprofloor.com\/de\/produkt\/spc-wandpaneele\/#breadcrumb","itemListElement":[{"@type":"ListItem","position":1,"name":"Home","item":"https:\/\/yprofloor.com\/de\/heim\/"},{"@type":"ListItem","position":2,"name":"Shop","item":"https:\/\/yprofloor.com\/de\/shop\/"},{"@type":"ListItem","position":3,"name":"SPC-Wandpaneele"}]},{"@type":"WebSite","@id":"https:\/\/yprofloor.com\/de\/#website","url":"https:\/\/yprofloor.com\/de\/","name":"SPC Flooring","description":"Anti-Scratch, Waterproof, Eco-Friendly, Anti-Slip, anti moth, wear resistant anti bacteria","publisher":{"@id":"https:\/\/yprofloor.com\/de\/#organization"},"potentialAction":[{"@type":"SearchAction","target":{"@type":"EntryPoint","urlTemplate":"https:\/\/yprofloor.com\/de\/?s={search_term_string}"},"query-input":{"@type":"PropertyValueSpecification","valueRequired":true,"valueName":"search_term_string"}}],"inLanguage":"de"},{"@type":"Organization","@id":"https:\/\/yprofloor.com\/de\/#organization","name":"SPC Flooring","url":"https:\/\/yprofloor.com\/de\/","logo":{"@type":"ImageObject","inLanguage":"de","@id":"https:\/\/yprofloor.com\/de\/#\/schema\/logo\/image\/","url":"https:\/\/files.baitcdn.com\/yprofloor\/wp-content\/uploads\/2026\/04\/floor-tiling-logo.png","contentUrl":"https:\/\/files.baitcdn.com\/yprofloor\/wp-content\/uploads\/2026\/04\/floor-tiling-logo.png","width":400,"height":400,"caption":"SPC Flooring"},"image":{"@id":"https:\/\/yprofloor.com\/de\/#\/schema\/logo\/image\/"}}]}},"_links":{"self":[{"href":"https:\/\/yprofloor.com\/de\/wp-json\/wp\/v2\/product\/3672","targetHints":{"allow":["GET"]}}],"collection":[{"href":"https:\/\/yprofloor.com\/de\/wp-json\/wp\/v2\/product"}],"about":[{"href":"https:\/\/yprofloor.com\/de\/wp-json\/wp\/v2\/types\/product"}],"wp:featuredmedia":[{"embeddable":true,"href":"https:\/\/yprofloor.com\/de\/wp-json\/wp\/v2\/media\/3210"}],"wp:attachment":[{"href":"https:\/\/yprofloor.com\/de\/wp-json\/wp\/v2\/media?parent=3672"}],"wp:term":[{"taxonomy":"product_brand","embeddable":true,"href":"https:\/\/yprofloor.com\/de\/wp-json\/wp\/v2\/product_brand?post=3672"},{"taxonomy":"product_cat","embeddable":true,"href":"https:\/\/yprofloor.com\/de\/wp-json\/wp\/v2\/product_cat?post=3672"},{"taxonomy":"product_tag","embeddable":true,"href":"https:\/\/yprofloor.com\/de\/wp-json\/wp\/v2\/product_tag?post=3672"}],"curies":[{"name":"wp","href":"https:\/\/api.w.org\/{rel}","templated":true}]}}