{"id":3012,"date":"2025-05-23T06:36:51","date_gmt":"2025-05-23T06:36:51","guid":{"rendered":"https:\/\/yprofloor.com\/cartera\/"},"modified":"2026-04-02T07:16:35","modified_gmt":"2026-04-02T07:16:35","slug":"cartera","status":"publish","type":"page","link":"https:\/\/yprofloor.com\/es\/cartera\/","title":{"rendered":"Cartera"},"content":{"rendered":"\t\t<div data-elementor-type=\"wp-page\" data-elementor-id=\"3012\" class=\"elementor elementor-3012 elementor-488\" data-elementor-post-type=\"page\">\n\t\t\t\t<div class=\"elementor-element elementor-element-09d64c2 e-flex e-con-boxed e-con e-parent\" data-id=\"09d64c2\" data-element_type=\"container\" data-e-type=\"container\" data-settings=\"{&quot;background_background&quot;:&quot;classic&quot;}\">\n\t\t\t\t\t<div class=\"e-con-inner\">\n\t\t\t\t<div class=\"elementor-element elementor-element-c234ac3 elementor-widget elementor-widget-heading\" data-id=\"c234ac3\" data-element_type=\"widget\" data-e-type=\"widget\" data-widget_type=\"heading.default\">\n\t\t\t\t<div class=\"elementor-widget-container\">\n\t\t\t\t\t<h1 class=\"elementor-heading-title elementor-size-default\">Cartera <\/h1>\t\t\t\t<\/div>\n\t\t\t\t<\/div>\n\t\t\t\t<div class=\"elementor-element elementor-element-0937824 elementor-widget elementor-widget-text-editor\" data-id=\"0937824\" data-element_type=\"widget\" data-e-type=\"widget\" data-widget_type=\"text-editor.default\">\n\t\t\t\t<div class=\"elementor-widget-container\">\n\t\t\t\t\t\t\t\t\t<p>Eche un vistazo a nuestras recientes transformaciones de suelos, elaboradas con esmero, precisi\u00f3n y estilo para dar vida a cualquier espacio.<\/p>\t\t\t\t\t\t\t\t<\/div>\n\t\t\t\t<\/div>\n\t\t\t\t\t<\/div>\n\t\t\t\t<\/div>\n\t\t<div class=\"elementor-element elementor-element-a3118f5 e-flex e-con-boxed e-con e-parent\" data-id=\"a3118f5\" data-element_type=\"container\" data-e-type=\"container\">\n\t\t\t\t\t<div class=\"e-con-inner\">\n\t\t\t\t<div class=\"elementor-element elementor-element-c7d7e86 elementor-widget elementor-widget-ucaddon_post_blocks\" data-id=\"c7d7e86\" data-element_type=\"widget\" data-e-type=\"widget\" data-widget_type=\"ucaddon_post_blocks.default\">\n\t\t\t\t<div class=\"elementor-widget-container\">\n\t\t\t\t\t\n<!-- start Post Blocks -->\n\t\t<link id='font-awesome-css' href='https:\/\/yprofloor.com\/wp-content\/plugins\/unlimited-elements-for-elementor\/assets_libraries\/font-awesome6\/fontawesome-all.min.css' type='text\/css' rel='stylesheet' >\n\t\t<link id='font-awesome-4-shim-css' href='https:\/\/yprofloor.com\/wp-content\/plugins\/unlimited-elements-for-elementor\/assets_libraries\/font-awesome6\/fontawesome-v4-shims.min.css' type='text\/css' rel='stylesheet' >\n\n<style>\/* widget: Post Blocks *\/\n\n\r\n@keyframes uc_post_blocks_elementor_c7d7e86__item-animation {\r\n  0% {\r\n            transform:scale(0.7);\r\n        \t        \tfilter: blur(4px);\r\n\t\t\t\r\n    \t    opacity: 0;\r\n  }\r\n  100% {\r\n            transform:scale(1);\r\n        \t            filter: blur(0px);\r\n            \r\n    \t\topacity: 1;\r\n  }\r\n}\r\n\r\n\r\n#uc_post_blocks_elementor_c7d7e86 .ue_post_blocks_box{\r\n\topacity:0;\r\n}\r\n\r\n\r\n#uc_post_blocks_elementor_c7d7e86 .uc-entrance-animate {\r\n  opacity:1;\r\n}\r\n\r\n#uc_post_blocks_elementor_c7d7e86 .uc-entrance-animate {\r\n\tanimation: uc_post_blocks_elementor_c7d7e86__item-animation 0.4s cubic-bezier(0.470, 0.000, 0.745, 0.715) both;\r\n}\r\n\r\n\t\t\t\n\n#uc_post_blocks_elementor_c7d7e86 {\n    display:grid;\n}\n#uc_post_blocks_elementor_c7d7e86 .ue_post_blocks_box\n{\n  overflow:hidden;\n}\n\n#uc_post_blocks_elementor_c7d7e86 .ue_post_blocks_image\n{\n  overflow:hidden;\n}\n#uc_post_blocks_elementor_c7d7e86 .ue_post_blocks_image img\n{\n  width:100%;\n  display:block;\n}\n#uc_post_blocks_elementor_c7d7e86 .ue_post_blocks_link a\n{\n  display:inline-block;\n  text-decoration:none;\n  text-align:center;\n}\n\n\n#uc_post_blocks_elementor_c7d7e86 .ue-grid-item-meta-data\n{\n  display:inlin-flex;\n  flex-wrap: wrap;\n}\n\n.ue-grid-item-meta-data\n{\n  font-size:12px;\n}\n\n#uc_post_blocks_elementor_c7d7e86 .ue-grid-item-meta-data-icon\n{\n  line-height:1em;\n}\n\n#uc_post_blocks_elementor_c7d7e86 .ue-grid-item-meta-data-icon svg\n{\n  width:1em;\n  height:1em;\n}\n\n#uc_post_blocks_elementor_c7d7e86 .ue_post_blocks_box{\n  display: flex;\n  flex-direction: column;\n}\n#uc_post_blocks_elementor_c7d7e86 .ue_post_blocks_content{\n display: flex; flex-grow: 1;\n flex-direction: column;\n}\n#uc_post_blocks_elementor_c7d7e86 .ue_post_blocks_link{ margin-top: auto;\n}\n\n.ue-grid-item-category a\n{\n  display:inline-block;\n  font-size:10px;\n  text-transform:uppercase;\n}\n\n\n\n\n<\/style>\n\n<div id=\"uc_post_blocks_elementor_c7d7e86\" class=\"ue_post_blocks uc-items-wrapper \" >\n    \n<\/div>\n<!-- end Post Blocks -->\t\t\t\t<\/div>\n\t\t\t\t<\/div>\n\t\t\t\t\t<\/div>\n\t\t\t\t<\/div>\n\t\t\t\t<\/div>\n\t\t","protected":false},"excerpt":{"rendered":"<p>Cartera Eche un vistazo a nuestras recientes transformaciones de suelos, elaboradas con esmero, precisi\u00f3n y estilo para dar vida a cualquier espacio.<\/p>\n","protected":false},"author":1,"featured_media":0,"parent":0,"menu_order":0,"comment_status":"closed","ping_status":"closed","template":"","meta":{"_acf_changed":false,"footnotes":""},"class_list":["post-3012","page","type-page","status-publish","hentry"],"acf":[],"yoast_head":"<!-- This site is optimized with the Yoast SEO plugin v27.3 - https:\/\/yoast.com\/product\/yoast-seo-wordpress\/ -->\n<title>Ypro SPC (Pisos y Paneles de Pared) | Nuestro Cat\u00e1logo<\/title>\n<meta name=\"description\" content=\"Mejora tu espacio con los productos SPC de Ypro: suelos, paneles de pared y rodapi\u00e9s impermeables, resistentes a los ara\u00f1azos, antibacterianos y ecol\u00f3gicos. Dise\u00f1o atractivo, pensado para la durabilidad y el f\u00e1cil mantenimiento.\" \/>\n<meta name=\"robots\" content=\"index, follow, max-snippet:-1, max-image-preview:large, max-video-preview:-1\" \/>\n<link rel=\"canonical\" href=\"https:\/\/yprofloor.com\/es\/cartera\/\" \/>\n<meta property=\"og:locale\" content=\"es_ES\" \/>\n<meta property=\"og:type\" content=\"article\" \/>\n<meta property=\"og:title\" content=\"Ypro SPC (Pisos y Paneles de Pared) | Nuestro Cat\u00e1logo\" \/>\n<meta property=\"og:description\" content=\"Mejora tu espacio con los productos SPC de Ypro: suelos, paneles de pared y rodapi\u00e9s impermeables, resistentes a los ara\u00f1azos, antibacterianos y ecol\u00f3gicos. Dise\u00f1o atractivo, pensado para la durabilidad y el f\u00e1cil mantenimiento.\" \/>\n<meta property=\"og:url\" content=\"https:\/\/yprofloor.com\/es\/cartera\/\" \/>\n<meta property=\"og:site_name\" content=\"Floor Tiling\" \/>\n<meta property=\"article:modified_time\" content=\"2026-04-02T07:16:35+00:00\" \/>\n<meta property=\"og:image\" content=\"https:\/\/files.baitcdn.com\/yprofloor\/wp-content\/uploads\/2016\/05\/Flooring-project-10.jpg\" \/>\n<meta name=\"twitter:card\" content=\"summary_large_image\" \/>\n<script type=\"application\/ld+json\" class=\"yoast-schema-graph\">{\"@context\":\"https:\\\/\\\/schema.org\",\"@graph\":[{\"@type\":\"WebPage\",\"@id\":\"https:\\\/\\\/yprofloor.com\\\/es\\\/cartera\\\/\",\"url\":\"https:\\\/\\\/yprofloor.com\\\/es\\\/cartera\\\/\",\"name\":\"Ypro SPC (Pisos y Paneles de Pared) | Nuestro Cat\u00e1logo\",\"isPartOf\":{\"@id\":\"https:\\\/\\\/yprofloor.com\\\/es\\\/#website\"},\"primaryImageOfPage\":{\"@id\":\"https:\\\/\\\/yprofloor.com\\\/es\\\/cartera\\\/#primaryimage\"},\"image\":{\"@id\":\"https:\\\/\\\/yprofloor.com\\\/es\\\/cartera\\\/#primaryimage\"},\"thumbnailUrl\":\"https:\\\/\\\/files.baitcdn.com\\\/yprofloor\\\/wp-content\\\/uploads\\\/2016\\\/05\\\/Flooring-project-10.jpg\",\"datePublished\":\"2025-05-23T06:36:51+00:00\",\"dateModified\":\"2026-04-02T07:16:35+00:00\",\"description\":\"Mejora tu espacio con los productos SPC de Ypro: suelos, paneles de pared y rodapi\u00e9s impermeables, resistentes a los ara\u00f1azos, antibacterianos y ecol\u00f3gicos. Dise\u00f1o atractivo, pensado para la durabilidad y el f\u00e1cil mantenimiento.\",\"breadcrumb\":{\"@id\":\"https:\\\/\\\/yprofloor.com\\\/es\\\/cartera\\\/#breadcrumb\"},\"inLanguage\":\"es\",\"potentialAction\":[{\"@type\":\"ReadAction\",\"target\":[\"https:\\\/\\\/yprofloor.com\\\/es\\\/cartera\\\/\"]}]},{\"@type\":\"ImageObject\",\"inLanguage\":\"es\",\"@id\":\"https:\\\/\\\/yprofloor.com\\\/es\\\/cartera\\\/#primaryimage\",\"url\":\"https:\\\/\\\/files.baitcdn.com\\\/yprofloor\\\/wp-content\\\/uploads\\\/2016\\\/05\\\/Flooring-project-10.jpg\",\"contentUrl\":\"https:\\\/\\\/files.baitcdn.com\\\/yprofloor\\\/wp-content\\\/uploads\\\/2016\\\/05\\\/Flooring-project-10.jpg\"},{\"@type\":\"BreadcrumbList\",\"@id\":\"https:\\\/\\\/yprofloor.com\\\/es\\\/cartera\\\/#breadcrumb\",\"itemListElement\":[{\"@type\":\"ListItem\",\"position\":1,\"name\":\"Home\",\"item\":\"https:\\\/\\\/yprofloor.com\\\/es\\\/hogar\\\/\"},{\"@type\":\"ListItem\",\"position\":2,\"name\":\"Cartera\"}]},{\"@type\":\"WebSite\",\"@id\":\"https:\\\/\\\/yprofloor.com\\\/es\\\/#website\",\"url\":\"https:\\\/\\\/yprofloor.com\\\/es\\\/\",\"name\":\"SPC Flooring\",\"description\":\"Anti-Scratch, Waterproof, Eco-Friendly, Anti-Slip, anti moth, wear resistant anti bacteria\",\"publisher\":{\"@id\":\"https:\\\/\\\/yprofloor.com\\\/es\\\/#organization\"},\"potentialAction\":[{\"@type\":\"SearchAction\",\"target\":{\"@type\":\"EntryPoint\",\"urlTemplate\":\"https:\\\/\\\/yprofloor.com\\\/es\\\/?s={search_term_string}\"},\"query-input\":{\"@type\":\"PropertyValueSpecification\",\"valueRequired\":true,\"valueName\":\"search_term_string\"}}],\"inLanguage\":\"es\"},{\"@type\":\"Organization\",\"@id\":\"https:\\\/\\\/yprofloor.com\\\/es\\\/#organization\",\"name\":\"SPC Flooring\",\"url\":\"https:\\\/\\\/yprofloor.com\\\/es\\\/\",\"logo\":{\"@type\":\"ImageObject\",\"inLanguage\":\"es\",\"@id\":\"https:\\\/\\\/yprofloor.com\\\/es\\\/#\\\/schema\\\/logo\\\/image\\\/\",\"url\":\"https:\\\/\\\/files.baitcdn.com\\\/yprofloor\\\/wp-content\\\/uploads\\\/2026\\\/04\\\/floor-tiling-logo.png\",\"contentUrl\":\"https:\\\/\\\/files.baitcdn.com\\\/yprofloor\\\/wp-content\\\/uploads\\\/2026\\\/04\\\/floor-tiling-logo.png\",\"width\":400,\"height\":400,\"caption\":\"SPC Flooring\"},\"image\":{\"@id\":\"https:\\\/\\\/yprofloor.com\\\/es\\\/#\\\/schema\\\/logo\\\/image\\\/\"}}]}<\/script>\n<!-- \/ Yoast SEO plugin. -->","yoast_head_json":{"title":"Ypro SPC (Pisos y Paneles de Pared) | Nuestro Cat\u00e1logo","description":"Mejora tu espacio con los productos SPC de Ypro: suelos, paneles de pared y rodapi\u00e9s impermeables, resistentes a los ara\u00f1azos, antibacterianos y ecol\u00f3gicos. Dise\u00f1o atractivo, pensado para la durabilidad y el f\u00e1cil mantenimiento.","robots":{"index":"index","follow":"follow","max-snippet":"max-snippet:-1","max-image-preview":"max-image-preview:large","max-video-preview":"max-video-preview:-1"},"canonical":"https:\/\/yprofloor.com\/es\/cartera\/","og_locale":"es_ES","og_type":"article","og_title":"Ypro SPC (Pisos y Paneles de Pared) | Nuestro Cat\u00e1logo","og_description":"Mejora tu espacio con los productos SPC de Ypro: suelos, paneles de pared y rodapi\u00e9s impermeables, resistentes a los ara\u00f1azos, antibacterianos y ecol\u00f3gicos. Dise\u00f1o atractivo, pensado para la durabilidad y el f\u00e1cil mantenimiento.","og_url":"https:\/\/yprofloor.com\/es\/cartera\/","og_site_name":"Floor Tiling","article_modified_time":"2026-04-02T07:16:35+00:00","og_image":[{"url":"https:\/\/files.baitcdn.com\/yprofloor\/wp-content\/uploads\/2016\/05\/Flooring-project-10.jpg","type":"","width":"","height":""}],"twitter_card":"summary_large_image","schema":{"@context":"https:\/\/schema.org","@graph":[{"@type":"WebPage","@id":"https:\/\/yprofloor.com\/es\/cartera\/","url":"https:\/\/yprofloor.com\/es\/cartera\/","name":"Ypro SPC (Pisos y Paneles de Pared) | Nuestro Cat\u00e1logo","isPartOf":{"@id":"https:\/\/yprofloor.com\/es\/#website"},"primaryImageOfPage":{"@id":"https:\/\/yprofloor.com\/es\/cartera\/#primaryimage"},"image":{"@id":"https:\/\/yprofloor.com\/es\/cartera\/#primaryimage"},"thumbnailUrl":"https:\/\/files.baitcdn.com\/yprofloor\/wp-content\/uploads\/2016\/05\/Flooring-project-10.jpg","datePublished":"2025-05-23T06:36:51+00:00","dateModified":"2026-04-02T07:16:35+00:00","description":"Mejora tu espacio con los productos SPC de Ypro: suelos, paneles de pared y rodapi\u00e9s impermeables, resistentes a los ara\u00f1azos, antibacterianos y ecol\u00f3gicos. Dise\u00f1o atractivo, pensado para la durabilidad y el f\u00e1cil mantenimiento.","breadcrumb":{"@id":"https:\/\/yprofloor.com\/es\/cartera\/#breadcrumb"},"inLanguage":"es","potentialAction":[{"@type":"ReadAction","target":["https:\/\/yprofloor.com\/es\/cartera\/"]}]},{"@type":"ImageObject","inLanguage":"es","@id":"https:\/\/yprofloor.com\/es\/cartera\/#primaryimage","url":"https:\/\/files.baitcdn.com\/yprofloor\/wp-content\/uploads\/2016\/05\/Flooring-project-10.jpg","contentUrl":"https:\/\/files.baitcdn.com\/yprofloor\/wp-content\/uploads\/2016\/05\/Flooring-project-10.jpg"},{"@type":"BreadcrumbList","@id":"https:\/\/yprofloor.com\/es\/cartera\/#breadcrumb","itemListElement":[{"@type":"ListItem","position":1,"name":"Home","item":"https:\/\/yprofloor.com\/es\/hogar\/"},{"@type":"ListItem","position":2,"name":"Cartera"}]},{"@type":"WebSite","@id":"https:\/\/yprofloor.com\/es\/#website","url":"https:\/\/yprofloor.com\/es\/","name":"SPC Flooring","description":"Anti-Scratch, Waterproof, Eco-Friendly, Anti-Slip, anti moth, wear resistant anti bacteria","publisher":{"@id":"https:\/\/yprofloor.com\/es\/#organization"},"potentialAction":[{"@type":"SearchAction","target":{"@type":"EntryPoint","urlTemplate":"https:\/\/yprofloor.com\/es\/?s={search_term_string}"},"query-input":{"@type":"PropertyValueSpecification","valueRequired":true,"valueName":"search_term_string"}}],"inLanguage":"es"},{"@type":"Organization","@id":"https:\/\/yprofloor.com\/es\/#organization","name":"SPC Flooring","url":"https:\/\/yprofloor.com\/es\/","logo":{"@type":"ImageObject","inLanguage":"es","@id":"https:\/\/yprofloor.com\/es\/#\/schema\/logo\/image\/","url":"https:\/\/files.baitcdn.com\/yprofloor\/wp-content\/uploads\/2026\/04\/floor-tiling-logo.png","contentUrl":"https:\/\/files.baitcdn.com\/yprofloor\/wp-content\/uploads\/2026\/04\/floor-tiling-logo.png","width":400,"height":400,"caption":"SPC Flooring"},"image":{"@id":"https:\/\/yprofloor.com\/es\/#\/schema\/logo\/image\/"}}]}},"_links":{"self":[{"href":"https:\/\/yprofloor.com\/es\/wp-json\/wp\/v2\/pages\/3012","targetHints":{"allow":["GET"]}}],"collection":[{"href":"https:\/\/yprofloor.com\/es\/wp-json\/wp\/v2\/pages"}],"about":[{"href":"https:\/\/yprofloor.com\/es\/wp-json\/wp\/v2\/types\/page"}],"author":[{"embeddable":true,"href":"https:\/\/yprofloor.com\/es\/wp-json\/wp\/v2\/users\/1"}],"replies":[{"embeddable":true,"href":"https:\/\/yprofloor.com\/es\/wp-json\/wp\/v2\/comments?post=3012"}],"version-history":[{"count":1,"href":"https:\/\/yprofloor.com\/es\/wp-json\/wp\/v2\/pages\/3012\/revisions"}],"predecessor-version":[{"id":3013,"href":"https:\/\/yprofloor.com\/es\/wp-json\/wp\/v2\/pages\/3012\/revisions\/3013"}],"wp:attachment":[{"href":"https:\/\/yprofloor.com\/es\/wp-json\/wp\/v2\/media?parent=3012"}],"curies":[{"name":"wp","href":"https:\/\/api.w.org\/{rel}","templated":true}]}}