{"id":3510,"date":"2025-04-09T11:04:46","date_gmt":"2025-04-09T11:04:46","guid":{"rendered":"https:\/\/yprofloor.com\/product\/accesorios\/"},"modified":"2025-04-09T11:04:46","modified_gmt":"2025-04-09T11:04:46","slug":"accesorios","status":"publish","type":"product","link":"https:\/\/yprofloor.com\/es\/producto\/accesorios\/","title":{"rendered":"Accesorios"},"content":{"rendered":"<div style=\"font-family: Arial, sans-serif; font-size: 16px; line-height: 1.8;\">\n<h2 style=\"font-size: 32px; color: #baa883; margin-bottom: 20px; border-left: 6px solid #BAA883; padding-left: 16px;\">\u00bfQu\u00e9 son los accesorios para pisos SPC?<\/h2>\n<div style=\"margin-bottom: 40px;\">\n<p>Estos componentes esenciales completan y realzan cualquier instalaci\u00f3n de pisos SPC. En primer lugar, incluyen perfiles especializados y molduras de acabado que crean transiciones suaves, bordes limpios y un acabado verdaderamente profesional. Adem\u00e1s de la est\u00e9tica, estos elementos tambi\u00e9n protegen los bordes del piso y prolongan significativamente su vida \u00fatil.  <img fetchpriority=\"high\" decoding=\"async\" class=\"wp-image-3275 size-full aligncenter\" src=\"https:\/\/files.baitcdn.com\/yprofloor\/wp-content\/uploads\/2025\/07\/spc-flooring-detail.webp\" alt=\"Detalle de la superficie del suelo SPC con moldura a juego.\" width=\"1000\" height=\"300\" srcset=\"https:\/\/files.baitcdn.com\/yprofloor\/wp-content\/uploads\/2025\/07\/spc-flooring-detail.webp 1000w, https:\/\/files.baitcdn.com\/yprofloor\/wp-content\/uploads\/2025\/07\/spc-flooring-detail-300x90.webp 300w, https:\/\/files.baitcdn.com\/yprofloor\/wp-content\/uploads\/2025\/07\/spc-flooring-detail-768x230.webp 768w, https:\/\/files.baitcdn.com\/yprofloor\/wp-content\/uploads\/2025\/07\/spc-flooring-detail-150x45.webp 150w\" sizes=\"(max-width: 1000px) 100vw, 1000px\" \/><\/p>\n<\/div>\n<div style=\"height: 4px; background-color: #f0e6dc;\"><\/div>\n<div style=\"margin: 50px 0;\">\n<h2 style=\"font-size: 32px; color: #baa883; margin-bottom: 20px; border-left: 6px solid #BAA883; padding-left: 16px;\"><span role=\"text\"><strong>Nuestra gama de productos<\/strong><\/span><\/h2>\n<p>Ofrecemos una gama completa de molduras y perfiles para satisfacer todas las necesidades de instalaci\u00f3n. En concreto, nuestra l\u00ednea de productos incluye: <\/p>\n<ul style=\"padding-left: 40px;\">\n<li>Rodapi\u00e9s SPC<\/li>\n<li>Reductor SPC<\/li>\n<li>Moldura en T SPC<\/li>\n<li>Moldura en L SPC<\/li>\n<li>Perfil de escalera SPC<\/li>\n<\/ul>\n<p>Lo m\u00e1s importante es que cada art\u00edculo est\u00e1 dise\u00f1ado para combinar a la perfecci\u00f3n con su suelo SPC en color, textura y rendimiento, logrando as\u00ed una apariencia impecable.<\/p>\n<h2 style=\"font-size: 32px; color: #baa883; margin-bottom: 20px; border-left: 6px solid #BAA883; padding-left: 16px;\">Especificaciones del producto<\/h2>\n<div style=\"background: #fff;\">\n<table style=\"width: 100%; border-collapse: collapse;\">\n<tbody>\n<tr style=\"background-color: #f9f5f0;\">\n<td style=\"padding: 16px 20px; font-weight: 600; color: #baa883; width: 40%; border: 1px solid #eee;\">Art\u00edculo<\/td>\n<td style=\"padding: 16px 20px; border: 1px solid #eee;\">Especificaci\u00f3n<\/td>\n<\/tr>\n<tr>\n<td style=\"padding: 16px 20px; font-weight: 600; color: #baa883; border: 1px solid #eee;\">Nombre del producto<\/td>\n<td style=\"padding: 16px 20px; border: 1px solid #eee;\">Accesorios para pisos SPC<\/td>\n<\/tr>\n<tr style=\"background-color: #f9f5f0;\">\n<td style=\"padding: 16px 20px; font-weight: 600; color: #baa883; border: 1px solid #eee;\">Tipos<\/td>\n<td style=\"padding: 16px 20px; border: 1px solid #eee;\">Rodapi\u00e9 \/ Reductor \/ Moldura en T \/ Moldura en L \/ Perfil de escalera<\/td>\n<\/tr>\n<tr>\n<td style=\"padding: 16px 20px; font-weight: 600; color: #baa883; border: 1px solid #eee;\">Material<\/td>\n<td style=\"padding: 16px 20px; border: 1px solid #eee;\">Compuesto pl\u00e1stico de piedra (SPC)<\/td>\n<\/tr>\n<tr style=\"background-color: #f9f5f0;\">\n<td style=\"padding: 16px 20px; font-weight: 600; color: #baa883; border: 1px solid #eee;\">Longitud<\/td>\n<td style=\"padding: 16px 20px; border: 1px solid #eee;\">2400 mm \/ 2440 mm \/ Personalizado<\/td>\n<\/tr>\n<tr>\n<td style=\"padding: 16px 20px; font-weight: 600; color: #baa883; border: 1px solid #eee;\">Espesor<\/td>\n<td style=\"padding: 16px 20px; border: 1px solid #eee;\">4 mm \/ 5 mm \/ 6 mm \/ 8 mm<\/td>\n<\/tr>\n<tr style=\"background-color: #f9f5f0;\">\n<td style=\"padding: 16px 20px; font-weight: 600; color: #baa883; border: 1px solid #eee;\">Acabado de superficie<\/td>\n<td style=\"padding: 16px 20px; border: 1px solid #eee;\">Veta de madera \/ M\u00e1rmol \/ Mate \/ Relieve<\/td>\n<\/tr>\n<tr>\n<td style=\"padding: 16px 20px; font-weight: 600; color: #baa883; border: 1px solid #eee;\">Color<\/td>\n<td style=\"padding: 16px 20px; border: 1px solid #eee;\">Colores de pisos SPC personalizados\/a juego<\/td>\n<\/tr>\n<\/tbody>\n<\/table>\n<\/div>\n<\/div>\n<div style=\"height: 4px; background-color: #f0e6dc; margin: 40px 0;\"><\/div>\n<div style=\"margin: 50px 0;\">\n<h2 style=\"font-size: 32px; color: #baa883; margin-bottom: 20px; border-left: 6px solid #BAA883; padding-left: 16px;\">Estructura de los perfiles y molduras SPC<\/h2>\n<div style=\"display: flex; flex-wrap: wrap; gap: 40px; align-items: center;\">\n<div style=\"flex: 1; min-width: 400px;\">\n<ol style=\"font-size: 16px; line-height: 1.8; color: #555; padding-left: 20px;\">\n<li style=\"margin-bottom: 16px;\">Capa de recubrimiento superficial (capa UV): La capa superior cuenta con un recubrimiento de protecci\u00f3n UV que aumenta la resistencia a los ara\u00f1azos y a las manchas, adem\u00e1s de mejorar la estabilidad del color. Esta capa mantiene la moldura con un aspecto impecable y garantiza su durabilidad durante a\u00f1os. <\/li>\n<li style=\"margin-bottom: 16px;\">Capa de desgaste: Esta capa de desgaste transparente protege la superficie de la abrasi\u00f3n diaria, los impactos y el tr\u00e1nsito peatonal intenso. Una capa de desgaste m\u00e1s gruesa ofrece mayor durabilidad y una vida \u00fatil m\u00e1s prolongada. <\/li>\n<li style=\"margin-bottom: 16px;\">Capa decorativa: La pel\u00edcula decorativa crea el dise\u00f1o visual, como vetas de madera o textura de piedra. Garantiza una perfecta combinaci\u00f3n de colores con su suelo SPC para lograr un aspecto uniforme e integrado. <\/li>\n<li style=\"margin-bottom: 16px;\">Capa central SPC: La capa central utiliza un compuesto de piedra y pl\u00e1stico (polvo de piedra caliza + PVC) para ofrecer una alta rigidez, un excelente rendimiento impermeable y una estabilidad dimensional excepcional que evita la deformaci\u00f3n.<\/li>\n<li>Capa de soporte (opcional): Algunos art\u00edculos incluyen una capa de soporte que mejora la estabilidad, reduce el ruido y optimiza el rendimiento general de la instalaci\u00f3n.<\/li>\n<\/ol>\n<\/div>\n<div style=\"flex: 1; min-width: 400px; padding: 24px; border-radius: 8px; text-align: center;\"><img decoding=\"async\" class=\"alignnone wp-image-3276 size-full\" src=\"https:\/\/files.baitcdn.com\/yprofloor\/wp-content\/uploads\/2025\/07\/SPC-Structure-EN.webp\" alt=\"Diagrama de capas de la estructura de recorte SPC\" width=\"800\" height=\"444\" srcset=\"https:\/\/files.baitcdn.com\/yprofloor\/wp-content\/uploads\/2025\/07\/SPC-Structure-EN.webp 800w, https:\/\/files.baitcdn.com\/yprofloor\/wp-content\/uploads\/2025\/07\/SPC-Structure-EN-300x167.webp 300w, https:\/\/files.baitcdn.com\/yprofloor\/wp-content\/uploads\/2025\/07\/SPC-Structure-EN-768x426.webp 768w, https:\/\/files.baitcdn.com\/yprofloor\/wp-content\/uploads\/2025\/07\/SPC-Structure-EN-150x83.webp 150w\" sizes=\"(max-width: 800px) 100vw, 800px\" \/><\/div>\n<\/div>\n<div style=\"height: 4px; background-color: #f0e6dc; margin: 40px 0;\"><\/div>\n<h2 style=\"font-size: 32px; color: #baa883; margin-bottom: 20px; border-left: 6px solid #BAA883; padding-left: 16px;\">Caracter\u00edsticas principales<\/h2>\n<div style=\"display: grid; grid-template-columns: repeat(auto-fit, minmax(280px, 1fr)); gap: 20px;\">\n<div style=\"background: #f9f5f0; padding: 24px; border-radius: 8px;\">\n<h3 style=\"color: #baa883; font-size: 20px; margin-bottom: 10px;\"><strong>Perfect Color Matching<\/strong><\/h3>\n<p>Integraci\u00f3n perfecta con su suelo SPC.<\/p>\n<\/div>\n<div style=\"background: #f9f5f0; padding: 24px; border-radius: 8px;\">\n<h3 style=\"color: #baa883; font-size: 20px; margin-bottom: 10px;\"><strong>Impermeable y resistente a la humedad<\/strong><\/h3>\n<p>Ideal para cocinas, ba\u00f1os y zonas con alta humedad.<\/p>\n<\/div>\n<div style=\"background: #f9f5f0; padding: 24px; border-radius: 8px;\">\n<h3 style=\"color: #baa883; font-size: 20px; margin-bottom: 10px;\">Duradero y de larga duraci\u00f3n<\/h3>\n<p>Resiste ara\u00f1azos, impactos y el desgaste diario.<\/p>\n<\/div>\n<div style=\"background: #f9f5f0; padding: 24px; border-radius: 8px;\">\n<h3 style=\"color: #baa883; font-size: 20px; margin-bottom: 10px;\">F\u00e1cil instalaci\u00f3n<\/h3>\n<p>Compatible con sistemas de instalaci\u00f3n mediante pegamento o clips.<\/p>\n<\/div>\n<div style=\"background: #f9f5f0; padding: 24px; border-radius: 8px;\">\n<h3 style=\"color: #baa883; font-size: 20px; margin-bottom: 10px;\"><strong>Bajo mantenimiento<\/strong><\/h3>\n<p>F\u00e1cil de limpiar y mantener para un uso prolongado.<\/p>\n<\/div>\n<div style=\"background: #f9f5f0; padding: 24px; border-radius: 8px;\">\n<h3 style=\"color: #baa883; font-size: 20px; margin-bottom: 10px;\">Material ecol\u00f3gico<\/h3>\n<p>Seguro para todos los entornos interiores de vida y trabajo.<\/p>\n<\/div>\n<\/div>\n<\/div>\n<div style=\"margin: 50px 0;\">\n<div style=\"height: 4px; background-color: #f0e6dc; margin: 40px 0;\"><\/div>\n<h2 style=\"font-size: 32px; color: #baa883; margin-bottom: 20px; border-left: 6px solid #BAA883; padding-left: 16px;\">Principales ventajas de los suelos SPC<\/h2>\n<p>Los suelos SPC ofrecen claras ventajas sobre los materiales tradicionales. Por ejemplo: <\/p>\n<ul style=\"padding-left: 40px; line-height: 1.8;\">\n<li>Ofrece un mejor rendimiento impermeable que los suelos laminados.<\/li>\n<li>Proporciona mayor estabilidad dimensional que los suelos de madera natural.<\/li>\n<li>Es m\u00e1s rentable que los pisos de madera maciza.<\/li>\n<li>Requiere un mantenimiento m\u00e1s sencillo y una limpieza m\u00e1s simple.<\/li>\n<li>Works perfectly for both residential and commercial applications<\/li>\n<\/ul>\n<p>In short, it is the ideal solution for spaces where moisture resistance and durability are top priorities.<\/p>\n<div style=\"height: 4px; background-color: #f0e6dc; margin: 40px 0;\"><\/div>\n<h2 style=\"font-size: 32px; color: #baa883; margin-bottom: 20px; border-left: 6px solid #BAA883; padding-left: 16px;\">Aplicaciones comunes<\/h2>\n<p>Nuestros perfiles y molduras se adaptan a una amplia gama de proyectos. En concreto, se utilizan ampliamente en: <\/p>\n<ul style=\"padding-left: 40px;\">\n<li>Proyectos de renovaci\u00f3n de pisos residenciales<\/li>\n<li>Edificios de oficinas comerciales<\/li>\n<li>Hoteles, restaurantes y espacios de hosteler\u00eda<\/li>\n<li>Proyectos de renovaci\u00f3n y remodelaci\u00f3n de viviendas<\/li>\n<li>Retail stores and public spaces<\/li>\n<\/ul>\n<p>Ultimately, they ensure a professional, finished look in every type of interior flooring installation.<\/p>\n<div style=\"height: 4px; background-color: #f0e6dc; margin: 40px 0;\"><\/div>\n<h2 style=\"font-size: 32px; color: #baa883; margin-bottom: 20px; border-left: 6px solid #BAA883; padding-left: 16px;\">\u00bfPor qu\u00e9 elegir nuestro acabado SPC?<\/h2>\n<p>Ofrecemos productos de alta calidad, respaldados por un estricto control de calidad y una capacidad de producci\u00f3n estable. Adem\u00e1s, nuestros art\u00edculos est\u00e1n dise\u00f1ados para los mercados globales y admiten la personalizaci\u00f3n OEM en cuanto a color, tama\u00f1o y dise\u00f1o. <\/p>\n<p>Ante todo, nos centramos en la durabilidad, la precisi\u00f3n y la coherencia est\u00e9tica para garantizar una integraci\u00f3n perfecta con su suelo.<\/p>\n<p><img decoding=\"async\" class=\"alignnone wp-image-3280 size-full\" src=\"https:\/\/files.baitcdn.com\/yprofloor\/wp-content\/uploads\/2025\/07\/company-certificates.webp\" alt=\"Certificados de calidad de nuestra empresa\" width=\"1200\" height=\"463\" srcset=\"https:\/\/files.baitcdn.com\/yprofloor\/wp-content\/uploads\/2025\/07\/company-certificates.webp 1200w, https:\/\/files.baitcdn.com\/yprofloor\/wp-content\/uploads\/2025\/07\/company-certificates-300x116.webp 300w, https:\/\/files.baitcdn.com\/yprofloor\/wp-content\/uploads\/2025\/07\/company-certificates-1024x395.webp 1024w, https:\/\/files.baitcdn.com\/yprofloor\/wp-content\/uploads\/2025\/07\/company-certificates-768x296.webp 768w, https:\/\/files.baitcdn.com\/yprofloor\/wp-content\/uploads\/2025\/07\/company-certificates-150x58.webp 150w\" sizes=\"(max-width: 1200px) 100vw, 1200px\" \/><\/p>\n<p>&nbsp;<\/p>\n<div style=\"height: 4px; background-color: #f0e6dc; margin: 40px 0;\"><\/div>\n<h2 style=\"font-size: 32px; color: #baa883; margin-bottom: 20px; border-left: 6px solid #BAA883; padding-left: 16px;\">Preguntas frecuentes (FAQ)<\/h2>\n<div style=\"display: flex; flex-direction: column; gap: 16px;\">\n<div style=\"background: #f9f5f0; padding: 24px; border-radius: 8px;\">\n<h3 style=\"color: #baa883; font-size: 20px;\">\u00bfSon impermeables los perfiles y molduras de SPC?<\/h3>\n<p style=\"line-height: 1.8; color: #555;\">Por supuesto. Nuestros accesorios SPC son totalmente impermeables, por lo que puede utilizarlos con seguridad en zonas h\u00famedas como ba\u00f1os y cocinas. <\/p>\n<\/div>\n<div style=\"background: #f9f5f0; padding: 24px; border-radius: 8px;\">\n<h3 style=\"color: #baa883; font-size: 20px;\">\u00bfPuedo combinar los colores de los remates con los de mi suelo SPC?<\/h3>\n<p style=\"line-height: 1.8; color: #555;\">S\u00ed, ofrecemos una igualaci\u00f3n de color completa para que combine a la perfecci\u00f3n con el dise\u00f1o de su suelo SPC y lograr un acabado impecable.<\/p>\n<\/div>\n<div style=\"background: #f9f5f0; padding: 24px; border-radius: 8px;\">\n<h3 style=\"color: #baa883; font-size: 20px;\">\u00bfSon f\u00e1ciles de instalar estos art\u00edculos?<\/h3>\n<p style=\"line-height: 1.8; color: #555;\">Por supuesto. Se pueden instalar r\u00e1pidamente mediante adhesivos o clips, sin necesidad de herramientas complejas. <\/p>\n<\/div>\n<div style=\"background: #f9f5f0; padding: 24px; border-radius: 8px;\">\n<h3 style=\"color: #baa883; font-size: 20px;\">\u00bfAdmiten la personalizaci\u00f3n?<\/h3>\n<p style=\"line-height: 1.8; color: #555;\">S\u00ed, ofrecemos personalizaci\u00f3n OEM completa en cuanto a tama\u00f1o, color y dise\u00f1o para satisfacer las necesidades de su proyecto.<\/p>\n<\/div>\n<\/div>\n<\/div>\n<\/div>\n","protected":false},"excerpt":{"rendered":"<p>Los accesorios para pisos SPC son componentes esenciales para el acabado e instalaci\u00f3n, dise\u00f1ados para complementar los sistemas de pisos SPC, garantizando una apariencia profesional, transiciones suaves y un rendimiento duradero. Ayudan a completar la instalaci\u00f3n del piso con funcionalidad y atractivo est\u00e9tico. <\/p>\n<p><strong>Ventajas:<\/strong><\/p>\n<ul style=\"padding-left: 40px;\">\n<li>Ofrece soluciones de acabado completas para instalaciones de suelos SPC.<\/li>\n<li>Garantiza transiciones suaves entre diferentes \u00e1reas de piso.<\/li>\n<li>Protege los bordes y las juntas del desgaste, los da\u00f1os y la humedad.<\/li>\n<li>Mejora la estabilidad general del suelo y la calidad de la instalaci\u00f3n.<\/li>\n<li>Disponible en varios perfiles, colores y acabados para combinar con los suelos SPC.<\/li>\n<\/ul>\n","protected":false},"featured_media":2100,"template":"","meta":{"_acf_changed":false},"product_brand":[],"product_cat":[86],"product_tag":[],"class_list":{"0":"post-3510","1":"product","2":"type-product","3":"status-publish","4":"has-post-thumbnail","6":"product_cat-accesorios","8":"first","9":"instock","10":"shipping-taxable","11":"product-type-simple"},"acf":[],"yoast_head":"<!-- This site is optimized with the Yoast SEO plugin v27.3 - https:\/\/yoast.com\/product\/yoast-seo-wordpress\/ -->\n<title>Accesorios - Floor Tiling<\/title>\n<meta name=\"description\" content=\"Accesorios de alta calidad para suelos SPC, incluyendo rodapi\u00e9s, reductores y molduras. Duraderos, impermeables e ideales para un acabado de suelo impecable.\" \/>\n<meta name=\"robots\" content=\"index, follow, max-snippet:-1, max-image-preview:large, max-video-preview:-1\" \/>\n<link rel=\"canonical\" href=\"https:\/\/yprofloor.com\/es\/producto\/accesorios\/\" \/>\n<meta property=\"og:locale\" content=\"es_ES\" \/>\n<meta property=\"og:type\" content=\"article\" \/>\n<meta property=\"og:title\" content=\"Accesorios - Floor Tiling\" \/>\n<meta property=\"og:description\" content=\"Accesorios de alta calidad para suelos SPC, incluyendo rodapi\u00e9s, reductores y molduras. Duraderos, impermeables e ideales para un acabado de suelo impecable.\" \/>\n<meta property=\"og:url\" content=\"https:\/\/yprofloor.com\/es\/producto\/accesorios\/\" \/>\n<meta property=\"og:site_name\" content=\"Floor Tiling\" \/>\n<meta property=\"og:image\" content=\"https:\/\/files.baitcdn.com\/yprofloor\/wp-content\/uploads\/2025\/07\/Accessories.jpg\" \/>\n\t<meta property=\"og:image:width\" content=\"1000\" \/>\n\t<meta property=\"og:image:height\" content=\"1000\" \/>\n\t<meta property=\"og:image:type\" content=\"image\/jpeg\" \/>\n<meta name=\"twitter:card\" content=\"summary_large_image\" \/>\n<meta name=\"twitter:label1\" content=\"Tiempo de lectura\" \/>\n\t<meta name=\"twitter:data1\" content=\"4 minutos\" \/>\n<script type=\"application\/ld+json\" class=\"yoast-schema-graph\">{\"@context\":\"https:\\\/\\\/schema.org\",\"@graph\":[{\"@type\":\"WebPage\",\"@id\":\"https:\\\/\\\/yprofloor.com\\\/es\\\/producto\\\/accesorios\\\/\",\"url\":\"https:\\\/\\\/yprofloor.com\\\/es\\\/producto\\\/accesorios\\\/\",\"name\":\"Accesorios - Floor Tiling\",\"isPartOf\":{\"@id\":\"https:\\\/\\\/yprofloor.com\\\/es\\\/#website\"},\"primaryImageOfPage\":{\"@id\":\"https:\\\/\\\/yprofloor.com\\\/es\\\/producto\\\/accesorios\\\/#primaryimage\"},\"image\":{\"@id\":\"https:\\\/\\\/yprofloor.com\\\/es\\\/producto\\\/accesorios\\\/#primaryimage\"},\"thumbnailUrl\":\"https:\\\/\\\/files.baitcdn.com\\\/yprofloor\\\/wp-content\\\/uploads\\\/2025\\\/07\\\/Accessories.jpg\",\"datePublished\":\"2025-04-09T11:04:46+00:00\",\"description\":\"Accesorios de alta calidad para suelos SPC, incluyendo rodapi\u00e9s, reductores y molduras. Duraderos, impermeables e ideales para un acabado de suelo impecable.\",\"breadcrumb\":{\"@id\":\"https:\\\/\\\/yprofloor.com\\\/es\\\/producto\\\/accesorios\\\/#breadcrumb\"},\"inLanguage\":\"es\",\"potentialAction\":[{\"@type\":\"ReadAction\",\"target\":[\"https:\\\/\\\/yprofloor.com\\\/es\\\/producto\\\/accesorios\\\/\"]}]},{\"@type\":\"ImageObject\",\"inLanguage\":\"es\",\"@id\":\"https:\\\/\\\/yprofloor.com\\\/es\\\/producto\\\/accesorios\\\/#primaryimage\",\"url\":\"https:\\\/\\\/files.baitcdn.com\\\/yprofloor\\\/wp-content\\\/uploads\\\/2025\\\/07\\\/Accessories.jpg\",\"contentUrl\":\"https:\\\/\\\/files.baitcdn.com\\\/yprofloor\\\/wp-content\\\/uploads\\\/2025\\\/07\\\/Accessories.jpg\",\"width\":1000,\"height\":1000,\"caption\":\"Accessories\"},{\"@type\":\"BreadcrumbList\",\"@id\":\"https:\\\/\\\/yprofloor.com\\\/es\\\/producto\\\/accesorios\\\/#breadcrumb\",\"itemListElement\":[{\"@type\":\"ListItem\",\"position\":1,\"name\":\"Home\",\"item\":\"https:\\\/\\\/yprofloor.com\\\/es\\\/hogar\\\/\"},{\"@type\":\"ListItem\",\"position\":2,\"name\":\"Tienda\",\"item\":\"https:\\\/\\\/yprofloor.com\\\/es\\\/tienda\\\/\"},{\"@type\":\"ListItem\",\"position\":3,\"name\":\"Accesorios\"}]},{\"@type\":\"WebSite\",\"@id\":\"https:\\\/\\\/yprofloor.com\\\/es\\\/#website\",\"url\":\"https:\\\/\\\/yprofloor.com\\\/es\\\/\",\"name\":\"SPC Flooring\",\"description\":\"Anti-Scratch, Waterproof, Eco-Friendly, Anti-Slip, anti moth, wear resistant anti bacteria\",\"publisher\":{\"@id\":\"https:\\\/\\\/yprofloor.com\\\/es\\\/#organization\"},\"potentialAction\":[{\"@type\":\"SearchAction\",\"target\":{\"@type\":\"EntryPoint\",\"urlTemplate\":\"https:\\\/\\\/yprofloor.com\\\/es\\\/?s={search_term_string}\"},\"query-input\":{\"@type\":\"PropertyValueSpecification\",\"valueRequired\":true,\"valueName\":\"search_term_string\"}}],\"inLanguage\":\"es\"},{\"@type\":\"Organization\",\"@id\":\"https:\\\/\\\/yprofloor.com\\\/es\\\/#organization\",\"name\":\"SPC Flooring\",\"url\":\"https:\\\/\\\/yprofloor.com\\\/es\\\/\",\"logo\":{\"@type\":\"ImageObject\",\"inLanguage\":\"es\",\"@id\":\"https:\\\/\\\/yprofloor.com\\\/es\\\/#\\\/schema\\\/logo\\\/image\\\/\",\"url\":\"https:\\\/\\\/files.baitcdn.com\\\/yprofloor\\\/wp-content\\\/uploads\\\/2026\\\/04\\\/floor-tiling-logo.png\",\"contentUrl\":\"https:\\\/\\\/files.baitcdn.com\\\/yprofloor\\\/wp-content\\\/uploads\\\/2026\\\/04\\\/floor-tiling-logo.png\",\"width\":400,\"height\":400,\"caption\":\"SPC Flooring\"},\"image\":{\"@id\":\"https:\\\/\\\/yprofloor.com\\\/es\\\/#\\\/schema\\\/logo\\\/image\\\/\"}}]}<\/script>\n<!-- \/ Yoast SEO plugin. -->","yoast_head_json":{"title":"Accesorios - Floor Tiling","description":"Accesorios de alta calidad para suelos SPC, incluyendo rodapi\u00e9s, reductores y molduras. Duraderos, impermeables e ideales para un acabado de suelo impecable.","robots":{"index":"index","follow":"follow","max-snippet":"max-snippet:-1","max-image-preview":"max-image-preview:large","max-video-preview":"max-video-preview:-1"},"canonical":"https:\/\/yprofloor.com\/es\/producto\/accesorios\/","og_locale":"es_ES","og_type":"article","og_title":"Accesorios - Floor Tiling","og_description":"Accesorios de alta calidad para suelos SPC, incluyendo rodapi\u00e9s, reductores y molduras. Duraderos, impermeables e ideales para un acabado de suelo impecable.","og_url":"https:\/\/yprofloor.com\/es\/producto\/accesorios\/","og_site_name":"Floor Tiling","og_image":[{"width":1000,"height":1000,"url":"https:\/\/files.baitcdn.com\/yprofloor\/wp-content\/uploads\/2025\/07\/Accessories.jpg","type":"image\/jpeg"}],"twitter_card":"summary_large_image","twitter_misc":{"Tiempo de lectura":"4 minutos"},"schema":{"@context":"https:\/\/schema.org","@graph":[{"@type":"WebPage","@id":"https:\/\/yprofloor.com\/es\/producto\/accesorios\/","url":"https:\/\/yprofloor.com\/es\/producto\/accesorios\/","name":"Accesorios - Floor Tiling","isPartOf":{"@id":"https:\/\/yprofloor.com\/es\/#website"},"primaryImageOfPage":{"@id":"https:\/\/yprofloor.com\/es\/producto\/accesorios\/#primaryimage"},"image":{"@id":"https:\/\/yprofloor.com\/es\/producto\/accesorios\/#primaryimage"},"thumbnailUrl":"https:\/\/files.baitcdn.com\/yprofloor\/wp-content\/uploads\/2025\/07\/Accessories.jpg","datePublished":"2025-04-09T11:04:46+00:00","description":"Accesorios de alta calidad para suelos SPC, incluyendo rodapi\u00e9s, reductores y molduras. Duraderos, impermeables e ideales para un acabado de suelo impecable.","breadcrumb":{"@id":"https:\/\/yprofloor.com\/es\/producto\/accesorios\/#breadcrumb"},"inLanguage":"es","potentialAction":[{"@type":"ReadAction","target":["https:\/\/yprofloor.com\/es\/producto\/accesorios\/"]}]},{"@type":"ImageObject","inLanguage":"es","@id":"https:\/\/yprofloor.com\/es\/producto\/accesorios\/#primaryimage","url":"https:\/\/files.baitcdn.com\/yprofloor\/wp-content\/uploads\/2025\/07\/Accessories.jpg","contentUrl":"https:\/\/files.baitcdn.com\/yprofloor\/wp-content\/uploads\/2025\/07\/Accessories.jpg","width":1000,"height":1000,"caption":"Accessories"},{"@type":"BreadcrumbList","@id":"https:\/\/yprofloor.com\/es\/producto\/accesorios\/#breadcrumb","itemListElement":[{"@type":"ListItem","position":1,"name":"Home","item":"https:\/\/yprofloor.com\/es\/hogar\/"},{"@type":"ListItem","position":2,"name":"Tienda","item":"https:\/\/yprofloor.com\/es\/tienda\/"},{"@type":"ListItem","position":3,"name":"Accesorios"}]},{"@type":"WebSite","@id":"https:\/\/yprofloor.com\/es\/#website","url":"https:\/\/yprofloor.com\/es\/","name":"SPC Flooring","description":"Anti-Scratch, Waterproof, Eco-Friendly, Anti-Slip, anti moth, wear resistant anti bacteria","publisher":{"@id":"https:\/\/yprofloor.com\/es\/#organization"},"potentialAction":[{"@type":"SearchAction","target":{"@type":"EntryPoint","urlTemplate":"https:\/\/yprofloor.com\/es\/?s={search_term_string}"},"query-input":{"@type":"PropertyValueSpecification","valueRequired":true,"valueName":"search_term_string"}}],"inLanguage":"es"},{"@type":"Organization","@id":"https:\/\/yprofloor.com\/es\/#organization","name":"SPC Flooring","url":"https:\/\/yprofloor.com\/es\/","logo":{"@type":"ImageObject","inLanguage":"es","@id":"https:\/\/yprofloor.com\/es\/#\/schema\/logo\/image\/","url":"https:\/\/files.baitcdn.com\/yprofloor\/wp-content\/uploads\/2026\/04\/floor-tiling-logo.png","contentUrl":"https:\/\/files.baitcdn.com\/yprofloor\/wp-content\/uploads\/2026\/04\/floor-tiling-logo.png","width":400,"height":400,"caption":"SPC Flooring"},"image":{"@id":"https:\/\/yprofloor.com\/es\/#\/schema\/logo\/image\/"}}]}},"_links":{"self":[{"href":"https:\/\/yprofloor.com\/es\/wp-json\/wp\/v2\/product\/3510","targetHints":{"allow":["GET"]}}],"collection":[{"href":"https:\/\/yprofloor.com\/es\/wp-json\/wp\/v2\/product"}],"about":[{"href":"https:\/\/yprofloor.com\/es\/wp-json\/wp\/v2\/types\/product"}],"wp:featuredmedia":[{"embeddable":true,"href":"https:\/\/yprofloor.com\/es\/wp-json\/wp\/v2\/media\/2100"}],"wp:attachment":[{"href":"https:\/\/yprofloor.com\/es\/wp-json\/wp\/v2\/media?parent=3510"}],"wp:term":[{"taxonomy":"product_brand","embeddable":true,"href":"https:\/\/yprofloor.com\/es\/wp-json\/wp\/v2\/product_brand?post=3510"},{"taxonomy":"product_cat","embeddable":true,"href":"https:\/\/yprofloor.com\/es\/wp-json\/wp\/v2\/product_cat?post=3510"},{"taxonomy":"product_tag","embeddable":true,"href":"https:\/\/yprofloor.com\/es\/wp-json\/wp\/v2\/product_tag?post=3510"}],"curies":[{"name":"wp","href":"https:\/\/api.w.org\/{rel}","templated":true}]}}