{"id":3535,"date":"2025-05-09T10:50:21","date_gmt":"2025-05-09T10:50:21","guid":{"rendered":"https:\/\/yprofloor.com\/product\/rodapies-spc\/"},"modified":"2025-05-09T10:50:21","modified_gmt":"2025-05-09T10:50:21","slug":"rodapies-spc","status":"publish","type":"product","link":"https:\/\/yprofloor.com\/es\/producto\/rodapies-spc\/","title":{"rendered":"Rodapi\u00e9s SPC"},"content":{"rendered":"<div style=\"font-family: Arial, sans-serif; font-size: 16px; line-height: 1.8;\">\n<h2 style=\"font-size: 32px; color: #baa883; margin-bottom: 20px; border-left: 6px solid #BAA883; padding-left: 16px;\">\u00bfQu\u00e9 son los rodapi\u00e9s SPC?<\/h2>\n<div style=\"margin-bottom: 40px;\">\n<p>Los rodapi\u00e9s SPC (Rodapi\u00e9s de Compuesto de Piedra y Pl\u00e1stico) son molduras decorativas y protectoras para la base de las paredes, fabricadas con un n\u00facleo r\u00edgido de polvo de piedra caliza y PVC. Dise\u00f1ados para cubrir la junta entre paredes y suelos, los rodapi\u00e9s SPC proporcionan un acabado impecable a la vez que protegen las paredes de posibles da\u00f1os. <\/p>\n<p>En comparaci\u00f3n con los rodapi\u00e9s tradicionales de madera o MDF, los rodapi\u00e9s de SPC ofrecen un rendimiento superior en cuanto a impermeabilidad, durabilidad y f\u00e1cil mantenimiento.<\/p>\n<p><img fetchpriority=\"high\" decoding=\"async\" class=\"wp-image-3305 size-full aligncenter\" src=\"https:\/\/files.baitcdn.com\/yprofloor\/wp-content\/uploads\/2025\/05\/spc-skirting-board-surface-detail.webp\" alt=\"Rodapi\u00e9s SPC para decoraci\u00f3n de interiores moderna\" width=\"1200\" height=\"420\" srcset=\"https:\/\/files.baitcdn.com\/yprofloor\/wp-content\/uploads\/2025\/05\/spc-skirting-board-surface-detail.webp 1200w, https:\/\/files.baitcdn.com\/yprofloor\/wp-content\/uploads\/2025\/05\/spc-skirting-board-surface-detail-300x105.webp 300w, https:\/\/files.baitcdn.com\/yprofloor\/wp-content\/uploads\/2025\/05\/spc-skirting-board-surface-detail-1024x358.webp 1024w, https:\/\/files.baitcdn.com\/yprofloor\/wp-content\/uploads\/2025\/05\/spc-skirting-board-surface-detail-768x269.webp 768w, https:\/\/files.baitcdn.com\/yprofloor\/wp-content\/uploads\/2025\/05\/spc-skirting-board-surface-detail-150x53.webp 150w\" sizes=\"(max-width: 1200px) 100vw, 1200px\" \/><\/p>\n<\/div>\n<div style=\"height: 4px; background-color: #f0e6dc; transition: background-color 0.3s ease;\"><\/div>\n<div style=\"margin: 50px 0;\">\n<h2 style=\"font-size: 32px; color: #baa883; margin-bottom: 20px; border-left: 6px solid #BAA883; padding-left: 16px;\">Especificaciones del producto<\/h2>\n<div style=\"background: #fff;\">\n<table style=\"width: 100%; border-collapse: collapse;\">\n<tbody>\n<tr style=\"background-color: #f9f5f0;\">\n<td style=\"padding: 16px 20px; font-weight: 600; color: #baa883; width: 40%; border: 1px solid #eee;\">Elemento<\/td>\n<td style=\"padding: 16px 20px; border: 1px solid #eee;\">Par\u00e1metro<\/td>\n<\/tr>\n<tr>\n<td style=\"padding: 16px 20px; font-weight: 600; color: #baa883; border: 1px solid #eee;\">Material<\/td>\n<td style=\"padding: 16px 20px; border: 1px solid #eee;\">Compuesto pl\u00e1stico de piedra (SPC)<\/td>\n<\/tr>\n<tr style=\"background-color: #f9f5f0;\">\n<td style=\"padding: 16px 20px; font-weight: 600; color: #baa883; border: 1px solid #eee;\">Altura<\/td>\n<td style=\"padding: 16px 20px; border: 1px solid #eee;\">60 mm \/ 80 mm \/ 100 mm \/ Personalizada<\/td>\n<\/tr>\n<tr>\n<td style=\"padding: 16px 20px; font-weight: 600; color: #baa883; border: 1px solid #eee;\">Grosor<\/td>\n<td style=\"padding: 16px 20px; border: 1px solid #eee;\">10 mm \/ 12 mm \/ Personalizado<\/td>\n<\/tr>\n<tr style=\"background-color: #f9f5f0;\">\n<td style=\"padding: 16px 20px; font-weight: 600; color: #baa883; border: 1px solid #eee;\">Longitud<\/td>\n<td style=\"padding: 16px 20px; border: 1px solid #eee;\">2400 mm \/ 2800 mm \/ Personalizada<\/td>\n<\/tr>\n<tr>\n<td style=\"padding: 16px 20px; font-weight: 600; color: #baa883; border: 1px solid #eee;\">Superficie<\/td>\n<td style=\"padding: 16px 20px; border: 1px solid #eee;\">Pel\u00edcula de PVC \/ Recubrimiento UV<\/td>\n<\/tr>\n<tr style=\"background-color: #f9f5f0;\">\n<td style=\"padding: 16px 20px; font-weight: 600; color: #baa883; border: 1px solid #eee;\">Instalaci\u00f3n<\/td>\n<td style=\"padding: 16px 20px; border: 1px solid #eee;\">Pegamento \/ Clavo \/ Clip<\/td>\n<\/tr>\n<tr>\n<td style=\"padding: 16px 20px; font-weight: 600; color: #baa883; border: 1px solid #eee;\">Resistente al agua<\/td>\n<td style=\"padding: 16px 20px; border: 1px solid #eee;\">S\u00ed<\/td>\n<\/tr>\n<\/tbody>\n<\/table>\n<\/div>\n<\/div>\n<div style=\"height: 4px; background-color: #f0e6dc; margin: 40px 0 40px 0px; transition: background-color 0.3s ease;\"><\/div>\n<div style=\"margin: 50px 0;\">\n<div style=\"margin: 50px 0;\">\n<h2 style=\"font-size: 32px; color: #baa883; margin-bottom: 20px; border-left: 6px solid #BAA883; padding-left: 16px;\"><strong>Ventajas de los rodapi\u00e9s SPC<\/strong><\/h2>\n<p>Los rodapi\u00e9s SPC ofrecen varias ventajas en comparaci\u00f3n con los materiales de rodapi\u00e9 tradicionales.<\/p>\n<ul style=\"padding-left: 40px;\">\n<li>M\u00e1s resistente a la humedad que los rodapi\u00e9s de MDF.<\/li>\n<li>More durable and impact-resistant than wooden skirting<\/li>\n<li>M\u00e1s estable y menos propenso a la deformaci\u00f3n o al agrietamiento.<\/li>\n<li>F\u00e1cil de limpiar y de bajo mantenimiento.<\/li>\n<li>Adecuado tanto para interiores residenciales como comerciales.<\/li>\n<\/ul>\n<p>Es una soluci\u00f3n ideal para rematar las transiciones entre pared y suelo, ya que proporciona una protecci\u00f3n duradera a la vez que realza el dise\u00f1o interior general.<\/p>\n<div style=\"height: 4px; background-color: #f0e6dc; transition: background-color 0.3s ease;\"><\/div>\n<h2 style=\"font-size: 32px; color: #baa883; margin-bottom: 20px; border-left: 6px solid #BAA883; padding-left: 16px;\">Aplicaciones de los rodapi\u00e9s SPC<\/h2>\n<div style=\"display: flex; flex-wrap: wrap; gap: 40px; align-items: center;\">\n<div style=\"flex: 1; min-width: 400px;\">\n<ol style=\"font-size: 18px; line-height: 1.8; color: #555; padding-left: 20px;\">\n<li style=\"margin-bottom: 16px;\">Sala de estar: Estos paneles proporcionan una transici\u00f3n fluida y elegante entre pisos y paredes, realzando el dise\u00f1o interior en general. Adem\u00e1s, protegen las paredes de los impactos de los muebles, el polvo y el desgaste diario.<\/li>\n<li style=\"margin-bottom: 16px;\">Dormitorio: En los dormitorios, los z\u00f3calos aportan un toque final elegante y contribuyen a mantener un ambiente ordenado y confortable. Su superficie lisa evita la acumulaci\u00f3n de polvo y facilita la limpieza.<\/li>\n<li style=\"margin-bottom: 16px;\">Cocina: Las cocinas requieren materiales resistentes a la humedad, el aceite y las manchas. Los z\u00f3calos de SPC son ideales gracias a sus propiedades impermeables y de f\u00e1cil limpieza.<\/li>\n<li style=\"margin-bottom: 16px;\">Espacios de oficina: Los z\u00f3calos SPC mejoran los entornos profesionales al proporcionar un acabado de pared limpio y moderno, a la vez que protegen las paredes de los da\u00f1os causados por los muebles de oficina.<\/li>\n<li style=\"margin-bottom: 16px;\"><strong style=\"color: #baa883;\">Proyectos de renovaci\u00f3n: <\/strong>Los z\u00f3calos SPC se pueden instalar directamente sobre las superficies existentes, lo que los hace ideales para proyectos de renovaci\u00f3n y remodelaci\u00f3n.<\/li>\n<\/ol>\n<\/div>\n<\/div>\n<div style=\"height: 4px; background-color: #f0e6dc; margin: 40px 0 40px 0px; transition: background-color 0.3s ease;\"><\/div>\n<h2 style=\"font-size: 32px; color: #baa883; margin-bottom: 20px; border-left: 6px solid #BAA883; padding-left: 16px;\">Caracter\u00edsticas principales<\/h2>\n<div style=\"display: grid; grid-template-columns: repeat(auto-fit, minmax(280px, 1fr)); gap: 20px;\">\n<div style=\"background: #f9f5f0; padding: 24px; border-radius: 8px;\">\n<h3 style=\"color: #baa883; font-size: 20px; margin-bottom: 10px;\">100% impermeable<\/h3>\n<p>Ideal para ambientes h\u00famedos como ba\u00f1os, cocinas y s\u00f3tanos.<\/p>\n<\/div>\n<div style=\"background: #f9f5f0; padding: 24px; border-radius: 8px;\">\n<h3 style=\"color: #baa883; font-size: 20px; margin-bottom: 10px;\">Duradero y resistente a los impactos<\/h3>\n<p>Resistente a ara\u00f1azos, abolladuras y al desgaste diario, lo que garantiza una larga vida \u00fatil.<\/p>\n<\/div>\n<div style=\"background: #f9f5f0; padding: 24px; border-radius: 8px;\">\n<h3 style=\"color: #baa883; font-size: 20px; margin-bottom: 10px;\">Material ecol\u00f3gico<\/h3>\n<p>Libre de formaldeh\u00eddo y seguro para uso en interiores.<\/p>\n<\/div>\n<div style=\"background: #f9f5f0; padding: 24px; border-radius: 8px;\">\n<h3 style=\"color: #baa883; font-size: 20px; margin-bottom: 10px;\">F\u00e1cil instalaci\u00f3n<\/h3>\n<p>Can be installed with glue, nails, or clips, saving time and labor costs.<\/p>\n<\/div>\n<div style=\"background: #f9f5f0; padding: 24px; border-radius: 8px;\">\n<h3 style=\"color: #baa883; font-size: 20px; margin-bottom: 10px;\">Bajo mantenimiento<\/h3>\n<p>No necesita pintura; se limpia f\u00e1cilmente con un pa\u00f1o h\u00famedo.<\/p>\n<\/div>\n<div style=\"background: #f9f5f0; padding: 24px; border-radius: 8px;\">\n<h3 style=\"color: #baa883; font-size: 20px; margin-bottom: 10px;\">Dise\u00f1os con estilo<\/h3>\n<p><span style=\"color: #000000;\">Disponible en una amplia gama de acabados:<\/span><\/p>\n<ul style=\"padding-left: 40px;\">\n<li>veta de madera<\/li>\n<li>Efecto m\u00e1rmol<\/li>\n<li>Colores s\u00f3lidos<\/li>\n<li>Matte or glossy surfaces<\/li>\n<\/ul>\n<\/div>\n<\/div>\n<\/div>\n<\/div>\n<\/div>\n<div style=\"font-family: 'Segoe UI', Roboto, Arial, sans-serif;\">\n<div style=\"height: 4px; background-color: #f0e6dc; margin: 40px 0 40px 0px; transition: background-color 0.3s ease;\"><\/div>\n<h2 style=\"font-size: 32px; color: #baa883; margin-bottom: 20px; border-left: 6px solid #BAA883; padding-left: 16px;\">\u00bfPor qu\u00e9 elegirnos?<\/h2>\n<p>We provide high-quality building materials with strict quality control and stable production capacity. Our products are designed to meet international standards and support customized solutions for a wide range of project requirements. <\/p>\n<p>Nos centramos en la durabilidad, la precisi\u00f3n artesanal y el rendimiento a largo plazo para garantizar una protecci\u00f3n fiable y un acabado impecable, mejorando la est\u00e9tica general del interior y la competitividad en el mercado.<\/p>\n<p>&nbsp;<\/p>\n<p><img decoding=\"async\" class=\"alignnone size-full wp-image-3280\" src=\"https:\/\/files.baitcdn.com\/yprofloor\/wp-content\/uploads\/2025\/07\/company-certificates.webp\" alt=\"certificados\" width=\"1200\" height=\"463\" srcset=\"https:\/\/files.baitcdn.com\/yprofloor\/wp-content\/uploads\/2025\/07\/company-certificates.webp 1200w, https:\/\/files.baitcdn.com\/yprofloor\/wp-content\/uploads\/2025\/07\/company-certificates-300x116.webp 300w, https:\/\/files.baitcdn.com\/yprofloor\/wp-content\/uploads\/2025\/07\/company-certificates-1024x395.webp 1024w, https:\/\/files.baitcdn.com\/yprofloor\/wp-content\/uploads\/2025\/07\/company-certificates-768x296.webp 768w, https:\/\/files.baitcdn.com\/yprofloor\/wp-content\/uploads\/2025\/07\/company-certificates-150x58.webp 150w\" sizes=\"(max-width: 1200px) 100vw, 1200px\" \/><\/p>\n<div style=\"height: 4px; background-color: #f0e6dc; margin: 40px 0 40px 0px; transition: background-color 0.3s ease;\"><\/div>\n<h2 style=\"font-size: 32px; color: #baa883; margin-bottom: 20px; border-left: 6px solid #BAA883; padding-left: 16px;\">Preguntas frecuentes (FAQ)<\/h2>\n<div style=\"display: flex; flex-direction: column; gap: 16px;\">\n<div style=\"background: #f9f5f0; padding: 24px; border-radius: 8px;\">\n<h3 style=\"color: #baa883; font-size: 20px; margin-bottom: 10px;\">What is the main purpose of skirting boards?<\/h3>\n<p style=\"line-height: 1.6; color: #555;\">Skirting boards protect the lower part of the walls from damage and help cover the gap between the wall and the floor, providing a neat and finished look to the room.<\/p>\n<\/div>\n<div style=\"background: #f9f5f0; padding: 24px; border-radius: 8px;\">\n<h3 style=\"color: #baa883; font-size: 20px; margin-bottom: 10px;\">\u00bfC\u00f3mo limpio y mantengo los z\u00f3calos?<\/h3>\n<p style=\"line-height: 1.6; color: #555;\">Limpiar los z\u00f3calos es sencillo: basta con pasarles un pa\u00f1o h\u00famedo. Evite usar productos de limpieza agresivos o herramientas abrasivas. La limpieza regular ayuda a mantener su buen aspecto con el paso del tiempo.  <\/p>\n<\/div>\n<div style=\"background: #f9f5f0; padding: 24px; border-radius: 8px;\">\n<h3 style=\"color: #baa883; font-size: 20px; margin-bottom: 10px;\"> <strong>\u00bfEs f\u00e1cil instalar los z\u00f3calos?<\/strong><\/h3>\n<p style=\"line-height: 1.6; color: #555;\">Most modern skirting boards are designed for easy installation, with many options that feature simple adhesive or click-lock systems, making DIY installation quick and hassle-free.<\/p>\n<\/div>\n<div style=\"background: #f9f5f0; padding: 24px; border-radius: 8px;\">\n<h3 style=\"color: #baa883; font-size: 20px; margin-bottom: 10px;\">\u00bfPuedo personalizar el tama\u00f1o y el color?<\/h3>\n<p style=\"line-height: 1.6; color: #555;\">Yes, we offer OEM and customization services.<\/p>\n<\/div>\n<\/div>\n<\/div>\n","protected":false},"excerpt":{"rendered":"<p>Los rodapi\u00e9s SPC (Rodapi\u00e9s de Compuesto de Piedra y Pl\u00e1stico) son una soluci\u00f3n moderna y duradera para el acabado de paredes, dise\u00f1ada para cubrir juntas de dilataci\u00f3n y proteger las paredes, a la vez que realza la est\u00e9tica interior. Proporcionan una transici\u00f3n limpia y uniforme entre el suelo y la pared. <\/p>\n<p><strong>Ventajas:<\/strong><\/p>\n<ul style=\"padding-left: 40px;\">\n<li>100% impermeable, ideal para cocinas, ba\u00f1os y zonas propensas a la humedad.<\/li>\n<li>Protege las paredes de ara\u00f1azos, impactos y desgaste diario.<\/li>\n<li>N\u00facleo r\u00edgido y estable con excelente durabilidad y larga vida \u00fatil.<\/li>\n<li>F\u00e1cil instalaci\u00f3n con sistemas adhesivos o de clip.<\/li>\n<li>Superficie de bajo mantenimiento y f\u00e1cil de limpiar<\/li>\n<li>Oculta las juntas de dilataci\u00f3n para un acabado limpio y profesional.<\/li>\n<li>Disponible en varios colores y acabados para combinar con los estilos de suelos y paredes.<\/li>\n<\/ul>\n","protected":false},"featured_media":2097,"template":"","meta":{"_acf_changed":false},"product_brand":[],"product_cat":[92],"product_tag":[],"class_list":{"0":"post-3535","1":"product","2":"type-product","3":"status-publish","4":"has-post-thumbnail","6":"product_cat-rodapies-spc","8":"first","9":"instock","10":"shipping-taxable","11":"product-type-simple"},"acf":[],"yoast_head":"<!-- This site is optimized with the Yoast SEO plugin v27.3 - https:\/\/yoast.com\/product\/yoast-seo-wordpress\/ -->\n<title>Rodapi\u00e9s SPC - Floor Tiling<\/title>\n<meta name=\"description\" content=\"Los z\u00f3calos SPC son molduras de base de pared impermeables y duraderas, de f\u00e1cil instalaci\u00f3n y que requieren poco mantenimiento para interiores modernos.\" \/>\n<meta name=\"robots\" content=\"index, follow, max-snippet:-1, max-image-preview:large, max-video-preview:-1\" \/>\n<link rel=\"canonical\" href=\"https:\/\/yprofloor.com\/es\/producto\/rodapies-spc\/\" \/>\n<meta property=\"og:locale\" content=\"es_ES\" \/>\n<meta property=\"og:type\" content=\"article\" \/>\n<meta property=\"og:title\" content=\"Rodapi\u00e9s SPC - Floor Tiling\" \/>\n<meta property=\"og:description\" content=\"Los z\u00f3calos SPC son molduras de base de pared impermeables y duraderas, de f\u00e1cil instalaci\u00f3n y que requieren poco mantenimiento para interiores modernos.\" \/>\n<meta property=\"og:url\" content=\"https:\/\/yprofloor.com\/es\/producto\/rodapies-spc\/\" \/>\n<meta property=\"og:site_name\" content=\"Floor Tiling\" \/>\n<meta property=\"og:image\" content=\"https:\/\/files.baitcdn.com\/yprofloor\/wp-content\/uploads\/2025\/07\/SPC-skirting-boards.jpg\" \/>\n\t<meta property=\"og:image:width\" content=\"1000\" \/>\n\t<meta property=\"og:image:height\" content=\"1000\" \/>\n\t<meta property=\"og:image:type\" content=\"image\/jpeg\" \/>\n<meta name=\"twitter:card\" content=\"summary_large_image\" \/>\n<meta name=\"twitter:label1\" content=\"Tiempo de lectura\" \/>\n\t<meta name=\"twitter:data1\" content=\"4 minutos\" \/>\n<script type=\"application\/ld+json\" class=\"yoast-schema-graph\">{\"@context\":\"https:\\\/\\\/schema.org\",\"@graph\":[{\"@type\":\"WebPage\",\"@id\":\"https:\\\/\\\/yprofloor.com\\\/es\\\/producto\\\/rodapies-spc\\\/\",\"url\":\"https:\\\/\\\/yprofloor.com\\\/es\\\/producto\\\/rodapies-spc\\\/\",\"name\":\"Rodapi\u00e9s SPC - Floor Tiling\",\"isPartOf\":{\"@id\":\"https:\\\/\\\/yprofloor.com\\\/es\\\/#website\"},\"primaryImageOfPage\":{\"@id\":\"https:\\\/\\\/yprofloor.com\\\/es\\\/producto\\\/rodapies-spc\\\/#primaryimage\"},\"image\":{\"@id\":\"https:\\\/\\\/yprofloor.com\\\/es\\\/producto\\\/rodapies-spc\\\/#primaryimage\"},\"thumbnailUrl\":\"https:\\\/\\\/files.baitcdn.com\\\/yprofloor\\\/wp-content\\\/uploads\\\/2025\\\/07\\\/SPC-skirting-boards.jpg\",\"datePublished\":\"2025-05-09T10:50:21+00:00\",\"description\":\"Los z\u00f3calos SPC son molduras de base de pared impermeables y duraderas, de f\u00e1cil instalaci\u00f3n y que requieren poco mantenimiento para interiores modernos.\",\"breadcrumb\":{\"@id\":\"https:\\\/\\\/yprofloor.com\\\/es\\\/producto\\\/rodapies-spc\\\/#breadcrumb\"},\"inLanguage\":\"es\",\"potentialAction\":[{\"@type\":\"ReadAction\",\"target\":[\"https:\\\/\\\/yprofloor.com\\\/es\\\/producto\\\/rodapies-spc\\\/\"]}]},{\"@type\":\"ImageObject\",\"inLanguage\":\"es\",\"@id\":\"https:\\\/\\\/yprofloor.com\\\/es\\\/producto\\\/rodapies-spc\\\/#primaryimage\",\"url\":\"https:\\\/\\\/files.baitcdn.com\\\/yprofloor\\\/wp-content\\\/uploads\\\/2025\\\/07\\\/SPC-skirting-boards.jpg\",\"contentUrl\":\"https:\\\/\\\/files.baitcdn.com\\\/yprofloor\\\/wp-content\\\/uploads\\\/2025\\\/07\\\/SPC-skirting-boards.jpg\",\"width\":1000,\"height\":1000,\"caption\":\"SPC skirting boards\"},{\"@type\":\"BreadcrumbList\",\"@id\":\"https:\\\/\\\/yprofloor.com\\\/es\\\/producto\\\/rodapies-spc\\\/#breadcrumb\",\"itemListElement\":[{\"@type\":\"ListItem\",\"position\":1,\"name\":\"Home\",\"item\":\"https:\\\/\\\/yprofloor.com\\\/es\\\/hogar\\\/\"},{\"@type\":\"ListItem\",\"position\":2,\"name\":\"Tienda\",\"item\":\"https:\\\/\\\/yprofloor.com\\\/es\\\/tienda\\\/\"},{\"@type\":\"ListItem\",\"position\":3,\"name\":\"Rodapi\u00e9s SPC\"}]},{\"@type\":\"WebSite\",\"@id\":\"https:\\\/\\\/yprofloor.com\\\/es\\\/#website\",\"url\":\"https:\\\/\\\/yprofloor.com\\\/es\\\/\",\"name\":\"SPC Flooring\",\"description\":\"Anti-Scratch, Waterproof, Eco-Friendly, Anti-Slip, anti moth, wear resistant anti bacteria\",\"publisher\":{\"@id\":\"https:\\\/\\\/yprofloor.com\\\/es\\\/#organization\"},\"potentialAction\":[{\"@type\":\"SearchAction\",\"target\":{\"@type\":\"EntryPoint\",\"urlTemplate\":\"https:\\\/\\\/yprofloor.com\\\/es\\\/?s={search_term_string}\"},\"query-input\":{\"@type\":\"PropertyValueSpecification\",\"valueRequired\":true,\"valueName\":\"search_term_string\"}}],\"inLanguage\":\"es\"},{\"@type\":\"Organization\",\"@id\":\"https:\\\/\\\/yprofloor.com\\\/es\\\/#organization\",\"name\":\"SPC Flooring\",\"url\":\"https:\\\/\\\/yprofloor.com\\\/es\\\/\",\"logo\":{\"@type\":\"ImageObject\",\"inLanguage\":\"es\",\"@id\":\"https:\\\/\\\/yprofloor.com\\\/es\\\/#\\\/schema\\\/logo\\\/image\\\/\",\"url\":\"https:\\\/\\\/files.baitcdn.com\\\/yprofloor\\\/wp-content\\\/uploads\\\/2026\\\/04\\\/floor-tiling-logo.png\",\"contentUrl\":\"https:\\\/\\\/files.baitcdn.com\\\/yprofloor\\\/wp-content\\\/uploads\\\/2026\\\/04\\\/floor-tiling-logo.png\",\"width\":400,\"height\":400,\"caption\":\"SPC Flooring\"},\"image\":{\"@id\":\"https:\\\/\\\/yprofloor.com\\\/es\\\/#\\\/schema\\\/logo\\\/image\\\/\"}}]}<\/script>\n<!-- \/ Yoast SEO plugin. -->","yoast_head_json":{"title":"Rodapi\u00e9s SPC - Floor Tiling","description":"Los z\u00f3calos SPC son molduras de base de pared impermeables y duraderas, de f\u00e1cil instalaci\u00f3n y que requieren poco mantenimiento para interiores modernos.","robots":{"index":"index","follow":"follow","max-snippet":"max-snippet:-1","max-image-preview":"max-image-preview:large","max-video-preview":"max-video-preview:-1"},"canonical":"https:\/\/yprofloor.com\/es\/producto\/rodapies-spc\/","og_locale":"es_ES","og_type":"article","og_title":"Rodapi\u00e9s SPC - Floor Tiling","og_description":"Los z\u00f3calos SPC son molduras de base de pared impermeables y duraderas, de f\u00e1cil instalaci\u00f3n y que requieren poco mantenimiento para interiores modernos.","og_url":"https:\/\/yprofloor.com\/es\/producto\/rodapies-spc\/","og_site_name":"Floor Tiling","og_image":[{"width":1000,"height":1000,"url":"https:\/\/files.baitcdn.com\/yprofloor\/wp-content\/uploads\/2025\/07\/SPC-skirting-boards.jpg","type":"image\/jpeg"}],"twitter_card":"summary_large_image","twitter_misc":{"Tiempo de lectura":"4 minutos"},"schema":{"@context":"https:\/\/schema.org","@graph":[{"@type":"WebPage","@id":"https:\/\/yprofloor.com\/es\/producto\/rodapies-spc\/","url":"https:\/\/yprofloor.com\/es\/producto\/rodapies-spc\/","name":"Rodapi\u00e9s SPC - Floor Tiling","isPartOf":{"@id":"https:\/\/yprofloor.com\/es\/#website"},"primaryImageOfPage":{"@id":"https:\/\/yprofloor.com\/es\/producto\/rodapies-spc\/#primaryimage"},"image":{"@id":"https:\/\/yprofloor.com\/es\/producto\/rodapies-spc\/#primaryimage"},"thumbnailUrl":"https:\/\/files.baitcdn.com\/yprofloor\/wp-content\/uploads\/2025\/07\/SPC-skirting-boards.jpg","datePublished":"2025-05-09T10:50:21+00:00","description":"Los z\u00f3calos SPC son molduras de base de pared impermeables y duraderas, de f\u00e1cil instalaci\u00f3n y que requieren poco mantenimiento para interiores modernos.","breadcrumb":{"@id":"https:\/\/yprofloor.com\/es\/producto\/rodapies-spc\/#breadcrumb"},"inLanguage":"es","potentialAction":[{"@type":"ReadAction","target":["https:\/\/yprofloor.com\/es\/producto\/rodapies-spc\/"]}]},{"@type":"ImageObject","inLanguage":"es","@id":"https:\/\/yprofloor.com\/es\/producto\/rodapies-spc\/#primaryimage","url":"https:\/\/files.baitcdn.com\/yprofloor\/wp-content\/uploads\/2025\/07\/SPC-skirting-boards.jpg","contentUrl":"https:\/\/files.baitcdn.com\/yprofloor\/wp-content\/uploads\/2025\/07\/SPC-skirting-boards.jpg","width":1000,"height":1000,"caption":"SPC skirting boards"},{"@type":"BreadcrumbList","@id":"https:\/\/yprofloor.com\/es\/producto\/rodapies-spc\/#breadcrumb","itemListElement":[{"@type":"ListItem","position":1,"name":"Home","item":"https:\/\/yprofloor.com\/es\/hogar\/"},{"@type":"ListItem","position":2,"name":"Tienda","item":"https:\/\/yprofloor.com\/es\/tienda\/"},{"@type":"ListItem","position":3,"name":"Rodapi\u00e9s SPC"}]},{"@type":"WebSite","@id":"https:\/\/yprofloor.com\/es\/#website","url":"https:\/\/yprofloor.com\/es\/","name":"SPC Flooring","description":"Anti-Scratch, Waterproof, Eco-Friendly, Anti-Slip, anti moth, wear resistant anti bacteria","publisher":{"@id":"https:\/\/yprofloor.com\/es\/#organization"},"potentialAction":[{"@type":"SearchAction","target":{"@type":"EntryPoint","urlTemplate":"https:\/\/yprofloor.com\/es\/?s={search_term_string}"},"query-input":{"@type":"PropertyValueSpecification","valueRequired":true,"valueName":"search_term_string"}}],"inLanguage":"es"},{"@type":"Organization","@id":"https:\/\/yprofloor.com\/es\/#organization","name":"SPC Flooring","url":"https:\/\/yprofloor.com\/es\/","logo":{"@type":"ImageObject","inLanguage":"es","@id":"https:\/\/yprofloor.com\/es\/#\/schema\/logo\/image\/","url":"https:\/\/files.baitcdn.com\/yprofloor\/wp-content\/uploads\/2026\/04\/floor-tiling-logo.png","contentUrl":"https:\/\/files.baitcdn.com\/yprofloor\/wp-content\/uploads\/2026\/04\/floor-tiling-logo.png","width":400,"height":400,"caption":"SPC Flooring"},"image":{"@id":"https:\/\/yprofloor.com\/es\/#\/schema\/logo\/image\/"}}]}},"_links":{"self":[{"href":"https:\/\/yprofloor.com\/es\/wp-json\/wp\/v2\/product\/3535","targetHints":{"allow":["GET"]}}],"collection":[{"href":"https:\/\/yprofloor.com\/es\/wp-json\/wp\/v2\/product"}],"about":[{"href":"https:\/\/yprofloor.com\/es\/wp-json\/wp\/v2\/types\/product"}],"wp:featuredmedia":[{"embeddable":true,"href":"https:\/\/yprofloor.com\/es\/wp-json\/wp\/v2\/media\/2097"}],"wp:attachment":[{"href":"https:\/\/yprofloor.com\/es\/wp-json\/wp\/v2\/media?parent=3535"}],"wp:term":[{"taxonomy":"product_brand","embeddable":true,"href":"https:\/\/yprofloor.com\/es\/wp-json\/wp\/v2\/product_brand?post=3535"},{"taxonomy":"product_cat","embeddable":true,"href":"https:\/\/yprofloor.com\/es\/wp-json\/wp\/v2\/product_cat?post=3535"},{"taxonomy":"product_tag","embeddable":true,"href":"https:\/\/yprofloor.com\/es\/wp-json\/wp\/v2\/product_tag?post=3535"}],"curies":[{"name":"wp","href":"https:\/\/api.w.org\/{rel}","templated":true}]}}