{"id":3630,"date":"2026-04-11T01:47:01","date_gmt":"2026-04-11T01:47:01","guid":{"rendered":"https:\/\/yprofloor.com\/product\/moldura-en-l\/"},"modified":"2026-04-11T01:47:01","modified_gmt":"2026-04-11T01:47:01","slug":"moldura-en-l","status":"publish","type":"product","link":"https:\/\/yprofloor.com\/es\/producto\/moldura-en-l\/","title":{"rendered":"Moldura en L"},"content":{"rendered":"<div style=\"font-family: Arial, sans-serif; font-size: 16px; line-height: 1.8;\">\n<h2 style=\"color: #baa883; margin-bottom: 20px; border-left: 6px solid #BAA883; padding-left: 16px;\">What is SPC L-Moulding\uff1f<\/h2>\n<div style=\"margin-bottom: 40px;\">SPC L-Moulding (Stone Plastic Composite L Trim) is a functional and decorative edge trim designed to finish and protect exposed edges of flooring, stairs, wall bases, and door frames.Made from a combination of natural limestone powder, PVC, and stabilizers, it offers excellent durability, waterproof performance, and long-term stability.<br \/>\nIt is widely used to create clean edges and smooth transitions, enhancing both the appearance and protection of interior spaces.<br \/>\n<img fetchpriority=\"high\" decoding=\"async\" class=\"size-full wp-image-3327 aligncenter\" src=\"https:\/\/files.baitcdn.com\/yprofloor\/wp-content\/uploads\/2026\/04\/spc-l-moulding-detail-texture.webp\" alt=\"Detalle de la moldura en L de SPC que muestra la textura y la estructura de la superficie.\" width=\"1200\" height=\"420\" srcset=\"https:\/\/files.baitcdn.com\/yprofloor\/wp-content\/uploads\/2026\/04\/spc-l-moulding-detail-texture.webp 1200w, https:\/\/files.baitcdn.com\/yprofloor\/wp-content\/uploads\/2026\/04\/spc-l-moulding-detail-texture-300x105.webp 300w, https:\/\/files.baitcdn.com\/yprofloor\/wp-content\/uploads\/2026\/04\/spc-l-moulding-detail-texture-1024x358.webp 1024w, https:\/\/files.baitcdn.com\/yprofloor\/wp-content\/uploads\/2026\/04\/spc-l-moulding-detail-texture-768x269.webp 768w, https:\/\/files.baitcdn.com\/yprofloor\/wp-content\/uploads\/2026\/04\/spc-l-moulding-detail-texture-150x53.webp 150w\" sizes=\"(max-width: 1200px) 100vw, 1200px\" \/><\/div>\n<div style=\"height: 4px; background-color: #f0e6dc;\"><\/div>\n<div style=\"margin: 50px 0;\">\n<h2 style=\"color: #baa883; margin-bottom: 20px; border-left: 6px solid #BAA883; padding-left: 16px;\">Especificaciones del producto<\/h2>\n<div style=\"background: #fff;\">\n<table style=\"width: 100%; border-collapse: collapse;\">\n<tbody>\n<tr style=\"background-color: #f9f5f0;\">\n<td style=\"padding: 16px 20px; font-weight: 600; color: #baa883; width: 40%; border: 1px solid #eee;\">Elemento<\/td>\n<td style=\"padding: 16px 20px; border: 1px solid #eee;\">Par\u00e1metro<\/td>\n<\/tr>\n<tr>\n<td style=\"padding: 16px 20px; font-weight: 600; color: #baa883; border: 1px solid #eee;\">Material<\/td>\n<td style=\"padding: 16px 20px; border: 1px solid #eee;\">Compuesto pl\u00e1stico de piedra (SPC)<\/td>\n<\/tr>\n<tr style=\"background-color: #f9f5f0;\">\n<td style=\"padding: 16px 20px; font-weight: 600; color: #baa883; border: 1px solid #eee;\">Especificaci\u00f3n<\/td>\n<td style=\"padding: 16px 20px; border: 1px solid #eee;\">2400&#215;19,5x8mm<\/td>\n<\/tr>\n<tr>\n<td style=\"padding: 16px 20px; font-weight: 600; color: #baa883; border: 1px solid #eee;\">Cantidad por paquete<\/td>\n<td style=\"padding: 16px 20px; border: 1px solid #eee;\">25 unidades\/caja<\/td>\n<\/tr>\n<tr style=\"background-color: #f9f5f0;\">\n<td style=\"padding: 16px 20px; font-weight: 600; color: #baa883; border: 1px solid #eee;\">M\u00e9todo de instalaci\u00f3n<\/td>\n<td style=\"padding: 16px 20px; border: 1px solid #eee;\">pegamento<\/td>\n<\/tr>\n<tr>\n<td style=\"padding: 16px 20px; font-weight: 600; color: #baa883; border: 1px solid #eee;\">Resistente al aguaS\u00ed<\/td>\n<td style=\"padding: 16px 20px; border: 1px solid #eee;\">S\u00ed<\/td>\n<\/tr>\n<tr style=\"background-color: #f9f5f0;\">\n<td style=\"padding: 16px 20px; font-weight: 600; color: #baa883; border: 1px solid #eee;\">Aplicaci\u00f3n<\/td>\n<td style=\"padding: 16px 20px; border: 1px solid #eee;\">Acabado y protecci\u00f3n de bordes<\/td>\n<\/tr>\n<\/tbody>\n<\/table>\n<\/div>\n<\/div>\n<div style=\"height: 4px; background-color: #f0e6dc; margin: 40px 0;\"><\/div>\n<div style=\"margin: 50px 0;\">\n<h2 style=\"color: #baa883; margin-bottom: 20px; border-left: 6px solid #BAA883; padding-left: 16px;\">\u00bfPara qu\u00e9 se utiliza una moldura en forma de L?<\/h2>\n<div style=\"display: flex; flex-wrap: wrap; gap: 40px; align-items: center;\">\n<div style=\"flex: 1; min-width: 400px;\">\n<p>La moldura en forma de L est\u00e1 dise\u00f1ada para el acabado y la protecci\u00f3n de bordes en aplicaciones de pisos e interiores. Ayuda a crear una apariencia limpia y ordenada, a la vez que protege los bordes expuestos contra da\u00f1os, desgaste e impactos. <\/p>\n<p>&nbsp;<\/p>\n<ul style=\"padding-left: 40px;\">\n<li>Bordes del suelo: Proporciona un acabado limpio y protege los bordes expuestos del suelo contra da\u00f1os.<\/li>\n<li>Z\u00f3calos de pared: Garantizan una transici\u00f3n suave entre el suelo y los bordes de la pared.<\/li>\n<li><strong>Marcos de puertas: <\/strong>Crean transiciones limpias y profesionales alrededor de las puertas.<\/li>\n<li><strong>Bordes de escaleras: <\/strong>Mejora la durabilidad y protege los bordes de los escalones del desgaste.<\/li>\n<li>Transiciones de materiales: Adecuadas para conectar suelos con diferentes superficies y lograr un acabado impecable.<\/li>\n<\/ul>\n<\/div>\n<div style=\"flex: 1; min-width: 400px; padding: 24px; border-radius: 8px; text-align: center;\"><\/div>\n<\/div>\n<div style=\"height: 4px; background-color: #f0e6dc; margin: 40px 0;\"><\/div>\n<h2 style=\"color: #baa883; margin-bottom: 20px; border-left: 6px solid #BAA883; padding-left: 16px;\">Caracter\u00edsticas principales<\/h2>\n<div style=\"display: grid; grid-template-columns: repeat(auto-fit, minmax(280px, 1fr)); gap: 20px;\">\n<div style=\"background: #f9f5f0; padding: 24px; border-radius: 8px;\">\n<h3 style=\"color: #baa883; margin-bottom: 10px;\">Acabado de bordes limpios<\/h3>\n<p>Proporciona un acabado limpio y profesional en los bordes del suelo, los z\u00f3calos y los bordes de los escalones.<\/p>\n<\/div>\n<div style=\"background: #f9f5f0; padding: 24px; border-radius: 8px;\">\n<h3 style=\"color: #baa883; margin-bottom: 10px;\">Duradero y resistente a los impactos<\/h3>\n<p>Dise\u00f1ado con una estructura r\u00edgida para resistir el desgaste, los impactos y la deformaci\u00f3n con el paso del tiempo.<\/p>\n<\/div>\n<div style=\"background: #f9f5f0; padding: 24px; border-radius: 8px;\">\n<h3 style=\"color: #baa883; margin-bottom: 10px;\">Aplicaciones vers\u00e1tiles<\/h3>\n<p>Adecuado para bordes de suelos, perfiles de escaleras, marcos de puertas y esquinas de paredes.<\/p>\n<\/div>\n<div style=\"background: #f9f5f0; padding: 24px; border-radius: 8px;\">\n<h3 style=\"color: #baa883; margin-bottom: 10px;\">F\u00e1cil instalaci\u00f3n<\/h3>\n<p>Permite la instalaci\u00f3n con adhesivo para una aplicaci\u00f3n r\u00e1pida y eficiente.<\/p>\n<\/div>\n<div style=\"background: #f9f5f0; padding: 24px; border-radius: 8px;\">\n<h3 style=\"color: #baa883; margin-bottom: 10px;\">Bajo mantenimiento<\/h3>\n<p>F\u00e1cil de limpiar y requiere un mantenimiento m\u00ednimo para un uso prolongado.<\/p>\n<\/div>\n<div style=\"background: #f9f5f0; padding: 24px; border-radius: 8px;\">\n<h3 style=\"color: #baa883; margin-bottom: 10px;\">Aspecto elegante<\/h3>\n<p>Disponible en varios colores y acabados para combinar con diferentes estilos de suelo.<\/p>\n<\/div>\n<\/div>\n<\/div>\n<div style=\"margin: 50px 0;\">\n<div style=\"height: 4px; background-color: #f0e6dc; margin: 40px 0;\"><\/div>\n<h2 style=\"color: #baa883; margin-bottom: 20px; border-left: 6px solid #BAA883; padding-left: 16px;\">Opciones de materiales y dise\u00f1o<\/h2>\n<p>Nuestros productos se fabrican con materiales de alta calidad y est\u00e1n disponibles en una amplia gama de dise\u00f1os para satisfacer las diferentes necesidades de cada proyecto y estilos de interior.<\/p>\n<p>&nbsp;<\/p>\n<ol style=\"padding-left: 40px;\">\n<li>Material SPC: Fabricado con un compuesto de pl\u00e1stico y piedra que le confiere una excelente durabilidad, estabilidad y resistencia al agua.<\/li>\n<li><strong>Acabados superficiales:<\/strong> Disponibles con pel\u00edcula de PVC o recubrimiento UV para una mayor protecci\u00f3n y una apariencia duradera.<\/li>\n<li>Opciones de color: Amplia selecci\u00f3n de colores que incluyen beige, gris, marr\u00f3n y tonos personalizados.<\/li>\n<li><strong>Estilos de textura:<\/strong> vetas de madera realistas, efecto piedra y acabados lisos de color s\u00f3lido.<\/li>\n<li><strong>Personalizaci\u00f3n:<\/strong> Los tama\u00f1os, colores y acabados se pueden adaptar para satisfacer las necesidades espec\u00edficas de cada proyecto.<\/li>\n<\/ol>\n<div style=\"height: 4px; background-color: #f0e6dc; margin: 40px 0;\"><\/div>\n<h2 style=\"color: #baa883; margin-bottom: 20px; border-left: 6px solid #BAA883; padding-left: 16px;\">Beneficios del uso de molduras en L<\/h2>\n<ul style=\"padding-left: 40px;\">\n<li>Mejora la est\u00e9tica de la transici\u00f3n entre pisos.<\/li>\n<li>Protege los bordes del suelo de posibles da\u00f1os.<\/li>\n<li>Prolonga la vida \u00fatil del sistema de pisos.<\/li>\n<li>Proporciona un acabado profesional.<\/li>\n<\/ul>\n<div style=\"height: 4px; background-color: #f0e6dc; margin: 40px 0;\"><\/div>\n<h2 style=\"color: #baa883; margin-bottom: 20px; border-left: 6px solid #BAA883; padding-left: 16px;\">Aplicaciones del moldeo en L mediante SPC<\/h2>\n<h3>1. Uso residencial<\/h3>\n<ul style=\"padding-left: 40px;\">\n<li>Acabado de bordes de suelos<\/li>\n<li>Bordes de escaleras y protecci\u00f3n de escalones<\/li>\n<li>bordes del marco de la puerta<\/li>\n<li>esquinas de la base de la pared<\/li>\n<\/ul>\n<h3 data-section-id=\"cchvmv\">2. Uso comercial<\/h3>\n<ul style=\"padding-left: 40px;\">\n<li>Oficinas y \u00e1reas p\u00fablicas<\/li>\n<li>espacios comerciales<\/li>\n<li>Hoteles y pasillos<\/li>\n<\/ul>\n<p>&nbsp;<\/p>\n<p>Es ideal para zonas que requieren protecci\u00f3n de bordes y un acabado decorativo, garantizando durabilidad y un aspecto impecable.<\/p>\n<div style=\"height: 4px; background-color: #f0e6dc; margin: 40px 0;\"><\/div>\n<h2 style=\"color: #baa883; margin-bottom: 20px; border-left: 6px solid #BAA883; padding-left: 16px;\">M\u00e9todo de instalaci\u00f3n<\/h2>\n<p>Las molduras en L de SPC son f\u00e1ciles de instalar y se pueden fijar con adhesivo o un sistema de rieles. Una instalaci\u00f3n correcta garantiza un ajuste seguro y un rendimiento duradero. <\/p>\n<p>Los pasos de instalaci\u00f3n suelen incluir:<\/p>\n<ol style=\"padding-left: 40px; margin-top: 10px;\">\n<li>Limpie y prepare la superficie de instalaci\u00f3n.<\/li>\n<li>Mida y corte la moldura al tama\u00f1o requerido.<\/li>\n<li>Aplique el adhesivo de manera uniforme.<\/li>\n<li>Fije la moldura y presione firmemente.<\/li>\n<li>Deje un tiempo de curado adecuado<\/li>\n<\/ol>\n<\/div>\n<div style=\"height: 4px; background-color: #f0e6dc; margin: 40px 0;\"><\/div>\n<h2 style=\"color: #baa883; margin-bottom: 20px; border-left: 6px solid #BAA883; padding-left: 16px;\">\u00bfPor qu\u00e9 elegirnos?<\/h2>\n<p>We provide high-quality building materials with strict quality control and stable production capacity. Our products are designed to meet international standards and support customized solutions for a wide range of project requirements. <\/p>\n<p>Nos centramos en la durabilidad, la precisi\u00f3n artesanal y el rendimiento a largo plazo para garantizar una protecci\u00f3n fiable y un acabado impecable, mejorando la est\u00e9tica general del interior y la competitividad en el mercado.<\/p>\n<p>&nbsp;<\/p>\n<p><img decoding=\"async\" class=\"alignnone wp-image-3280 size-full\" src=\"https:\/\/files.baitcdn.com\/yprofloor\/wp-content\/uploads\/2025\/07\/company-certificates.webp\" alt=\"\" width=\"1200\" height=\"463\" srcset=\"https:\/\/files.baitcdn.com\/yprofloor\/wp-content\/uploads\/2025\/07\/company-certificates.webp 1200w, https:\/\/files.baitcdn.com\/yprofloor\/wp-content\/uploads\/2025\/07\/company-certificates-300x116.webp 300w, https:\/\/files.baitcdn.com\/yprofloor\/wp-content\/uploads\/2025\/07\/company-certificates-1024x395.webp 1024w, https:\/\/files.baitcdn.com\/yprofloor\/wp-content\/uploads\/2025\/07\/company-certificates-768x296.webp 768w, https:\/\/files.baitcdn.com\/yprofloor\/wp-content\/uploads\/2025\/07\/company-certificates-150x58.webp 150w\" sizes=\"(max-width: 1200px) 100vw, 1200px\" \/><\/p>\n<div style=\"height: 4px; background-color: #f0e6dc; margin: 40px 0;\"><\/div>\n<h2 style=\"color: #baa883; margin-bottom: 20px; border-left: 6px solid #BAA883; padding-left: 16px;\">Preguntas frecuentes (FAQ)<\/h2>\n<div style=\"display: flex; flex-direction: column; gap: 16px;\">\n<div style=\"background: #f9f5f0; padding: 24px; border-radius: 8px;\">\n<h3 style=\"color: #baa883;\">\u00bfPara qu\u00e9 se utiliza el moldeado en L de SPC?<\/h3>\n<p style=\"line-height: 1.8; color: #555;\">Se utiliza para el acabado y la protecci\u00f3n de los bordes de los suelos, escaleras, z\u00f3calos y marcos de puertas.<\/p>\n<\/div>\n<div style=\"background: #f9f5f0; padding: 24px; border-radius: 8px;\">\n<h3 style=\"color: #baa883;\">\u00bfPuede igualar el rendimiento de un suelo SPC?<\/h3>\n<p style=\"line-height: 1.8; color: #555;\">S\u00ed, est\u00e1 dise\u00f1ado para combinar con los suelos SPC en color y textura.<\/p>\n<\/div>\n<div style=\"background: #f9f5f0; padding: 24px; border-radius: 8px;\">\n<h3 style=\"color: #baa883;\">\u00bfEs apto para uso comercial?<\/h3>\n<p style=\"line-height: 1.8; color: #555;\">S\u00ed, es lo suficientemente resistente para zonas comerciales de mucho tr\u00e1nsito.<\/p>\n<\/div>\n<div style=\"background: #f9f5f0; padding: 24px; border-radius: 8px;\">\n<h3 style=\"color: #baa883;\">\u00bfSe puede personalizar?<\/h3>\n<p style=\"line-height: 1.8; color: #555;\">S\u00ed, ofrecemos tama\u00f1os, colores y acabados personalizados.<\/p>\n<\/div>\n<\/div>\n<\/div>\n","protected":false},"excerpt":{"rendered":"<p><strong>La moldura<\/strong> en forma de L es un perfil de borde duradero y decorativo dise\u00f1ado para proteger y dar un acabado a los bordes expuestos, proporcionando un aspecto limpio y profesional para diversas aplicaciones de interior.<\/p>\n<p><strong>Ventajas:<\/strong><\/p>\n<ul style=\"padding-left: 40px;\">\n<li>Duradero y resistente a los impactos para un uso prolongado.<\/li>\n<li>Protege los bordes del desgaste y los da\u00f1os.<\/li>\n<li>Impermeable y apto para zonas propensas a la humedad.<\/li>\n<li>F\u00e1cil de instalar y mantener<\/li>\n<li>Mejora el aspecto general con un acabado impecable.<\/li>\n<li>Ideal tanto para espacios residenciales como comerciales.<\/li>\n<\/ul>\n","protected":false},"featured_media":3324,"template":"","meta":{"_acf_changed":false},"product_brand":[],"product_cat":[86],"product_tag":[],"class_list":{"0":"post-3630","1":"product","2":"type-product","3":"status-publish","4":"has-post-thumbnail","6":"product_cat-accesorios","8":"first","9":"instock","10":"shipping-taxable","11":"product-type-simple"},"acf":[],"yoast_head":"<!-- This site is optimized with the Yoast SEO plugin v27.3 - https:\/\/yoast.com\/product\/yoast-seo-wordpress\/ -->\n<title>Moldura en L SPC | Perfil de borde impermeable para pisos - Floor Tiling<\/title>\n<meta name=\"description\" content=\"La moldura en L de SPC proporciona un acabado de bordes duradero e impermeable para suelos, escaleras y z\u00f3calos, con una f\u00e1cil instalaci\u00f3n y un rendimiento de larga duraci\u00f3n.\" \/>\n<meta name=\"robots\" content=\"index, follow, max-snippet:-1, max-image-preview:large, max-video-preview:-1\" \/>\n<link rel=\"canonical\" href=\"https:\/\/yprofloor.com\/es\/producto\/moldura-en-l\/\" \/>\n<meta property=\"og:locale\" content=\"es_ES\" \/>\n<meta property=\"og:type\" content=\"article\" \/>\n<meta property=\"og:title\" content=\"Moldura en L SPC | Perfil de borde impermeable para pisos - Floor Tiling\" \/>\n<meta property=\"og:description\" content=\"La moldura en L de SPC proporciona un acabado de bordes duradero e impermeable para suelos, escaleras y z\u00f3calos, con una f\u00e1cil instalaci\u00f3n y un rendimiento de larga duraci\u00f3n.\" \/>\n<meta property=\"og:url\" content=\"https:\/\/yprofloor.com\/es\/producto\/moldura-en-l\/\" \/>\n<meta property=\"og:site_name\" content=\"Floor Tiling\" \/>\n<meta property=\"og:image\" content=\"https:\/\/files.baitcdn.com\/yprofloor\/wp-content\/uploads\/2026\/04\/spc-l-moulding-edge-trim.webp\" \/>\n\t<meta property=\"og:image:width\" content=\"1000\" \/>\n\t<meta property=\"og:image:height\" content=\"1000\" \/>\n\t<meta property=\"og:image:type\" content=\"image\/webp\" \/>\n<meta name=\"twitter:card\" content=\"summary_large_image\" \/>\n<meta name=\"twitter:label1\" content=\"Tiempo de lectura\" \/>\n\t<meta name=\"twitter:data1\" content=\"4 minutos\" \/>\n<script type=\"application\/ld+json\" class=\"yoast-schema-graph\">{\"@context\":\"https:\\\/\\\/schema.org\",\"@graph\":[{\"@type\":\"WebPage\",\"@id\":\"https:\\\/\\\/yprofloor.com\\\/es\\\/producto\\\/moldura-en-l\\\/\",\"url\":\"https:\\\/\\\/yprofloor.com\\\/es\\\/producto\\\/moldura-en-l\\\/\",\"name\":\"Moldura en L SPC | Perfil de borde impermeable para pisos - Floor Tiling\",\"isPartOf\":{\"@id\":\"https:\\\/\\\/yprofloor.com\\\/es\\\/#website\"},\"primaryImageOfPage\":{\"@id\":\"https:\\\/\\\/yprofloor.com\\\/es\\\/producto\\\/moldura-en-l\\\/#primaryimage\"},\"image\":{\"@id\":\"https:\\\/\\\/yprofloor.com\\\/es\\\/producto\\\/moldura-en-l\\\/#primaryimage\"},\"thumbnailUrl\":\"https:\\\/\\\/files.baitcdn.com\\\/yprofloor\\\/wp-content\\\/uploads\\\/2026\\\/04\\\/spc-l-moulding-edge-trim.webp\",\"datePublished\":\"2026-04-11T01:47:01+00:00\",\"description\":\"La moldura en L de SPC proporciona un acabado de bordes duradero e impermeable para suelos, escaleras y z\u00f3calos, con una f\u00e1cil instalaci\u00f3n y un rendimiento de larga duraci\u00f3n.\",\"breadcrumb\":{\"@id\":\"https:\\\/\\\/yprofloor.com\\\/es\\\/producto\\\/moldura-en-l\\\/#breadcrumb\"},\"inLanguage\":\"es\",\"potentialAction\":[{\"@type\":\"ReadAction\",\"target\":[\"https:\\\/\\\/yprofloor.com\\\/es\\\/producto\\\/moldura-en-l\\\/\"]}]},{\"@type\":\"ImageObject\",\"inLanguage\":\"es\",\"@id\":\"https:\\\/\\\/yprofloor.com\\\/es\\\/producto\\\/moldura-en-l\\\/#primaryimage\",\"url\":\"https:\\\/\\\/files.baitcdn.com\\\/yprofloor\\\/wp-content\\\/uploads\\\/2026\\\/04\\\/spc-l-moulding-edge-trim.webp\",\"contentUrl\":\"https:\\\/\\\/files.baitcdn.com\\\/yprofloor\\\/wp-content\\\/uploads\\\/2026\\\/04\\\/spc-l-moulding-edge-trim.webp\",\"width\":1000,\"height\":1000,\"caption\":\"SPC L-Moulding edge trim for flooring waterproof durable\"},{\"@type\":\"BreadcrumbList\",\"@id\":\"https:\\\/\\\/yprofloor.com\\\/es\\\/producto\\\/moldura-en-l\\\/#breadcrumb\",\"itemListElement\":[{\"@type\":\"ListItem\",\"position\":1,\"name\":\"Home\",\"item\":\"https:\\\/\\\/yprofloor.com\\\/es\\\/hogar\\\/\"},{\"@type\":\"ListItem\",\"position\":2,\"name\":\"Tienda\",\"item\":\"https:\\\/\\\/yprofloor.com\\\/es\\\/tienda\\\/\"},{\"@type\":\"ListItem\",\"position\":3,\"name\":\"Moldura en L\"}]},{\"@type\":\"WebSite\",\"@id\":\"https:\\\/\\\/yprofloor.com\\\/es\\\/#website\",\"url\":\"https:\\\/\\\/yprofloor.com\\\/es\\\/\",\"name\":\"SPC Flooring\",\"description\":\"Anti-Scratch, Waterproof, Eco-Friendly, Anti-Slip, anti moth, wear resistant anti bacteria\",\"publisher\":{\"@id\":\"https:\\\/\\\/yprofloor.com\\\/es\\\/#organization\"},\"potentialAction\":[{\"@type\":\"SearchAction\",\"target\":{\"@type\":\"EntryPoint\",\"urlTemplate\":\"https:\\\/\\\/yprofloor.com\\\/es\\\/?s={search_term_string}\"},\"query-input\":{\"@type\":\"PropertyValueSpecification\",\"valueRequired\":true,\"valueName\":\"search_term_string\"}}],\"inLanguage\":\"es\"},{\"@type\":\"Organization\",\"@id\":\"https:\\\/\\\/yprofloor.com\\\/es\\\/#organization\",\"name\":\"SPC Flooring\",\"url\":\"https:\\\/\\\/yprofloor.com\\\/es\\\/\",\"logo\":{\"@type\":\"ImageObject\",\"inLanguage\":\"es\",\"@id\":\"https:\\\/\\\/yprofloor.com\\\/es\\\/#\\\/schema\\\/logo\\\/image\\\/\",\"url\":\"https:\\\/\\\/files.baitcdn.com\\\/yprofloor\\\/wp-content\\\/uploads\\\/2026\\\/04\\\/floor-tiling-logo.png\",\"contentUrl\":\"https:\\\/\\\/files.baitcdn.com\\\/yprofloor\\\/wp-content\\\/uploads\\\/2026\\\/04\\\/floor-tiling-logo.png\",\"width\":400,\"height\":400,\"caption\":\"SPC Flooring\"},\"image\":{\"@id\":\"https:\\\/\\\/yprofloor.com\\\/es\\\/#\\\/schema\\\/logo\\\/image\\\/\"}}]}<\/script>\n<!-- \/ Yoast SEO plugin. -->","yoast_head_json":{"title":"Moldura en L SPC | Perfil de borde impermeable para pisos - Floor Tiling","description":"La moldura en L de SPC proporciona un acabado de bordes duradero e impermeable para suelos, escaleras y z\u00f3calos, con una f\u00e1cil instalaci\u00f3n y un rendimiento de larga duraci\u00f3n.","robots":{"index":"index","follow":"follow","max-snippet":"max-snippet:-1","max-image-preview":"max-image-preview:large","max-video-preview":"max-video-preview:-1"},"canonical":"https:\/\/yprofloor.com\/es\/producto\/moldura-en-l\/","og_locale":"es_ES","og_type":"article","og_title":"Moldura en L SPC | Perfil de borde impermeable para pisos - Floor Tiling","og_description":"La moldura en L de SPC proporciona un acabado de bordes duradero e impermeable para suelos, escaleras y z\u00f3calos, con una f\u00e1cil instalaci\u00f3n y un rendimiento de larga duraci\u00f3n.","og_url":"https:\/\/yprofloor.com\/es\/producto\/moldura-en-l\/","og_site_name":"Floor Tiling","og_image":[{"width":1000,"height":1000,"url":"https:\/\/files.baitcdn.com\/yprofloor\/wp-content\/uploads\/2026\/04\/spc-l-moulding-edge-trim.webp","type":"image\/webp"}],"twitter_card":"summary_large_image","twitter_misc":{"Tiempo de lectura":"4 minutos"},"schema":{"@context":"https:\/\/schema.org","@graph":[{"@type":"WebPage","@id":"https:\/\/yprofloor.com\/es\/producto\/moldura-en-l\/","url":"https:\/\/yprofloor.com\/es\/producto\/moldura-en-l\/","name":"Moldura en L SPC | Perfil de borde impermeable para pisos - Floor Tiling","isPartOf":{"@id":"https:\/\/yprofloor.com\/es\/#website"},"primaryImageOfPage":{"@id":"https:\/\/yprofloor.com\/es\/producto\/moldura-en-l\/#primaryimage"},"image":{"@id":"https:\/\/yprofloor.com\/es\/producto\/moldura-en-l\/#primaryimage"},"thumbnailUrl":"https:\/\/files.baitcdn.com\/yprofloor\/wp-content\/uploads\/2026\/04\/spc-l-moulding-edge-trim.webp","datePublished":"2026-04-11T01:47:01+00:00","description":"La moldura en L de SPC proporciona un acabado de bordes duradero e impermeable para suelos, escaleras y z\u00f3calos, con una f\u00e1cil instalaci\u00f3n y un rendimiento de larga duraci\u00f3n.","breadcrumb":{"@id":"https:\/\/yprofloor.com\/es\/producto\/moldura-en-l\/#breadcrumb"},"inLanguage":"es","potentialAction":[{"@type":"ReadAction","target":["https:\/\/yprofloor.com\/es\/producto\/moldura-en-l\/"]}]},{"@type":"ImageObject","inLanguage":"es","@id":"https:\/\/yprofloor.com\/es\/producto\/moldura-en-l\/#primaryimage","url":"https:\/\/files.baitcdn.com\/yprofloor\/wp-content\/uploads\/2026\/04\/spc-l-moulding-edge-trim.webp","contentUrl":"https:\/\/files.baitcdn.com\/yprofloor\/wp-content\/uploads\/2026\/04\/spc-l-moulding-edge-trim.webp","width":1000,"height":1000,"caption":"SPC L-Moulding edge trim for flooring waterproof durable"},{"@type":"BreadcrumbList","@id":"https:\/\/yprofloor.com\/es\/producto\/moldura-en-l\/#breadcrumb","itemListElement":[{"@type":"ListItem","position":1,"name":"Home","item":"https:\/\/yprofloor.com\/es\/hogar\/"},{"@type":"ListItem","position":2,"name":"Tienda","item":"https:\/\/yprofloor.com\/es\/tienda\/"},{"@type":"ListItem","position":3,"name":"Moldura en L"}]},{"@type":"WebSite","@id":"https:\/\/yprofloor.com\/es\/#website","url":"https:\/\/yprofloor.com\/es\/","name":"SPC Flooring","description":"Anti-Scratch, Waterproof, Eco-Friendly, Anti-Slip, anti moth, wear resistant anti bacteria","publisher":{"@id":"https:\/\/yprofloor.com\/es\/#organization"},"potentialAction":[{"@type":"SearchAction","target":{"@type":"EntryPoint","urlTemplate":"https:\/\/yprofloor.com\/es\/?s={search_term_string}"},"query-input":{"@type":"PropertyValueSpecification","valueRequired":true,"valueName":"search_term_string"}}],"inLanguage":"es"},{"@type":"Organization","@id":"https:\/\/yprofloor.com\/es\/#organization","name":"SPC Flooring","url":"https:\/\/yprofloor.com\/es\/","logo":{"@type":"ImageObject","inLanguage":"es","@id":"https:\/\/yprofloor.com\/es\/#\/schema\/logo\/image\/","url":"https:\/\/files.baitcdn.com\/yprofloor\/wp-content\/uploads\/2026\/04\/floor-tiling-logo.png","contentUrl":"https:\/\/files.baitcdn.com\/yprofloor\/wp-content\/uploads\/2026\/04\/floor-tiling-logo.png","width":400,"height":400,"caption":"SPC Flooring"},"image":{"@id":"https:\/\/yprofloor.com\/es\/#\/schema\/logo\/image\/"}}]}},"_links":{"self":[{"href":"https:\/\/yprofloor.com\/es\/wp-json\/wp\/v2\/product\/3630","targetHints":{"allow":["GET"]}}],"collection":[{"href":"https:\/\/yprofloor.com\/es\/wp-json\/wp\/v2\/product"}],"about":[{"href":"https:\/\/yprofloor.com\/es\/wp-json\/wp\/v2\/types\/product"}],"wp:featuredmedia":[{"embeddable":true,"href":"https:\/\/yprofloor.com\/es\/wp-json\/wp\/v2\/media\/3324"}],"wp:attachment":[{"href":"https:\/\/yprofloor.com\/es\/wp-json\/wp\/v2\/media?parent=3630"}],"wp:term":[{"taxonomy":"product_brand","embeddable":true,"href":"https:\/\/yprofloor.com\/es\/wp-json\/wp\/v2\/product_brand?post=3630"},{"taxonomy":"product_cat","embeddable":true,"href":"https:\/\/yprofloor.com\/es\/wp-json\/wp\/v2\/product_cat?post=3630"},{"taxonomy":"product_tag","embeddable":true,"href":"https:\/\/yprofloor.com\/es\/wp-json\/wp\/v2\/product_tag?post=3630"}],"curies":[{"name":"wp","href":"https:\/\/api.w.org\/{rel}","templated":true}]}}