{"id":3738,"date":"2025-06-09T10:30:34","date_gmt":"2025-06-09T10:30:34","guid":{"rendered":"https:\/\/yprofloor.com\/product\/paneles-de-pared-spc\/"},"modified":"2025-06-09T10:30:34","modified_gmt":"2025-06-09T10:30:34","slug":"paneles-de-pared-spc","status":"publish","type":"product","link":"https:\/\/yprofloor.com\/es\/producto\/paneles-de-pared-spc\/","title":{"rendered":"Paneles de pared SPC"},"content":{"rendered":"<div style=\"font-family: Arial, sans-serif; font-size: 16px; line-height: 1.8;\">\n<h2 style=\"font-size: 32px; color: #baa883; margin-bottom: 20px; border-left: 6px solid #BAA883; padding-left: 16px;\">\u00bfQu\u00e9 son los paneles de pared SPC?<\/h2>\n<div style=\"margin-bottom: 40px;\">\n<p>Los paneles de pared SPC (paneles de pared compuestos de piedra y pl\u00e1stico) son una soluci\u00f3n innovadora para el revestimiento de paredes, fabricados con una combinaci\u00f3n de polvo de piedra caliza natural, PVC y estabilizadores. Dise\u00f1ados para imitar la apariencia de materiales naturales como la madera, el m\u00e1rmol o la piedra, los paneles SPC ofrecen una durabilidad superior, resistencia al agua y una f\u00e1cil instalaci\u00f3n. <\/p>\n<p>Se utilizan ampliamente en la decoraci\u00f3n de interiores residenciales y comerciales, proporcionando una alternativa moderna y rentable a los materiales de pared tradicionales.<\/p>\n<p><img fetchpriority=\"high\" decoding=\"async\" class=\"alignnone wp-image-3282 size-full\" src=\"https:\/\/files.baitcdn.com\/yprofloor\/wp-content\/uploads\/2025\/07\/spc-wall-panels-application.webp\" alt=\"Aplicaci\u00f3n de paneles de pared SPC en sala de estar, dormitorio, ba\u00f1o y espacios interiores comerciales.\" width=\"1200\" height=\"420\" srcset=\"https:\/\/files.baitcdn.com\/yprofloor\/wp-content\/uploads\/2025\/07\/spc-wall-panels-application.webp 1200w, https:\/\/files.baitcdn.com\/yprofloor\/wp-content\/uploads\/2025\/07\/spc-wall-panels-application-300x105.webp 300w, https:\/\/files.baitcdn.com\/yprofloor\/wp-content\/uploads\/2025\/07\/spc-wall-panels-application-1024x358.webp 1024w, https:\/\/files.baitcdn.com\/yprofloor\/wp-content\/uploads\/2025\/07\/spc-wall-panels-application-768x269.webp 768w, https:\/\/files.baitcdn.com\/yprofloor\/wp-content\/uploads\/2025\/07\/spc-wall-panels-application-150x53.webp 150w\" sizes=\"(max-width: 1200px) 100vw, 1200px\" \/><\/p>\n<\/div>\n<div style=\"height: 4px; background-color: #f0e6dc; transition: background-color 0.3s ease;\"><\/div>\n<div style=\"margin: 50px 0;\">\n<h2 style=\"font-size: 32px; color: #baa883; margin-bottom: 20px; border-left: 6px solid #BAA883; padding-left: 16px;\">Especificaciones del producto<\/h2>\n<div style=\"background: #fff;\">\n<table style=\"width: 100%; border-collapse: collapse;\">\n<tbody>\n<tr style=\"background-color: #f9f5f0;\">\n<td style=\"padding: 16px 20px; font-weight: 600; color: #baa883; width: 40%; border: 1px solid #eee;\">Elemento<\/td>\n<td style=\"padding: 16px 20px; border: 1px solid #eee;\">Par\u00e1metro<\/td>\n<\/tr>\n<tr>\n<td style=\"padding: 16px 20px; font-weight: 600; color: #baa883; border: 1px solid #eee;\">Material<\/td>\n<td style=\"padding: 16px 20px; border: 1px solid #eee;\">Compuesto pl\u00e1stico de piedra (SPC)<\/td>\n<\/tr>\n<tr style=\"background-color: #f9f5f0;\">\n<td style=\"padding: 16px 20px; font-weight: 600; color: #baa883; border: 1px solid #eee;\">Espesor<\/td>\n<td style=\"padding: 16px 20px; border: 1px solid #eee;\">4 mm \/ 5 mm \/ 6 mm \/ Personalizado<\/td>\n<\/tr>\n<tr>\n<td style=\"padding: 16px 20px; font-weight: 600; color: #baa883; border: 1px solid #eee;\">Ancho<\/td>\n<td style=\"padding: 16px 20px; border: 1px solid #eee;\">300 mm \/ 400 mm \/ Personalizado<\/td>\n<\/tr>\n<tr style=\"background-color: #f9f5f0;\">\n<td style=\"padding: 16px 20px; font-weight: 600; color: #baa883; border: 1px solid #eee;\">Longitud<\/td>\n<td style=\"padding: 16px 20px; border: 1px solid #eee;\">1200 mm \/ 2400 mm \/ Personalizada<\/td>\n<\/tr>\n<tr>\n<td style=\"padding: 16px 20px; font-weight: 600; color: #baa883; border: 1px solid #eee;\">Instalaci\u00f3n<\/td>\n<td style=\"padding: 16px 20px; border: 1px solid #eee;\">Click Lock \/ Glue<\/td>\n<\/tr>\n<tr style=\"background-color: #f9f5f0;\">\n<td style=\"padding: 16px 20px; font-weight: 600; color: #baa883; border: 1px solid #eee;\">Resistente al agua<\/td>\n<td style=\"padding: 16px 20px; border: 1px solid #eee;\">S\u00ed<\/td>\n<\/tr>\n<tr>\n<td style=\"padding: 16px 20px; font-weight: 600; color: #baa883; border: 1px solid #eee;\">Clasificaci\u00f3n de resistencia al fuego<\/td>\n<td style=\"padding: 16px 20px; border: 1px solid #eee;\">Grado B1 (opcional)<\/td>\n<\/tr>\n<\/tbody>\n<\/table>\n<\/div>\n<\/div>\n<div style=\"height: 4px; background-color: #f0e6dc; margin: 40px 0 40px 0px; transition: background-color 0.3s ease;\"><\/div>\n<div style=\"margin: 50px 0;\">\n<div style=\"margin: 50px 0;\">\n<h2 style=\"font-size: 32px; color: #baa883; margin-bottom: 20px; border-left: 6px solid #BAA883; padding-left: 16px;\">Estructura de los paneles de pared SPC<\/h2>\n<div style=\"display: flex; flex-wrap: wrap; gap: 40px; align-items: center;\">\n<div style=\"flex: 1; min-width: 400px;\">\n<ol style=\"font-size: 18px; line-height: 1.8; color: #555; padding-left: 20px;\">\n<li style=\"margin-bottom: 16px;\">Recubrimiento UV (capa protectora superior): El recubrimiento UV es la capa protectora transparente superior que mejora el rendimiento de la superficie.<\/li>\n<li style=\"margin-bottom: 16px;\">Capa de desgaste: La capa de desgaste es una capa transparente y duradera dise\u00f1ada para proteger la superficie decorativa que se encuentra debajo.<\/li>\n<li style=\"margin-bottom: 16px;\"><strong style=\"color: #baa883;\">Capa decorativa:<\/strong> Esta capa determina el aspecto visual del panel de pared SPC.<\/li>\n<li style=\"margin-bottom: 16px;\">N\u00facleo SPC (N\u00facleo Compuesto de Piedra y Pl\u00e1stico): El n\u00facleo SPC es la capa estructural principal, fabricada con polvo de piedra caliza y PVC.<\/li>\n<\/ol>\n<\/div>\n<div style=\"flex: 1; min-width: 400px; padding: 24px; border-radius: 8px; text-align: center;\"><img decoding=\"async\" class=\"alignnone wp-image-3277 size-full\" src=\"https:\/\/files.baitcdn.com\/yprofloor\/wp-content\/uploads\/2025\/06\/spc-wall-panel-structure-diagram.webp\" alt=\"Diagrama estructural del panel de pared SPC, vista explosionada que muestra las capas: revestimiento UV, capa de desgaste, capa decorativa, n\u00facleo SPC.\" width=\"800\" height=\"450\" srcset=\"https:\/\/files.baitcdn.com\/yprofloor\/wp-content\/uploads\/2025\/06\/spc-wall-panel-structure-diagram.webp 800w, https:\/\/files.baitcdn.com\/yprofloor\/wp-content\/uploads\/2025\/06\/spc-wall-panel-structure-diagram-300x169.webp 300w, https:\/\/files.baitcdn.com\/yprofloor\/wp-content\/uploads\/2025\/06\/spc-wall-panel-structure-diagram-768x432.webp 768w, https:\/\/files.baitcdn.com\/yprofloor\/wp-content\/uploads\/2025\/06\/spc-wall-panel-structure-diagram-150x84.webp 150w\" sizes=\"(max-width: 800px) 100vw, 800px\" \/><\/div>\n<\/div>\n<div style=\"height: 4px; background-color: #f0e6dc; margin: 40px 0 40px 0px; transition: background-color 0.3s ease;\"><\/div>\n<h2 style=\"font-size: 32px; color: #baa883; margin-bottom: 20px; border-left: 6px solid #BAA883; padding-left: 16px;\">Caracter\u00edsticas principales<\/h2>\n<div style=\"display: grid; grid-template-columns: repeat(auto-fit, minmax(280px, 1fr)); gap: 20px;\">\n<div style=\"background: #f9f5f0; padding: 24px; border-radius: 8px;\">\n<h3 style=\"color: #baa883; font-size: 20px; margin-bottom: 10px;\">100% impermeable y resistente a la humedad.<\/h3>\n<p>Estos paneles de pared son completamente impermeables, lo que los hace ideales para ba\u00f1os, cocinas y otros ambientes h\u00famedos.<\/p>\n<\/div>\n<div style=\"background: #f9f5f0; padding: 24px; border-radius: 8px;\">\n<h3 style=\"color: #baa883; font-size: 20px; margin-bottom: 10px;\">Duradero y resistente a los impactos<\/h3>\n<p><span style=\"color: #000000;\">Gracias a su estructura central r\u00edgida, los paneles SPC son altamente resistentes a ara\u00f1azos, abolladuras y al desgaste diario.<\/span><\/p>\n<\/div>\n<div style=\"background: #f9f5f0; padding: 24px; border-radius: 8px;\">\n<h3 style=\"color: #baa883; font-size: 20px; margin-bottom: 10px;\">Ecol\u00f3gico y seguro<\/h3>\n<p><span style=\"color: #000000;\">Los paneles SPC, fabricados con materiales respetuosos con el medio ambiente, no contienen formaldeh\u00eddo y son seguros para su uso en interiores.<\/span><\/p>\n<\/div>\n<div style=\"background: #f9f5f0; padding: 24px; border-radius: 8px;\">\n<h3 style=\"color: #baa883; font-size: 20px; margin-bottom: 10px;\">F\u00e1cil instalaci\u00f3n<\/h3>\n<p><span style=\"color: #000000;\">Gracias a sus sistemas de instalaci\u00f3n mediante clic o adhesivo, los paneles se pueden instalar r\u00e1pidamente y no requieren herramientas profesionales, lo que los convierte en una soluci\u00f3n pr\u00e1ctica para interiores modernos.<\/span><\/p>\n<\/div>\n<div style=\"background: #f9f5f0; padding: 24px; border-radius: 8px;\">\n<h3 style=\"color: #baa883; font-size: 20px; margin-bottom: 10px;\">Bajo mantenimiento<\/h3>\n<p><span style=\"color: #000000;\">No hace falta pintar ni sellar; basta con limpiarlo con un pa\u00f1o h\u00famedo.<\/span><\/p>\n<\/div>\n<div style=\"background: #f9f5f0; padding: 24px; border-radius: 8px;\">\n<h3 style=\"color: #baa883; font-size: 20px; margin-bottom: 10px;\">Dise\u00f1os con estilo<\/h3>\n<p><span style=\"color: #000000;\">Disponible en una amplia gama de acabados:<\/span><\/p>\n<ul style=\"padding-left: 40px;\">\n<li><span style=\"color: #000000;\">veta de madera<\/span><\/li>\n<li><span style=\"color: #000000;\">Textura de m\u00e1rmol<\/span><\/li>\n<li><span style=\"color: #000000;\">Efecto piedra<\/span><\/li>\n<li><span style=\"color: #000000;\">Colores s\u00f3lidos<\/span><\/li>\n<\/ul>\n<\/div>\n<\/div>\n<\/div>\n<\/div>\n<\/div>\n<div style=\"height: 4px; background-color: #f0e6dc; margin: 40px 0 40px 0px; transition: background-color 0.3s ease;\"><\/div>\n<div style=\"font-family: 'Segoe UI', Roboto, Arial, sans-serif;\">\n<h2 style=\"font-size: 32px; color: #baa883; margin-bottom: 20px; border-left: 6px solid #BAA883; padding-left: 16px;\">Aplicaciones de los paneles de pared SPC<\/h2>\n<p>Los paneles de pared SPC son vers\u00e1tiles y adecuados para diversas aplicaciones:<\/p>\n<ul style=\"padding-left: 40px; line-height: 1.8;\">\n<li>Decoraci\u00f3n de pared de la sala de estar<\/li>\n<li>Paredes decorativas del dormitorio<\/li>\n<li>Paredes de ba\u00f1o y ducha<\/li>\n<li>Salpicadero de cocina<\/li>\n<li>interiores de oficinas<\/li>\n<li>Hoteles y espacios comerciales<\/li>\n<\/ul>\n<div style=\"height: 4px; background-color: #f0e6dc; margin: 40px 0 40px 0px; transition: background-color 0.3s ease;\"><\/div>\n<h2 style=\"font-size: 32px; color: #baa883; margin-bottom: 20px; border-left: 6px solid #BAA883; padding-left: 16px;\">\u00bfPor qu\u00e9 elegirnos?<\/h2>\n<p>Ofrecemos paneles de pared SPC de alta calidad con un estricto control de calidad y una capacidad de producci\u00f3n estable. Nuestros productos est\u00e1n dise\u00f1ados para cumplir con los est\u00e1ndares internacionales y brindar soluciones personalizadas para las diferentes necesidades del mercado. <\/p>\n<p>Nos centramos en la durabilidad, el realismo del dise\u00f1o y el rendimiento a largo plazo para garantizar una s\u00f3lida competitividad en proyectos globales.<\/p>\n<p>&nbsp;<\/p>\n<p><img decoding=\"async\" class=\"alignnone size-full wp-image-3280\" src=\"https:\/\/files.baitcdn.com\/yprofloor\/wp-content\/uploads\/2025\/07\/company-certificates.webp\" alt=\"certificados\" width=\"1200\" height=\"463\" srcset=\"https:\/\/files.baitcdn.com\/yprofloor\/wp-content\/uploads\/2025\/07\/company-certificates.webp 1200w, https:\/\/files.baitcdn.com\/yprofloor\/wp-content\/uploads\/2025\/07\/company-certificates-300x116.webp 300w, https:\/\/files.baitcdn.com\/yprofloor\/wp-content\/uploads\/2025\/07\/company-certificates-1024x395.webp 1024w, https:\/\/files.baitcdn.com\/yprofloor\/wp-content\/uploads\/2025\/07\/company-certificates-768x296.webp 768w, https:\/\/files.baitcdn.com\/yprofloor\/wp-content\/uploads\/2025\/07\/company-certificates-150x58.webp 150w\" sizes=\"(max-width: 1200px) 100vw, 1200px\" \/><\/p>\n<div style=\"height: 4px; background-color: #f0e6dc; margin: 40px 0 40px 0px; transition: background-color 0.3s ease;\"><\/div>\n<h2 style=\"font-size: 32px; color: #baa883; margin-bottom: 20px; border-left: 6px solid #BAA883; padding-left: 16px;\">Preguntas frecuentes (FAQ)<\/h2>\n<div style=\"display: flex; flex-direction: column; gap: 16px;\">\n<div style=\"background: #f9f5f0; padding: 24px; border-radius: 8px;\">\n<h3 style=\"color: #baa883; font-size: 20px; margin-bottom: 10px;\">\u00bfDe qu\u00e9 material est\u00e1n hechos estos paneles?<\/h3>\n<p style=\"line-height: 1.6; color: #555;\"><span style=\"color: #000000;\">Estos paneles est\u00e1n fabricados con una combinaci\u00f3n de polvo de piedra caliza, PVC y estabilizadores. Esta estructura compuesta de piedra y pl\u00e1stico los hace duraderos, impermeables y respetuosos con el medio ambiente. <\/span><\/p>\n<\/div>\n<div style=\"background: #f9f5f0; padding: 24px; border-radius: 8px;\">\n<h3 style=\"color: #baa883; font-size: 20px; margin-bottom: 10px;\">\u00bfSon impermeables los paneles de pared SPC?<\/h3>\n<p style=\"line-height: 1.6; color: #555;\"><span style=\"color: #000000;\">S\u00ed, estos paneles son 100% impermeables, lo que los hace ideales para ba\u00f1os, cocinas y otros ambientes con alta humedad.<\/span><\/p>\n<\/div>\n<div style=\"background: #f9f5f0; padding: 24px; border-radius: 8px;\">\n<h3 style=\"color: #baa883; font-size: 20px; margin-bottom: 10px;\">\u00bfC\u00f3mo se instalan los paneles de pared SPC?<\/h3>\n<p style=\"line-height: 1.6; color: #555;\"><span style=\"color: #000000;\">Estos paneles se pueden instalar con adhesivo o mediante un sistema de clic. Se pueden aplicar directamente sobre superficies existentes como azulejos, paneles de yeso o concreto, lo que facilita y agiliza la instalaci\u00f3n. <\/span><\/p>\n<\/div>\n<div style=\"background: #f9f5f0; padding: 24px; border-radius: 8px;\">\n<h3 style=\"color: #baa883; font-size: 20px; margin-bottom: 10px;\">\u00bfLos paneles de pared SPC son ecol\u00f3gicos?<\/h3>\n<p><span style=\"color: #000000;\">S\u00ed, estos paneles no contienen formaldeh\u00eddo y est\u00e1n fabricados con materiales respetuosos con el medio ambiente, por lo que son seguros para su uso en interiores.<\/span><\/p>\n<\/div>\n<\/div>\n<\/div>\n","protected":false},"excerpt":{"rendered":"<p>Los paneles de pared SPC (paneles de pared de composite de piedra y pl\u00e1stico) son una soluci\u00f3n moderna de revestimiento decorativo dise\u00f1ada para realzar los espacios interiores con durabilidad, estilo y resistencia al agua. Ofrecen una combinaci\u00f3n perfecta de est\u00e9tica y protecci\u00f3n duradera para aplicaciones residenciales y comerciales. <\/p>\n<p><strong>Ventajas:<\/strong><\/p>\n<ul style=\"padding-left: 40px;\">\n<li>100% impermeable, ideal para ba\u00f1os, cocinas y ambientes h\u00famedos.<\/li>\n<li>Estructura de n\u00facleo r\u00edgida y robusta con excelente resistencia al impacto.<\/li>\n<li>Instalaci\u00f3n r\u00e1pida y sencilla con sistemas de machihembrado o de clic.<\/li>\n<li>Resistente al moho, los hongos y los da\u00f1os causados por la humedad.<\/li>\n<li>Superficie de bajo mantenimiento y f\u00e1cil de limpiar<\/li>\n<li>Ligero pero duradero para un uso prolongado.<\/li>\n<\/ul>\n","protected":false},"featured_media":3210,"template":"","meta":{"_acf_changed":false},"product_brand":[],"product_cat":[97],"product_tag":[],"class_list":{"0":"post-3738","1":"product","2":"type-product","3":"status-publish","4":"has-post-thumbnail","6":"product_cat-panel-de-pared-spc","8":"first","9":"instock","10":"shipping-taxable","11":"product-type-simple"},"acf":[],"yoast_head":"<!-- This site is optimized with the Yoast SEO plugin v27.3 - https:\/\/yoast.com\/product\/yoast-seo-wordpress\/ -->\n<title>Paneles de pared SPC - Floor Tiling<\/title>\n<meta name=\"description\" content=\"Los paneles de pared SPC ofrecen soluciones impermeables, duraderas y elegantes para interiores modernos, ideales para la decoraci\u00f3n de paredes tanto en viviendas como en locales comerciales.\" \/>\n<meta name=\"robots\" content=\"index, follow, max-snippet:-1, max-image-preview:large, max-video-preview:-1\" \/>\n<link rel=\"canonical\" href=\"https:\/\/yprofloor.com\/es\/producto\/paneles-de-pared-spc\/\" \/>\n<meta property=\"og:locale\" content=\"es_ES\" \/>\n<meta property=\"og:type\" content=\"article\" \/>\n<meta property=\"og:title\" content=\"Paneles de pared SPC - Floor Tiling\" \/>\n<meta property=\"og:description\" content=\"Los paneles de pared SPC ofrecen soluciones impermeables, duraderas y elegantes para interiores modernos, ideales para la decoraci\u00f3n de paredes tanto en viviendas como en locales comerciales.\" \/>\n<meta property=\"og:url\" content=\"https:\/\/yprofloor.com\/es\/producto\/paneles-de-pared-spc\/\" \/>\n<meta property=\"og:site_name\" content=\"Floor Tiling\" \/>\n<meta property=\"og:image\" content=\"https:\/\/files.baitcdn.com\/yprofloor\/wp-content\/uploads\/2026\/04\/spc-wall-panels-product-img-7.webp\" \/>\n\t<meta property=\"og:image:width\" content=\"1000\" \/>\n\t<meta property=\"og:image:height\" content=\"1000\" \/>\n\t<meta property=\"og:image:type\" content=\"image\/webp\" \/>\n<meta name=\"twitter:card\" content=\"summary_large_image\" \/>\n<meta name=\"twitter:label1\" content=\"Tiempo de lectura\" \/>\n\t<meta name=\"twitter:data1\" content=\"3 minutos\" \/>\n<script type=\"application\/ld+json\" class=\"yoast-schema-graph\">{\"@context\":\"https:\\\/\\\/schema.org\",\"@graph\":[{\"@type\":\"WebPage\",\"@id\":\"https:\\\/\\\/yprofloor.com\\\/es\\\/producto\\\/paneles-de-pared-spc\\\/\",\"url\":\"https:\\\/\\\/yprofloor.com\\\/es\\\/producto\\\/paneles-de-pared-spc\\\/\",\"name\":\"Paneles de pared SPC - Floor Tiling\",\"isPartOf\":{\"@id\":\"https:\\\/\\\/yprofloor.com\\\/es\\\/#website\"},\"primaryImageOfPage\":{\"@id\":\"https:\\\/\\\/yprofloor.com\\\/es\\\/producto\\\/paneles-de-pared-spc\\\/#primaryimage\"},\"image\":{\"@id\":\"https:\\\/\\\/yprofloor.com\\\/es\\\/producto\\\/paneles-de-pared-spc\\\/#primaryimage\"},\"thumbnailUrl\":\"https:\\\/\\\/files.baitcdn.com\\\/yprofloor\\\/wp-content\\\/uploads\\\/2026\\\/04\\\/spc-wall-panels-product-img-7.webp\",\"datePublished\":\"2025-06-09T10:30:34+00:00\",\"description\":\"Los paneles de pared SPC ofrecen soluciones impermeables, duraderas y elegantes para interiores modernos, ideales para la decoraci\u00f3n de paredes tanto en viviendas como en locales comerciales.\",\"breadcrumb\":{\"@id\":\"https:\\\/\\\/yprofloor.com\\\/es\\\/producto\\\/paneles-de-pared-spc\\\/#breadcrumb\"},\"inLanguage\":\"es\",\"potentialAction\":[{\"@type\":\"ReadAction\",\"target\":[\"https:\\\/\\\/yprofloor.com\\\/es\\\/producto\\\/paneles-de-pared-spc\\\/\"]}]},{\"@type\":\"ImageObject\",\"inLanguage\":\"es\",\"@id\":\"https:\\\/\\\/yprofloor.com\\\/es\\\/producto\\\/paneles-de-pared-spc\\\/#primaryimage\",\"url\":\"https:\\\/\\\/files.baitcdn.com\\\/yprofloor\\\/wp-content\\\/uploads\\\/2026\\\/04\\\/spc-wall-panels-product-img-7.webp\",\"contentUrl\":\"https:\\\/\\\/files.baitcdn.com\\\/yprofloor\\\/wp-content\\\/uploads\\\/2026\\\/04\\\/spc-wall-panels-product-img-7.webp\",\"width\":1000,\"height\":1000,\"caption\":\"Panel de pared SPC color beige claro\"},{\"@type\":\"BreadcrumbList\",\"@id\":\"https:\\\/\\\/yprofloor.com\\\/es\\\/producto\\\/paneles-de-pared-spc\\\/#breadcrumb\",\"itemListElement\":[{\"@type\":\"ListItem\",\"position\":1,\"name\":\"Home\",\"item\":\"https:\\\/\\\/yprofloor.com\\\/es\\\/hogar\\\/\"},{\"@type\":\"ListItem\",\"position\":2,\"name\":\"Tienda\",\"item\":\"https:\\\/\\\/yprofloor.com\\\/es\\\/tienda\\\/\"},{\"@type\":\"ListItem\",\"position\":3,\"name\":\"Paneles de pared SPC\"}]},{\"@type\":\"WebSite\",\"@id\":\"https:\\\/\\\/yprofloor.com\\\/es\\\/#website\",\"url\":\"https:\\\/\\\/yprofloor.com\\\/es\\\/\",\"name\":\"SPC Flooring\",\"description\":\"Anti-Scratch, Waterproof, Eco-Friendly, Anti-Slip, anti moth, wear resistant anti bacteria\",\"publisher\":{\"@id\":\"https:\\\/\\\/yprofloor.com\\\/es\\\/#organization\"},\"potentialAction\":[{\"@type\":\"SearchAction\",\"target\":{\"@type\":\"EntryPoint\",\"urlTemplate\":\"https:\\\/\\\/yprofloor.com\\\/es\\\/?s={search_term_string}\"},\"query-input\":{\"@type\":\"PropertyValueSpecification\",\"valueRequired\":true,\"valueName\":\"search_term_string\"}}],\"inLanguage\":\"es\"},{\"@type\":\"Organization\",\"@id\":\"https:\\\/\\\/yprofloor.com\\\/es\\\/#organization\",\"name\":\"SPC Flooring\",\"url\":\"https:\\\/\\\/yprofloor.com\\\/es\\\/\",\"logo\":{\"@type\":\"ImageObject\",\"inLanguage\":\"es\",\"@id\":\"https:\\\/\\\/yprofloor.com\\\/es\\\/#\\\/schema\\\/logo\\\/image\\\/\",\"url\":\"https:\\\/\\\/files.baitcdn.com\\\/yprofloor\\\/wp-content\\\/uploads\\\/2026\\\/04\\\/floor-tiling-logo.png\",\"contentUrl\":\"https:\\\/\\\/files.baitcdn.com\\\/yprofloor\\\/wp-content\\\/uploads\\\/2026\\\/04\\\/floor-tiling-logo.png\",\"width\":400,\"height\":400,\"caption\":\"SPC Flooring\"},\"image\":{\"@id\":\"https:\\\/\\\/yprofloor.com\\\/es\\\/#\\\/schema\\\/logo\\\/image\\\/\"}}]}<\/script>\n<!-- \/ Yoast SEO plugin. -->","yoast_head_json":{"title":"Paneles de pared SPC - Floor Tiling","description":"Los paneles de pared SPC ofrecen soluciones impermeables, duraderas y elegantes para interiores modernos, ideales para la decoraci\u00f3n de paredes tanto en viviendas como en locales comerciales.","robots":{"index":"index","follow":"follow","max-snippet":"max-snippet:-1","max-image-preview":"max-image-preview:large","max-video-preview":"max-video-preview:-1"},"canonical":"https:\/\/yprofloor.com\/es\/producto\/paneles-de-pared-spc\/","og_locale":"es_ES","og_type":"article","og_title":"Paneles de pared SPC - Floor Tiling","og_description":"Los paneles de pared SPC ofrecen soluciones impermeables, duraderas y elegantes para interiores modernos, ideales para la decoraci\u00f3n de paredes tanto en viviendas como en locales comerciales.","og_url":"https:\/\/yprofloor.com\/es\/producto\/paneles-de-pared-spc\/","og_site_name":"Floor Tiling","og_image":[{"width":1000,"height":1000,"url":"https:\/\/files.baitcdn.com\/yprofloor\/wp-content\/uploads\/2026\/04\/spc-wall-panels-product-img-7.webp","type":"image\/webp"}],"twitter_card":"summary_large_image","twitter_misc":{"Tiempo de lectura":"3 minutos"},"schema":{"@context":"https:\/\/schema.org","@graph":[{"@type":"WebPage","@id":"https:\/\/yprofloor.com\/es\/producto\/paneles-de-pared-spc\/","url":"https:\/\/yprofloor.com\/es\/producto\/paneles-de-pared-spc\/","name":"Paneles de pared SPC - Floor Tiling","isPartOf":{"@id":"https:\/\/yprofloor.com\/es\/#website"},"primaryImageOfPage":{"@id":"https:\/\/yprofloor.com\/es\/producto\/paneles-de-pared-spc\/#primaryimage"},"image":{"@id":"https:\/\/yprofloor.com\/es\/producto\/paneles-de-pared-spc\/#primaryimage"},"thumbnailUrl":"https:\/\/files.baitcdn.com\/yprofloor\/wp-content\/uploads\/2026\/04\/spc-wall-panels-product-img-7.webp","datePublished":"2025-06-09T10:30:34+00:00","description":"Los paneles de pared SPC ofrecen soluciones impermeables, duraderas y elegantes para interiores modernos, ideales para la decoraci\u00f3n de paredes tanto en viviendas como en locales comerciales.","breadcrumb":{"@id":"https:\/\/yprofloor.com\/es\/producto\/paneles-de-pared-spc\/#breadcrumb"},"inLanguage":"es","potentialAction":[{"@type":"ReadAction","target":["https:\/\/yprofloor.com\/es\/producto\/paneles-de-pared-spc\/"]}]},{"@type":"ImageObject","inLanguage":"es","@id":"https:\/\/yprofloor.com\/es\/producto\/paneles-de-pared-spc\/#primaryimage","url":"https:\/\/files.baitcdn.com\/yprofloor\/wp-content\/uploads\/2026\/04\/spc-wall-panels-product-img-7.webp","contentUrl":"https:\/\/files.baitcdn.com\/yprofloor\/wp-content\/uploads\/2026\/04\/spc-wall-panels-product-img-7.webp","width":1000,"height":1000,"caption":"Panel de pared SPC color beige claro"},{"@type":"BreadcrumbList","@id":"https:\/\/yprofloor.com\/es\/producto\/paneles-de-pared-spc\/#breadcrumb","itemListElement":[{"@type":"ListItem","position":1,"name":"Home","item":"https:\/\/yprofloor.com\/es\/hogar\/"},{"@type":"ListItem","position":2,"name":"Tienda","item":"https:\/\/yprofloor.com\/es\/tienda\/"},{"@type":"ListItem","position":3,"name":"Paneles de pared SPC"}]},{"@type":"WebSite","@id":"https:\/\/yprofloor.com\/es\/#website","url":"https:\/\/yprofloor.com\/es\/","name":"SPC Flooring","description":"Anti-Scratch, Waterproof, Eco-Friendly, Anti-Slip, anti moth, wear resistant anti bacteria","publisher":{"@id":"https:\/\/yprofloor.com\/es\/#organization"},"potentialAction":[{"@type":"SearchAction","target":{"@type":"EntryPoint","urlTemplate":"https:\/\/yprofloor.com\/es\/?s={search_term_string}"},"query-input":{"@type":"PropertyValueSpecification","valueRequired":true,"valueName":"search_term_string"}}],"inLanguage":"es"},{"@type":"Organization","@id":"https:\/\/yprofloor.com\/es\/#organization","name":"SPC Flooring","url":"https:\/\/yprofloor.com\/es\/","logo":{"@type":"ImageObject","inLanguage":"es","@id":"https:\/\/yprofloor.com\/es\/#\/schema\/logo\/image\/","url":"https:\/\/files.baitcdn.com\/yprofloor\/wp-content\/uploads\/2026\/04\/floor-tiling-logo.png","contentUrl":"https:\/\/files.baitcdn.com\/yprofloor\/wp-content\/uploads\/2026\/04\/floor-tiling-logo.png","width":400,"height":400,"caption":"SPC Flooring"},"image":{"@id":"https:\/\/yprofloor.com\/es\/#\/schema\/logo\/image\/"}}]}},"_links":{"self":[{"href":"https:\/\/yprofloor.com\/es\/wp-json\/wp\/v2\/product\/3738","targetHints":{"allow":["GET"]}}],"collection":[{"href":"https:\/\/yprofloor.com\/es\/wp-json\/wp\/v2\/product"}],"about":[{"href":"https:\/\/yprofloor.com\/es\/wp-json\/wp\/v2\/types\/product"}],"wp:featuredmedia":[{"embeddable":true,"href":"https:\/\/yprofloor.com\/es\/wp-json\/wp\/v2\/media\/3210"}],"wp:attachment":[{"href":"https:\/\/yprofloor.com\/es\/wp-json\/wp\/v2\/media?parent=3738"}],"wp:term":[{"taxonomy":"product_brand","embeddable":true,"href":"https:\/\/yprofloor.com\/es\/wp-json\/wp\/v2\/product_brand?post=3738"},{"taxonomy":"product_cat","embeddable":true,"href":"https:\/\/yprofloor.com\/es\/wp-json\/wp\/v2\/product_cat?post=3738"},{"taxonomy":"product_tag","embeddable":true,"href":"https:\/\/yprofloor.com\/es\/wp-json\/wp\/v2\/product_tag?post=3738"}],"curies":[{"name":"wp","href":"https:\/\/api.w.org\/{rel}","templated":true}]}}