{"id":2696,"date":"2025-06-12T05:34:47","date_gmt":"2025-06-12T05:34:47","guid":{"rendered":"https:\/\/yprofloor.com\/certificat\/"},"modified":"2026-04-02T03:32:28","modified_gmt":"2026-04-02T03:32:28","slug":"certificat","status":"publish","type":"page","link":"https:\/\/yprofloor.com\/fr\/certificat\/","title":{"rendered":"Certificat"},"content":{"rendered":"\t\t<div data-elementor-type=\"wp-page\" data-elementor-id=\"2696\" class=\"elementor elementor-2696 elementor-1272\" data-elementor-post-type=\"page\">\n\t\t\t\t<div class=\"elementor-element elementor-element-e46f876 e-flex e-con-boxed e-con e-parent\" data-id=\"e46f876\" data-element_type=\"container\" data-e-type=\"container\" data-settings=\"{&quot;background_background&quot;:&quot;classic&quot;}\">\n\t\t\t\t\t<div class=\"e-con-inner\">\n\t\t\t\t<div class=\"elementor-element elementor-element-ddc374a elementor-widget elementor-widget-text-editor\" data-id=\"ddc374a\" data-element_type=\"widget\" data-e-type=\"widget\" data-widget_type=\"text-editor.default\">\n\t\t\t\t<div class=\"elementor-widget-container\">\n\t\t\t\t\t\t\t\t\t<p>Nous sommes une usine de fabrication de carreaux certifi\u00e9e, sp\u00e9cialis\u00e9e dans les solutions de carrelage de sol de haute qualit\u00e9. Bien que nous n&rsquo;offrions pas de services d&rsquo;installation, notre priorit\u00e9 est de fournir des carreaux durables et de pr\u00e9cision directement issus de notre usine de production moderne.<\/p>\t\t\t\t\t\t\t\t<\/div>\n\t\t\t\t<\/div>\n\t\t\t\t\t<\/div>\n\t\t\t\t<\/div>\n\t\t<div class=\"elementor-element elementor-element-6e50145 e-flex e-con-boxed e-con e-parent\" data-id=\"6e50145\" data-element_type=\"container\" data-e-type=\"container\">\n\t\t\t\t\t<div class=\"e-con-inner\">\n\t\t\t\t<div class=\"elementor-element elementor-element-54cd045 elementor-widget elementor-widget-shortcode\" data-id=\"54cd045\" data-element_type=\"widget\" data-e-type=\"widget\" data-widget_type=\"shortcode.default\">\n\t\t\t\t<div class=\"elementor-widget-container\">\n\t\t\t\t\t\t\t<div class=\"elementor-shortcode\">    <style>\n        table {\n            width: 100%;\n            border-collapse: collapse;\n        }\n        th, td {\n            border: 1px solid #ddd;\n            padding: 14px;\n            text-align: center;\n        }\n        th {\n            background-color: #f4f4f4;\n        }\n        .preview-btn {\n            background-color: #BAA883; \n            color: white; \n            border: none;\n            padding: 8px 25px; \n            cursor: pointer; \n            border-radius: 5px;\n            text-decoration: none;\n            display: inline-block;\n        }\t\t\n        .preview-btn:hover { background-color: #000; }\n\t\t.certificate-sec-wr td.certificate_title {\n\t\t\ttext-align: left;\n\t\t\tfont-size: 16px;\n\t\t}\n    <\/style>\n\n    <table class=\"certificate-sec-wr\">\n      <thead>\n        <tr>\n          <th>Title<\/th>\n          <th>Preview<\/th>\n        <\/tr>\n      <\/thead>\n      <tbody>\n        <tr><td colspan=\"2\">No certificates available at the moment.<\/td><\/tr>      <\/tbody>\n    <\/table>\n    <\/div>\n\t\t\t\t\t\t<\/div>\n\t\t\t\t<\/div>\n\t\t\t\t\t<\/div>\n\t\t\t\t<\/div>\n\t\t\t\t<\/div>\n\t\t","protected":false},"excerpt":{"rendered":"<p>Nous sommes une usine de fabrication de carreaux certifi\u00e9e, sp\u00e9cialis\u00e9e dans les solutions de carrelage de sol de haute qualit\u00e9. Bien que nous n&rsquo;offrions pas de services d&rsquo;installation, notre priorit\u00e9 est de fournir des carreaux durables et de pr\u00e9cision directement issus de notre usine de production moderne.<\/p>\n","protected":false},"author":1,"featured_media":0,"parent":0,"menu_order":0,"comment_status":"closed","ping_status":"closed","template":"","meta":{"_acf_changed":false,"footnotes":""},"class_list":["post-2696","page","type-page","status-publish","hentry"],"acf":[],"yoast_head":"<!-- This site is optimized with the Yoast SEO plugin v27.3 - https:\/\/yoast.com\/product\/yoast-seo-wordpress\/ -->\n<title>Certifications Ypro \u2013 Qualit\u00e9 et conformit\u00e9 des rev\u00eatements de sol et panneaux SPC<\/title>\n<meta name=\"description\" content=\"View Ypro\u2019s official certifications for SPC flooring, wall panels, skirting boards and accessories. D\u00e9couvrez comment nos produits r\u00e9pondent aux normes \u00e9lev\u00e9es de qualit\u00e9, d&#039;\u00e9cologie, d&#039;\u00e9tanch\u00e9it\u00e9 et de s\u00e9curit\u00e9.\" \/>\n<meta name=\"robots\" content=\"index, follow, max-snippet:-1, max-image-preview:large, max-video-preview:-1\" \/>\n<link rel=\"canonical\" href=\"https:\/\/yprofloor.com\/fr\/certificat\/\" \/>\n<meta property=\"og:locale\" content=\"fr_FR\" \/>\n<meta property=\"og:type\" content=\"article\" \/>\n<meta property=\"og:title\" content=\"Certifications Ypro \u2013 Qualit\u00e9 et conformit\u00e9 des rev\u00eatements de sol et panneaux SPC\" \/>\n<meta property=\"og:description\" content=\"View Ypro\u2019s official certifications for SPC flooring, wall panels, skirting boards and accessories. D\u00e9couvrez comment nos produits r\u00e9pondent aux normes \u00e9lev\u00e9es de qualit\u00e9, d&#039;\u00e9cologie, d&#039;\u00e9tanch\u00e9it\u00e9 et de s\u00e9curit\u00e9.\" \/>\n<meta property=\"og:url\" content=\"https:\/\/yprofloor.com\/fr\/certificat\/\" \/>\n<meta property=\"og:site_name\" content=\"Floor Tiling\" \/>\n<meta property=\"article:modified_time\" content=\"2026-04-02T03:32:28+00:00\" \/>\n<meta name=\"twitter:card\" content=\"summary_large_image\" \/>\n<script type=\"application\/ld+json\" class=\"yoast-schema-graph\">{\"@context\":\"https:\\\/\\\/schema.org\",\"@graph\":[{\"@type\":\"WebPage\",\"@id\":\"https:\\\/\\\/yprofloor.com\\\/fr\\\/certificat\\\/\",\"url\":\"https:\\\/\\\/yprofloor.com\\\/fr\\\/certificat\\\/\",\"name\":\"Certifications Ypro \u2013 Qualit\u00e9 et conformit\u00e9 des rev\u00eatements de sol et panneaux SPC\",\"isPartOf\":{\"@id\":\"https:\\\/\\\/yprofloor.com\\\/fr\\\/#website\"},\"datePublished\":\"2025-06-12T05:34:47+00:00\",\"dateModified\":\"2026-04-02T03:32:28+00:00\",\"description\":\"View Ypro\u2019s official certifications for SPC flooring, wall panels, skirting boards and accessories. D\u00e9couvrez comment nos produits r\u00e9pondent aux normes \u00e9lev\u00e9es de qualit\u00e9, d'\u00e9cologie, d'\u00e9tanch\u00e9it\u00e9 et de s\u00e9curit\u00e9.\",\"breadcrumb\":{\"@id\":\"https:\\\/\\\/yprofloor.com\\\/fr\\\/certificat\\\/#breadcrumb\"},\"inLanguage\":\"fr-FR\",\"potentialAction\":[{\"@type\":\"ReadAction\",\"target\":[\"https:\\\/\\\/yprofloor.com\\\/fr\\\/certificat\\\/\"]}]},{\"@type\":\"BreadcrumbList\",\"@id\":\"https:\\\/\\\/yprofloor.com\\\/fr\\\/certificat\\\/#breadcrumb\",\"itemListElement\":[{\"@type\":\"ListItem\",\"position\":1,\"name\":\"Home\",\"item\":\"https:\\\/\\\/yprofloor.com\\\/fr\\\/maison\\\/\"},{\"@type\":\"ListItem\",\"position\":2,\"name\":\"Certificat\"}]},{\"@type\":\"WebSite\",\"@id\":\"https:\\\/\\\/yprofloor.com\\\/fr\\\/#website\",\"url\":\"https:\\\/\\\/yprofloor.com\\\/fr\\\/\",\"name\":\"SPC Flooring\",\"description\":\"Anti-Scratch, Waterproof, Eco-Friendly, Anti-Slip, anti moth, wear resistant anti bacteria\",\"publisher\":{\"@id\":\"https:\\\/\\\/yprofloor.com\\\/fr\\\/#organization\"},\"potentialAction\":[{\"@type\":\"SearchAction\",\"target\":{\"@type\":\"EntryPoint\",\"urlTemplate\":\"https:\\\/\\\/yprofloor.com\\\/fr\\\/?s={search_term_string}\"},\"query-input\":{\"@type\":\"PropertyValueSpecification\",\"valueRequired\":true,\"valueName\":\"search_term_string\"}}],\"inLanguage\":\"fr-FR\"},{\"@type\":\"Organization\",\"@id\":\"https:\\\/\\\/yprofloor.com\\\/fr\\\/#organization\",\"name\":\"SPC Flooring\",\"url\":\"https:\\\/\\\/yprofloor.com\\\/fr\\\/\",\"logo\":{\"@type\":\"ImageObject\",\"inLanguage\":\"fr-FR\",\"@id\":\"https:\\\/\\\/yprofloor.com\\\/fr\\\/#\\\/schema\\\/logo\\\/image\\\/\",\"url\":\"https:\\\/\\\/files.baitcdn.com\\\/yprofloor\\\/wp-content\\\/uploads\\\/2026\\\/04\\\/floor-tiling-logo.png\",\"contentUrl\":\"https:\\\/\\\/files.baitcdn.com\\\/yprofloor\\\/wp-content\\\/uploads\\\/2026\\\/04\\\/floor-tiling-logo.png\",\"width\":400,\"height\":400,\"caption\":\"SPC Flooring\"},\"image\":{\"@id\":\"https:\\\/\\\/yprofloor.com\\\/fr\\\/#\\\/schema\\\/logo\\\/image\\\/\"}}]}<\/script>\n<!-- \/ Yoast SEO plugin. -->","yoast_head_json":{"title":"Certifications Ypro \u2013 Qualit\u00e9 et conformit\u00e9 des rev\u00eatements de sol et panneaux SPC","description":"View Ypro\u2019s official certifications for SPC flooring, wall panels, skirting boards and accessories. D\u00e9couvrez comment nos produits r\u00e9pondent aux normes \u00e9lev\u00e9es de qualit\u00e9, d'\u00e9cologie, d'\u00e9tanch\u00e9it\u00e9 et de s\u00e9curit\u00e9.","robots":{"index":"index","follow":"follow","max-snippet":"max-snippet:-1","max-image-preview":"max-image-preview:large","max-video-preview":"max-video-preview:-1"},"canonical":"https:\/\/yprofloor.com\/fr\/certificat\/","og_locale":"fr_FR","og_type":"article","og_title":"Certifications Ypro \u2013 Qualit\u00e9 et conformit\u00e9 des rev\u00eatements de sol et panneaux SPC","og_description":"View Ypro\u2019s official certifications for SPC flooring, wall panels, skirting boards and accessories. D\u00e9couvrez comment nos produits r\u00e9pondent aux normes \u00e9lev\u00e9es de qualit\u00e9, d'\u00e9cologie, d'\u00e9tanch\u00e9it\u00e9 et de s\u00e9curit\u00e9.","og_url":"https:\/\/yprofloor.com\/fr\/certificat\/","og_site_name":"Floor Tiling","article_modified_time":"2026-04-02T03:32:28+00:00","twitter_card":"summary_large_image","schema":{"@context":"https:\/\/schema.org","@graph":[{"@type":"WebPage","@id":"https:\/\/yprofloor.com\/fr\/certificat\/","url":"https:\/\/yprofloor.com\/fr\/certificat\/","name":"Certifications Ypro \u2013 Qualit\u00e9 et conformit\u00e9 des rev\u00eatements de sol et panneaux SPC","isPartOf":{"@id":"https:\/\/yprofloor.com\/fr\/#website"},"datePublished":"2025-06-12T05:34:47+00:00","dateModified":"2026-04-02T03:32:28+00:00","description":"View Ypro\u2019s official certifications for SPC flooring, wall panels, skirting boards and accessories. D\u00e9couvrez comment nos produits r\u00e9pondent aux normes \u00e9lev\u00e9es de qualit\u00e9, d'\u00e9cologie, d'\u00e9tanch\u00e9it\u00e9 et de s\u00e9curit\u00e9.","breadcrumb":{"@id":"https:\/\/yprofloor.com\/fr\/certificat\/#breadcrumb"},"inLanguage":"fr-FR","potentialAction":[{"@type":"ReadAction","target":["https:\/\/yprofloor.com\/fr\/certificat\/"]}]},{"@type":"BreadcrumbList","@id":"https:\/\/yprofloor.com\/fr\/certificat\/#breadcrumb","itemListElement":[{"@type":"ListItem","position":1,"name":"Home","item":"https:\/\/yprofloor.com\/fr\/maison\/"},{"@type":"ListItem","position":2,"name":"Certificat"}]},{"@type":"WebSite","@id":"https:\/\/yprofloor.com\/fr\/#website","url":"https:\/\/yprofloor.com\/fr\/","name":"SPC Flooring","description":"Anti-Scratch, Waterproof, Eco-Friendly, Anti-Slip, anti moth, wear resistant anti bacteria","publisher":{"@id":"https:\/\/yprofloor.com\/fr\/#organization"},"potentialAction":[{"@type":"SearchAction","target":{"@type":"EntryPoint","urlTemplate":"https:\/\/yprofloor.com\/fr\/?s={search_term_string}"},"query-input":{"@type":"PropertyValueSpecification","valueRequired":true,"valueName":"search_term_string"}}],"inLanguage":"fr-FR"},{"@type":"Organization","@id":"https:\/\/yprofloor.com\/fr\/#organization","name":"SPC Flooring","url":"https:\/\/yprofloor.com\/fr\/","logo":{"@type":"ImageObject","inLanguage":"fr-FR","@id":"https:\/\/yprofloor.com\/fr\/#\/schema\/logo\/image\/","url":"https:\/\/files.baitcdn.com\/yprofloor\/wp-content\/uploads\/2026\/04\/floor-tiling-logo.png","contentUrl":"https:\/\/files.baitcdn.com\/yprofloor\/wp-content\/uploads\/2026\/04\/floor-tiling-logo.png","width":400,"height":400,"caption":"SPC Flooring"},"image":{"@id":"https:\/\/yprofloor.com\/fr\/#\/schema\/logo\/image\/"}}]}},"_links":{"self":[{"href":"https:\/\/yprofloor.com\/fr\/wp-json\/wp\/v2\/pages\/2696","targetHints":{"allow":["GET"]}}],"collection":[{"href":"https:\/\/yprofloor.com\/fr\/wp-json\/wp\/v2\/pages"}],"about":[{"href":"https:\/\/yprofloor.com\/fr\/wp-json\/wp\/v2\/types\/page"}],"author":[{"embeddable":true,"href":"https:\/\/yprofloor.com\/fr\/wp-json\/wp\/v2\/users\/1"}],"replies":[{"embeddable":true,"href":"https:\/\/yprofloor.com\/fr\/wp-json\/wp\/v2\/comments?post=2696"}],"version-history":[{"count":1,"href":"https:\/\/yprofloor.com\/fr\/wp-json\/wp\/v2\/pages\/2696\/revisions"}],"predecessor-version":[{"id":2701,"href":"https:\/\/yprofloor.com\/fr\/wp-json\/wp\/v2\/pages\/2696\/revisions\/2701"}],"wp:attachment":[{"href":"https:\/\/yprofloor.com\/fr\/wp-json\/wp\/v2\/media?parent=2696"}],"curies":[{"name":"wp","href":"https:\/\/api.w.org\/{rel}","templated":true}]}}