{"id":2741,"date":"2025-05-26T11:05:34","date_gmt":"2025-05-26T11:05:34","guid":{"rendered":"https:\/\/yprofloor.com\/contactez-nous\/"},"modified":"2026-04-02T03:48:19","modified_gmt":"2026-04-02T03:48:19","slug":"contactez-nous","status":"publish","type":"page","link":"https:\/\/yprofloor.com\/fr\/contactez-nous\/","title":{"rendered":"Contactez-nous"},"content":{"rendered":"\t\t<div data-elementor-type=\"wp-page\" data-elementor-id=\"2741\" class=\"elementor elementor-2741 elementor-924\" data-elementor-post-type=\"page\">\n\t\t\t\t<div class=\"elementor-element elementor-element-7995de2 e-flex e-con-boxed e-con e-parent\" data-id=\"7995de2\" data-element_type=\"container\" data-e-type=\"container\" data-settings=\"{&quot;background_background&quot;:&quot;classic&quot;}\">\n\t\t\t\t\t<div class=\"e-con-inner\">\n\t\t\t\t\t<\/div>\n\t\t\t\t<\/div>\n\t\t<div class=\"elementor-element elementor-element-95eb72b e-flex e-con-boxed e-con e-parent\" data-id=\"95eb72b\" data-element_type=\"container\" data-e-type=\"container\">\n\t\t\t\t\t<div class=\"e-con-inner\">\n\t\t<div class=\"elementor-element elementor-element-f3bbe61 e-con-full e-flex e-con e-child\" data-id=\"f3bbe61\" data-element_type=\"container\" data-e-type=\"container\">\n\t\t\t\t<div class=\"elementor-element elementor-element-b2753df elementor-widget elementor-widget-heading\" data-id=\"b2753df\" data-element_type=\"widget\" data-e-type=\"widget\" data-widget_type=\"heading.default\">\n\t\t\t\t<div class=\"elementor-widget-container\">\n\t\t\t\t\t<h2 class=\"elementor-heading-title elementor-size-default\">Entrer en contact<\/h2>\t\t\t\t<\/div>\n\t\t\t\t<\/div>\n\t\t\t\t<div class=\"elementor-element elementor-element-d3372ff elementor-widget elementor-widget-text-editor\" data-id=\"d3372ff\" data-element_type=\"widget\" data-e-type=\"widget\" data-widget_type=\"text-editor.default\">\n\t\t\t\t<div class=\"elementor-widget-container\">\n\t\t\t\t\t\t\t\t\tLa marque Ypro est un fournisseur de rev\u00eatements de sol SPC, de panneaux muraux, de plinthes et d&rsquo;accessoires de haute qualit\u00e9 qui s\u00e9duisent par leur design \u00e9l\u00e9gant et leurs avantages fonctionnels uniques.\t\t\t\t\t\t\t\t<\/div>\n\t\t\t\t<\/div>\n\t\t\t\t<div class=\"elementor-element elementor-element-bbbc975 elementor-widget elementor-widget-ucaddon_contact_form_7\" data-id=\"bbbc975\" data-element_type=\"widget\" data-e-type=\"widget\" data-widget_type=\"ucaddon_contact_form_7.default\">\n\t\t\t\t<div class=\"elementor-widget-container\">\n\t\t\t\t\t\n<!-- start Contact Form 7 -->\n<style>\/* widget: Contact Form 7 *\/\n\n#uc_contact_form_7_elementor_bbbc975 {\n  display: flex;  \n  flex-direction: column;\n}\n#uc_contact_form_7_elementor_bbbc975 .wpcf7-list-item {\n    margin: 0 0 0 8px;\n}\n\n#uc_contact_form_7_elementor_bbbc975 .wpcf7-form p:has(.wpcf7-submit){\n  display:flex;\n  flex-wrap: wrap;\n}\n\n#uc_contact_form_7_elementor_bbbc975 .ue_contact_form_7 label{\n  display: block;\n}\n\n#uc_contact_form_7_elementor_bbbc975 .wpcf7-checkbox, #uc_contact_form_7_elementor_bbbc975 .wpcf7-radio{\n  display:flex;\n  flex-wrap: wrap;\n}\n\n#uc_contact_form_7_elementor_bbbc975 .wpcf7-form-control-wrap{\n  display:flex;\n  width:100%;\n  flex-wrap: wrap;\n}\n\n\n\n\n.ue_contact_form_7 p > label{\n  line-height: inherit;\n}\n\n<\/style>\n\n<div id=\"uc_contact_form_7_elementor_bbbc975\" class=\"ue_contact_form_7\">\n  <div class=\"ue_form_wrapper\">\n            \n    \n<div class=\"wpcf7 no-js\" id=\"wpcf7-f309-o1\" lang=\"en-US\" dir=\"ltr\" data-wpcf7-id=\"309\">\n<div class=\"screen-reader-response\"><p role=\"status\" aria-live=\"polite\" aria-atomic=\"true\"><\/p> <ul><\/ul><\/div>\n<form action=\"\/fr\/wp-json\/wp\/v2\/pages\/2741#wpcf7-f309-o1\" method=\"post\" class=\"wpcf7-form init\" aria-label=\"Contact form\" novalidate=\"novalidate\" data-status=\"init\">\n<fieldset class=\"hidden-fields-container\"><input type=\"hidden\" name=\"_wpcf7\" value=\"309\" \/><input type=\"hidden\" name=\"_wpcf7_version\" value=\"6.1.5\" \/><input type=\"hidden\" name=\"_wpcf7_locale\" value=\"en_US\" \/><input type=\"hidden\" name=\"_wpcf7_unit_tag\" value=\"wpcf7-f309-o1\" \/><input type=\"hidden\" name=\"_wpcf7_container_post\" value=\"0\" \/><input type=\"hidden\" name=\"_wpcf7_posted_data_hash\" value=\"\" \/><input type=\"hidden\" name=\"_wpcf7_recaptcha_response\" value=\"\" \/>\n<\/fieldset>\n<div class=\"form-container\">\n\t<div class=\"input-row\">\n\t\t<div class=\"input-half\">\n\t\t\t<p><span class=\"wpcf7-form-control-wrap\" data-name=\"your-name\"><input size=\"40\" maxlength=\"400\" class=\"wpcf7-form-control wpcf7-text wpcf7-validates-as-required\" aria-required=\"true\" aria-invalid=\"false\" placeholder=\"Your Name*\" value=\"\" type=\"text\" name=\"your-name\" \/><\/span>\n\t\t\t<\/p>\n\t\t<\/div>\n\t\t<div class=\"input-half\">\n\t\t\t<p><span class=\"wpcf7-form-control-wrap\" data-name=\"your-email\"><input size=\"40\" maxlength=\"400\" class=\"wpcf7-form-control wpcf7-email wpcf7-validates-as-required wpcf7-text wpcf7-validates-as-email\" aria-required=\"true\" aria-invalid=\"false\" placeholder=\"Your Email*\" value=\"\" type=\"email\" name=\"your-email\" \/><\/span>\n\t\t\t<\/p>\n\t\t<\/div>\n\t<\/div>\n\t<div class=\"input-row\">\n\t\t<div class=\"input-half\">\n\t\t\t<p><span class=\"wpcf7-form-control-wrap\" data-name=\"your-phone\"><input size=\"40\" maxlength=\"400\" class=\"wpcf7-form-control wpcf7-tel wpcf7-validates-as-required wpcf7-text wpcf7-validates-as-tel\" aria-required=\"true\" aria-invalid=\"false\" placeholder=\"Phone Number*\" value=\"\" type=\"tel\" name=\"your-phone\" \/><\/span>\n\t\t\t<\/p>\n\t\t<\/div>\n\t\t<div class=\"input-half\">\n\t\t\t<p><span class=\"wpcf7-form-control-wrap\" data-name=\"your-country\"><input size=\"40\" maxlength=\"400\" class=\"wpcf7-form-control wpcf7-text wpcf7-validates-as-required\" aria-required=\"true\" aria-invalid=\"false\" placeholder=\"Country Name*\" value=\"\" type=\"text\" name=\"your-country\" \/><\/span>\n\t\t\t<\/p>\n\t\t<\/div>\n\t<\/div>\n\t<div class=\"input-full\">\n\t\t<p><span class=\"wpcf7-form-control-wrap\" data-name=\"your-message\"><textarea cols=\"40\" rows=\"5\" maxlength=\"2000\" class=\"wpcf7-form-control wpcf7-textarea\" aria-invalid=\"false\" placeholder=\"Your Message\" name=\"your-message\"><\/textarea><\/span>\n\t\t<\/p>\n\t<\/div>\n\t<div class=\"submit-button\">\n\t\t<p><input class=\"wpcf7-form-control wpcf7-submit has-spinner\" type=\"submit\" value=\"Submit\" \/>\n\t\t<\/p>\n\t<\/div>\n<\/div><div class=\"wpcf7-response-output\" aria-hidden=\"true\"><\/div>\n<\/form>\n<\/div>\n    \n  <\/div>\n<\/div>\n<!-- end Contact Form 7 -->\t\t\t\t<\/div>\n\t\t\t\t<\/div>\n\t\t\t\t<\/div>\n\t\t\t\t\t<\/div>\n\t\t\t\t<\/div>\n\t\t<div class=\"elementor-element elementor-element-b102153 e-flex e-con-boxed e-con e-parent\" data-id=\"b102153\" data-element_type=\"container\" data-e-type=\"container\" data-settings=\"{&quot;background_background&quot;:&quot;classic&quot;}\">\n\t\t\t\t\t<div class=\"e-con-inner\">\n\t\t<div class=\"elementor-element elementor-element-579f6ef e-con-full e-flex e-con e-child\" data-id=\"579f6ef\" data-element_type=\"container\" data-e-type=\"container\">\n\t\t\t\t<div class=\"elementor-element elementor-element-d9cbda7 elementor-widget elementor-widget-heading\" data-id=\"d9cbda7\" data-element_type=\"widget\" data-e-type=\"widget\" data-widget_type=\"heading.default\">\n\t\t\t\t<div class=\"elementor-widget-container\">\n\t\t\t\t\t<h4 class=\"elementor-heading-title elementor-size-default\">NOS EXPERTISES\n<\/h4>\t\t\t\t<\/div>\n\t\t\t\t<\/div>\n\t\t\t\t<div class=\"elementor-element elementor-element-c5ed7e9 elementor-widget elementor-widget-text-editor\" data-id=\"c5ed7e9\" data-element_type=\"widget\" data-e-type=\"widget\" data-widget_type=\"text-editor.default\">\n\t\t\t\t<div class=\"elementor-widget-container\">\n\t\t\t\t\t\t\t\t\t<p>Depuis le d\u00e9but, nous avons toujours essay\u00e9 de bien faire les choses. C&rsquo;est donc r\u00e9confortant d&rsquo;\u00eatre reconnu par des personnes qui ressentent la m\u00eame chose.<\/p>\t\t\t\t\t\t\t\t<\/div>\n\t\t\t\t<\/div>\n\t\t\t\t<\/div>\n\t\t<div class=\"elementor-element elementor-element-18b2a80 e-con-full e-flex e-con e-child\" data-id=\"18b2a80\" data-element_type=\"container\" data-e-type=\"container\">\n\t\t\t\t<div class=\"elementor-element elementor-element-50506f1 elementor-widget elementor-widget-button\" data-id=\"50506f1\" data-element_type=\"widget\" data-e-type=\"widget\" data-widget_type=\"button.default\">\n\t\t\t\t<div class=\"elementor-widget-container\">\n\t\t\t\t\t\t\t\t\t<div class=\"elementor-button-wrapper\">\n\t\t\t\t\t<a class=\"elementor-button elementor-button-link elementor-size-sm\" href=\"https:\/\/yprofloor.com\/fr\/contactez-nous\/\">\n\t\t\t\t\t\t<span class=\"elementor-button-content-wrapper\">\n\t\t\t\t\t\t\t\t\t<span class=\"elementor-button-text\">Contactez-nous<\/span>\n\t\t\t\t\t<\/span>\n\t\t\t\t\t<\/a>\n\t\t\t\t<\/div>\n\t\t\t\t\t\t\t\t<\/div>\n\t\t\t\t<\/div>\n\t\t\t\t<\/div>\n\t\t\t\t\t<\/div>\n\t\t\t\t<\/div>\n\t\t<div class=\"elementor-element elementor-element-e8bf0cc e-con-full e-flex e-con e-parent\" data-id=\"e8bf0cc\" data-element_type=\"container\" data-e-type=\"container\">\n\t\t\t\t<div class=\"elementor-element elementor-element-e01110d elementor-widget elementor-widget-google_maps\" data-id=\"e01110d\" data-element_type=\"widget\" data-e-type=\"widget\" data-widget_type=\"google_maps.default\">\n\t\t\t\t<div class=\"elementor-widget-container\">\n\t\t\t\t\t\t\t<div class=\"elementor-custom-embed\">\n\t\t\t<iframe loading=\"lazy\"\n\t\t\t\t\tsrc=\"https:\/\/maps.google.com\/maps?q=49C4%2BF3C%20Lanshan%20District%2C%20Linyi%2C%20Linyi%2C%20Shandong%2C%20China&#038;t=m&#038;z=10&#038;output=embed&#038;iwloc=near\"\n\t\t\t\t\ttitle=\"49C4+F3C Lanshan District, Linyi, Linyi, Shandong, China\"\n\t\t\t\t\taria-label=\"49C4+F3C Lanshan District, Linyi, Linyi, Shandong, China\"\n\t\t\t><\/iframe>\n\t\t<\/div>\n\t\t\t\t\t\t<\/div>\n\t\t\t\t<\/div>\n\t\t\t\t<\/div>\n\t\t\t\t<\/div>\n\t\t","protected":false},"excerpt":{"rendered":"<p>Entrer en contact La marque Ypro est un fournisseur de rev\u00eatements de sol SPC, de panneaux muraux, de plinthes et d&rsquo;accessoires de haute qualit\u00e9 qui s\u00e9duisent par leur design \u00e9l\u00e9gant et leurs avantages fonctionnels uniques. NOS EXPERTISES Depuis le d\u00e9but, nous avons toujours essay\u00e9 de bien faire les choses. C&rsquo;est donc r\u00e9confortant d&rsquo;\u00eatre reconnu par [&hellip;]<\/p>\n","protected":false},"author":1,"featured_media":0,"parent":0,"menu_order":0,"comment_status":"closed","ping_status":"closed","template":"","meta":{"_acf_changed":false,"footnotes":""},"class_list":["post-2741","page","type-page","status-publish","hentry"],"acf":[],"yoast_head":"<!-- This site is optimized with the Yoast SEO plugin v27.3 - https:\/\/yoast.com\/product\/yoast-seo-wordpress\/ -->\n<title>Contactez Ypro \u2013 \u00c9changez avec les experts et l&#039;\u00e9quipe d&#039;assistance de SPC Flooring.<\/title>\n<meta name=\"description\" content=\"N&#039;h\u00e9sitez pas \u00e0 contacter l&#039;\u00e9quipe de professionnels de Ypro pour obtenir des devis, une assistance technique ou des informations sur les distributeurs. D\u00e9couvrez notre gamme de rev\u00eatements de sol SPC, panneaux muraux, plinthes et accessoires de haute qualit\u00e9.\" \/>\n<meta name=\"robots\" content=\"index, follow, max-snippet:-1, max-image-preview:large, max-video-preview:-1\" \/>\n<link rel=\"canonical\" href=\"https:\/\/yprofloor.com\/fr\/contactez-nous\/\" \/>\n<meta property=\"og:locale\" content=\"fr_FR\" \/>\n<meta property=\"og:type\" content=\"article\" \/>\n<meta property=\"og:title\" content=\"Contactez Ypro \u2013 \u00c9changez avec les experts et l&#039;\u00e9quipe d&#039;assistance de SPC Flooring.\" \/>\n<meta property=\"og:description\" content=\"N&#039;h\u00e9sitez pas \u00e0 contacter l&#039;\u00e9quipe de professionnels de Ypro pour obtenir des devis, une assistance technique ou des informations sur les distributeurs. D\u00e9couvrez notre gamme de rev\u00eatements de sol SPC, panneaux muraux, plinthes et accessoires de haute qualit\u00e9.\" \/>\n<meta property=\"og:url\" content=\"https:\/\/yprofloor.com\/fr\/contactez-nous\/\" \/>\n<meta property=\"og:site_name\" content=\"Floor Tiling\" \/>\n<meta property=\"article:modified_time\" content=\"2026-04-02T03:48:19+00:00\" \/>\n<meta name=\"twitter:card\" content=\"summary_large_image\" \/>\n<script type=\"application\/ld+json\" class=\"yoast-schema-graph\">{\"@context\":\"https:\\\/\\\/schema.org\",\"@graph\":[{\"@type\":\"WebPage\",\"@id\":\"https:\\\/\\\/yprofloor.com\\\/fr\\\/contactez-nous\\\/\",\"url\":\"https:\\\/\\\/yprofloor.com\\\/fr\\\/contactez-nous\\\/\",\"name\":\"Contactez Ypro \u2013 \u00c9changez avec les experts et l'\u00e9quipe d'assistance de SPC Flooring.\",\"isPartOf\":{\"@id\":\"https:\\\/\\\/yprofloor.com\\\/fr\\\/#website\"},\"datePublished\":\"2025-05-26T11:05:34+00:00\",\"dateModified\":\"2026-04-02T03:48:19+00:00\",\"description\":\"N'h\u00e9sitez pas \u00e0 contacter l'\u00e9quipe de professionnels de Ypro pour obtenir des devis, une assistance technique ou des informations sur les distributeurs. D\u00e9couvrez notre gamme de rev\u00eatements de sol SPC, panneaux muraux, plinthes et accessoires de haute qualit\u00e9.\",\"breadcrumb\":{\"@id\":\"https:\\\/\\\/yprofloor.com\\\/fr\\\/contactez-nous\\\/#breadcrumb\"},\"inLanguage\":\"fr-FR\",\"potentialAction\":[{\"@type\":\"ReadAction\",\"target\":[\"https:\\\/\\\/yprofloor.com\\\/fr\\\/contactez-nous\\\/\"]}]},{\"@type\":\"BreadcrumbList\",\"@id\":\"https:\\\/\\\/yprofloor.com\\\/fr\\\/contactez-nous\\\/#breadcrumb\",\"itemListElement\":[{\"@type\":\"ListItem\",\"position\":1,\"name\":\"Home\",\"item\":\"https:\\\/\\\/yprofloor.com\\\/fr\\\/maison\\\/\"},{\"@type\":\"ListItem\",\"position\":2,\"name\":\"Contactez-nous\"}]},{\"@type\":\"WebSite\",\"@id\":\"https:\\\/\\\/yprofloor.com\\\/fr\\\/#website\",\"url\":\"https:\\\/\\\/yprofloor.com\\\/fr\\\/\",\"name\":\"SPC Flooring\",\"description\":\"Anti-Scratch, Waterproof, Eco-Friendly, Anti-Slip, anti moth, wear resistant anti bacteria\",\"publisher\":{\"@id\":\"https:\\\/\\\/yprofloor.com\\\/fr\\\/#organization\"},\"potentialAction\":[{\"@type\":\"SearchAction\",\"target\":{\"@type\":\"EntryPoint\",\"urlTemplate\":\"https:\\\/\\\/yprofloor.com\\\/fr\\\/?s={search_term_string}\"},\"query-input\":{\"@type\":\"PropertyValueSpecification\",\"valueRequired\":true,\"valueName\":\"search_term_string\"}}],\"inLanguage\":\"fr-FR\"},{\"@type\":\"Organization\",\"@id\":\"https:\\\/\\\/yprofloor.com\\\/fr\\\/#organization\",\"name\":\"SPC Flooring\",\"url\":\"https:\\\/\\\/yprofloor.com\\\/fr\\\/\",\"logo\":{\"@type\":\"ImageObject\",\"inLanguage\":\"fr-FR\",\"@id\":\"https:\\\/\\\/yprofloor.com\\\/fr\\\/#\\\/schema\\\/logo\\\/image\\\/\",\"url\":\"https:\\\/\\\/files.baitcdn.com\\\/yprofloor\\\/wp-content\\\/uploads\\\/2026\\\/04\\\/floor-tiling-logo.png\",\"contentUrl\":\"https:\\\/\\\/files.baitcdn.com\\\/yprofloor\\\/wp-content\\\/uploads\\\/2026\\\/04\\\/floor-tiling-logo.png\",\"width\":400,\"height\":400,\"caption\":\"SPC Flooring\"},\"image\":{\"@id\":\"https:\\\/\\\/yprofloor.com\\\/fr\\\/#\\\/schema\\\/logo\\\/image\\\/\"}}]}<\/script>\n<!-- \/ Yoast SEO plugin. -->","yoast_head_json":{"title":"Contactez Ypro \u2013 \u00c9changez avec les experts et l'\u00e9quipe d'assistance de SPC Flooring.","description":"N'h\u00e9sitez pas \u00e0 contacter l'\u00e9quipe de professionnels de Ypro pour obtenir des devis, une assistance technique ou des informations sur les distributeurs. D\u00e9couvrez notre gamme de rev\u00eatements de sol SPC, panneaux muraux, plinthes et accessoires de haute qualit\u00e9.","robots":{"index":"index","follow":"follow","max-snippet":"max-snippet:-1","max-image-preview":"max-image-preview:large","max-video-preview":"max-video-preview:-1"},"canonical":"https:\/\/yprofloor.com\/fr\/contactez-nous\/","og_locale":"fr_FR","og_type":"article","og_title":"Contactez Ypro \u2013 \u00c9changez avec les experts et l'\u00e9quipe d'assistance de SPC Flooring.","og_description":"N'h\u00e9sitez pas \u00e0 contacter l'\u00e9quipe de professionnels de Ypro pour obtenir des devis, une assistance technique ou des informations sur les distributeurs. D\u00e9couvrez notre gamme de rev\u00eatements de sol SPC, panneaux muraux, plinthes et accessoires de haute qualit\u00e9.","og_url":"https:\/\/yprofloor.com\/fr\/contactez-nous\/","og_site_name":"Floor Tiling","article_modified_time":"2026-04-02T03:48:19+00:00","twitter_card":"summary_large_image","schema":{"@context":"https:\/\/schema.org","@graph":[{"@type":"WebPage","@id":"https:\/\/yprofloor.com\/fr\/contactez-nous\/","url":"https:\/\/yprofloor.com\/fr\/contactez-nous\/","name":"Contactez Ypro \u2013 \u00c9changez avec les experts et l'\u00e9quipe d'assistance de SPC Flooring.","isPartOf":{"@id":"https:\/\/yprofloor.com\/fr\/#website"},"datePublished":"2025-05-26T11:05:34+00:00","dateModified":"2026-04-02T03:48:19+00:00","description":"N'h\u00e9sitez pas \u00e0 contacter l'\u00e9quipe de professionnels de Ypro pour obtenir des devis, une assistance technique ou des informations sur les distributeurs. D\u00e9couvrez notre gamme de rev\u00eatements de sol SPC, panneaux muraux, plinthes et accessoires de haute qualit\u00e9.","breadcrumb":{"@id":"https:\/\/yprofloor.com\/fr\/contactez-nous\/#breadcrumb"},"inLanguage":"fr-FR","potentialAction":[{"@type":"ReadAction","target":["https:\/\/yprofloor.com\/fr\/contactez-nous\/"]}]},{"@type":"BreadcrumbList","@id":"https:\/\/yprofloor.com\/fr\/contactez-nous\/#breadcrumb","itemListElement":[{"@type":"ListItem","position":1,"name":"Home","item":"https:\/\/yprofloor.com\/fr\/maison\/"},{"@type":"ListItem","position":2,"name":"Contactez-nous"}]},{"@type":"WebSite","@id":"https:\/\/yprofloor.com\/fr\/#website","url":"https:\/\/yprofloor.com\/fr\/","name":"SPC Flooring","description":"Anti-Scratch, Waterproof, Eco-Friendly, Anti-Slip, anti moth, wear resistant anti bacteria","publisher":{"@id":"https:\/\/yprofloor.com\/fr\/#organization"},"potentialAction":[{"@type":"SearchAction","target":{"@type":"EntryPoint","urlTemplate":"https:\/\/yprofloor.com\/fr\/?s={search_term_string}"},"query-input":{"@type":"PropertyValueSpecification","valueRequired":true,"valueName":"search_term_string"}}],"inLanguage":"fr-FR"},{"@type":"Organization","@id":"https:\/\/yprofloor.com\/fr\/#organization","name":"SPC Flooring","url":"https:\/\/yprofloor.com\/fr\/","logo":{"@type":"ImageObject","inLanguage":"fr-FR","@id":"https:\/\/yprofloor.com\/fr\/#\/schema\/logo\/image\/","url":"https:\/\/files.baitcdn.com\/yprofloor\/wp-content\/uploads\/2026\/04\/floor-tiling-logo.png","contentUrl":"https:\/\/files.baitcdn.com\/yprofloor\/wp-content\/uploads\/2026\/04\/floor-tiling-logo.png","width":400,"height":400,"caption":"SPC Flooring"},"image":{"@id":"https:\/\/yprofloor.com\/fr\/#\/schema\/logo\/image\/"}}]}},"_links":{"self":[{"href":"https:\/\/yprofloor.com\/fr\/wp-json\/wp\/v2\/pages\/2741","targetHints":{"allow":["GET"]}}],"collection":[{"href":"https:\/\/yprofloor.com\/fr\/wp-json\/wp\/v2\/pages"}],"about":[{"href":"https:\/\/yprofloor.com\/fr\/wp-json\/wp\/v2\/types\/page"}],"author":[{"embeddable":true,"href":"https:\/\/yprofloor.com\/fr\/wp-json\/wp\/v2\/users\/1"}],"replies":[{"embeddable":true,"href":"https:\/\/yprofloor.com\/fr\/wp-json\/wp\/v2\/comments?post=2741"}],"version-history":[{"count":1,"href":"https:\/\/yprofloor.com\/fr\/wp-json\/wp\/v2\/pages\/2741\/revisions"}],"predecessor-version":[{"id":2742,"href":"https:\/\/yprofloor.com\/fr\/wp-json\/wp\/v2\/pages\/2741\/revisions\/2742"}],"wp:attachment":[{"href":"https:\/\/yprofloor.com\/fr\/wp-json\/wp\/v2\/media?parent=2741"}],"curies":[{"name":"wp","href":"https:\/\/api.w.org\/{rel}","templated":true}]}}