{"id":2913,"date":"2016-05-10T03:48:21","date_gmt":"2016-05-10T03:48:21","guid":{"rendered":"https:\/\/yprofloor.com\/dernieres-nouvelles\/"},"modified":"2026-04-02T06:34:09","modified_gmt":"2026-04-02T06:34:09","slug":"dernieres-nouvelles","status":"publish","type":"page","link":"https:\/\/yprofloor.com\/fr\/dernieres-nouvelles\/","title":{"rendered":"Derni\u00e8res nouvelles"},"content":{"rendered":"\t\t<div data-elementor-type=\"wp-page\" data-elementor-id=\"2913\" class=\"elementor elementor-2913 elementor-2\" data-elementor-post-type=\"page\">\n\t\t\t\t<div class=\"elementor-element elementor-element-2122b01 e-flex e-con-boxed e-con e-parent\" data-id=\"2122b01\" data-element_type=\"container\" data-e-type=\"container\" data-settings=\"{&quot;background_background&quot;:&quot;classic&quot;}\">\n\t\t\t\t\t<div class=\"e-con-inner\">\n\t\t\t\t<div class=\"elementor-element elementor-element-fe63a98 elementor-widget elementor-widget-heading\" data-id=\"fe63a98\" data-element_type=\"widget\" data-e-type=\"widget\" data-widget_type=\"heading.default\">\n\t\t\t\t<div class=\"elementor-widget-container\">\n\t\t\t\t\t<h1 class=\"elementor-heading-title elementor-size-default\">Derni\u00e8res nouvelles<\/h1>\t\t\t\t<\/div>\n\t\t\t\t<\/div>\n\t\t\t\t<div class=\"elementor-element elementor-element-fa98c84 elementor-widget elementor-widget-text-editor\" data-id=\"fa98c84\" data-element_type=\"widget\" data-e-type=\"widget\" data-widget_type=\"text-editor.default\">\n\t\t\t\t<div class=\"elementor-widget-container\">\n\t\t\t\t\t\t\t\t\t<p>Restez inform\u00e9(e) des derni\u00e8res actualit\u00e9s, des conseils d&rsquo;experts et des histoires inspirantes de nos projets de pose de carrelage \u2014 directement de notre \u00e9quipe pour vous.<\/p>\t\t\t\t\t\t\t\t<\/div>\n\t\t\t\t<\/div>\n\t\t\t\t\t<\/div>\n\t\t\t\t<\/div>\n\t\t<div class=\"elementor-element elementor-element-9239128 e-flex e-con-boxed e-con e-parent\" data-id=\"9239128\" data-element_type=\"container\" data-e-type=\"container\">\n\t\t\t\t\t<div class=\"e-con-inner\">\n\t\t\t\t<div class=\"elementor-element elementor-element-7ab8038 elementor-widget elementor-widget-ucaddon_post_blocks\" data-id=\"7ab8038\" data-element_type=\"widget\" data-e-type=\"widget\" data-widget_type=\"ucaddon_post_blocks.default\">\n\t\t\t\t<div class=\"elementor-widget-container\">\n\t\t\t\t\t\n<!-- start Post Blocks -->\n\t\t<link id='font-awesome-css' href='https:\/\/yprofloor.com\/wp-content\/plugins\/unlimited-elements-for-elementor\/assets_libraries\/font-awesome6\/fontawesome-all.min.css' type='text\/css' rel='stylesheet' >\n\t\t<link id='font-awesome-4-shim-css' href='https:\/\/yprofloor.com\/wp-content\/plugins\/unlimited-elements-for-elementor\/assets_libraries\/font-awesome6\/fontawesome-v4-shims.min.css' type='text\/css' rel='stylesheet' >\n\n<style>\/* widget: Post Blocks *\/\n\n\r\n@keyframes uc_post_blocks_elementor_7ab8038__item-animation {\r\n  0% {\r\n            transform:scale(0.7);\r\n        \t        \tfilter: blur(4px);\r\n\t\t\t\r\n    \t    opacity: 0;\r\n  }\r\n  100% {\r\n            transform:scale(1);\r\n        \t            filter: blur(0px);\r\n            \r\n    \t\topacity: 1;\r\n  }\r\n}\r\n\r\n\r\n#uc_post_blocks_elementor_7ab8038 .ue_post_blocks_box{\r\n\topacity:0;\r\n}\r\n\r\n\r\n#uc_post_blocks_elementor_7ab8038 .uc-entrance-animate {\r\n  opacity:1;\r\n}\r\n\r\n#uc_post_blocks_elementor_7ab8038 .uc-entrance-animate {\r\n\tanimation: uc_post_blocks_elementor_7ab8038__item-animation 0.4s cubic-bezier(0.470, 0.000, 0.745, 0.715) both;\r\n}\r\n\r\n\t\t\t\n\n#uc_post_blocks_elementor_7ab8038 {\n    display:grid;\n}\n#uc_post_blocks_elementor_7ab8038 .ue_post_blocks_box\n{\n  overflow:hidden;\n}\n\n#uc_post_blocks_elementor_7ab8038 .ue_post_blocks_image\n{\n  overflow:hidden;\n}\n#uc_post_blocks_elementor_7ab8038 .ue_post_blocks_image img\n{\n  width:100%;\n  display:block;\n}\n#uc_post_blocks_elementor_7ab8038 .ue_post_blocks_link a\n{\n  display:inline-block;\n  text-decoration:none;\n  text-align:center;\n}\n\n\n#uc_post_blocks_elementor_7ab8038 .ue-grid-item-meta-data\n{\n  display:inlin-flex;\n  flex-wrap: wrap;\n}\n\n.ue-grid-item-meta-data\n{\n  font-size:12px;\n}\n\n#uc_post_blocks_elementor_7ab8038 .ue-grid-item-meta-data-icon\n{\n  line-height:1em;\n}\n\n#uc_post_blocks_elementor_7ab8038 .ue-grid-item-meta-data-icon svg\n{\n  width:1em;\n  height:1em;\n}\n\n#uc_post_blocks_elementor_7ab8038 .ue_post_blocks_box{\n  display: flex;\n  flex-direction: column;\n}\n#uc_post_blocks_elementor_7ab8038 .ue_post_blocks_content{\n display: flex; flex-grow: 1;\n flex-direction: column;\n}\n#uc_post_blocks_elementor_7ab8038 .ue_post_blocks_link{ margin-top: auto;\n}\n\n.ue-grid-item-category a\n{\n  display:inline-block;\n  font-size:10px;\n  text-transform:uppercase;\n}\n\n\n\n\n<\/style>\n\n<div id=\"uc_post_blocks_elementor_7ab8038\" class=\"ue_post_blocks uc-items-wrapper \" >\n    <div class=\"ue_post_blocks_box\">\n    <div class=\"ue_post_blocks_image\">\n    <a href=\"https:\/\/yprofloor.com\/fr\/news\/new-showroom\/\" style=\"display:block;\"><img fetchpriority=\"high\" decoding=\"async\" src=\"https:\/\/files.baitcdn.com\/yprofloor\/wp-content\/uploads\/2025\/05\/DSC09956.jpg\"  src=\"https:\/\/files.baitcdn.com\/yprofloor\/wp-content\/uploads\/2025\/05\/DSC09956.jpg\" alt=\"DSC09956\" width=\"2000\" height=\"1334\"><\/a>\n  <\/div>\n    <div class=\"ue_post_blocks_content\">\n      \n     <div class=\"ue-grid-item-category\"><\/div>\n               <div class=\"ue-grid-item-meta-data\">\n            <div class=\"ue-grid-item-meta-data-date\"><span class=\"ue-grid-item-meta-data-icon\"><i class='fas fa-calendar-week'><\/i><\/span> 22 mai 2025<\/div>                    \t  \n    \t<\/div>\n         \n    <div class=\"ue_post_blocks_title\"><a href=\"https:\/\/yprofloor.com\/fr\/news\/new-showroom\/\">New Showroom<\/a><\/div>    \n        \n    \n    <div class=\"ue_post_blocks_text\">We have built a new showroom in our factory to showcase our high quality SPC flooring and SPC wall panels. You...<\/div>      <\/div>\n<\/div>\n<div class=\"ue_post_blocks_box\">\n    <div class=\"ue_post_blocks_image\">\n    <a href=\"https:\/\/yprofloor.com\/fr\/news\/new-packing\/\" style=\"display:block;\"><img decoding=\"async\" src=\"https:\/\/files.baitcdn.com\/yprofloor\/wp-content\/uploads\/2025\/05\/DSC00043.jpg\"  src=\"https:\/\/files.baitcdn.com\/yprofloor\/wp-content\/uploads\/2025\/05\/DSC00043.jpg\" alt=\"DSC00043\" width=\"2000\" height=\"1334\"><\/a>\n  <\/div>\n    <div class=\"ue_post_blocks_content\">\n      \n     <div class=\"ue-grid-item-category\"><\/div>\n               <div class=\"ue-grid-item-meta-data\">\n            <div class=\"ue-grid-item-meta-data-date\"><span class=\"ue-grid-item-meta-data-icon\"><i class='fas fa-calendar-week'><\/i><\/span> 22 mai 2025<\/div>                    \t  \n    \t<\/div>\n         \n    <div class=\"ue_post_blocks_title\"><a href=\"https:\/\/yprofloor.com\/fr\/news\/new-packing\/\">New Packing<\/a><\/div>    \n        \n    \n    <div class=\"ue_post_blocks_text\">We custom-made the cartons to our customers&rsquo; specifications. They were very satisfied. If you&rsquo;d like...<\/div>      <\/div>\n<\/div>\n<div class=\"ue_post_blocks_box\">\n    <div class=\"ue_post_blocks_image\">\n    <a href=\"https:\/\/yprofloor.com\/fr\/news\/new-production-line\/\" style=\"display:block;\"><img decoding=\"async\" src=\"https:\/\/files.baitcdn.com\/yprofloor\/wp-content\/uploads\/2025\/05\/DSC00010.jpg\"  src=\"https:\/\/files.baitcdn.com\/yprofloor\/wp-content\/uploads\/2025\/05\/DSC00010.jpg\" alt=\"DSC00010\" width=\"2000\" height=\"1334\"><\/a>\n  <\/div>\n    <div class=\"ue_post_blocks_content\">\n      \n     <div class=\"ue-grid-item-category\"><\/div>\n               <div class=\"ue-grid-item-meta-data\">\n            <div class=\"ue-grid-item-meta-data-date\"><span class=\"ue-grid-item-meta-data-icon\"><i class='fas fa-calendar-week'><\/i><\/span> 22 mai 2025<\/div>                    \t  \n    \t<\/div>\n         \n    <div class=\"ue_post_blocks_title\"><a href=\"https:\/\/yprofloor.com\/fr\/news\/new-production-line\/\">New Production Line<\/a><\/div>    \n        \n    \n    <div class=\"ue_post_blocks_text\">In order to meet the growing demand for production capacity, we have added a new SPC extrusion production line,...<\/div>      <\/div>\n<\/div>\n\n<\/div>\n<!-- end Post Blocks -->\t\t\t\t<\/div>\n\t\t\t\t<\/div>\n\t\t\t\t\t<\/div>\n\t\t\t\t<\/div>\n\t\t\t\t<\/div>\n\t\t","protected":false},"excerpt":{"rendered":"<p>Derni\u00e8res nouvelles Restez inform\u00e9(e) des derni\u00e8res actualit\u00e9s, des conseils d&rsquo;experts et des histoires inspirantes de nos projets de pose de carrelage \u2014 directement de notre \u00e9quipe pour vous. May 22, 2025 New Showroom We have built a new showroom in our factory to showcase our high quality SPC flooring and SPC wall panels. You&#8230; May [&hellip;]<\/p>\n","protected":false},"author":1,"featured_media":0,"parent":0,"menu_order":0,"comment_status":"closed","ping_status":"open","template":"","meta":{"_acf_changed":false,"footnotes":""},"class_list":["post-2913","page","type-page","status-publish","hentry"],"acf":[],"yoast_head":"<!-- This site is optimized with the Yoast SEO plugin v27.3 - https:\/\/yoast.com\/product\/yoast-seo-wordpress\/ -->\n<title>Blog Ypro \u2013 Conseils d&#039;experts sur les rev\u00eatements de sol SPC, les panneaux muraux et les plinthes<\/title>\n<meta name=\"description\" content=\"Explorez le blog Ypro : des avis d\u2019experts, des id\u00e9es de design, des conseils d\u2019installation et des t\u00e9moignages de projets concrets mettant en vedette les rev\u00eatements de sol SPC, les panneaux muraux, les plinthes et les accessoires haut de gamme de Ypro.\" \/>\n<meta name=\"robots\" content=\"index, follow, max-snippet:-1, max-image-preview:large, max-video-preview:-1\" \/>\n<link rel=\"canonical\" href=\"https:\/\/yprofloor.com\/fr\/dernieres-nouvelles\/\" \/>\n<meta property=\"og:locale\" content=\"fr_FR\" \/>\n<meta property=\"og:type\" content=\"article\" \/>\n<meta property=\"og:title\" content=\"Blog Ypro \u2013 Conseils d&#039;experts sur les rev\u00eatements de sol SPC, les panneaux muraux et les plinthes\" \/>\n<meta property=\"og:description\" content=\"Explorez le blog Ypro : des avis d\u2019experts, des id\u00e9es de design, des conseils d\u2019installation et des t\u00e9moignages de projets concrets mettant en vedette les rev\u00eatements de sol SPC, les panneaux muraux, les plinthes et les accessoires haut de gamme de Ypro.\" \/>\n<meta property=\"og:url\" content=\"https:\/\/yprofloor.com\/fr\/dernieres-nouvelles\/\" \/>\n<meta property=\"og:site_name\" content=\"Floor Tiling\" \/>\n<meta property=\"article:modified_time\" content=\"2026-04-02T06:34:09+00:00\" \/>\n<meta property=\"og:image\" content=\"https:\/\/yprofloor.com\/wp-content\/uploads\/2025\/05\/DSC09956.jpg\" \/>\n<meta name=\"twitter:card\" content=\"summary_large_image\" \/>\n<script type=\"application\/ld+json\" class=\"yoast-schema-graph\">{\"@context\":\"https:\\\/\\\/schema.org\",\"@graph\":[{\"@type\":\"WebPage\",\"@id\":\"https:\\\/\\\/yprofloor.com\\\/fr\\\/dernieres-nouvelles\\\/\",\"url\":\"https:\\\/\\\/yprofloor.com\\\/fr\\\/dernieres-nouvelles\\\/\",\"name\":\"Blog Ypro \u2013 Conseils d'experts sur les rev\u00eatements de sol SPC, les panneaux muraux et les plinthes\",\"isPartOf\":{\"@id\":\"https:\\\/\\\/yprofloor.com\\\/fr\\\/#website\"},\"primaryImageOfPage\":{\"@id\":\"https:\\\/\\\/yprofloor.com\\\/fr\\\/dernieres-nouvelles\\\/#primaryimage\"},\"image\":{\"@id\":\"https:\\\/\\\/yprofloor.com\\\/fr\\\/dernieres-nouvelles\\\/#primaryimage\"},\"thumbnailUrl\":\"https:\\\/\\\/yprofloor.com\\\/wp-content\\\/uploads\\\/2025\\\/05\\\/DSC09956.jpg\",\"datePublished\":\"2016-05-10T03:48:21+00:00\",\"dateModified\":\"2026-04-02T06:34:09+00:00\",\"description\":\"Explorez le blog Ypro : des avis d\u2019experts, des id\u00e9es de design, des conseils d\u2019installation et des t\u00e9moignages de projets concrets mettant en vedette les rev\u00eatements de sol SPC, les panneaux muraux, les plinthes et les accessoires haut de gamme de Ypro.\",\"breadcrumb\":{\"@id\":\"https:\\\/\\\/yprofloor.com\\\/fr\\\/dernieres-nouvelles\\\/#breadcrumb\"},\"inLanguage\":\"fr-FR\",\"potentialAction\":[{\"@type\":\"ReadAction\",\"target\":[\"https:\\\/\\\/yprofloor.com\\\/fr\\\/dernieres-nouvelles\\\/\"]}]},{\"@type\":\"ImageObject\",\"inLanguage\":\"fr-FR\",\"@id\":\"https:\\\/\\\/yprofloor.com\\\/fr\\\/dernieres-nouvelles\\\/#primaryimage\",\"url\":\"https:\\\/\\\/yprofloor.com\\\/wp-content\\\/uploads\\\/2025\\\/05\\\/DSC09956.jpg\",\"contentUrl\":\"https:\\\/\\\/yprofloor.com\\\/wp-content\\\/uploads\\\/2025\\\/05\\\/DSC09956.jpg\"},{\"@type\":\"BreadcrumbList\",\"@id\":\"https:\\\/\\\/yprofloor.com\\\/fr\\\/dernieres-nouvelles\\\/#breadcrumb\",\"itemListElement\":[{\"@type\":\"ListItem\",\"position\":1,\"name\":\"Home\",\"item\":\"https:\\\/\\\/yprofloor.com\\\/fr\\\/maison\\\/\"},{\"@type\":\"ListItem\",\"position\":2,\"name\":\"Derni\u00e8res nouvelles\"}]},{\"@type\":\"WebSite\",\"@id\":\"https:\\\/\\\/yprofloor.com\\\/fr\\\/#website\",\"url\":\"https:\\\/\\\/yprofloor.com\\\/fr\\\/\",\"name\":\"SPC Flooring\",\"description\":\"Anti-Scratch, Waterproof, Eco-Friendly, Anti-Slip, anti moth, wear resistant anti bacteria\",\"publisher\":{\"@id\":\"https:\\\/\\\/yprofloor.com\\\/fr\\\/#organization\"},\"potentialAction\":[{\"@type\":\"SearchAction\",\"target\":{\"@type\":\"EntryPoint\",\"urlTemplate\":\"https:\\\/\\\/yprofloor.com\\\/fr\\\/?s={search_term_string}\"},\"query-input\":{\"@type\":\"PropertyValueSpecification\",\"valueRequired\":true,\"valueName\":\"search_term_string\"}}],\"inLanguage\":\"fr-FR\"},{\"@type\":\"Organization\",\"@id\":\"https:\\\/\\\/yprofloor.com\\\/fr\\\/#organization\",\"name\":\"SPC Flooring\",\"url\":\"https:\\\/\\\/yprofloor.com\\\/fr\\\/\",\"logo\":{\"@type\":\"ImageObject\",\"inLanguage\":\"fr-FR\",\"@id\":\"https:\\\/\\\/yprofloor.com\\\/fr\\\/#\\\/schema\\\/logo\\\/image\\\/\",\"url\":\"https:\\\/\\\/files.baitcdn.com\\\/yprofloor\\\/wp-content\\\/uploads\\\/2026\\\/04\\\/floor-tiling-logo.png\",\"contentUrl\":\"https:\\\/\\\/files.baitcdn.com\\\/yprofloor\\\/wp-content\\\/uploads\\\/2026\\\/04\\\/floor-tiling-logo.png\",\"width\":400,\"height\":400,\"caption\":\"SPC Flooring\"},\"image\":{\"@id\":\"https:\\\/\\\/yprofloor.com\\\/fr\\\/#\\\/schema\\\/logo\\\/image\\\/\"}}]}<\/script>\n<!-- \/ Yoast SEO plugin. -->","yoast_head_json":{"title":"Blog Ypro \u2013 Conseils d'experts sur les rev\u00eatements de sol SPC, les panneaux muraux et les plinthes","description":"Explorez le blog Ypro : des avis d\u2019experts, des id\u00e9es de design, des conseils d\u2019installation et des t\u00e9moignages de projets concrets mettant en vedette les rev\u00eatements de sol SPC, les panneaux muraux, les plinthes et les accessoires haut de gamme de Ypro.","robots":{"index":"index","follow":"follow","max-snippet":"max-snippet:-1","max-image-preview":"max-image-preview:large","max-video-preview":"max-video-preview:-1"},"canonical":"https:\/\/yprofloor.com\/fr\/dernieres-nouvelles\/","og_locale":"fr_FR","og_type":"article","og_title":"Blog Ypro \u2013 Conseils d'experts sur les rev\u00eatements de sol SPC, les panneaux muraux et les plinthes","og_description":"Explorez le blog Ypro : des avis d\u2019experts, des id\u00e9es de design, des conseils d\u2019installation et des t\u00e9moignages de projets concrets mettant en vedette les rev\u00eatements de sol SPC, les panneaux muraux, les plinthes et les accessoires haut de gamme de Ypro.","og_url":"https:\/\/yprofloor.com\/fr\/dernieres-nouvelles\/","og_site_name":"Floor Tiling","article_modified_time":"2026-04-02T06:34:09+00:00","og_image":[{"url":"https:\/\/yprofloor.com\/wp-content\/uploads\/2025\/05\/DSC09956.jpg","type":"","width":"","height":""}],"twitter_card":"summary_large_image","schema":{"@context":"https:\/\/schema.org","@graph":[{"@type":"WebPage","@id":"https:\/\/yprofloor.com\/fr\/dernieres-nouvelles\/","url":"https:\/\/yprofloor.com\/fr\/dernieres-nouvelles\/","name":"Blog Ypro \u2013 Conseils d'experts sur les rev\u00eatements de sol SPC, les panneaux muraux et les plinthes","isPartOf":{"@id":"https:\/\/yprofloor.com\/fr\/#website"},"primaryImageOfPage":{"@id":"https:\/\/yprofloor.com\/fr\/dernieres-nouvelles\/#primaryimage"},"image":{"@id":"https:\/\/yprofloor.com\/fr\/dernieres-nouvelles\/#primaryimage"},"thumbnailUrl":"https:\/\/yprofloor.com\/wp-content\/uploads\/2025\/05\/DSC09956.jpg","datePublished":"2016-05-10T03:48:21+00:00","dateModified":"2026-04-02T06:34:09+00:00","description":"Explorez le blog Ypro : des avis d\u2019experts, des id\u00e9es de design, des conseils d\u2019installation et des t\u00e9moignages de projets concrets mettant en vedette les rev\u00eatements de sol SPC, les panneaux muraux, les plinthes et les accessoires haut de gamme de Ypro.","breadcrumb":{"@id":"https:\/\/yprofloor.com\/fr\/dernieres-nouvelles\/#breadcrumb"},"inLanguage":"fr-FR","potentialAction":[{"@type":"ReadAction","target":["https:\/\/yprofloor.com\/fr\/dernieres-nouvelles\/"]}]},{"@type":"ImageObject","inLanguage":"fr-FR","@id":"https:\/\/yprofloor.com\/fr\/dernieres-nouvelles\/#primaryimage","url":"https:\/\/yprofloor.com\/wp-content\/uploads\/2025\/05\/DSC09956.jpg","contentUrl":"https:\/\/yprofloor.com\/wp-content\/uploads\/2025\/05\/DSC09956.jpg"},{"@type":"BreadcrumbList","@id":"https:\/\/yprofloor.com\/fr\/dernieres-nouvelles\/#breadcrumb","itemListElement":[{"@type":"ListItem","position":1,"name":"Home","item":"https:\/\/yprofloor.com\/fr\/maison\/"},{"@type":"ListItem","position":2,"name":"Derni\u00e8res nouvelles"}]},{"@type":"WebSite","@id":"https:\/\/yprofloor.com\/fr\/#website","url":"https:\/\/yprofloor.com\/fr\/","name":"SPC Flooring","description":"Anti-Scratch, Waterproof, Eco-Friendly, Anti-Slip, anti moth, wear resistant anti bacteria","publisher":{"@id":"https:\/\/yprofloor.com\/fr\/#organization"},"potentialAction":[{"@type":"SearchAction","target":{"@type":"EntryPoint","urlTemplate":"https:\/\/yprofloor.com\/fr\/?s={search_term_string}"},"query-input":{"@type":"PropertyValueSpecification","valueRequired":true,"valueName":"search_term_string"}}],"inLanguage":"fr-FR"},{"@type":"Organization","@id":"https:\/\/yprofloor.com\/fr\/#organization","name":"SPC Flooring","url":"https:\/\/yprofloor.com\/fr\/","logo":{"@type":"ImageObject","inLanguage":"fr-FR","@id":"https:\/\/yprofloor.com\/fr\/#\/schema\/logo\/image\/","url":"https:\/\/files.baitcdn.com\/yprofloor\/wp-content\/uploads\/2026\/04\/floor-tiling-logo.png","contentUrl":"https:\/\/files.baitcdn.com\/yprofloor\/wp-content\/uploads\/2026\/04\/floor-tiling-logo.png","width":400,"height":400,"caption":"SPC Flooring"},"image":{"@id":"https:\/\/yprofloor.com\/fr\/#\/schema\/logo\/image\/"}}]}},"_links":{"self":[{"href":"https:\/\/yprofloor.com\/fr\/wp-json\/wp\/v2\/pages\/2913","targetHints":{"allow":["GET"]}}],"collection":[{"href":"https:\/\/yprofloor.com\/fr\/wp-json\/wp\/v2\/pages"}],"about":[{"href":"https:\/\/yprofloor.com\/fr\/wp-json\/wp\/v2\/types\/page"}],"author":[{"embeddable":true,"href":"https:\/\/yprofloor.com\/fr\/wp-json\/wp\/v2\/users\/1"}],"replies":[{"embeddable":true,"href":"https:\/\/yprofloor.com\/fr\/wp-json\/wp\/v2\/comments?post=2913"}],"version-history":[{"count":1,"href":"https:\/\/yprofloor.com\/fr\/wp-json\/wp\/v2\/pages\/2913\/revisions"}],"predecessor-version":[{"id":2914,"href":"https:\/\/yprofloor.com\/fr\/wp-json\/wp\/v2\/pages\/2913\/revisions\/2914"}],"wp:attachment":[{"href":"https:\/\/yprofloor.com\/fr\/wp-json\/wp\/v2\/media?parent=2913"}],"curies":[{"name":"wp","href":"https:\/\/api.w.org\/{rel}","templated":true}]}}