{"id":3528,"date":"2025-05-09T10:50:21","date_gmt":"2025-05-09T10:50:21","guid":{"rendered":"https:\/\/yprofloor.com\/product\/battiscopa-spc\/"},"modified":"2026-04-14T08:41:08","modified_gmt":"2026-04-14T08:41:08","slug":"battiscopa-spc","status":"publish","type":"product","link":"https:\/\/yprofloor.com\/it\/prodotto\/battiscopa-spc\/","title":{"rendered":"Battiscopa SPC"},"content":{"rendered":"<div style=\"font-family: Arial, sans-serif; font-size: 16px; line-height: 1.8;\">\n<h2 style=\"font-size: 32px; color: #baa883; margin-bottom: 20px; border-left: 6px solid #BAA883; padding-left: 16px;\">Che cosa sono i battiscopa SPC?<\/h2>\n<div style=\"margin-bottom: 40px;\">\n<p>I battiscopa in SPC (Stone Plastic Composite Skirting) sono profili decorativi e protettivi per la base delle pareti, realizzati con un&#8217;anima rigida di polvere di calcare e PVC. Progettati per coprire la giunzione tra pareti e pavimenti, i battiscopa in SPC offrono una finitura pulita e proteggono le pareti da eventuali danni. <\/p>\n<p>Rispetto ai battiscopa tradizionali in legno o MDF, i battiscopa in SPC offrono prestazioni superiori in termini di impermeabilit\u00e0, durata e facilit\u00e0 di manutenzione.<\/p>\n<p><img fetchpriority=\"high\" decoding=\"async\" class=\"wp-image-3305 size-full aligncenter\" src=\"https:\/\/files.baitcdn.com\/yprofloor\/wp-content\/uploads\/2025\/05\/spc-skirting-board-surface-detail.webp\" alt=\"Battiscopa SPC per decorazioni d'interni moderne\" width=\"1200\" height=\"420\" srcset=\"https:\/\/files.baitcdn.com\/yprofloor\/wp-content\/uploads\/2025\/05\/spc-skirting-board-surface-detail.webp 1200w, https:\/\/files.baitcdn.com\/yprofloor\/wp-content\/uploads\/2025\/05\/spc-skirting-board-surface-detail-300x105.webp 300w, https:\/\/files.baitcdn.com\/yprofloor\/wp-content\/uploads\/2025\/05\/spc-skirting-board-surface-detail-1024x358.webp 1024w, https:\/\/files.baitcdn.com\/yprofloor\/wp-content\/uploads\/2025\/05\/spc-skirting-board-surface-detail-768x269.webp 768w, https:\/\/files.baitcdn.com\/yprofloor\/wp-content\/uploads\/2025\/05\/spc-skirting-board-surface-detail-150x53.webp 150w\" sizes=\"(max-width: 1200px) 100vw, 1200px\" \/><\/p>\n<\/div>\n<div style=\"height: 4px; background-color: #f0e6dc; transition: background-color 0.3s ease;\"><\/div>\n<div style=\"margin: 50px 0;\">\n<h2 style=\"font-size: 32px; color: #baa883; margin-bottom: 20px; border-left: 6px solid #BAA883; padding-left: 16px;\">Specifiche del prodotto<\/h2>\n<div style=\"background: #fff;\">\n<table style=\"width: 100%; border-collapse: collapse;\">\n<tbody>\n<tr style=\"background-color: #f9f5f0;\">\n<td style=\"padding: 16px 20px; font-weight: 600; color: #baa883; width: 40%; border: 1px solid #eee;\">Elemento<\/td>\n<td style=\"padding: 16px 20px; border: 1px solid #eee;\">Parametro<\/td>\n<\/tr>\n<tr>\n<td style=\"padding: 16px 20px; font-weight: 600; color: #baa883; border: 1px solid #eee;\">Materiale<\/td>\n<td style=\"padding: 16px 20px; border: 1px solid #eee;\">Composito di pietra e plastica (SPC)<\/td>\n<\/tr>\n<tr style=\"background-color: #f9f5f0;\">\n<td style=\"padding: 16px 20px; font-weight: 600; color: #baa883; border: 1px solid #eee;\">Altezza<\/td>\n<td style=\"padding: 16px 20px; border: 1px solid #eee;\">60mm \/ 80mm \/ 100mm \/ Personalizzata<\/td>\n<\/tr>\n<tr>\n<td style=\"padding: 16px 20px; font-weight: 600; color: #baa883; border: 1px solid #eee;\">Spessore<\/td>\n<td style=\"padding: 16px 20px; border: 1px solid #eee;\">10mm \/ 12mm \/ Personalizzato<\/td>\n<\/tr>\n<tr style=\"background-color: #f9f5f0;\">\n<td style=\"padding: 16px 20px; font-weight: 600; color: #baa883; border: 1px solid #eee;\">Lunghezza<\/td>\n<td style=\"padding: 16px 20px; border: 1px solid #eee;\">2400mm \/ 2800mm \/ Personalizzato<\/td>\n<\/tr>\n<tr>\n<td style=\"padding: 16px 20px; font-weight: 600; color: #baa883; border: 1px solid #eee;\">Superficie<\/td>\n<td style=\"padding: 16px 20px; border: 1px solid #eee;\">Pellicola in PVC \/ Rivestimento UV<\/td>\n<\/tr>\n<tr style=\"background-color: #f9f5f0;\">\n<td style=\"padding: 16px 20px; font-weight: 600; color: #baa883; border: 1px solid #eee;\">Installazione<\/td>\n<td style=\"padding: 16px 20px; border: 1px solid #eee;\">Colla \/ Chiodo \/ Clip<\/td>\n<\/tr>\n<tr>\n<td style=\"padding: 16px 20px; font-weight: 600; color: #baa883; border: 1px solid #eee;\">Impermeabile<\/td>\n<td style=\"padding: 16px 20px; border: 1px solid #eee;\">S\u00ec<\/td>\n<\/tr>\n<\/tbody>\n<\/table>\n<\/div>\n<\/div>\n<div style=\"height: 4px; background-color: #f0e6dc; margin: 40px 0 40px 0px; transition: background-color 0.3s ease;\"><\/div>\n<div style=\"margin: 50px 0;\">\n<div style=\"margin: 50px 0;\">\n<h2 style=\"font-size: 32px; color: #baa883; margin-bottom: 20px; border-left: 6px solid #BAA883; padding-left: 16px;\"><strong>Vantaggi dei battiscopa SPC<\/strong><\/h2>\n<p>I battiscopa SPC offrono numerosi vantaggi rispetto ai materiali tradizionali per battiscopa.<\/p>\n<ul style=\"padding-left: 40px;\">\n<li>Pi\u00f9 resistenti all&#8217;umidit\u00e0 rispetto ai battiscopa in MDF.<\/li>\n<li>More durable and impact-resistant than wooden skirting<\/li>\n<li>More stable and less prone to deformation or cracking<\/li>\n<li>Facile da pulire e richiede poca manutenzione.<\/li>\n<li>Adatto sia ad interni residenziali che commerciali.<\/li>\n<\/ul>\n<p>Rappresenta la soluzione ideale per rifinire le transizioni tra parete e pavimento, offrendo una protezione duratura e valorizzando al contempo il design complessivo degli interni.<\/p>\n<div style=\"height: 4px; background-color: #f0e6dc; transition: background-color 0.3s ease;\"><\/div>\n<h2 style=\"font-size: 32px; color: #baa883; margin-bottom: 20px; border-left: 6px solid #BAA883; padding-left: 16px;\">Applicazioni dei battiscopa SPC<\/h2>\n<div style=\"display: flex; flex-wrap: wrap; gap: 40px; align-items: center;\">\n<div style=\"flex: 1; min-width: 400px;\">\n<ol style=\"font-size: 18px; line-height: 1.8; color: #555; padding-left: 20px;\">\n<li style=\"margin-bottom: 16px;\"><strong style=\"color: #baa883;\">Soggiorno:<\/strong> Queste doghe creano una transizione fluida ed elegante tra pavimento e pareti, valorizzando l&#8217;intero design degli interni. Offrono inoltre protezione alle pareti dagli urti dei mobili, dalla polvere e dall&#8217;usura quotidiana.<\/li>\n<li style=\"margin-bottom: 16px;\"><strong style=\"color: #baa883;\">Camera da letto:<\/strong> nelle camere da letto, i battiscopa aggiungono un tocco finale raffinato e contribuiscono a mantenere un ambiente ordinato e confortevole. La loro superficie liscia impedisce l&#8217;accumulo di polvere ed \u00e8 facile da pulire.<\/li>\n<li style=\"margin-bottom: 16px;\">Cucina: Le cucine richiedono materiali resistenti all&#8217;umidit\u00e0, all&#8217;olio e alle macchie. I battiscopa in SPC sono ideali grazie alle loro propriet\u00e0 impermeabili e alla facilit\u00e0 di pulizia.<\/li>\n<li style=\"margin-bottom: 16px;\">Spazi ufficio: i battiscopa SPC valorizzano gli ambienti professionali, offrendo una finitura pulita e moderna alle pareti e proteggendole dai danni causati dai mobili da ufficio.<\/li>\n<li style=\"margin-bottom: 16px;\">Progetti di ristrutturazione: i battiscopa SPC possono essere installati direttamente sulle superfici esistenti, risultando quindi ideali per progetti di ristrutturazione e ammodernamento.<\/li>\n<\/ol>\n<\/div>\n<\/div>\n<div style=\"height: 4px; background-color: #f0e6dc; margin: 40px 0 40px 0px; transition: background-color 0.3s ease;\"><\/div>\n<h2 style=\"font-size: 32px; color: #baa883; margin-bottom: 20px; border-left: 6px solid #BAA883; padding-left: 16px;\">Caratteristiche principali<\/h2>\n<div style=\"display: grid; grid-template-columns: repeat(auto-fit, minmax(280px, 1fr)); gap: 20px;\">\n<div style=\"background: #f9f5f0; padding: 24px; border-radius: 8px;\">\n<h3 style=\"color: #baa883; font-size: 20px; margin-bottom: 10px;\">Impermeabile al 100%<\/h3>\n<p>Ideale per ambienti umidi come bagni, cucine e scantinati.<\/p>\n<\/div>\n<div style=\"background: #f9f5f0; padding: 24px; border-radius: 8px;\">\n<h3 style=\"color: #baa883; font-size: 20px; margin-bottom: 10px;\">Resistente e durevole<\/h3>\n<p>Resistente a graffi, ammaccature e usura quotidiana, garantisce una lunga durata.<\/p>\n<\/div>\n<div style=\"background: #f9f5f0; padding: 24px; border-radius: 8px;\">\n<h3 style=\"color: #baa883; font-size: 20px; margin-bottom: 10px;\">Materiale ecologico<\/h3>\n<p>Senza formaldeide e sicuro per l&#8217;uso in ambienti interni.<\/p>\n<\/div>\n<div style=\"background: #f9f5f0; padding: 24px; border-radius: 8px;\">\n<h3 style=\"color: #baa883; font-size: 20px; margin-bottom: 10px;\">Installazione semplice<\/h3>\n<p>Pu\u00f2 essere installato con colla, chiodi o clip, con un conseguente risparmio di tempo e costi di manodopera.<\/p>\n<\/div>\n<div style=\"background: #f9f5f0; padding: 24px; border-radius: 8px;\">\n<h3 style=\"color: #baa883; font-size: 20px; margin-bottom: 10px;\">Bassa manutenzione<\/h3>\n<p>Non necessita di verniciatura: si pulisce facilmente con un panno umido.<\/p>\n<\/div>\n<div style=\"background: #f9f5f0; padding: 24px; border-radius: 8px;\">\n<h3 style=\"color: #baa883; font-size: 20px; margin-bottom: 10px;\">Design eleganti<\/h3>\n<p><span style=\"color: #000000;\">Disponibile in una vasta gamma di finiture:<\/span><\/p>\n<ul style=\"padding-left: 40px;\">\n<li>venature del legno<\/li>\n<li>Effetto marmo<\/li>\n<li>Solid colors<\/li>\n<li>Superfici opache o lucide<\/li>\n<\/ul>\n<\/div>\n<\/div>\n<\/div>\n<\/div>\n<\/div>\n<div style=\"font-family: 'Segoe UI', Roboto, Arial, sans-serif;\">\n<div style=\"height: 4px; background-color: #f0e6dc; margin: 40px 0 40px 0px; transition: background-color 0.3s ease;\"><\/div>\n<h2 style=\"font-size: 32px; color: #baa883; margin-bottom: 20px; border-left: 6px solid #BAA883; padding-left: 16px;\">Perch\u00e9 scegliere noi?<\/h2>\n<p>Forniamo materiali da costruzione di alta qualit\u00e0, con un rigoroso controllo di qualit\u00e0 e una capacit\u00e0 produttiva stabile. I nostri prodotti sono progettati per soddisfare gli standard internazionali e supportiamo soluzioni personalizzate per un&#8217;ampia gamma di esigenze progettuali. <\/p>\n<p>Ci concentriamo su durata, precisione artigianale e prestazioni di lunga durata per garantire una protezione affidabile e una finitura impeccabile, migliorando l&#8217;estetica complessiva degli interni e la competitivit\u00e0 sul mercato.<\/p>\n<p>&nbsp;<\/p>\n<p><img decoding=\"async\" class=\"alignnone size-full wp-image-3280\" src=\"https:\/\/files.baitcdn.com\/yprofloor\/wp-content\/uploads\/2025\/07\/company-certificates.webp\" alt=\"certificati\" width=\"1200\" height=\"463\" srcset=\"https:\/\/files.baitcdn.com\/yprofloor\/wp-content\/uploads\/2025\/07\/company-certificates.webp 1200w, https:\/\/files.baitcdn.com\/yprofloor\/wp-content\/uploads\/2025\/07\/company-certificates-300x116.webp 300w, https:\/\/files.baitcdn.com\/yprofloor\/wp-content\/uploads\/2025\/07\/company-certificates-1024x395.webp 1024w, https:\/\/files.baitcdn.com\/yprofloor\/wp-content\/uploads\/2025\/07\/company-certificates-768x296.webp 768w, https:\/\/files.baitcdn.com\/yprofloor\/wp-content\/uploads\/2025\/07\/company-certificates-150x58.webp 150w\" sizes=\"(max-width: 1200px) 100vw, 1200px\" \/><\/p>\n<div style=\"height: 4px; background-color: #f0e6dc; margin: 40px 0 40px 0px; transition: background-color 0.3s ease;\"><\/div>\n<h2 style=\"font-size: 32px; color: #baa883; margin-bottom: 20px; border-left: 6px solid #BAA883; padding-left: 16px;\">Domande frequenti (FAQ)<\/h2>\n<div style=\"display: flex; flex-direction: column; gap: 16px;\">\n<div style=\"background: #f9f5f0; padding: 24px; border-radius: 8px;\">\n<h3 style=\"color: #baa883; font-size: 20px; margin-bottom: 10px;\">Qual \u00e8 lo scopo principale dei battiscopa?<\/h3>\n<p style=\"line-height: 1.6; color: #555;\">I battiscopa proteggono la parte inferiore delle pareti da eventuali danni e contribuiscono a coprire lo spazio tra la parete e il pavimento, conferendo alla stanza un aspetto ordinato e rifinito.<\/p>\n<\/div>\n<div style=\"background: #f9f5f0; padding: 24px; border-radius: 8px;\">\n<h3 style=\"color: #baa883; font-size: 20px; margin-bottom: 10px;\">Come si puliscono e si mantengono i battiscopa?<\/h3>\n<p style=\"line-height: 1.6; color: #555;\">Pulire i battiscopa \u00e8 semplice: basta passarli con un panno umido. Evitate di usare prodotti per la pulizia aggressivi o strumenti abrasivi. Una pulizia regolare aiuta a mantenerne l&#8217;aspetto nel tempo.  <\/p>\n<\/div>\n<div style=\"background: #f9f5f0; padding: 24px; border-radius: 8px;\">\n<h3 style=\"color: #baa883; font-size: 20px; margin-bottom: 10px;\"> <strong>\u00c8 facile installare i battiscopa?<\/strong><\/h3>\n<p style=\"line-height: 1.6; color: #555;\">La maggior parte dei battiscopa moderni \u00e8 progettata per una facile installazione, con molte opzioni dotate di semplici sistemi adesivi o a incastro, che rendono l&#8217;installazione fai-da-te rapida e senza problemi.<\/p>\n<\/div>\n<div style=\"background: #f9f5f0; padding: 24px; border-radius: 8px;\">\n<h3 style=\"color: #baa883; font-size: 20px; margin-bottom: 10px;\">Posso personalizzare la taglia e il colore?<\/h3>\n<p style=\"line-height: 1.6; color: #555;\">S\u00ec, offriamo servizi OEM e di personalizzazione.<\/p>\n<\/div>\n<\/div>\n<\/div>\n","protected":false},"excerpt":{"rendered":"<p><strong>I battiscopa in SPC<\/strong> (Stone Plastic Composite) sono una soluzione di finitura per pareti moderna e resistente, progettata per coprire i giunti di dilatazione e proteggere le pareti, migliorando al contempo l&#8217;estetica degli interni. Offrono una transizione pulita e senza soluzione di continuit\u00e0 tra pavimento e pareti. <\/p>\n<p><strong>Vantaggi:<\/strong><\/p>\n<ul style=\"padding-left: 40px;\">\n<li>Impermeabile al 100%, ideale per cucine, bagni e zone soggette all&#8217;umidit\u00e0.<\/li>\n<li>Protegge le pareti da graffi, urti e usura quotidiana.<\/li>\n<li>Nucleo rigido e stabile con eccellente durata e lunga vita utile.<\/li>\n<li>Installazione semplice con sistemi adesivi o a clip.<\/li>\n<li>Superficie che richiede poca manutenzione e facile da pulire.<\/li>\n<li>Nasconde le fessure di dilatazione per una finitura pulita e professionale.<\/li>\n<li>Disponibile in vari colori e finiture per abbinarsi a pavimenti e rivestimenti murali.<\/li>\n<\/ul>\n","protected":false},"featured_media":2097,"template":"","meta":{"_acf_changed":false},"product_brand":[],"product_cat":[91],"product_tag":[],"class_list":{"0":"post-3528","1":"product","2":"type-product","3":"status-publish","4":"has-post-thumbnail","6":"product_cat-battiscopa-spc","8":"first","9":"instock","10":"shipping-taxable","11":"product-type-simple"},"acf":[],"yoast_head":"<!-- This site is optimized with the Yoast SEO plugin v27.3 - https:\/\/yoast.com\/product\/yoast-seo-wordpress\/ -->\n<title>Battiscopa SPC - Floor Tiling<\/title>\n<meta name=\"description\" content=\"I battiscopa SPC sono finiture per la base delle pareti impermeabili e resistenti, facili da installare e a bassa manutenzione, ideali per interni moderni.\" \/>\n<meta name=\"robots\" content=\"index, follow, max-snippet:-1, max-image-preview:large, max-video-preview:-1\" \/>\n<link rel=\"canonical\" href=\"https:\/\/yprofloor.com\/it\/prodotto\/battiscopa-spc\/\" \/>\n<meta property=\"og:locale\" content=\"it_IT\" \/>\n<meta property=\"og:type\" content=\"article\" \/>\n<meta property=\"og:title\" content=\"Battiscopa SPC - Floor Tiling\" \/>\n<meta property=\"og:description\" content=\"I battiscopa SPC sono finiture per la base delle pareti impermeabili e resistenti, facili da installare e a bassa manutenzione, ideali per interni moderni.\" \/>\n<meta property=\"og:url\" content=\"https:\/\/yprofloor.com\/it\/prodotto\/battiscopa-spc\/\" \/>\n<meta property=\"og:site_name\" content=\"Floor Tiling\" \/>\n<meta property=\"article:modified_time\" content=\"2026-04-14T08:41:08+00:00\" \/>\n<meta property=\"og:image\" content=\"https:\/\/files.baitcdn.com\/yprofloor\/wp-content\/uploads\/2025\/07\/SPC-skirting-boards.jpg\" \/>\n\t<meta property=\"og:image:width\" content=\"1000\" \/>\n\t<meta property=\"og:image:height\" content=\"1000\" \/>\n\t<meta property=\"og:image:type\" content=\"image\/jpeg\" \/>\n<meta name=\"twitter:card\" content=\"summary_large_image\" \/>\n<meta name=\"twitter:label1\" content=\"Tempo di lettura stimato\" \/>\n\t<meta name=\"twitter:data1\" content=\"3 minuti\" \/>\n<script type=\"application\/ld+json\" class=\"yoast-schema-graph\">{\"@context\":\"https:\\\/\\\/schema.org\",\"@graph\":[{\"@type\":\"WebPage\",\"@id\":\"https:\\\/\\\/yprofloor.com\\\/it\\\/prodotto\\\/battiscopa-spc\\\/\",\"url\":\"https:\\\/\\\/yprofloor.com\\\/it\\\/prodotto\\\/battiscopa-spc\\\/\",\"name\":\"Battiscopa SPC - Floor Tiling\",\"isPartOf\":{\"@id\":\"https:\\\/\\\/yprofloor.com\\\/it\\\/#website\"},\"primaryImageOfPage\":{\"@id\":\"https:\\\/\\\/yprofloor.com\\\/it\\\/prodotto\\\/battiscopa-spc\\\/#primaryimage\"},\"image\":{\"@id\":\"https:\\\/\\\/yprofloor.com\\\/it\\\/prodotto\\\/battiscopa-spc\\\/#primaryimage\"},\"thumbnailUrl\":\"https:\\\/\\\/files.baitcdn.com\\\/yprofloor\\\/wp-content\\\/uploads\\\/2025\\\/07\\\/SPC-skirting-boards.jpg\",\"datePublished\":\"2025-05-09T10:50:21+00:00\",\"dateModified\":\"2026-04-14T08:41:08+00:00\",\"description\":\"I battiscopa SPC sono finiture per la base delle pareti impermeabili e resistenti, facili da installare e a bassa manutenzione, ideali per interni moderni.\",\"breadcrumb\":{\"@id\":\"https:\\\/\\\/yprofloor.com\\\/it\\\/prodotto\\\/battiscopa-spc\\\/#breadcrumb\"},\"inLanguage\":\"it-IT\",\"potentialAction\":[{\"@type\":\"ReadAction\",\"target\":[\"https:\\\/\\\/yprofloor.com\\\/it\\\/prodotto\\\/battiscopa-spc\\\/\"]}]},{\"@type\":\"ImageObject\",\"inLanguage\":\"it-IT\",\"@id\":\"https:\\\/\\\/yprofloor.com\\\/it\\\/prodotto\\\/battiscopa-spc\\\/#primaryimage\",\"url\":\"https:\\\/\\\/files.baitcdn.com\\\/yprofloor\\\/wp-content\\\/uploads\\\/2025\\\/07\\\/SPC-skirting-boards.jpg\",\"contentUrl\":\"https:\\\/\\\/files.baitcdn.com\\\/yprofloor\\\/wp-content\\\/uploads\\\/2025\\\/07\\\/SPC-skirting-boards.jpg\",\"width\":1000,\"height\":1000,\"caption\":\"SPC skirting boards\"},{\"@type\":\"BreadcrumbList\",\"@id\":\"https:\\\/\\\/yprofloor.com\\\/it\\\/prodotto\\\/battiscopa-spc\\\/#breadcrumb\",\"itemListElement\":[{\"@type\":\"ListItem\",\"position\":1,\"name\":\"Home\",\"item\":\"https:\\\/\\\/yprofloor.com\\\/it\\\/casa\\\/\"},{\"@type\":\"ListItem\",\"position\":2,\"name\":\"Shop\",\"item\":\"https:\\\/\\\/yprofloor.com\\\/it\\\/shop\\\/\"},{\"@type\":\"ListItem\",\"position\":3,\"name\":\"Battiscopa SPC\"}]},{\"@type\":\"WebSite\",\"@id\":\"https:\\\/\\\/yprofloor.com\\\/it\\\/#website\",\"url\":\"https:\\\/\\\/yprofloor.com\\\/it\\\/\",\"name\":\"SPC Flooring\",\"description\":\"Anti-Scratch, Waterproof, Eco-Friendly, Anti-Slip, anti moth, wear resistant anti bacteria\",\"publisher\":{\"@id\":\"https:\\\/\\\/yprofloor.com\\\/it\\\/#organization\"},\"potentialAction\":[{\"@type\":\"SearchAction\",\"target\":{\"@type\":\"EntryPoint\",\"urlTemplate\":\"https:\\\/\\\/yprofloor.com\\\/it\\\/?s={search_term_string}\"},\"query-input\":{\"@type\":\"PropertyValueSpecification\",\"valueRequired\":true,\"valueName\":\"search_term_string\"}}],\"inLanguage\":\"it-IT\"},{\"@type\":\"Organization\",\"@id\":\"https:\\\/\\\/yprofloor.com\\\/it\\\/#organization\",\"name\":\"SPC Flooring\",\"url\":\"https:\\\/\\\/yprofloor.com\\\/it\\\/\",\"logo\":{\"@type\":\"ImageObject\",\"inLanguage\":\"it-IT\",\"@id\":\"https:\\\/\\\/yprofloor.com\\\/it\\\/#\\\/schema\\\/logo\\\/image\\\/\",\"url\":\"https:\\\/\\\/files.baitcdn.com\\\/yprofloor\\\/wp-content\\\/uploads\\\/2026\\\/04\\\/floor-tiling-logo.png\",\"contentUrl\":\"https:\\\/\\\/files.baitcdn.com\\\/yprofloor\\\/wp-content\\\/uploads\\\/2026\\\/04\\\/floor-tiling-logo.png\",\"width\":400,\"height\":400,\"caption\":\"SPC Flooring\"},\"image\":{\"@id\":\"https:\\\/\\\/yprofloor.com\\\/it\\\/#\\\/schema\\\/logo\\\/image\\\/\"}}]}<\/script>\n<!-- \/ Yoast SEO plugin. -->","yoast_head_json":{"title":"Battiscopa SPC - Floor Tiling","description":"I battiscopa SPC sono finiture per la base delle pareti impermeabili e resistenti, facili da installare e a bassa manutenzione, ideali per interni moderni.","robots":{"index":"index","follow":"follow","max-snippet":"max-snippet:-1","max-image-preview":"max-image-preview:large","max-video-preview":"max-video-preview:-1"},"canonical":"https:\/\/yprofloor.com\/it\/prodotto\/battiscopa-spc\/","og_locale":"it_IT","og_type":"article","og_title":"Battiscopa SPC - Floor Tiling","og_description":"I battiscopa SPC sono finiture per la base delle pareti impermeabili e resistenti, facili da installare e a bassa manutenzione, ideali per interni moderni.","og_url":"https:\/\/yprofloor.com\/it\/prodotto\/battiscopa-spc\/","og_site_name":"Floor Tiling","article_modified_time":"2026-04-14T08:41:08+00:00","og_image":[{"width":1000,"height":1000,"url":"https:\/\/files.baitcdn.com\/yprofloor\/wp-content\/uploads\/2025\/07\/SPC-skirting-boards.jpg","type":"image\/jpeg"}],"twitter_card":"summary_large_image","twitter_misc":{"Tempo di lettura stimato":"3 minuti"},"schema":{"@context":"https:\/\/schema.org","@graph":[{"@type":"WebPage","@id":"https:\/\/yprofloor.com\/it\/prodotto\/battiscopa-spc\/","url":"https:\/\/yprofloor.com\/it\/prodotto\/battiscopa-spc\/","name":"Battiscopa SPC - Floor Tiling","isPartOf":{"@id":"https:\/\/yprofloor.com\/it\/#website"},"primaryImageOfPage":{"@id":"https:\/\/yprofloor.com\/it\/prodotto\/battiscopa-spc\/#primaryimage"},"image":{"@id":"https:\/\/yprofloor.com\/it\/prodotto\/battiscopa-spc\/#primaryimage"},"thumbnailUrl":"https:\/\/files.baitcdn.com\/yprofloor\/wp-content\/uploads\/2025\/07\/SPC-skirting-boards.jpg","datePublished":"2025-05-09T10:50:21+00:00","dateModified":"2026-04-14T08:41:08+00:00","description":"I battiscopa SPC sono finiture per la base delle pareti impermeabili e resistenti, facili da installare e a bassa manutenzione, ideali per interni moderni.","breadcrumb":{"@id":"https:\/\/yprofloor.com\/it\/prodotto\/battiscopa-spc\/#breadcrumb"},"inLanguage":"it-IT","potentialAction":[{"@type":"ReadAction","target":["https:\/\/yprofloor.com\/it\/prodotto\/battiscopa-spc\/"]}]},{"@type":"ImageObject","inLanguage":"it-IT","@id":"https:\/\/yprofloor.com\/it\/prodotto\/battiscopa-spc\/#primaryimage","url":"https:\/\/files.baitcdn.com\/yprofloor\/wp-content\/uploads\/2025\/07\/SPC-skirting-boards.jpg","contentUrl":"https:\/\/files.baitcdn.com\/yprofloor\/wp-content\/uploads\/2025\/07\/SPC-skirting-boards.jpg","width":1000,"height":1000,"caption":"SPC skirting boards"},{"@type":"BreadcrumbList","@id":"https:\/\/yprofloor.com\/it\/prodotto\/battiscopa-spc\/#breadcrumb","itemListElement":[{"@type":"ListItem","position":1,"name":"Home","item":"https:\/\/yprofloor.com\/it\/casa\/"},{"@type":"ListItem","position":2,"name":"Shop","item":"https:\/\/yprofloor.com\/it\/shop\/"},{"@type":"ListItem","position":3,"name":"Battiscopa SPC"}]},{"@type":"WebSite","@id":"https:\/\/yprofloor.com\/it\/#website","url":"https:\/\/yprofloor.com\/it\/","name":"SPC Flooring","description":"Anti-Scratch, Waterproof, Eco-Friendly, Anti-Slip, anti moth, wear resistant anti bacteria","publisher":{"@id":"https:\/\/yprofloor.com\/it\/#organization"},"potentialAction":[{"@type":"SearchAction","target":{"@type":"EntryPoint","urlTemplate":"https:\/\/yprofloor.com\/it\/?s={search_term_string}"},"query-input":{"@type":"PropertyValueSpecification","valueRequired":true,"valueName":"search_term_string"}}],"inLanguage":"it-IT"},{"@type":"Organization","@id":"https:\/\/yprofloor.com\/it\/#organization","name":"SPC Flooring","url":"https:\/\/yprofloor.com\/it\/","logo":{"@type":"ImageObject","inLanguage":"it-IT","@id":"https:\/\/yprofloor.com\/it\/#\/schema\/logo\/image\/","url":"https:\/\/files.baitcdn.com\/yprofloor\/wp-content\/uploads\/2026\/04\/floor-tiling-logo.png","contentUrl":"https:\/\/files.baitcdn.com\/yprofloor\/wp-content\/uploads\/2026\/04\/floor-tiling-logo.png","width":400,"height":400,"caption":"SPC Flooring"},"image":{"@id":"https:\/\/yprofloor.com\/it\/#\/schema\/logo\/image\/"}}]}},"_links":{"self":[{"href":"https:\/\/yprofloor.com\/it\/wp-json\/wp\/v2\/product\/3528","targetHints":{"allow":["GET"]}}],"collection":[{"href":"https:\/\/yprofloor.com\/it\/wp-json\/wp\/v2\/product"}],"about":[{"href":"https:\/\/yprofloor.com\/it\/wp-json\/wp\/v2\/types\/product"}],"wp:featuredmedia":[{"embeddable":true,"href":"https:\/\/yprofloor.com\/it\/wp-json\/wp\/v2\/media\/2097"}],"wp:attachment":[{"href":"https:\/\/yprofloor.com\/it\/wp-json\/wp\/v2\/media?parent=3528"}],"wp:term":[{"taxonomy":"product_brand","embeddable":true,"href":"https:\/\/yprofloor.com\/it\/wp-json\/wp\/v2\/product_brand?post=3528"},{"taxonomy":"product_cat","embeddable":true,"href":"https:\/\/yprofloor.com\/it\/wp-json\/wp\/v2\/product_cat?post=3528"},{"taxonomy":"product_tag","embeddable":true,"href":"https:\/\/yprofloor.com\/it\/wp-json\/wp\/v2\/product_tag?post=3528"}],"curies":[{"name":"wp","href":"https:\/\/api.w.org\/{rel}","templated":true}]}}