{"id":3708,"date":"2025-06-09T10:30:34","date_gmt":"2025-06-09T10:30:34","guid":{"rendered":"https:\/\/yprofloor.com\/product\/pannelli-murali-spc\/"},"modified":"2025-06-09T10:30:34","modified_gmt":"2025-06-09T10:30:34","slug":"pannelli-murali-spc","status":"publish","type":"product","link":"https:\/\/yprofloor.com\/it\/prodotto\/pannelli-murali-spc\/","title":{"rendered":"Pannelli murali SPC"},"content":{"rendered":"<div style=\"font-family: Arial, sans-serif; font-size: 16px; line-height: 1.8;\">\n<h2 style=\"font-size: 32px; color: #baa883; margin-bottom: 20px; border-left: 6px solid #BAA883; padding-left: 16px;\">Che cosa sono i pannelli murali SPC?<\/h2>\n<div style=\"margin-bottom: 40px;\">\n<p>I pannelli murali SPC (Stone Plastic Composite Wall Panels) sono una soluzione innovativa per il rivestimento di pareti, realizzata con una combinazione di polvere di calcare naturale, PVC e stabilizzanti. Progettati per replicare l&#8217;aspetto di materiali naturali come legno, marmo o pietra, i pannelli SPC offrono una durata superiore, impermeabilit\u00e0 e facilit\u00e0 di installazione. <\/p>\n<p>Sono ampiamente utilizzati nell&#8217;arredamento d&#8217;interni residenziale e commerciale, offrendo un&#8217;alternativa moderna ed economica ai materiali tradizionali per le pareti.<\/p>\n<p><img fetchpriority=\"high\" decoding=\"async\" class=\"alignnone wp-image-3282 size-full\" src=\"https:\/\/files.baitcdn.com\/yprofloor\/wp-content\/uploads\/2025\/07\/spc-wall-panels-application.webp\" alt=\"Applicazione di pannelli murali SPC in soggiorno, camera da letto, bagno e spazi interni commerciali.\" width=\"1200\" height=\"420\" srcset=\"https:\/\/files.baitcdn.com\/yprofloor\/wp-content\/uploads\/2025\/07\/spc-wall-panels-application.webp 1200w, https:\/\/files.baitcdn.com\/yprofloor\/wp-content\/uploads\/2025\/07\/spc-wall-panels-application-300x105.webp 300w, https:\/\/files.baitcdn.com\/yprofloor\/wp-content\/uploads\/2025\/07\/spc-wall-panels-application-1024x358.webp 1024w, https:\/\/files.baitcdn.com\/yprofloor\/wp-content\/uploads\/2025\/07\/spc-wall-panels-application-768x269.webp 768w, https:\/\/files.baitcdn.com\/yprofloor\/wp-content\/uploads\/2025\/07\/spc-wall-panels-application-150x53.webp 150w\" sizes=\"(max-width: 1200px) 100vw, 1200px\" \/><\/p>\n<\/div>\n<div style=\"height: 4px; background-color: #f0e6dc; transition: background-color 0.3s ease;\"><\/div>\n<div style=\"margin: 50px 0;\">\n<h2 style=\"font-size: 32px; color: #baa883; margin-bottom: 20px; border-left: 6px solid #BAA883; padding-left: 16px;\">Specifiche del prodotto<\/h2>\n<div style=\"background: #fff;\">\n<table style=\"width: 100%; border-collapse: collapse;\">\n<tbody>\n<tr style=\"background-color: #f9f5f0;\">\n<td style=\"padding: 16px 20px; font-weight: 600; color: #baa883; width: 40%; border: 1px solid #eee;\">Elemento<\/td>\n<td style=\"padding: 16px 20px; border: 1px solid #eee;\">Parametro<\/td>\n<\/tr>\n<tr>\n<td style=\"padding: 16px 20px; font-weight: 600; color: #baa883; border: 1px solid #eee;\">Materiale<\/td>\n<td style=\"padding: 16px 20px; border: 1px solid #eee;\">Composito di pietra e plastica (SPC)<\/td>\n<\/tr>\n<tr style=\"background-color: #f9f5f0;\">\n<td style=\"padding: 16px 20px; font-weight: 600; color: #baa883; border: 1px solid #eee;\">Spessore<\/td>\n<td style=\"padding: 16px 20px; border: 1px solid #eee;\">4mm \/ 5mm \/ 6mm \/ Personalizzato<\/td>\n<\/tr>\n<tr>\n<td style=\"padding: 16px 20px; font-weight: 600; color: #baa883; border: 1px solid #eee;\">Larghezza<\/td>\n<td style=\"padding: 16px 20px; border: 1px solid #eee;\">300mm \/ 400mm \/ Personalizzata<\/td>\n<\/tr>\n<tr style=\"background-color: #f9f5f0;\">\n<td style=\"padding: 16px 20px; font-weight: 600; color: #baa883; border: 1px solid #eee;\">Lunghezza<\/td>\n<td style=\"padding: 16px 20px; border: 1px solid #eee;\">1200mm \/ 2400mm \/ Personalizzato<\/td>\n<\/tr>\n<tr>\n<td style=\"padding: 16px 20px; font-weight: 600; color: #baa883; border: 1px solid #eee;\">Installazione<\/td>\n<td style=\"padding: 16px 20px; border: 1px solid #eee;\">Click Lock \/ Glue<\/td>\n<\/tr>\n<tr style=\"background-color: #f9f5f0;\">\n<td style=\"padding: 16px 20px; font-weight: 600; color: #baa883; border: 1px solid #eee;\">Impermeabile<\/td>\n<td style=\"padding: 16px 20px; border: 1px solid #eee;\">S\u00ec<\/td>\n<\/tr>\n<tr>\n<td style=\"padding: 16px 20px; font-weight: 600; color: #baa883; border: 1px solid #eee;\">Classificazione di resistenza al fuoco<\/td>\n<td style=\"padding: 16px 20px; border: 1px solid #eee;\">Grado B1 (opzionale)<\/td>\n<\/tr>\n<\/tbody>\n<\/table>\n<\/div>\n<\/div>\n<div style=\"height: 4px; background-color: #f0e6dc; margin: 40px 0 40px 0px; transition: background-color 0.3s ease;\"><\/div>\n<div style=\"margin: 50px 0;\">\n<div style=\"margin: 50px 0;\">\n<h2 style=\"font-size: 32px; color: #baa883; margin-bottom: 20px; border-left: 6px solid #BAA883; padding-left: 16px;\">La struttura dei pannelli murali SPC<\/h2>\n<div style=\"display: flex; flex-wrap: wrap; gap: 40px; align-items: center;\">\n<div style=\"flex: 1; min-width: 400px;\">\n<ol style=\"font-size: 18px; line-height: 1.8; color: #555; padding-left: 20px;\">\n<li style=\"margin-bottom: 16px;\">Rivestimento UV (strato protettivo superiore): Il rivestimento UV \u00e8 lo strato protettivo trasparente superiore che migliora le prestazioni della superficie.<\/li>\n<li style=\"margin-bottom: 16px;\">Strato di usura: Lo strato di usura \u00e8 uno strato trasparente e resistente progettato per proteggere la superficie decorativa sottostante.<\/li>\n<li style=\"margin-bottom: 16px;\">Strato decorativo: questo strato determina l&#8217;aspetto visivo del pannello murale SPC.<\/li>\n<li style=\"margin-bottom: 16px;\">Nucleo in SPC (Stone Plastic Composite Core): Il nucleo in SPC \u00e8 lo strato strutturale principale realizzato in polvere di calcare e PVC.<\/li>\n<\/ol>\n<\/div>\n<div style=\"flex: 1; min-width: 400px; padding: 24px; border-radius: 8px; text-align: center;\"><img decoding=\"async\" class=\"alignnone wp-image-3277 size-full\" src=\"https:\/\/files.baitcdn.com\/yprofloor\/wp-content\/uploads\/2025\/06\/spc-wall-panel-structure-diagram.webp\" alt=\"Schema della struttura del pannello murale SPC, vista esplosa che mostra gli strati: rivestimento UV, strato di usura, strato decorativo, nucleo SPC\" width=\"800\" height=\"450\" srcset=\"https:\/\/files.baitcdn.com\/yprofloor\/wp-content\/uploads\/2025\/06\/spc-wall-panel-structure-diagram.webp 800w, https:\/\/files.baitcdn.com\/yprofloor\/wp-content\/uploads\/2025\/06\/spc-wall-panel-structure-diagram-300x169.webp 300w, https:\/\/files.baitcdn.com\/yprofloor\/wp-content\/uploads\/2025\/06\/spc-wall-panel-structure-diagram-768x432.webp 768w, https:\/\/files.baitcdn.com\/yprofloor\/wp-content\/uploads\/2025\/06\/spc-wall-panel-structure-diagram-150x84.webp 150w\" sizes=\"(max-width: 800px) 100vw, 800px\" \/><\/div>\n<\/div>\n<div style=\"height: 4px; background-color: #f0e6dc; margin: 40px 0 40px 0px; transition: background-color 0.3s ease;\"><\/div>\n<h2 style=\"font-size: 32px; color: #baa883; margin-bottom: 20px; border-left: 6px solid #BAA883; padding-left: 16px;\">Caratteristiche principali<\/h2>\n<div style=\"display: grid; grid-template-columns: repeat(auto-fit, minmax(280px, 1fr)); gap: 20px;\">\n<div style=\"background: #f9f5f0; padding: 24px; border-radius: 8px;\">\n<h3 style=\"color: #baa883; font-size: 20px; margin-bottom: 10px;\">Impermeabile e resistente all&#8217;umidit\u00e0 al 100%.<\/h3>\n<p>Questi pannelli a parete sono completamente impermeabili, il che li rende ideali per bagni, cucine e altri ambienti umidi.<\/p>\n<\/div>\n<div style=\"background: #f9f5f0; padding: 24px; border-radius: 8px;\">\n<h3 style=\"color: #baa883; font-size: 20px; margin-bottom: 10px;\">Resistente e durevole<\/h3>\n<p><span style=\"color: #000000;\">Grazie alla struttura interna rigida, i pannelli SPC sono altamente resistenti a graffi, ammaccature e usura quotidiana.<\/span><\/p>\n<\/div>\n<div style=\"background: #f9f5f0; padding: 24px; border-radius: 8px;\">\n<h3 style=\"color: #baa883; font-size: 20px; margin-bottom: 10px;\">Ecologico e sicuro<\/h3>\n<p><span style=\"color: #000000;\">Realizzati con materiali ecocompatibili, i pannelli SPC sono privi di formaldeide e sicuri per l&#8217;uso in ambienti interni.<\/span><\/p>\n<\/div>\n<div style=\"background: #f9f5f0; padding: 24px; border-radius: 8px;\">\n<h3 style=\"color: #baa883; font-size: 20px; margin-bottom: 10px;\">Installazione semplice<\/h3>\n<p><span style=\"color: #000000;\">Grazie ai sistemi di installazione a incastro o con colla, i pannelli si montano rapidamente e non richiedono attrezzi professionali, rappresentando una soluzione pratica per gli interni moderni.<\/span><\/p>\n<\/div>\n<div style=\"background: #f9f5f0; padding: 24px; border-radius: 8px;\">\n<h3 style=\"color: #baa883; font-size: 20px; margin-bottom: 10px;\">Bassa manutenzione<\/h3>\n<p><span style=\"color: #000000;\">Non c&#8217;\u00e8 bisogno di verniciare o sigillare: basta pulire con un panno umido.<\/span><\/p>\n<\/div>\n<div style=\"background: #f9f5f0; padding: 24px; border-radius: 8px;\">\n<h3 style=\"color: #baa883; font-size: 20px; margin-bottom: 10px;\">Design eleganti<\/h3>\n<p><span style=\"color: #000000;\">Disponibile in una vasta gamma di finiture:<\/span><\/p>\n<ul style=\"padding-left: 40px;\">\n<li><span style=\"color: #000000;\">venature del legno<\/span><\/li>\n<li><span style=\"color: #000000;\">Texture effetto marmo<\/span><\/li>\n<li><span style=\"color: #000000;\">Effetto pietra<\/span><\/li>\n<li><span style=\"color: #000000;\">Solid colors<\/span><\/li>\n<\/ul>\n<\/div>\n<\/div>\n<\/div>\n<\/div>\n<\/div>\n<div style=\"height: 4px; background-color: #f0e6dc; margin: 40px 0 40px 0px; transition: background-color 0.3s ease;\"><\/div>\n<div style=\"font-family: 'Segoe UI', Roboto, Arial, sans-serif;\">\n<h2 style=\"font-size: 32px; color: #baa883; margin-bottom: 20px; border-left: 6px solid #BAA883; padding-left: 16px;\">Applicazioni dei pannelli murali SPC<\/h2>\n<p>I pannelli a parete SPC sono versatili e adatti a diverse applicazioni:<\/p>\n<ul style=\"padding-left: 40px; line-height: 1.8;\">\n<li>Decorazione murale per il soggiorno<\/li>\n<li>pareti decorative della camera da letto<\/li>\n<li>Pareti del bagno e della doccia<\/li>\n<li>Paraschizzi della cucina<\/li>\n<li>Interni per uffici<\/li>\n<li>Spazi alberghieri e commerciali<\/li>\n<\/ul>\n<div style=\"height: 4px; background-color: #f0e6dc; margin: 40px 0 40px 0px; transition: background-color 0.3s ease;\"><\/div>\n<h2 style=\"font-size: 32px; color: #baa883; margin-bottom: 20px; border-left: 6px solid #BAA883; padding-left: 16px;\">Perch\u00e9 scegliere noi?<\/h2>\n<p>Offriamo pannelli murali SPC di alta qualit\u00e0, caratterizzati da un rigoroso controllo qualit\u00e0 e una capacit\u00e0 produttiva stabile. I nostri prodotti sono progettati per soddisfare gli standard internazionali e supportiamo soluzioni personalizzate per le diverse esigenze di mercato. <\/p>\n<p>Ci concentriamo su durabilit\u00e0, realismo del design e prestazioni a lungo termine per garantire una forte competitivit\u00e0 nei progetti globali.<\/p>\n<p>&nbsp;<\/p>\n<p><img decoding=\"async\" class=\"alignnone size-full wp-image-3280\" src=\"https:\/\/files.baitcdn.com\/yprofloor\/wp-content\/uploads\/2025\/07\/company-certificates.webp\" alt=\"certificati\" width=\"1200\" height=\"463\" srcset=\"https:\/\/files.baitcdn.com\/yprofloor\/wp-content\/uploads\/2025\/07\/company-certificates.webp 1200w, https:\/\/files.baitcdn.com\/yprofloor\/wp-content\/uploads\/2025\/07\/company-certificates-300x116.webp 300w, https:\/\/files.baitcdn.com\/yprofloor\/wp-content\/uploads\/2025\/07\/company-certificates-1024x395.webp 1024w, https:\/\/files.baitcdn.com\/yprofloor\/wp-content\/uploads\/2025\/07\/company-certificates-768x296.webp 768w, https:\/\/files.baitcdn.com\/yprofloor\/wp-content\/uploads\/2025\/07\/company-certificates-150x58.webp 150w\" sizes=\"(max-width: 1200px) 100vw, 1200px\" \/><\/p>\n<div style=\"height: 4px; background-color: #f0e6dc; margin: 40px 0 40px 0px; transition: background-color 0.3s ease;\"><\/div>\n<h2 style=\"font-size: 32px; color: #baa883; margin-bottom: 20px; border-left: 6px solid #BAA883; padding-left: 16px;\">Domande frequenti (FAQ)<\/h2>\n<div style=\"display: flex; flex-direction: column; gap: 16px;\">\n<div style=\"background: #f9f5f0; padding: 24px; border-radius: 8px;\">\n<h3 style=\"color: #baa883; font-size: 20px; margin-bottom: 10px;\">Di che materiale sono fatti questi pannelli?<\/h3>\n<p style=\"line-height: 1.6; color: #555;\"><span style=\"color: #000000;\">Questi pannelli sono realizzati con una combinazione di polvere di calcare, PVC e stabilizzanti. Questa struttura composita di pietra e plastica li rende resistenti, impermeabili ed ecocompatibili. <\/span><\/p>\n<\/div>\n<div style=\"background: #f9f5f0; padding: 24px; border-radius: 8px;\">\n<h3 style=\"color: #baa883; font-size: 20px; margin-bottom: 10px;\">I pannelli murali SPC sono impermeabili?<\/h3>\n<p style=\"line-height: 1.6; color: #555;\"><span style=\"color: #000000;\">S\u00ec, questi pannelli sono impermeabili al 100%, il che li rende ideali per bagni, cucine e altri ambienti con elevata umidit\u00e0.<\/span><\/p>\n<\/div>\n<div style=\"background: #f9f5f0; padding: 24px; border-radius: 8px;\">\n<h3 style=\"color: #baa883; font-size: 20px; margin-bottom: 10px;\">Come si installano i pannelli a parete SPC?<\/h3>\n<p style=\"line-height: 1.6; color: #555;\"><span style=\"color: #000000;\">Questi pannelli possono essere installati tramite colla o un sistema a incastro. Possono essere applicati direttamente su superfici preesistenti come piastrelle, cartongesso o cemento, rendendo l&#8217;installazione rapida e semplice. <\/span><\/p>\n<\/div>\n<div style=\"background: #f9f5f0; padding: 24px; border-radius: 8px;\">\n<h3 style=\"color: #baa883; font-size: 20px; margin-bottom: 10px;\">I pannelli murali SPC sono ecocompatibili?<\/h3>\n<p><span style=\"color: #000000;\">S\u00ec, questi pannelli sono privi di formaldeide e realizzati con materiali ecocompatibili, il che li rende sicuri per l&#8217;uso in ambienti interni.<\/span><\/p>\n<\/div>\n<\/div>\n<\/div>\n","protected":false},"excerpt":{"rendered":"<p>I pannelli murali SPC (Stone Plastic Composite Wall Panels) sono una moderna soluzione di rivestimento decorativo per pareti, progettata per valorizzare gli spazi interni con durata, stile e impermeabilit\u00e0. Offrono una perfetta combinazione di estetica e protezione a lungo termine, sia per applicazioni residenziali che commerciali. <\/p>\n<p><strong>Vantaggi:<\/strong><\/p>\n<ul style=\"padding-left: 40px;\">\n<li>Impermeabile al 100%, ideale per bagni, cucine e ambienti umidi.<\/li>\n<li>Struttura interna robusta e rigida con eccellente resistenza agli urti.<\/li>\n<li>Installazione facile e veloce con sistemi a incastro maschio-femmina o a clic.<\/li>\n<li>Resistente a muffa, funghi e danni causati dall&#8217;umidit\u00e0.<\/li>\n<li>Superficie che richiede poca manutenzione e facile da pulire.<\/li>\n<li>Leggero ma resistente per un utilizzo prolungato.<\/li>\n<\/ul>\n","protected":false},"featured_media":3210,"template":"","meta":{"_acf_changed":false},"product_brand":[],"product_cat":[96],"product_tag":[],"class_list":{"0":"post-3708","1":"product","2":"type-product","3":"status-publish","4":"has-post-thumbnail","6":"product_cat-pannello-a-parete-spc","8":"first","9":"instock","10":"shipping-taxable","11":"product-type-simple"},"acf":[],"yoast_head":"<!-- This site is optimized with the Yoast SEO plugin v27.3 - https:\/\/yoast.com\/product\/yoast-seo-wordpress\/ -->\n<title>Pannelli murali SPC - Floor Tiling<\/title>\n<meta name=\"description\" content=\"I pannelli murali SPC offrono soluzioni impermeabili, resistenti ed eleganti per interni moderni, ideali per la decorazione di pareti in ambienti residenziali e commerciali.\" \/>\n<meta name=\"robots\" content=\"index, follow, max-snippet:-1, max-image-preview:large, max-video-preview:-1\" \/>\n<link rel=\"canonical\" href=\"https:\/\/yprofloor.com\/it\/prodotto\/pannelli-murali-spc\/\" \/>\n<meta property=\"og:locale\" content=\"it_IT\" \/>\n<meta property=\"og:type\" content=\"article\" \/>\n<meta property=\"og:title\" content=\"Pannelli murali SPC - Floor Tiling\" \/>\n<meta property=\"og:description\" content=\"I pannelli murali SPC offrono soluzioni impermeabili, resistenti ed eleganti per interni moderni, ideali per la decorazione di pareti in ambienti residenziali e commerciali.\" \/>\n<meta property=\"og:url\" content=\"https:\/\/yprofloor.com\/it\/prodotto\/pannelli-murali-spc\/\" \/>\n<meta property=\"og:site_name\" content=\"Floor Tiling\" \/>\n<meta property=\"og:image\" content=\"https:\/\/files.baitcdn.com\/yprofloor\/wp-content\/uploads\/2026\/04\/spc-wall-panels-product-img-7.webp\" \/>\n\t<meta property=\"og:image:width\" content=\"1000\" \/>\n\t<meta property=\"og:image:height\" content=\"1000\" \/>\n\t<meta property=\"og:image:type\" content=\"image\/webp\" \/>\n<meta name=\"twitter:card\" content=\"summary_large_image\" \/>\n<meta name=\"twitter:label1\" content=\"Tempo di lettura stimato\" \/>\n\t<meta name=\"twitter:data1\" content=\"3 minuti\" \/>\n<script type=\"application\/ld+json\" class=\"yoast-schema-graph\">{\"@context\":\"https:\\\/\\\/schema.org\",\"@graph\":[{\"@type\":\"WebPage\",\"@id\":\"https:\\\/\\\/yprofloor.com\\\/it\\\/prodotto\\\/pannelli-murali-spc\\\/\",\"url\":\"https:\\\/\\\/yprofloor.com\\\/it\\\/prodotto\\\/pannelli-murali-spc\\\/\",\"name\":\"Pannelli murali SPC - Floor Tiling\",\"isPartOf\":{\"@id\":\"https:\\\/\\\/yprofloor.com\\\/it\\\/#website\"},\"primaryImageOfPage\":{\"@id\":\"https:\\\/\\\/yprofloor.com\\\/it\\\/prodotto\\\/pannelli-murali-spc\\\/#primaryimage\"},\"image\":{\"@id\":\"https:\\\/\\\/yprofloor.com\\\/it\\\/prodotto\\\/pannelli-murali-spc\\\/#primaryimage\"},\"thumbnailUrl\":\"https:\\\/\\\/files.baitcdn.com\\\/yprofloor\\\/wp-content\\\/uploads\\\/2026\\\/04\\\/spc-wall-panels-product-img-7.webp\",\"datePublished\":\"2025-06-09T10:30:34+00:00\",\"description\":\"I pannelli murali SPC offrono soluzioni impermeabili, resistenti ed eleganti per interni moderni, ideali per la decorazione di pareti in ambienti residenziali e commerciali.\",\"breadcrumb\":{\"@id\":\"https:\\\/\\\/yprofloor.com\\\/it\\\/prodotto\\\/pannelli-murali-spc\\\/#breadcrumb\"},\"inLanguage\":\"it-IT\",\"potentialAction\":[{\"@type\":\"ReadAction\",\"target\":[\"https:\\\/\\\/yprofloor.com\\\/it\\\/prodotto\\\/pannelli-murali-spc\\\/\"]}]},{\"@type\":\"ImageObject\",\"inLanguage\":\"it-IT\",\"@id\":\"https:\\\/\\\/yprofloor.com\\\/it\\\/prodotto\\\/pannelli-murali-spc\\\/#primaryimage\",\"url\":\"https:\\\/\\\/files.baitcdn.com\\\/yprofloor\\\/wp-content\\\/uploads\\\/2026\\\/04\\\/spc-wall-panels-product-img-7.webp\",\"contentUrl\":\"https:\\\/\\\/files.baitcdn.com\\\/yprofloor\\\/wp-content\\\/uploads\\\/2026\\\/04\\\/spc-wall-panels-product-img-7.webp\",\"width\":1000,\"height\":1000,\"caption\":\"Pannello a parete SPC color beige chiaro\"},{\"@type\":\"BreadcrumbList\",\"@id\":\"https:\\\/\\\/yprofloor.com\\\/it\\\/prodotto\\\/pannelli-murali-spc\\\/#breadcrumb\",\"itemListElement\":[{\"@type\":\"ListItem\",\"position\":1,\"name\":\"Home\",\"item\":\"https:\\\/\\\/yprofloor.com\\\/it\\\/casa\\\/\"},{\"@type\":\"ListItem\",\"position\":2,\"name\":\"Shop\",\"item\":\"https:\\\/\\\/yprofloor.com\\\/it\\\/shop\\\/\"},{\"@type\":\"ListItem\",\"position\":3,\"name\":\"Pannelli murali SPC\"}]},{\"@type\":\"WebSite\",\"@id\":\"https:\\\/\\\/yprofloor.com\\\/it\\\/#website\",\"url\":\"https:\\\/\\\/yprofloor.com\\\/it\\\/\",\"name\":\"SPC Flooring\",\"description\":\"Anti-Scratch, Waterproof, Eco-Friendly, Anti-Slip, anti moth, wear resistant anti bacteria\",\"publisher\":{\"@id\":\"https:\\\/\\\/yprofloor.com\\\/it\\\/#organization\"},\"potentialAction\":[{\"@type\":\"SearchAction\",\"target\":{\"@type\":\"EntryPoint\",\"urlTemplate\":\"https:\\\/\\\/yprofloor.com\\\/it\\\/?s={search_term_string}\"},\"query-input\":{\"@type\":\"PropertyValueSpecification\",\"valueRequired\":true,\"valueName\":\"search_term_string\"}}],\"inLanguage\":\"it-IT\"},{\"@type\":\"Organization\",\"@id\":\"https:\\\/\\\/yprofloor.com\\\/it\\\/#organization\",\"name\":\"SPC Flooring\",\"url\":\"https:\\\/\\\/yprofloor.com\\\/it\\\/\",\"logo\":{\"@type\":\"ImageObject\",\"inLanguage\":\"it-IT\",\"@id\":\"https:\\\/\\\/yprofloor.com\\\/it\\\/#\\\/schema\\\/logo\\\/image\\\/\",\"url\":\"https:\\\/\\\/files.baitcdn.com\\\/yprofloor\\\/wp-content\\\/uploads\\\/2026\\\/04\\\/floor-tiling-logo.png\",\"contentUrl\":\"https:\\\/\\\/files.baitcdn.com\\\/yprofloor\\\/wp-content\\\/uploads\\\/2026\\\/04\\\/floor-tiling-logo.png\",\"width\":400,\"height\":400,\"caption\":\"SPC Flooring\"},\"image\":{\"@id\":\"https:\\\/\\\/yprofloor.com\\\/it\\\/#\\\/schema\\\/logo\\\/image\\\/\"}}]}<\/script>\n<!-- \/ Yoast SEO plugin. -->","yoast_head_json":{"title":"Pannelli murali SPC - Floor Tiling","description":"I pannelli murali SPC offrono soluzioni impermeabili, resistenti ed eleganti per interni moderni, ideali per la decorazione di pareti in ambienti residenziali e commerciali.","robots":{"index":"index","follow":"follow","max-snippet":"max-snippet:-1","max-image-preview":"max-image-preview:large","max-video-preview":"max-video-preview:-1"},"canonical":"https:\/\/yprofloor.com\/it\/prodotto\/pannelli-murali-spc\/","og_locale":"it_IT","og_type":"article","og_title":"Pannelli murali SPC - Floor Tiling","og_description":"I pannelli murali SPC offrono soluzioni impermeabili, resistenti ed eleganti per interni moderni, ideali per la decorazione di pareti in ambienti residenziali e commerciali.","og_url":"https:\/\/yprofloor.com\/it\/prodotto\/pannelli-murali-spc\/","og_site_name":"Floor Tiling","og_image":[{"width":1000,"height":1000,"url":"https:\/\/files.baitcdn.com\/yprofloor\/wp-content\/uploads\/2026\/04\/spc-wall-panels-product-img-7.webp","type":"image\/webp"}],"twitter_card":"summary_large_image","twitter_misc":{"Tempo di lettura stimato":"3 minuti"},"schema":{"@context":"https:\/\/schema.org","@graph":[{"@type":"WebPage","@id":"https:\/\/yprofloor.com\/it\/prodotto\/pannelli-murali-spc\/","url":"https:\/\/yprofloor.com\/it\/prodotto\/pannelli-murali-spc\/","name":"Pannelli murali SPC - Floor Tiling","isPartOf":{"@id":"https:\/\/yprofloor.com\/it\/#website"},"primaryImageOfPage":{"@id":"https:\/\/yprofloor.com\/it\/prodotto\/pannelli-murali-spc\/#primaryimage"},"image":{"@id":"https:\/\/yprofloor.com\/it\/prodotto\/pannelli-murali-spc\/#primaryimage"},"thumbnailUrl":"https:\/\/files.baitcdn.com\/yprofloor\/wp-content\/uploads\/2026\/04\/spc-wall-panels-product-img-7.webp","datePublished":"2025-06-09T10:30:34+00:00","description":"I pannelli murali SPC offrono soluzioni impermeabili, resistenti ed eleganti per interni moderni, ideali per la decorazione di pareti in ambienti residenziali e commerciali.","breadcrumb":{"@id":"https:\/\/yprofloor.com\/it\/prodotto\/pannelli-murali-spc\/#breadcrumb"},"inLanguage":"it-IT","potentialAction":[{"@type":"ReadAction","target":["https:\/\/yprofloor.com\/it\/prodotto\/pannelli-murali-spc\/"]}]},{"@type":"ImageObject","inLanguage":"it-IT","@id":"https:\/\/yprofloor.com\/it\/prodotto\/pannelli-murali-spc\/#primaryimage","url":"https:\/\/files.baitcdn.com\/yprofloor\/wp-content\/uploads\/2026\/04\/spc-wall-panels-product-img-7.webp","contentUrl":"https:\/\/files.baitcdn.com\/yprofloor\/wp-content\/uploads\/2026\/04\/spc-wall-panels-product-img-7.webp","width":1000,"height":1000,"caption":"Pannello a parete SPC color beige chiaro"},{"@type":"BreadcrumbList","@id":"https:\/\/yprofloor.com\/it\/prodotto\/pannelli-murali-spc\/#breadcrumb","itemListElement":[{"@type":"ListItem","position":1,"name":"Home","item":"https:\/\/yprofloor.com\/it\/casa\/"},{"@type":"ListItem","position":2,"name":"Shop","item":"https:\/\/yprofloor.com\/it\/shop\/"},{"@type":"ListItem","position":3,"name":"Pannelli murali SPC"}]},{"@type":"WebSite","@id":"https:\/\/yprofloor.com\/it\/#website","url":"https:\/\/yprofloor.com\/it\/","name":"SPC Flooring","description":"Anti-Scratch, Waterproof, Eco-Friendly, Anti-Slip, anti moth, wear resistant anti bacteria","publisher":{"@id":"https:\/\/yprofloor.com\/it\/#organization"},"potentialAction":[{"@type":"SearchAction","target":{"@type":"EntryPoint","urlTemplate":"https:\/\/yprofloor.com\/it\/?s={search_term_string}"},"query-input":{"@type":"PropertyValueSpecification","valueRequired":true,"valueName":"search_term_string"}}],"inLanguage":"it-IT"},{"@type":"Organization","@id":"https:\/\/yprofloor.com\/it\/#organization","name":"SPC Flooring","url":"https:\/\/yprofloor.com\/it\/","logo":{"@type":"ImageObject","inLanguage":"it-IT","@id":"https:\/\/yprofloor.com\/it\/#\/schema\/logo\/image\/","url":"https:\/\/files.baitcdn.com\/yprofloor\/wp-content\/uploads\/2026\/04\/floor-tiling-logo.png","contentUrl":"https:\/\/files.baitcdn.com\/yprofloor\/wp-content\/uploads\/2026\/04\/floor-tiling-logo.png","width":400,"height":400,"caption":"SPC Flooring"},"image":{"@id":"https:\/\/yprofloor.com\/it\/#\/schema\/logo\/image\/"}}]}},"_links":{"self":[{"href":"https:\/\/yprofloor.com\/it\/wp-json\/wp\/v2\/product\/3708","targetHints":{"allow":["GET"]}}],"collection":[{"href":"https:\/\/yprofloor.com\/it\/wp-json\/wp\/v2\/product"}],"about":[{"href":"https:\/\/yprofloor.com\/it\/wp-json\/wp\/v2\/types\/product"}],"wp:featuredmedia":[{"embeddable":true,"href":"https:\/\/yprofloor.com\/it\/wp-json\/wp\/v2\/media\/3210"}],"wp:attachment":[{"href":"https:\/\/yprofloor.com\/it\/wp-json\/wp\/v2\/media?parent=3708"}],"wp:term":[{"taxonomy":"product_brand","embeddable":true,"href":"https:\/\/yprofloor.com\/it\/wp-json\/wp\/v2\/product_brand?post=3708"},{"taxonomy":"product_cat","embeddable":true,"href":"https:\/\/yprofloor.com\/it\/wp-json\/wp\/v2\/product_cat?post=3708"},{"taxonomy":"product_tag","embeddable":true,"href":"https:\/\/yprofloor.com\/it\/wp-json\/wp\/v2\/product_tag?post=3708"}],"curies":[{"name":"wp","href":"https:\/\/api.w.org\/{rel}","templated":true}]}}